{"id":52785,"date":"2024-03-27T14:06:39","date_gmt":"2024-03-27T13:06:39","guid":{"rendered":"https:\/\/v3.atv-parts.hu\/index.php\/termek\/prox-fotengely-tomites-ktm-freeride-250f-18-20-sx-f-250-350-13-22-exc-f-250-350-14-22-40x55x6mm\/"},"modified":"2024-05-03T16:14:06","modified_gmt":"2024-05-03T14:14:06","slug":"prox-fotengely-tomites-ktm-freeride-250f-18-20-sx-f-250-350-13-22-exc-f-250-350-14-22-40x55x6mm","status":"publish","type":"product","link":"https:\/\/v3.atv-parts.hu\/index.php\/termek\/prox-fotengely-tomites-ktm-freeride-250f-18-20-sx-f-250-350-13-22-exc-f-250-350-14-22-40x55x6mm\/","title":{"rendered":"PROX F\u0150TENGELY T\u00d6M\u00cdT\u00c9S KTM FREERIDE 250F &#8217;18 -20, SX-F 250\/350 &#8217;13 -22, EXC-F 250\/350 &#8217;14 -22 (40x55x6MM)"},"content":{"rendered":"<p>PROX F\u0150TENGELY T\u00d6M\u00cdT\u00c9S KTM FREERIDE 250F &#8217;18 -20, SX-F 250\/350 &#8217;13 -22, EXC-F 250\/350 &#8217;14 -22 (40x55x6MM)<\/p>\n<p>EAN:<\/p>\n<p>SKU: 41.6-405561<\/p>\n","protected":false},"excerpt":{"rendered":"<p>PROX F\u0150TENGELY T\u00d6M\u00cdT\u00c9S KTM FREERIDE 250F &#8217;18 -20, SX-F 250\/350 &#8217;13 -22, EXC-F 250\/350 &#8217;14 -22 (40x55x6MM)<\/p>\n","protected":false},"featured_media":52782,"comment_status":"closed","ping_status":"open","template":"","meta":{"_monsterinsights_skip_tracking":false,"_monsterinsights_sitenote_active":false,"_monsterinsights_sitenote_note":"","_monsterinsights_sitenote_category":0},"product_cat":[248,430,153,247],"product_tag":[156,182],"class_list":{"0":"post-52785","1":"product","2":"type-product","3":"status-publish","4":"has-post-thumbnail","6":"product_cat-egyszeri-tomitesek","7":"product_cat-fotengely-tomitoanyagok","8":"product_cat-motor","9":"product_cat-tomitesek-es-tomitoanyagok","10":"product_tag-atv","11":"product_tag-ktm","12":"pa_marka-prox","14":"first","15":"instock","16":"taxable","17":"shipping-taxable","18":"purchasable","19":"product-type-simple"},"yoast_head":"<!-- This site is optimized with the Yoast SEO Premium plugin v22.6 (Yoast SEO v22.6) - https:\/\/yoast.com\/wordpress\/plugins\/seo\/ -->\n<title>PROX F\u0150TENGELY T\u00d6M\u00cdT\u00c9S KTM FREERIDE 250F &#039;18 -20, SX-F 250\/350 &#039;13 -22, EXC-F 250\/350 &#039;14 -22 (40x55x6MM) - V3 ATV-PARTS.HU<\/title>\n<meta name=\"robots\" content=\"index, follow, max-snippet:-1, max-image-preview:large, max-video-preview:-1\" \/>\n<link rel=\"canonical\" href=\"https:\/\/v3.atv-parts.hu\/index.php\/termek\/prox-fotengely-tomites-ktm-freeride-250f-18-20-sx-f-250-350-13-22-exc-f-250-350-14-22-40x55x6mm\/\" \/>\n<meta property=\"og:locale\" content=\"hu_HU\" \/>\n<meta property=\"og:type\" content=\"article\" \/>\n<meta property=\"og:title\" content=\"PROX F\u0150TENGELY T\u00d6M\u00cdT\u00c9S KTM FREERIDE 250F &#039;18 -20, SX-F 250\/350 &#039;13 -22, EXC-F 250\/350 &#039;14 -22 (40x55x6MM)\" \/>\n<meta property=\"og:description\" content=\"PROX F\u0150TENGELY T\u00d6M\u00cdT\u00c9S KTM FREERIDE 250F &#039;18 -20, SX-F 250\/350 &#039;13 -22, EXC-F 250\/350 &#039;14 -22 (40x55x6MM)\" \/>\n<meta property=\"og:url\" content=\"https:\/\/v3.atv-parts.hu\/index.php\/termek\/prox-fotengely-tomites-ktm-freeride-250f-18-20-sx-f-250-350-13-22-exc-f-250-350-14-22-40x55x6mm\/\" \/>\n<meta property=\"og:site_name\" content=\"V3 ATV-PARTS.HU\" \/>\n<meta property=\"article:publisher\" content=\"https:\/\/www.facebook.com\/atvpartsHU\" \/>\n<meta property=\"article:modified_time\" content=\"2024-05-03T14:14:06+00:00\" \/>\n<meta property=\"og:image\" content=\"https:\/\/v3.atv-parts.hu\/wp-content\/uploads\/2024\/03\/prox-2021-11-uszczelniacz-walu-korbowego-ktm-freer.jpg\" \/>\n\t<meta property=\"og:image:width\" content=\"965\" \/>\n\t<meta property=\"og:image:height\" content=\"800\" \/>\n\t<meta property=\"og:image:type\" content=\"image\/jpeg\" \/>\n<meta name=\"twitter:card\" content=\"summary_large_image\" \/>\n<meta name=\"twitter:label1\" content=\"\u00c1r\" \/>\n\t<meta name=\"twitter:data1\" content=\"3149,60&nbsp;&#70;&#116; \u00c1F\u00c1-val\" \/>\n\t<meta name=\"twitter:label2\" content=\"El\u00e9rhet\u0151s\u00e9g\" \/>\n\t<meta name=\"twitter:data2\" content=\"K\u00e9szleten\" \/>\n<script type=\"application\/ld+json\" class=\"yoast-schema-graph\">{\"@context\":\"https:\/\/schema.org\",\"@graph\":[{\"@type\":\"WebPage\",\"@id\":\"https:\/\/v3.atv-parts.hu\/index.php\/termek\/prox-fotengely-tomites-ktm-freeride-250f-18-20-sx-f-250-350-13-22-exc-f-250-350-14-22-40x55x6mm\/\",\"url\":\"https:\/\/v3.atv-parts.hu\/index.php\/termek\/prox-fotengely-tomites-ktm-freeride-250f-18-20-sx-f-250-350-13-22-exc-f-250-350-14-22-40x55x6mm\/\",\"name\":\"PROX F\u0150TENGELY T\u00d6M\u00cdT\u00c9S KTM FREERIDE 250F '18 -20, SX-F 250\/350 '13 -22, EXC-F 250\/350 '14 -22 (40x55x6MM) - V3 ATV-PARTS.HU\",\"isPartOf\":{\"@id\":\"https:\/\/v3.atv-parts.hu\/#website\"},\"primaryImageOfPage\":{\"@id\":\"https:\/\/v3.atv-parts.hu\/index.php\/termek\/prox-fotengely-tomites-ktm-freeride-250f-18-20-sx-f-250-350-13-22-exc-f-250-350-14-22-40x55x6mm\/#primaryimage\"},\"image\":{\"@id\":\"https:\/\/v3.atv-parts.hu\/index.php\/termek\/prox-fotengely-tomites-ktm-freeride-250f-18-20-sx-f-250-350-13-22-exc-f-250-350-14-22-40x55x6mm\/#primaryimage\"},\"thumbnailUrl\":\"https:\/\/v3.atv-parts.hu\/wp-content\/uploads\/2024\/03\/prox-2021-11-uszczelniacz-walu-korbowego-ktm-freer.jpg\",\"datePublished\":\"2024-03-27T13:06:39+00:00\",\"dateModified\":\"2024-05-03T14:14:06+00:00\",\"breadcrumb\":{\"@id\":\"https:\/\/v3.atv-parts.hu\/index.php\/termek\/prox-fotengely-tomites-ktm-freeride-250f-18-20-sx-f-250-350-13-22-exc-f-250-350-14-22-40x55x6mm\/#breadcrumb\"},\"inLanguage\":\"hu\",\"potentialAction\":[{\"@type\":\"ReadAction\",\"target\":[\"https:\/\/v3.atv-parts.hu\/index.php\/termek\/prox-fotengely-tomites-ktm-freeride-250f-18-20-sx-f-250-350-13-22-exc-f-250-350-14-22-40x55x6mm\/\"]}]},{\"@type\":\"ImageObject\",\"inLanguage\":\"hu\",\"@id\":\"https:\/\/v3.atv-parts.hu\/index.php\/termek\/prox-fotengely-tomites-ktm-freeride-250f-18-20-sx-f-250-350-13-22-exc-f-250-350-14-22-40x55x6mm\/#primaryimage\",\"url\":\"https:\/\/v3.atv-parts.hu\/wp-content\/uploads\/2024\/03\/prox-2021-11-uszczelniacz-walu-korbowego-ktm-freer.jpg\",\"contentUrl\":\"https:\/\/v3.atv-parts.hu\/wp-content\/uploads\/2024\/03\/prox-2021-11-uszczelniacz-walu-korbowego-ktm-freer.jpg\",\"width\":965,\"height\":800},{\"@type\":\"BreadcrumbList\",\"@id\":\"https:\/\/v3.atv-parts.hu\/index.php\/termek\/prox-fotengely-tomites-ktm-freeride-250f-18-20-sx-f-250-350-13-22-exc-f-250-350-14-22-40x55x6mm\/#breadcrumb\",\"itemListElement\":[{\"@type\":\"ListItem\",\"position\":1,\"name\":\"Kezd\u0151lap\",\"item\":\"https:\/\/v3.atv-parts.hu\/\"},{\"@type\":\"ListItem\",\"position\":2,\"name\":\"Bolt\",\"item\":\"https:\/\/v3.atv-parts.hu\/index.php\/bolt\/\"},{\"@type\":\"ListItem\",\"position\":3,\"name\":\"PROX F\u0150TENGELY T\u00d6M\u00cdT\u00c9S KTM FREERIDE 250F &#8217;18 -20, SX-F 250\/350 &#8217;13 -22, EXC-F 250\/350 &#8217;14 -22 (40x55x6MM)\"}]},{\"@type\":\"WebSite\",\"@id\":\"https:\/\/v3.atv-parts.hu\/#website\",\"url\":\"https:\/\/v3.atv-parts.hu\/\",\"name\":\"V3 ATV-PARTS.HU\",\"description\":\"\",\"publisher\":{\"@id\":\"https:\/\/v3.atv-parts.hu\/#organization\"},\"potentialAction\":[{\"@type\":\"SearchAction\",\"target\":{\"@type\":\"EntryPoint\",\"urlTemplate\":\"https:\/\/v3.atv-parts.hu\/?s={search_term_string}\"},\"query-input\":\"required name=search_term_string\"}],\"inLanguage\":\"hu\"},{\"@type\":\"Organization\",\"@id\":\"https:\/\/v3.atv-parts.hu\/#organization\",\"name\":\"V3 ATV-PARTS.HU\",\"url\":\"https:\/\/v3.atv-parts.hu\/\",\"logo\":{\"@type\":\"ImageObject\",\"inLanguage\":\"hu\",\"@id\":\"https:\/\/v3.atv-parts.hu\/#\/schema\/logo\/image\/\",\"url\":\"https:\/\/v3.atv-parts.hu\/wp-content\/uploads\/2021\/02\/cropped-cropped-atvlogo-1-1-1.png\",\"contentUrl\":\"https:\/\/v3.atv-parts.hu\/wp-content\/uploads\/2021\/02\/cropped-cropped-atvlogo-1-1-1.png\",\"width\":267,\"height\":160,\"caption\":\"V3 ATV-PARTS.HU\"},\"image\":{\"@id\":\"https:\/\/v3.atv-parts.hu\/#\/schema\/logo\/image\/\"},\"sameAs\":[\"https:\/\/www.facebook.com\/atvpartsHU\"]}]}<\/script>\n<meta property=\"product:price:amount\" content=\"3149.60\" \/>\n<meta property=\"product:price:currency\" content=\"HUF\" \/>\n<meta property=\"og:availability\" content=\"instock\" \/>\n<meta property=\"product:availability\" content=\"instock\" \/>\n<meta property=\"product:retailer_item_id\" content=\"41.6-405561\" \/>\n<meta property=\"product:condition\" content=\"new\" \/>\n<!-- \/ Yoast SEO Premium plugin. -->","yoast_head_json":{"title":"PROX F\u0150TENGELY T\u00d6M\u00cdT\u00c9S KTM FREERIDE 250F '18 -20, SX-F 250\/350 '13 -22, EXC-F 250\/350 '14 -22 (40x55x6MM) - V3 ATV-PARTS.HU","robots":{"index":"index","follow":"follow","max-snippet":"max-snippet:-1","max-image-preview":"max-image-preview:large","max-video-preview":"max-video-preview:-1"},"canonical":"https:\/\/v3.atv-parts.hu\/index.php\/termek\/prox-fotengely-tomites-ktm-freeride-250f-18-20-sx-f-250-350-13-22-exc-f-250-350-14-22-40x55x6mm\/","og_locale":"hu_HU","og_type":"article","og_title":"PROX F\u0150TENGELY T\u00d6M\u00cdT\u00c9S KTM FREERIDE 250F '18 -20, SX-F 250\/350 '13 -22, EXC-F 250\/350 '14 -22 (40x55x6MM)","og_description":"PROX F\u0150TENGELY T\u00d6M\u00cdT\u00c9S KTM FREERIDE 250F '18 -20, SX-F 250\/350 '13 -22, EXC-F 250\/350 '14 -22 (40x55x6MM)","og_url":"https:\/\/v3.atv-parts.hu\/index.php\/termek\/prox-fotengely-tomites-ktm-freeride-250f-18-20-sx-f-250-350-13-22-exc-f-250-350-14-22-40x55x6mm\/","og_site_name":"V3 ATV-PARTS.HU","article_publisher":"https:\/\/www.facebook.com\/atvpartsHU","article_modified_time":"2024-05-03T14:14:06+00:00","og_image":[{"width":965,"height":800,"url":"https:\/\/v3.atv-parts.hu\/wp-content\/uploads\/2024\/03\/prox-2021-11-uszczelniacz-walu-korbowego-ktm-freer.jpg","type":"image\/jpeg"}],"twitter_card":"summary_large_image","twitter_misc":{"\u00c1r":"3149,60&nbsp;&#70;&#116; \u00c1F\u00c1-val","El\u00e9rhet\u0151s\u00e9g":"K\u00e9szleten"},"schema":{"@context":"https:\/\/schema.org","@graph":[{"@type":"WebPage","@id":"https:\/\/v3.atv-parts.hu\/index.php\/termek\/prox-fotengely-tomites-ktm-freeride-250f-18-20-sx-f-250-350-13-22-exc-f-250-350-14-22-40x55x6mm\/","url":"https:\/\/v3.atv-parts.hu\/index.php\/termek\/prox-fotengely-tomites-ktm-freeride-250f-18-20-sx-f-250-350-13-22-exc-f-250-350-14-22-40x55x6mm\/","name":"PROX F\u0150TENGELY T\u00d6M\u00cdT\u00c9S KTM FREERIDE 250F '18 -20, SX-F 250\/350 '13 -22, EXC-F 250\/350 '14 -22 (40x55x6MM) - V3 ATV-PARTS.HU","isPartOf":{"@id":"https:\/\/v3.atv-parts.hu\/#website"},"primaryImageOfPage":{"@id":"https:\/\/v3.atv-parts.hu\/index.php\/termek\/prox-fotengely-tomites-ktm-freeride-250f-18-20-sx-f-250-350-13-22-exc-f-250-350-14-22-40x55x6mm\/#primaryimage"},"image":{"@id":"https:\/\/v3.atv-parts.hu\/index.php\/termek\/prox-fotengely-tomites-ktm-freeride-250f-18-20-sx-f-250-350-13-22-exc-f-250-350-14-22-40x55x6mm\/#primaryimage"},"thumbnailUrl":"https:\/\/v3.atv-parts.hu\/wp-content\/uploads\/2024\/03\/prox-2021-11-uszczelniacz-walu-korbowego-ktm-freer.jpg","datePublished":"2024-03-27T13:06:39+00:00","dateModified":"2024-05-03T14:14:06+00:00","breadcrumb":{"@id":"https:\/\/v3.atv-parts.hu\/index.php\/termek\/prox-fotengely-tomites-ktm-freeride-250f-18-20-sx-f-250-350-13-22-exc-f-250-350-14-22-40x55x6mm\/#breadcrumb"},"inLanguage":"hu","potentialAction":[{"@type":"ReadAction","target":["https:\/\/v3.atv-parts.hu\/index.php\/termek\/prox-fotengely-tomites-ktm-freeride-250f-18-20-sx-f-250-350-13-22-exc-f-250-350-14-22-40x55x6mm\/"]}]},{"@type":"ImageObject","inLanguage":"hu","@id":"https:\/\/v3.atv-parts.hu\/index.php\/termek\/prox-fotengely-tomites-ktm-freeride-250f-18-20-sx-f-250-350-13-22-exc-f-250-350-14-22-40x55x6mm\/#primaryimage","url":"https:\/\/v3.atv-parts.hu\/wp-content\/uploads\/2024\/03\/prox-2021-11-uszczelniacz-walu-korbowego-ktm-freer.jpg","contentUrl":"https:\/\/v3.atv-parts.hu\/wp-content\/uploads\/2024\/03\/prox-2021-11-uszczelniacz-walu-korbowego-ktm-freer.jpg","width":965,"height":800},{"@type":"BreadcrumbList","@id":"https:\/\/v3.atv-parts.hu\/index.php\/termek\/prox-fotengely-tomites-ktm-freeride-250f-18-20-sx-f-250-350-13-22-exc-f-250-350-14-22-40x55x6mm\/#breadcrumb","itemListElement":[{"@type":"ListItem","position":1,"name":"Kezd\u0151lap","item":"https:\/\/v3.atv-parts.hu\/"},{"@type":"ListItem","position":2,"name":"Bolt","item":"https:\/\/v3.atv-parts.hu\/index.php\/bolt\/"},{"@type":"ListItem","position":3,"name":"PROX F\u0150TENGELY T\u00d6M\u00cdT\u00c9S KTM FREERIDE 250F &#8217;18 -20, SX-F 250\/350 &#8217;13 -22, EXC-F 250\/350 &#8217;14 -22 (40x55x6MM)"}]},{"@type":"WebSite","@id":"https:\/\/v3.atv-parts.hu\/#website","url":"https:\/\/v3.atv-parts.hu\/","name":"V3 ATV-PARTS.HU","description":"","publisher":{"@id":"https:\/\/v3.atv-parts.hu\/#organization"},"potentialAction":[{"@type":"SearchAction","target":{"@type":"EntryPoint","urlTemplate":"https:\/\/v3.atv-parts.hu\/?s={search_term_string}"},"query-input":"required name=search_term_string"}],"inLanguage":"hu"},{"@type":"Organization","@id":"https:\/\/v3.atv-parts.hu\/#organization","name":"V3 ATV-PARTS.HU","url":"https:\/\/v3.atv-parts.hu\/","logo":{"@type":"ImageObject","inLanguage":"hu","@id":"https:\/\/v3.atv-parts.hu\/#\/schema\/logo\/image\/","url":"https:\/\/v3.atv-parts.hu\/wp-content\/uploads\/2021\/02\/cropped-cropped-atvlogo-1-1-1.png","contentUrl":"https:\/\/v3.atv-parts.hu\/wp-content\/uploads\/2021\/02\/cropped-cropped-atvlogo-1-1-1.png","width":267,"height":160,"caption":"V3 ATV-PARTS.HU"},"image":{"@id":"https:\/\/v3.atv-parts.hu\/#\/schema\/logo\/image\/"},"sameAs":["https:\/\/www.facebook.com\/atvpartsHU"]}]},"product_price_amount":"3149.60","product_price_currency":"HUF","og_availability":"instock","product_availability":"instock","product_retailer_item_id":"41.6-405561","product_condition":"new"},"_links":{"self":[{"href":"https:\/\/v3.atv-parts.hu\/index.php\/wp-json\/wp\/v2\/product\/52785","targetHints":{"allow":["GET"]}}],"collection":[{"href":"https:\/\/v3.atv-parts.hu\/index.php\/wp-json\/wp\/v2\/product"}],"about":[{"href":"https:\/\/v3.atv-parts.hu\/index.php\/wp-json\/wp\/v2\/types\/product"}],"replies":[{"embeddable":true,"href":"https:\/\/v3.atv-parts.hu\/index.php\/wp-json\/wp\/v2\/comments?post=52785"}],"wp:featuredmedia":[{"embeddable":true,"href":"https:\/\/v3.atv-parts.hu\/index.php\/wp-json\/wp\/v2\/media\/52782"}],"wp:attachment":[{"href":"https:\/\/v3.atv-parts.hu\/index.php\/wp-json\/wp\/v2\/media?parent=52785"}],"wp:term":[{"taxonomy":"product_cat","embeddable":true,"href":"https:\/\/v3.atv-parts.hu\/index.php\/wp-json\/wp\/v2\/product_cat?post=52785"},{"taxonomy":"product_tag","embeddable":true,"href":"https:\/\/v3.atv-parts.hu\/index.php\/wp-json\/wp\/v2\/product_tag?post=52785"}],"curies":[{"name":"wp","href":"https:\/\/api.w.org\/{rel}","templated":true}]}}