{"id":53111,"date":"2024-03-27T14:16:03","date_gmt":"2024-03-27T13:16:03","guid":{"rendered":"https:\/\/v3.atv-parts.hu\/index.php\/termek\/jt-elso-fokozat-2103-13-yamaha-yzf-250-01-17-wr-250f-01-17-210313jt-520-lanc\/"},"modified":"2024-05-03T16:15:13","modified_gmt":"2024-05-03T14:15:13","slug":"jt-elso-fokozat-2103-13-yamaha-yzf-250-01-17-wr-250f-01-17-210313jt-520-lanc","status":"publish","type":"product","link":"https:\/\/v3.atv-parts.hu\/index.php\/termek\/jt-elso-fokozat-2103-13-yamaha-yzf-250-01-17-wr-250f-01-17-210313jt-520-lanc\/","title":{"rendered":"JT ELS\u0150 FOKOZAT 2103 13 YAMAHA YZF 250 &#8217;01 -&#8217;17, WR 250F &#8217;01 -&#8217;17 (210313JT) (520 L\u00c1NC)"},"content":{"rendered":"<p>JT ELS\u0150 FOKOZAT 2103 13 YAMAHA YZF 250 &#8217;01 -&#8217;17, WR 250F &#8217;01 -&#8217;17 (210313JT) (520 L\u00c1NC)<\/p>\n<p>EAN: 824225201161<\/p>\n<p>SKU: JTF1590.13<\/p>\n","protected":false},"excerpt":{"rendered":"<p>JT ELS\u0150 FOKOZAT 2103 13 YAMAHA YZF 250 &#8217;01 -&#8217;17, WR 250F &#8217;01 -&#8217;17 (210313JT) (520 L\u00c1NC)<\/p>\n","protected":false},"featured_media":53112,"comment_status":"closed","ping_status":"open","template":"","meta":{"_monsterinsights_skip_tracking":false,"_monsterinsights_sitenote_active":false,"_monsterinsights_sitenote_note":"","_monsterinsights_sitenote_category":0},"product_cat":[231,223],"product_tag":[156,157,164,168],"class_list":{"0":"post-53111","1":"product","2":"type-product","3":"status-publish","4":"has-post-thumbnail","6":"product_cat-elso-lanckerekek","7":"product_cat-hajtasrendszer","8":"product_tag-atv","9":"product_tag-cross","10":"product_tag-yamaha","11":"product_tag-yzf","12":"pa_marka-jt-lanckerek","14":"first","15":"instock","16":"taxable","17":"shipping-taxable","18":"purchasable","19":"product-type-simple"},"yoast_head":"<!-- This site is optimized with the Yoast SEO Premium plugin v22.6 (Yoast SEO v22.6) - https:\/\/yoast.com\/wordpress\/plugins\/seo\/ -->\n<title>JT ELS\u0150 FOKOZAT 2103 13 YAMAHA YZF 250 &#039;01 -&#039;17, WR 250F &#039;01 -&#039;17 (210313JT) (520 L\u00c1NC) - V3 ATV-PARTS.HU<\/title>\n<meta name=\"robots\" content=\"index, follow, max-snippet:-1, max-image-preview:large, max-video-preview:-1\" \/>\n<link rel=\"canonical\" href=\"https:\/\/v3.atv-parts.hu\/index.php\/termek\/jt-elso-fokozat-2103-13-yamaha-yzf-250-01-17-wr-250f-01-17-210313jt-520-lanc\/\" \/>\n<meta property=\"og:locale\" content=\"hu_HU\" \/>\n<meta property=\"og:type\" content=\"article\" \/>\n<meta property=\"og:title\" content=\"JT ELS\u0150 FOKOZAT 2103 13 YAMAHA YZF 250 &#039;01 -&#039;17, WR 250F &#039;01 -&#039;17 (210313JT) (520 L\u00c1NC)\" \/>\n<meta property=\"og:description\" content=\"JT ELS\u0150 FOKOZAT 2103 13 YAMAHA YZF 250 &#039;01 -&#039;17, WR 250F &#039;01 -&#039;17 (210313JT) (520 L\u00c1NC)\" \/>\n<meta property=\"og:url\" content=\"https:\/\/v3.atv-parts.hu\/index.php\/termek\/jt-elso-fokozat-2103-13-yamaha-yzf-250-01-17-wr-250f-01-17-210313jt-520-lanc\/\" \/>\n<meta property=\"og:site_name\" content=\"V3 ATV-PARTS.HU\" \/>\n<meta property=\"article:publisher\" content=\"https:\/\/www.facebook.com\/atvpartsHU\" \/>\n<meta property=\"article:modified_time\" content=\"2024-05-03T14:15:13+00:00\" \/>\n<meta property=\"og:image\" content=\"https:\/\/v3.atv-parts.hu\/wp-content\/uploads\/2024\/03\/jt-2021-12-zebatka-przednia-2103-13-yamaha-yzf-250.jpg\" \/>\n\t<meta property=\"og:image:width\" content=\"958\" \/>\n\t<meta property=\"og:image:height\" content=\"800\" \/>\n\t<meta property=\"og:image:type\" content=\"image\/jpeg\" \/>\n<meta name=\"twitter:card\" content=\"summary_large_image\" \/>\n<meta name=\"twitter:label1\" content=\"\u00c1r\" \/>\n\t<meta name=\"twitter:data1\" content=\"3468,37&nbsp;&#70;&#116; \u00c1F\u00c1-val\" \/>\n\t<meta name=\"twitter:label2\" content=\"El\u00e9rhet\u0151s\u00e9g\" \/>\n\t<meta name=\"twitter:data2\" content=\"K\u00e9szleten\" \/>\n<script type=\"application\/ld+json\" class=\"yoast-schema-graph\">{\"@context\":\"https:\/\/schema.org\",\"@graph\":[{\"@type\":\"WebPage\",\"@id\":\"https:\/\/v3.atv-parts.hu\/index.php\/termek\/jt-elso-fokozat-2103-13-yamaha-yzf-250-01-17-wr-250f-01-17-210313jt-520-lanc\/\",\"url\":\"https:\/\/v3.atv-parts.hu\/index.php\/termek\/jt-elso-fokozat-2103-13-yamaha-yzf-250-01-17-wr-250f-01-17-210313jt-520-lanc\/\",\"name\":\"JT ELS\u0150 FOKOZAT 2103 13 YAMAHA YZF 250 '01 -'17, WR 250F '01 -'17 (210313JT) (520 L\u00c1NC) - V3 ATV-PARTS.HU\",\"isPartOf\":{\"@id\":\"https:\/\/v3.atv-parts.hu\/#website\"},\"primaryImageOfPage\":{\"@id\":\"https:\/\/v3.atv-parts.hu\/index.php\/termek\/jt-elso-fokozat-2103-13-yamaha-yzf-250-01-17-wr-250f-01-17-210313jt-520-lanc\/#primaryimage\"},\"image\":{\"@id\":\"https:\/\/v3.atv-parts.hu\/index.php\/termek\/jt-elso-fokozat-2103-13-yamaha-yzf-250-01-17-wr-250f-01-17-210313jt-520-lanc\/#primaryimage\"},\"thumbnailUrl\":\"https:\/\/v3.atv-parts.hu\/wp-content\/uploads\/2024\/03\/jt-2021-12-zebatka-przednia-2103-13-yamaha-yzf-250.jpg\",\"datePublished\":\"2024-03-27T13:16:03+00:00\",\"dateModified\":\"2024-05-03T14:15:13+00:00\",\"breadcrumb\":{\"@id\":\"https:\/\/v3.atv-parts.hu\/index.php\/termek\/jt-elso-fokozat-2103-13-yamaha-yzf-250-01-17-wr-250f-01-17-210313jt-520-lanc\/#breadcrumb\"},\"inLanguage\":\"hu\",\"potentialAction\":[{\"@type\":\"ReadAction\",\"target\":[\"https:\/\/v3.atv-parts.hu\/index.php\/termek\/jt-elso-fokozat-2103-13-yamaha-yzf-250-01-17-wr-250f-01-17-210313jt-520-lanc\/\"]}]},{\"@type\":\"ImageObject\",\"inLanguage\":\"hu\",\"@id\":\"https:\/\/v3.atv-parts.hu\/index.php\/termek\/jt-elso-fokozat-2103-13-yamaha-yzf-250-01-17-wr-250f-01-17-210313jt-520-lanc\/#primaryimage\",\"url\":\"https:\/\/v3.atv-parts.hu\/wp-content\/uploads\/2024\/03\/jt-2021-12-zebatka-przednia-2103-13-yamaha-yzf-250.jpg\",\"contentUrl\":\"https:\/\/v3.atv-parts.hu\/wp-content\/uploads\/2024\/03\/jt-2021-12-zebatka-przednia-2103-13-yamaha-yzf-250.jpg\",\"width\":958,\"height\":800},{\"@type\":\"BreadcrumbList\",\"@id\":\"https:\/\/v3.atv-parts.hu\/index.php\/termek\/jt-elso-fokozat-2103-13-yamaha-yzf-250-01-17-wr-250f-01-17-210313jt-520-lanc\/#breadcrumb\",\"itemListElement\":[{\"@type\":\"ListItem\",\"position\":1,\"name\":\"Kezd\u0151lap\",\"item\":\"https:\/\/v3.atv-parts.hu\/\"},{\"@type\":\"ListItem\",\"position\":2,\"name\":\"Bolt\",\"item\":\"https:\/\/v3.atv-parts.hu\/index.php\/bolt\/\"},{\"@type\":\"ListItem\",\"position\":3,\"name\":\"JT ELS\u0150 FOKOZAT 2103 13 YAMAHA YZF 250 &#8217;01 -&#8217;17, WR 250F &#8217;01 -&#8217;17 (210313JT) (520 L\u00c1NC)\"}]},{\"@type\":\"WebSite\",\"@id\":\"https:\/\/v3.atv-parts.hu\/#website\",\"url\":\"https:\/\/v3.atv-parts.hu\/\",\"name\":\"V3 ATV-PARTS.HU\",\"description\":\"\",\"publisher\":{\"@id\":\"https:\/\/v3.atv-parts.hu\/#organization\"},\"potentialAction\":[{\"@type\":\"SearchAction\",\"target\":{\"@type\":\"EntryPoint\",\"urlTemplate\":\"https:\/\/v3.atv-parts.hu\/?s={search_term_string}\"},\"query-input\":\"required name=search_term_string\"}],\"inLanguage\":\"hu\"},{\"@type\":\"Organization\",\"@id\":\"https:\/\/v3.atv-parts.hu\/#organization\",\"name\":\"V3 ATV-PARTS.HU\",\"url\":\"https:\/\/v3.atv-parts.hu\/\",\"logo\":{\"@type\":\"ImageObject\",\"inLanguage\":\"hu\",\"@id\":\"https:\/\/v3.atv-parts.hu\/#\/schema\/logo\/image\/\",\"url\":\"https:\/\/v3.atv-parts.hu\/wp-content\/uploads\/2021\/02\/cropped-cropped-atvlogo-1-1-1.png\",\"contentUrl\":\"https:\/\/v3.atv-parts.hu\/wp-content\/uploads\/2021\/02\/cropped-cropped-atvlogo-1-1-1.png\",\"width\":267,\"height\":160,\"caption\":\"V3 ATV-PARTS.HU\"},\"image\":{\"@id\":\"https:\/\/v3.atv-parts.hu\/#\/schema\/logo\/image\/\"},\"sameAs\":[\"https:\/\/www.facebook.com\/atvpartsHU\"]}]}<\/script>\n<meta property=\"product:price:amount\" content=\"3468.37\" \/>\n<meta property=\"product:price:currency\" content=\"HUF\" \/>\n<meta property=\"og:availability\" content=\"instock\" \/>\n<meta property=\"product:availability\" content=\"instock\" \/>\n<meta property=\"product:retailer_item_id\" content=\"JTF1590.13\" \/>\n<meta property=\"product:condition\" content=\"new\" \/>\n<!-- \/ Yoast SEO Premium plugin. -->","yoast_head_json":{"title":"JT ELS\u0150 FOKOZAT 2103 13 YAMAHA YZF 250 '01 -'17, WR 250F '01 -'17 (210313JT) (520 L\u00c1NC) - V3 ATV-PARTS.HU","robots":{"index":"index","follow":"follow","max-snippet":"max-snippet:-1","max-image-preview":"max-image-preview:large","max-video-preview":"max-video-preview:-1"},"canonical":"https:\/\/v3.atv-parts.hu\/index.php\/termek\/jt-elso-fokozat-2103-13-yamaha-yzf-250-01-17-wr-250f-01-17-210313jt-520-lanc\/","og_locale":"hu_HU","og_type":"article","og_title":"JT ELS\u0150 FOKOZAT 2103 13 YAMAHA YZF 250 '01 -'17, WR 250F '01 -'17 (210313JT) (520 L\u00c1NC)","og_description":"JT ELS\u0150 FOKOZAT 2103 13 YAMAHA YZF 250 '01 -'17, WR 250F '01 -'17 (210313JT) (520 L\u00c1NC)","og_url":"https:\/\/v3.atv-parts.hu\/index.php\/termek\/jt-elso-fokozat-2103-13-yamaha-yzf-250-01-17-wr-250f-01-17-210313jt-520-lanc\/","og_site_name":"V3 ATV-PARTS.HU","article_publisher":"https:\/\/www.facebook.com\/atvpartsHU","article_modified_time":"2024-05-03T14:15:13+00:00","og_image":[{"width":958,"height":800,"url":"https:\/\/v3.atv-parts.hu\/wp-content\/uploads\/2024\/03\/jt-2021-12-zebatka-przednia-2103-13-yamaha-yzf-250.jpg","type":"image\/jpeg"}],"twitter_card":"summary_large_image","twitter_misc":{"\u00c1r":"3468,37&nbsp;&#70;&#116; \u00c1F\u00c1-val","El\u00e9rhet\u0151s\u00e9g":"K\u00e9szleten"},"schema":{"@context":"https:\/\/schema.org","@graph":[{"@type":"WebPage","@id":"https:\/\/v3.atv-parts.hu\/index.php\/termek\/jt-elso-fokozat-2103-13-yamaha-yzf-250-01-17-wr-250f-01-17-210313jt-520-lanc\/","url":"https:\/\/v3.atv-parts.hu\/index.php\/termek\/jt-elso-fokozat-2103-13-yamaha-yzf-250-01-17-wr-250f-01-17-210313jt-520-lanc\/","name":"JT ELS\u0150 FOKOZAT 2103 13 YAMAHA YZF 250 '01 -'17, WR 250F '01 -'17 (210313JT) (520 L\u00c1NC) - V3 ATV-PARTS.HU","isPartOf":{"@id":"https:\/\/v3.atv-parts.hu\/#website"},"primaryImageOfPage":{"@id":"https:\/\/v3.atv-parts.hu\/index.php\/termek\/jt-elso-fokozat-2103-13-yamaha-yzf-250-01-17-wr-250f-01-17-210313jt-520-lanc\/#primaryimage"},"image":{"@id":"https:\/\/v3.atv-parts.hu\/index.php\/termek\/jt-elso-fokozat-2103-13-yamaha-yzf-250-01-17-wr-250f-01-17-210313jt-520-lanc\/#primaryimage"},"thumbnailUrl":"https:\/\/v3.atv-parts.hu\/wp-content\/uploads\/2024\/03\/jt-2021-12-zebatka-przednia-2103-13-yamaha-yzf-250.jpg","datePublished":"2024-03-27T13:16:03+00:00","dateModified":"2024-05-03T14:15:13+00:00","breadcrumb":{"@id":"https:\/\/v3.atv-parts.hu\/index.php\/termek\/jt-elso-fokozat-2103-13-yamaha-yzf-250-01-17-wr-250f-01-17-210313jt-520-lanc\/#breadcrumb"},"inLanguage":"hu","potentialAction":[{"@type":"ReadAction","target":["https:\/\/v3.atv-parts.hu\/index.php\/termek\/jt-elso-fokozat-2103-13-yamaha-yzf-250-01-17-wr-250f-01-17-210313jt-520-lanc\/"]}]},{"@type":"ImageObject","inLanguage":"hu","@id":"https:\/\/v3.atv-parts.hu\/index.php\/termek\/jt-elso-fokozat-2103-13-yamaha-yzf-250-01-17-wr-250f-01-17-210313jt-520-lanc\/#primaryimage","url":"https:\/\/v3.atv-parts.hu\/wp-content\/uploads\/2024\/03\/jt-2021-12-zebatka-przednia-2103-13-yamaha-yzf-250.jpg","contentUrl":"https:\/\/v3.atv-parts.hu\/wp-content\/uploads\/2024\/03\/jt-2021-12-zebatka-przednia-2103-13-yamaha-yzf-250.jpg","width":958,"height":800},{"@type":"BreadcrumbList","@id":"https:\/\/v3.atv-parts.hu\/index.php\/termek\/jt-elso-fokozat-2103-13-yamaha-yzf-250-01-17-wr-250f-01-17-210313jt-520-lanc\/#breadcrumb","itemListElement":[{"@type":"ListItem","position":1,"name":"Kezd\u0151lap","item":"https:\/\/v3.atv-parts.hu\/"},{"@type":"ListItem","position":2,"name":"Bolt","item":"https:\/\/v3.atv-parts.hu\/index.php\/bolt\/"},{"@type":"ListItem","position":3,"name":"JT ELS\u0150 FOKOZAT 2103 13 YAMAHA YZF 250 &#8217;01 -&#8217;17, WR 250F &#8217;01 -&#8217;17 (210313JT) (520 L\u00c1NC)"}]},{"@type":"WebSite","@id":"https:\/\/v3.atv-parts.hu\/#website","url":"https:\/\/v3.atv-parts.hu\/","name":"V3 ATV-PARTS.HU","description":"","publisher":{"@id":"https:\/\/v3.atv-parts.hu\/#organization"},"potentialAction":[{"@type":"SearchAction","target":{"@type":"EntryPoint","urlTemplate":"https:\/\/v3.atv-parts.hu\/?s={search_term_string}"},"query-input":"required name=search_term_string"}],"inLanguage":"hu"},{"@type":"Organization","@id":"https:\/\/v3.atv-parts.hu\/#organization","name":"V3 ATV-PARTS.HU","url":"https:\/\/v3.atv-parts.hu\/","logo":{"@type":"ImageObject","inLanguage":"hu","@id":"https:\/\/v3.atv-parts.hu\/#\/schema\/logo\/image\/","url":"https:\/\/v3.atv-parts.hu\/wp-content\/uploads\/2021\/02\/cropped-cropped-atvlogo-1-1-1.png","contentUrl":"https:\/\/v3.atv-parts.hu\/wp-content\/uploads\/2021\/02\/cropped-cropped-atvlogo-1-1-1.png","width":267,"height":160,"caption":"V3 ATV-PARTS.HU"},"image":{"@id":"https:\/\/v3.atv-parts.hu\/#\/schema\/logo\/image\/"},"sameAs":["https:\/\/www.facebook.com\/atvpartsHU"]}]},"product_price_amount":"3468.37","product_price_currency":"HUF","og_availability":"instock","product_availability":"instock","product_retailer_item_id":"JTF1590.13","product_condition":"new"},"_links":{"self":[{"href":"https:\/\/v3.atv-parts.hu\/index.php\/wp-json\/wp\/v2\/product\/53111","targetHints":{"allow":["GET"]}}],"collection":[{"href":"https:\/\/v3.atv-parts.hu\/index.php\/wp-json\/wp\/v2\/product"}],"about":[{"href":"https:\/\/v3.atv-parts.hu\/index.php\/wp-json\/wp\/v2\/types\/product"}],"replies":[{"embeddable":true,"href":"https:\/\/v3.atv-parts.hu\/index.php\/wp-json\/wp\/v2\/comments?post=53111"}],"wp:featuredmedia":[{"embeddable":true,"href":"https:\/\/v3.atv-parts.hu\/index.php\/wp-json\/wp\/v2\/media\/53112"}],"wp:attachment":[{"href":"https:\/\/v3.atv-parts.hu\/index.php\/wp-json\/wp\/v2\/media?parent=53111"}],"wp:term":[{"taxonomy":"product_cat","embeddable":true,"href":"https:\/\/v3.atv-parts.hu\/index.php\/wp-json\/wp\/v2\/product_cat?post=53111"},{"taxonomy":"product_tag","embeddable":true,"href":"https:\/\/v3.atv-parts.hu\/index.php\/wp-json\/wp\/v2\/product_tag?post=53111"}],"curies":[{"name":"wp","href":"https:\/\/api.w.org\/{rel}","templated":true}]}}