{"id":53439,"date":"2024-03-27T14:24:03","date_gmt":"2024-03-27T13:24:03","guid":{"rendered":"https:\/\/v3.atv-parts.hu\/index.php\/termek\/jt-hatso-fokozat-4303-38-kawasaki-ksf-450-kfx-450-08-14-atv-430338jt-chanc-520\/"},"modified":"2024-05-03T16:16:19","modified_gmt":"2024-05-03T14:16:19","slug":"jt-hatso-fokozat-4303-38-kawasaki-ksf-450-kfx-450-08-14-atv-430338jt-chanc-520","status":"publish","type":"product","link":"https:\/\/v3.atv-parts.hu\/index.php\/termek\/jt-hatso-fokozat-4303-38-kawasaki-ksf-450-kfx-450-08-14-atv-430338jt-chanc-520\/","title":{"rendered":"JT H\u00c1TS\u00d3 FOKOZAT 4303 38 KAWASAKI KSF 450 (KFX 450) &#8217;08 -14&#8242; (ATV) (430338JT) (CHANC.520)"},"content":{"rendered":"<p>JT H\u00c1TS\u00d3 FOKOZAT 4303 38 KAWASAKI KSF 450 (KFX 450) &#8217;08 -14&#8242; (ATV) (430338JT) (CHANC.520)<\/p>\n<p>EAN: 824225311297<\/p>\n<p>SKU: JTR1415.38<\/p>\n","protected":false},"excerpt":{"rendered":"<p>JT H\u00c1TS\u00d3 FOKOZAT 4303 38 KAWASAKI KSF 450 (KFX 450) &#8217;08 -14&#8242; (ATV) (430338JT) (CHANC.520)<\/p>\n","protected":false},"featured_media":53440,"comment_status":"closed","ping_status":"open","template":"","meta":{"_monsterinsights_skip_tracking":false,"_monsterinsights_sitenote_active":false,"_monsterinsights_sitenote_note":"","_monsterinsights_sitenote_category":0},"product_cat":[289,223,232],"product_tag":[156,159],"class_list":{"0":"post-53439","1":"product","2":"type-product","3":"status-publish","4":"has-post-thumbnail","6":"product_cat-acel","7":"product_cat-hajtasrendszer","8":"product_cat-hatso-lanckerekek","9":"product_tag-atv","10":"product_tag-kawasaki","11":"pa_marka-jt-lanckerek","13":"first","14":"instock","15":"taxable","16":"shipping-taxable","17":"purchasable","18":"product-type-simple"},"yoast_head":"<!-- This site is optimized with the Yoast SEO Premium plugin v22.6 (Yoast SEO v22.6) - https:\/\/yoast.com\/wordpress\/plugins\/seo\/ -->\n<title>JT H\u00c1TS\u00d3 FOKOZAT 4303 38 KAWASAKI KSF 450 (KFX 450) &#039;08 -14&#039; (ATV) (430338JT) (CHANC.520) - V3 ATV-PARTS.HU<\/title>\n<meta name=\"robots\" content=\"index, follow, max-snippet:-1, max-image-preview:large, max-video-preview:-1\" \/>\n<link rel=\"canonical\" href=\"https:\/\/v3.atv-parts.hu\/index.php\/termek\/jt-hatso-fokozat-4303-38-kawasaki-ksf-450-kfx-450-08-14-atv-430338jt-chanc-520\/\" \/>\n<meta property=\"og:locale\" content=\"hu_HU\" \/>\n<meta property=\"og:type\" content=\"article\" \/>\n<meta property=\"og:title\" content=\"JT H\u00c1TS\u00d3 FOKOZAT 4303 38 KAWASAKI KSF 450 (KFX 450) &#039;08 -14&#039; (ATV) (430338JT) (CHANC.520)\" \/>\n<meta property=\"og:description\" content=\"JT H\u00c1TS\u00d3 FOKOZAT 4303 38 KAWASAKI KSF 450 (KFX 450) &#039;08 -14&#039; (ATV) (430338JT) (CHANC.520)\" \/>\n<meta property=\"og:url\" content=\"https:\/\/v3.atv-parts.hu\/index.php\/termek\/jt-hatso-fokozat-4303-38-kawasaki-ksf-450-kfx-450-08-14-atv-430338jt-chanc-520\/\" \/>\n<meta property=\"og:site_name\" content=\"V3 ATV-PARTS.HU\" \/>\n<meta property=\"article:publisher\" content=\"https:\/\/www.facebook.com\/atvpartsHU\" \/>\n<meta property=\"article:modified_time\" content=\"2024-05-03T14:16:19+00:00\" \/>\n<meta property=\"og:image\" content=\"https:\/\/v3.atv-parts.hu\/wp-content\/uploads\/2024\/03\/jt-2021-12-zebatka-tylna-4303-38-kawasaki-ksf-450.jpg\" \/>\n\t<meta property=\"og:image:width\" content=\"958\" \/>\n\t<meta property=\"og:image:height\" content=\"800\" \/>\n\t<meta property=\"og:image:type\" content=\"image\/jpeg\" \/>\n<meta name=\"twitter:card\" content=\"summary_large_image\" \/>\n<meta name=\"twitter:label1\" content=\"\u00c1r\" \/>\n\t<meta name=\"twitter:data1\" content=\"8514,08&nbsp;&#70;&#116; \u00c1F\u00c1-val\" \/>\n\t<meta name=\"twitter:label2\" content=\"El\u00e9rhet\u0151s\u00e9g\" \/>\n\t<meta name=\"twitter:data2\" content=\"K\u00e9szleten\" \/>\n<script type=\"application\/ld+json\" class=\"yoast-schema-graph\">{\"@context\":\"https:\/\/schema.org\",\"@graph\":[{\"@type\":\"WebPage\",\"@id\":\"https:\/\/v3.atv-parts.hu\/index.php\/termek\/jt-hatso-fokozat-4303-38-kawasaki-ksf-450-kfx-450-08-14-atv-430338jt-chanc-520\/\",\"url\":\"https:\/\/v3.atv-parts.hu\/index.php\/termek\/jt-hatso-fokozat-4303-38-kawasaki-ksf-450-kfx-450-08-14-atv-430338jt-chanc-520\/\",\"name\":\"JT H\u00c1TS\u00d3 FOKOZAT 4303 38 KAWASAKI KSF 450 (KFX 450) '08 -14' (ATV) (430338JT) (CHANC.520) - V3 ATV-PARTS.HU\",\"isPartOf\":{\"@id\":\"https:\/\/v3.atv-parts.hu\/#website\"},\"primaryImageOfPage\":{\"@id\":\"https:\/\/v3.atv-parts.hu\/index.php\/termek\/jt-hatso-fokozat-4303-38-kawasaki-ksf-450-kfx-450-08-14-atv-430338jt-chanc-520\/#primaryimage\"},\"image\":{\"@id\":\"https:\/\/v3.atv-parts.hu\/index.php\/termek\/jt-hatso-fokozat-4303-38-kawasaki-ksf-450-kfx-450-08-14-atv-430338jt-chanc-520\/#primaryimage\"},\"thumbnailUrl\":\"https:\/\/v3.atv-parts.hu\/wp-content\/uploads\/2024\/03\/jt-2021-12-zebatka-tylna-4303-38-kawasaki-ksf-450.jpg\",\"datePublished\":\"2024-03-27T13:24:03+00:00\",\"dateModified\":\"2024-05-03T14:16:19+00:00\",\"breadcrumb\":{\"@id\":\"https:\/\/v3.atv-parts.hu\/index.php\/termek\/jt-hatso-fokozat-4303-38-kawasaki-ksf-450-kfx-450-08-14-atv-430338jt-chanc-520\/#breadcrumb\"},\"inLanguage\":\"hu\",\"potentialAction\":[{\"@type\":\"ReadAction\",\"target\":[\"https:\/\/v3.atv-parts.hu\/index.php\/termek\/jt-hatso-fokozat-4303-38-kawasaki-ksf-450-kfx-450-08-14-atv-430338jt-chanc-520\/\"]}]},{\"@type\":\"ImageObject\",\"inLanguage\":\"hu\",\"@id\":\"https:\/\/v3.atv-parts.hu\/index.php\/termek\/jt-hatso-fokozat-4303-38-kawasaki-ksf-450-kfx-450-08-14-atv-430338jt-chanc-520\/#primaryimage\",\"url\":\"https:\/\/v3.atv-parts.hu\/wp-content\/uploads\/2024\/03\/jt-2021-12-zebatka-tylna-4303-38-kawasaki-ksf-450.jpg\",\"contentUrl\":\"https:\/\/v3.atv-parts.hu\/wp-content\/uploads\/2024\/03\/jt-2021-12-zebatka-tylna-4303-38-kawasaki-ksf-450.jpg\",\"width\":958,\"height\":800},{\"@type\":\"BreadcrumbList\",\"@id\":\"https:\/\/v3.atv-parts.hu\/index.php\/termek\/jt-hatso-fokozat-4303-38-kawasaki-ksf-450-kfx-450-08-14-atv-430338jt-chanc-520\/#breadcrumb\",\"itemListElement\":[{\"@type\":\"ListItem\",\"position\":1,\"name\":\"Kezd\u0151lap\",\"item\":\"https:\/\/v3.atv-parts.hu\/\"},{\"@type\":\"ListItem\",\"position\":2,\"name\":\"Bolt\",\"item\":\"https:\/\/v3.atv-parts.hu\/index.php\/bolt\/\"},{\"@type\":\"ListItem\",\"position\":3,\"name\":\"JT H\u00c1TS\u00d3 FOKOZAT 4303 38 KAWASAKI KSF 450 (KFX 450) &#8217;08 -14&#8242; (ATV) (430338JT) (CHANC.520)\"}]},{\"@type\":\"WebSite\",\"@id\":\"https:\/\/v3.atv-parts.hu\/#website\",\"url\":\"https:\/\/v3.atv-parts.hu\/\",\"name\":\"V3 ATV-PARTS.HU\",\"description\":\"\",\"publisher\":{\"@id\":\"https:\/\/v3.atv-parts.hu\/#organization\"},\"potentialAction\":[{\"@type\":\"SearchAction\",\"target\":{\"@type\":\"EntryPoint\",\"urlTemplate\":\"https:\/\/v3.atv-parts.hu\/?s={search_term_string}\"},\"query-input\":\"required name=search_term_string\"}],\"inLanguage\":\"hu\"},{\"@type\":\"Organization\",\"@id\":\"https:\/\/v3.atv-parts.hu\/#organization\",\"name\":\"V3 ATV-PARTS.HU\",\"url\":\"https:\/\/v3.atv-parts.hu\/\",\"logo\":{\"@type\":\"ImageObject\",\"inLanguage\":\"hu\",\"@id\":\"https:\/\/v3.atv-parts.hu\/#\/schema\/logo\/image\/\",\"url\":\"https:\/\/v3.atv-parts.hu\/wp-content\/uploads\/2021\/02\/cropped-cropped-atvlogo-1-1-1.png\",\"contentUrl\":\"https:\/\/v3.atv-parts.hu\/wp-content\/uploads\/2021\/02\/cropped-cropped-atvlogo-1-1-1.png\",\"width\":267,\"height\":160,\"caption\":\"V3 ATV-PARTS.HU\"},\"image\":{\"@id\":\"https:\/\/v3.atv-parts.hu\/#\/schema\/logo\/image\/\"},\"sameAs\":[\"https:\/\/www.facebook.com\/atvpartsHU\"]}]}<\/script>\n<meta property=\"product:price:amount\" content=\"8514.08\" \/>\n<meta property=\"product:price:currency\" content=\"HUF\" \/>\n<meta property=\"og:availability\" content=\"instock\" \/>\n<meta property=\"product:availability\" content=\"instock\" \/>\n<meta property=\"product:retailer_item_id\" content=\"JTR1415.38\" \/>\n<meta property=\"product:condition\" content=\"new\" \/>\n<!-- \/ Yoast SEO Premium plugin. -->","yoast_head_json":{"title":"JT H\u00c1TS\u00d3 FOKOZAT 4303 38 KAWASAKI KSF 450 (KFX 450) '08 -14' (ATV) (430338JT) (CHANC.520) - V3 ATV-PARTS.HU","robots":{"index":"index","follow":"follow","max-snippet":"max-snippet:-1","max-image-preview":"max-image-preview:large","max-video-preview":"max-video-preview:-1"},"canonical":"https:\/\/v3.atv-parts.hu\/index.php\/termek\/jt-hatso-fokozat-4303-38-kawasaki-ksf-450-kfx-450-08-14-atv-430338jt-chanc-520\/","og_locale":"hu_HU","og_type":"article","og_title":"JT H\u00c1TS\u00d3 FOKOZAT 4303 38 KAWASAKI KSF 450 (KFX 450) '08 -14' (ATV) (430338JT) (CHANC.520)","og_description":"JT H\u00c1TS\u00d3 FOKOZAT 4303 38 KAWASAKI KSF 450 (KFX 450) '08 -14' (ATV) (430338JT) (CHANC.520)","og_url":"https:\/\/v3.atv-parts.hu\/index.php\/termek\/jt-hatso-fokozat-4303-38-kawasaki-ksf-450-kfx-450-08-14-atv-430338jt-chanc-520\/","og_site_name":"V3 ATV-PARTS.HU","article_publisher":"https:\/\/www.facebook.com\/atvpartsHU","article_modified_time":"2024-05-03T14:16:19+00:00","og_image":[{"width":958,"height":800,"url":"https:\/\/v3.atv-parts.hu\/wp-content\/uploads\/2024\/03\/jt-2021-12-zebatka-tylna-4303-38-kawasaki-ksf-450.jpg","type":"image\/jpeg"}],"twitter_card":"summary_large_image","twitter_misc":{"\u00c1r":"8514,08&nbsp;&#70;&#116; \u00c1F\u00c1-val","El\u00e9rhet\u0151s\u00e9g":"K\u00e9szleten"},"schema":{"@context":"https:\/\/schema.org","@graph":[{"@type":"WebPage","@id":"https:\/\/v3.atv-parts.hu\/index.php\/termek\/jt-hatso-fokozat-4303-38-kawasaki-ksf-450-kfx-450-08-14-atv-430338jt-chanc-520\/","url":"https:\/\/v3.atv-parts.hu\/index.php\/termek\/jt-hatso-fokozat-4303-38-kawasaki-ksf-450-kfx-450-08-14-atv-430338jt-chanc-520\/","name":"JT H\u00c1TS\u00d3 FOKOZAT 4303 38 KAWASAKI KSF 450 (KFX 450) '08 -14' (ATV) (430338JT) (CHANC.520) - V3 ATV-PARTS.HU","isPartOf":{"@id":"https:\/\/v3.atv-parts.hu\/#website"},"primaryImageOfPage":{"@id":"https:\/\/v3.atv-parts.hu\/index.php\/termek\/jt-hatso-fokozat-4303-38-kawasaki-ksf-450-kfx-450-08-14-atv-430338jt-chanc-520\/#primaryimage"},"image":{"@id":"https:\/\/v3.atv-parts.hu\/index.php\/termek\/jt-hatso-fokozat-4303-38-kawasaki-ksf-450-kfx-450-08-14-atv-430338jt-chanc-520\/#primaryimage"},"thumbnailUrl":"https:\/\/v3.atv-parts.hu\/wp-content\/uploads\/2024\/03\/jt-2021-12-zebatka-tylna-4303-38-kawasaki-ksf-450.jpg","datePublished":"2024-03-27T13:24:03+00:00","dateModified":"2024-05-03T14:16:19+00:00","breadcrumb":{"@id":"https:\/\/v3.atv-parts.hu\/index.php\/termek\/jt-hatso-fokozat-4303-38-kawasaki-ksf-450-kfx-450-08-14-atv-430338jt-chanc-520\/#breadcrumb"},"inLanguage":"hu","potentialAction":[{"@type":"ReadAction","target":["https:\/\/v3.atv-parts.hu\/index.php\/termek\/jt-hatso-fokozat-4303-38-kawasaki-ksf-450-kfx-450-08-14-atv-430338jt-chanc-520\/"]}]},{"@type":"ImageObject","inLanguage":"hu","@id":"https:\/\/v3.atv-parts.hu\/index.php\/termek\/jt-hatso-fokozat-4303-38-kawasaki-ksf-450-kfx-450-08-14-atv-430338jt-chanc-520\/#primaryimage","url":"https:\/\/v3.atv-parts.hu\/wp-content\/uploads\/2024\/03\/jt-2021-12-zebatka-tylna-4303-38-kawasaki-ksf-450.jpg","contentUrl":"https:\/\/v3.atv-parts.hu\/wp-content\/uploads\/2024\/03\/jt-2021-12-zebatka-tylna-4303-38-kawasaki-ksf-450.jpg","width":958,"height":800},{"@type":"BreadcrumbList","@id":"https:\/\/v3.atv-parts.hu\/index.php\/termek\/jt-hatso-fokozat-4303-38-kawasaki-ksf-450-kfx-450-08-14-atv-430338jt-chanc-520\/#breadcrumb","itemListElement":[{"@type":"ListItem","position":1,"name":"Kezd\u0151lap","item":"https:\/\/v3.atv-parts.hu\/"},{"@type":"ListItem","position":2,"name":"Bolt","item":"https:\/\/v3.atv-parts.hu\/index.php\/bolt\/"},{"@type":"ListItem","position":3,"name":"JT H\u00c1TS\u00d3 FOKOZAT 4303 38 KAWASAKI KSF 450 (KFX 450) &#8217;08 -14&#8242; (ATV) (430338JT) (CHANC.520)"}]},{"@type":"WebSite","@id":"https:\/\/v3.atv-parts.hu\/#website","url":"https:\/\/v3.atv-parts.hu\/","name":"V3 ATV-PARTS.HU","description":"","publisher":{"@id":"https:\/\/v3.atv-parts.hu\/#organization"},"potentialAction":[{"@type":"SearchAction","target":{"@type":"EntryPoint","urlTemplate":"https:\/\/v3.atv-parts.hu\/?s={search_term_string}"},"query-input":"required name=search_term_string"}],"inLanguage":"hu"},{"@type":"Organization","@id":"https:\/\/v3.atv-parts.hu\/#organization","name":"V3 ATV-PARTS.HU","url":"https:\/\/v3.atv-parts.hu\/","logo":{"@type":"ImageObject","inLanguage":"hu","@id":"https:\/\/v3.atv-parts.hu\/#\/schema\/logo\/image\/","url":"https:\/\/v3.atv-parts.hu\/wp-content\/uploads\/2021\/02\/cropped-cropped-atvlogo-1-1-1.png","contentUrl":"https:\/\/v3.atv-parts.hu\/wp-content\/uploads\/2021\/02\/cropped-cropped-atvlogo-1-1-1.png","width":267,"height":160,"caption":"V3 ATV-PARTS.HU"},"image":{"@id":"https:\/\/v3.atv-parts.hu\/#\/schema\/logo\/image\/"},"sameAs":["https:\/\/www.facebook.com\/atvpartsHU"]}]},"product_price_amount":"8514.08","product_price_currency":"HUF","og_availability":"instock","product_availability":"instock","product_retailer_item_id":"JTR1415.38","product_condition":"new"},"_links":{"self":[{"href":"https:\/\/v3.atv-parts.hu\/index.php\/wp-json\/wp\/v2\/product\/53439","targetHints":{"allow":["GET"]}}],"collection":[{"href":"https:\/\/v3.atv-parts.hu\/index.php\/wp-json\/wp\/v2\/product"}],"about":[{"href":"https:\/\/v3.atv-parts.hu\/index.php\/wp-json\/wp\/v2\/types\/product"}],"replies":[{"embeddable":true,"href":"https:\/\/v3.atv-parts.hu\/index.php\/wp-json\/wp\/v2\/comments?post=53439"}],"wp:featuredmedia":[{"embeddable":true,"href":"https:\/\/v3.atv-parts.hu\/index.php\/wp-json\/wp\/v2\/media\/53440"}],"wp:attachment":[{"href":"https:\/\/v3.atv-parts.hu\/index.php\/wp-json\/wp\/v2\/media?parent=53439"}],"wp:term":[{"taxonomy":"product_cat","embeddable":true,"href":"https:\/\/v3.atv-parts.hu\/index.php\/wp-json\/wp\/v2\/product_cat?post=53439"},{"taxonomy":"product_tag","embeddable":true,"href":"https:\/\/v3.atv-parts.hu\/index.php\/wp-json\/wp\/v2\/product_tag?post=53439"}],"curies":[{"name":"wp","href":"https:\/\/api.w.org\/{rel}","templated":true}]}}