{"id":54466,"date":"2024-03-27T14:54:39","date_gmt":"2024-03-27T13:54:39","guid":{"rendered":"https:\/\/v3.atv-parts.hu\/index.php\/termek\/all-balls-fekbetet-kh314-hatso-bal-sinter-polaris-scrambler-500-05-12-sportsman-570-15-19-sportsman-forest-500-800-11-14-sportsman-500-03-08-05-trail-blazer-06\/"},"modified":"2024-05-03T16:20:37","modified_gmt":"2024-05-03T14:20:37","slug":"all-balls-fekbetet-kh314-hatso-bal-sinter-polaris-scrambler-500-05-12-sportsman-570-15-19-sportsman-forest-500-800-11-14-sportsman-500-03-08-05-trail-blazer-06","status":"publish","type":"product","link":"https:\/\/v3.atv-parts.hu\/index.php\/termek\/all-balls-fekbetet-kh314-hatso-bal-sinter-polaris-scrambler-500-05-12-sportsman-570-15-19-sportsman-forest-500-800-11-14-sportsman-500-03-08-05-trail-blazer-06\/","title":{"rendered":"ALL BALLS F\u00c9KBET\u00c9T KH314 H\u00c1TS\u00d3 BAL SINTER POLARIS Scrambler 500 &#8217;05 -&#8217;12, Sportsman 570 &#8217;15 -&#8217;19, Sportsman Forest 500\/800 &#8217;11 -&#8217;14, Sportsman 500 &#8217;03 -&#8217;08 -05 Trail Blazer &#8217;06"},"content":{"rendered":"<p>ALL BALLS F\u00c9KBET\u00c9T KH314 H\u00c1TS\u00d3 BAL SINTER POLARIS Scrambler 500 &#8217;05 -&#8217;12, Sportsman 570 &#8217;15 -&#8217;19, Sportsman Forest 500\/800 &#8217;11 -&#8217;14, Sportsman 500 &#8217;03 -&#8217;08 -05 Trail Blazer &#8217;06<\/p>\n<p>EAN: 18-8016<\/p>\n<p>SKU: 18-8016<\/p>\n","protected":false},"excerpt":{"rendered":"<p>ALL BALLS F\u00c9KBET\u00c9T KH314 H\u00c1TS\u00d3 BAL SINTER POLARIS Scrambler 500 &#8217;05 -&#8217;12, Sportsman 570 &#8217;15 -&#8217;19, Sportsman Forest 500\/800 &#8217;11 -&#8217;14, Sportsman 500 &#8217;03 -&#8217;08 -05 Trail Blazer &#8217;06<\/p>\n","protected":false},"featured_media":54467,"comment_status":"closed","ping_status":"open","template":"","meta":{"_monsterinsights_skip_tracking":false,"_monsterinsights_sitenote_active":false,"_monsterinsights_sitenote_note":"","_monsterinsights_sitenote_category":0},"product_cat":[285,284,283],"product_tag":[156,181],"class_list":{"0":"post-54466","1":"product","2":"type-product","3":"status-publish","4":"has-post-thumbnail","6":"product_cat-fekbetetek","7":"product_cat-fekbetetek-es-fekpofak","8":"product_cat-fekrendszer","9":"product_tag-atv","10":"product_tag-polaris","11":"pa_marka-all-balls","13":"first","14":"outofstock","15":"taxable","16":"shipping-taxable","17":"purchasable","18":"product-type-simple"},"yoast_head":"<!-- This site is optimized with the Yoast SEO Premium plugin v22.6 (Yoast SEO v22.6) - https:\/\/yoast.com\/wordpress\/plugins\/seo\/ -->\n<title>ALL BALLS F\u00c9KBET\u00c9T KH314 H\u00c1TS\u00d3 BAL SINTER POLARIS Scrambler 500 &#039;05 -&#039;12, Sportsman 570 &#039;15 -&#039;19, Sportsman Forest 500\/800 &#039;11 -&#039;14, Sportsman 500 &#039;03 -&#039;08 -05 Trail Blazer &#039;06 - V3 ATV-PARTS.HU<\/title>\n<meta name=\"robots\" content=\"index, follow, max-snippet:-1, max-image-preview:large, max-video-preview:-1\" \/>\n<link rel=\"canonical\" href=\"https:\/\/v3.atv-parts.hu\/index.php\/termek\/all-balls-fekbetet-kh314-hatso-bal-sinter-polaris-scrambler-500-05-12-sportsman-570-15-19-sportsman-forest-500-800-11-14-sportsman-500-03-08-05-trail-blazer-06\/\" \/>\n<meta property=\"og:locale\" content=\"hu_HU\" \/>\n<meta property=\"og:type\" content=\"article\" \/>\n<meta property=\"og:title\" content=\"ALL BALLS F\u00c9KBET\u00c9T KH314 H\u00c1TS\u00d3 BAL SINTER POLARIS Scrambler 500 &#039;05 -&#039;12, Sportsman 570 &#039;15 -&#039;19, Sportsman Forest 500\/800 &#039;11 -&#039;14, Sportsman 500 &#039;03 -&#039;08 -05 Trail Blazer &#039;06\" \/>\n<meta property=\"og:description\" content=\"ALL BALLS F\u00c9KBET\u00c9T KH314 H\u00c1TS\u00d3 BAL SINTER POLARIS Scrambler 500 &#039;05 -&#039;12, Sportsman 570 &#039;15 -&#039;19, Sportsman Forest 500\/800 &#039;11 -&#039;14, Sportsman 500 &#039;03 -&#039;08 -05 Trail Blazer &#039;06\" \/>\n<meta property=\"og:url\" content=\"https:\/\/v3.atv-parts.hu\/index.php\/termek\/all-balls-fekbetet-kh314-hatso-bal-sinter-polaris-scrambler-500-05-12-sportsman-570-15-19-sportsman-forest-500-800-11-14-sportsman-500-03-08-05-trail-blazer-06\/\" \/>\n<meta property=\"og:site_name\" content=\"V3 ATV-PARTS.HU\" \/>\n<meta property=\"article:publisher\" content=\"https:\/\/www.facebook.com\/atvpartsHU\" \/>\n<meta property=\"article:modified_time\" content=\"2024-05-03T14:20:37+00:00\" \/>\n<meta property=\"og:image\" content=\"https:\/\/v3.atv-parts.hu\/wp-content\/uploads\/2024\/03\/all-balls-2021-12-klocki-hamulcowe-tyl-lewy-sinter.jpg\" \/>\n\t<meta property=\"og:image:width\" content=\"1200\" \/>\n\t<meta property=\"og:image:height\" content=\"662\" \/>\n\t<meta property=\"og:image:type\" content=\"image\/jpeg\" \/>\n<meta name=\"twitter:card\" content=\"summary_large_image\" \/>\n<meta name=\"twitter:label1\" content=\"\u00c1r\" \/>\n\t<meta name=\"twitter:data1\" content=\"7948,93&nbsp;&#70;&#116; \u00c1F\u00c1-val\" \/>\n\t<meta name=\"twitter:label2\" content=\"El\u00e9rhet\u0151s\u00e9g\" \/>\n\t<meta name=\"twitter:data2\" content=\"Nincs k\u00e9szleten\" \/>\n<script type=\"application\/ld+json\" class=\"yoast-schema-graph\">{\"@context\":\"https:\/\/schema.org\",\"@graph\":[{\"@type\":\"WebPage\",\"@id\":\"https:\/\/v3.atv-parts.hu\/index.php\/termek\/all-balls-fekbetet-kh314-hatso-bal-sinter-polaris-scrambler-500-05-12-sportsman-570-15-19-sportsman-forest-500-800-11-14-sportsman-500-03-08-05-trail-blazer-06\/\",\"url\":\"https:\/\/v3.atv-parts.hu\/index.php\/termek\/all-balls-fekbetet-kh314-hatso-bal-sinter-polaris-scrambler-500-05-12-sportsman-570-15-19-sportsman-forest-500-800-11-14-sportsman-500-03-08-05-trail-blazer-06\/\",\"name\":\"ALL BALLS F\u00c9KBET\u00c9T KH314 H\u00c1TS\u00d3 BAL SINTER POLARIS Scrambler 500 '05 -'12, Sportsman 570 '15 -'19, Sportsman Forest 500\/800 '11 -'14, Sportsman 500 '03 -'08 -05 Trail Blazer '06 - V3 ATV-PARTS.HU\",\"isPartOf\":{\"@id\":\"https:\/\/v3.atv-parts.hu\/#website\"},\"primaryImageOfPage\":{\"@id\":\"https:\/\/v3.atv-parts.hu\/index.php\/termek\/all-balls-fekbetet-kh314-hatso-bal-sinter-polaris-scrambler-500-05-12-sportsman-570-15-19-sportsman-forest-500-800-11-14-sportsman-500-03-08-05-trail-blazer-06\/#primaryimage\"},\"image\":{\"@id\":\"https:\/\/v3.atv-parts.hu\/index.php\/termek\/all-balls-fekbetet-kh314-hatso-bal-sinter-polaris-scrambler-500-05-12-sportsman-570-15-19-sportsman-forest-500-800-11-14-sportsman-500-03-08-05-trail-blazer-06\/#primaryimage\"},\"thumbnailUrl\":\"https:\/\/v3.atv-parts.hu\/wp-content\/uploads\/2024\/03\/all-balls-2021-12-klocki-hamulcowe-tyl-lewy-sinter.jpg\",\"datePublished\":\"2024-03-27T13:54:39+00:00\",\"dateModified\":\"2024-05-03T14:20:37+00:00\",\"breadcrumb\":{\"@id\":\"https:\/\/v3.atv-parts.hu\/index.php\/termek\/all-balls-fekbetet-kh314-hatso-bal-sinter-polaris-scrambler-500-05-12-sportsman-570-15-19-sportsman-forest-500-800-11-14-sportsman-500-03-08-05-trail-blazer-06\/#breadcrumb\"},\"inLanguage\":\"hu\",\"potentialAction\":[{\"@type\":\"ReadAction\",\"target\":[\"https:\/\/v3.atv-parts.hu\/index.php\/termek\/all-balls-fekbetet-kh314-hatso-bal-sinter-polaris-scrambler-500-05-12-sportsman-570-15-19-sportsman-forest-500-800-11-14-sportsman-500-03-08-05-trail-blazer-06\/\"]}]},{\"@type\":\"ImageObject\",\"inLanguage\":\"hu\",\"@id\":\"https:\/\/v3.atv-parts.hu\/index.php\/termek\/all-balls-fekbetet-kh314-hatso-bal-sinter-polaris-scrambler-500-05-12-sportsman-570-15-19-sportsman-forest-500-800-11-14-sportsman-500-03-08-05-trail-blazer-06\/#primaryimage\",\"url\":\"https:\/\/v3.atv-parts.hu\/wp-content\/uploads\/2024\/03\/all-balls-2021-12-klocki-hamulcowe-tyl-lewy-sinter.jpg\",\"contentUrl\":\"https:\/\/v3.atv-parts.hu\/wp-content\/uploads\/2024\/03\/all-balls-2021-12-klocki-hamulcowe-tyl-lewy-sinter.jpg\",\"width\":1200,\"height\":662},{\"@type\":\"BreadcrumbList\",\"@id\":\"https:\/\/v3.atv-parts.hu\/index.php\/termek\/all-balls-fekbetet-kh314-hatso-bal-sinter-polaris-scrambler-500-05-12-sportsman-570-15-19-sportsman-forest-500-800-11-14-sportsman-500-03-08-05-trail-blazer-06\/#breadcrumb\",\"itemListElement\":[{\"@type\":\"ListItem\",\"position\":1,\"name\":\"Kezd\u0151lap\",\"item\":\"https:\/\/v3.atv-parts.hu\/\"},{\"@type\":\"ListItem\",\"position\":2,\"name\":\"Bolt\",\"item\":\"https:\/\/v3.atv-parts.hu\/index.php\/bolt\/\"},{\"@type\":\"ListItem\",\"position\":3,\"name\":\"ALL BALLS F\u00c9KBET\u00c9T KH314 H\u00c1TS\u00d3 BAL SINTER POLARIS Scrambler 500 &#8217;05 -&#8217;12, Sportsman 570 &#8217;15 -&#8217;19, Sportsman Forest 500\/800 &#8217;11 -&#8217;14, Sportsman 500 &#8217;03 -&#8217;08 -05 Trail Blazer &#8217;06\"}]},{\"@type\":\"WebSite\",\"@id\":\"https:\/\/v3.atv-parts.hu\/#website\",\"url\":\"https:\/\/v3.atv-parts.hu\/\",\"name\":\"V3 ATV-PARTS.HU\",\"description\":\"\",\"publisher\":{\"@id\":\"https:\/\/v3.atv-parts.hu\/#organization\"},\"potentialAction\":[{\"@type\":\"SearchAction\",\"target\":{\"@type\":\"EntryPoint\",\"urlTemplate\":\"https:\/\/v3.atv-parts.hu\/?s={search_term_string}\"},\"query-input\":\"required name=search_term_string\"}],\"inLanguage\":\"hu\"},{\"@type\":\"Organization\",\"@id\":\"https:\/\/v3.atv-parts.hu\/#organization\",\"name\":\"V3 ATV-PARTS.HU\",\"url\":\"https:\/\/v3.atv-parts.hu\/\",\"logo\":{\"@type\":\"ImageObject\",\"inLanguage\":\"hu\",\"@id\":\"https:\/\/v3.atv-parts.hu\/#\/schema\/logo\/image\/\",\"url\":\"https:\/\/v3.atv-parts.hu\/wp-content\/uploads\/2021\/02\/cropped-cropped-atvlogo-1-1-1.png\",\"contentUrl\":\"https:\/\/v3.atv-parts.hu\/wp-content\/uploads\/2021\/02\/cropped-cropped-atvlogo-1-1-1.png\",\"width\":267,\"height\":160,\"caption\":\"V3 ATV-PARTS.HU\"},\"image\":{\"@id\":\"https:\/\/v3.atv-parts.hu\/#\/schema\/logo\/image\/\"},\"sameAs\":[\"https:\/\/www.facebook.com\/atvpartsHU\"]}]}<\/script>\n<meta property=\"product:price:amount\" content=\"7948.93\" \/>\n<meta property=\"product:price:currency\" content=\"HUF\" \/>\n<meta property=\"og:availability\" content=\"out of stock\" \/>\n<meta property=\"product:availability\" content=\"out of stock\" \/>\n<meta property=\"product:retailer_item_id\" content=\"18-8016\" \/>\n<meta property=\"product:condition\" content=\"new\" \/>\n<!-- \/ Yoast SEO Premium plugin. -->","yoast_head_json":{"title":"ALL BALLS F\u00c9KBET\u00c9T KH314 H\u00c1TS\u00d3 BAL SINTER POLARIS Scrambler 500 '05 -'12, Sportsman 570 '15 -'19, Sportsman Forest 500\/800 '11 -'14, Sportsman 500 '03 -'08 -05 Trail Blazer '06 - V3 ATV-PARTS.HU","robots":{"index":"index","follow":"follow","max-snippet":"max-snippet:-1","max-image-preview":"max-image-preview:large","max-video-preview":"max-video-preview:-1"},"canonical":"https:\/\/v3.atv-parts.hu\/index.php\/termek\/all-balls-fekbetet-kh314-hatso-bal-sinter-polaris-scrambler-500-05-12-sportsman-570-15-19-sportsman-forest-500-800-11-14-sportsman-500-03-08-05-trail-blazer-06\/","og_locale":"hu_HU","og_type":"article","og_title":"ALL BALLS F\u00c9KBET\u00c9T KH314 H\u00c1TS\u00d3 BAL SINTER POLARIS Scrambler 500 '05 -'12, Sportsman 570 '15 -'19, Sportsman Forest 500\/800 '11 -'14, Sportsman 500 '03 -'08 -05 Trail Blazer '06","og_description":"ALL BALLS F\u00c9KBET\u00c9T KH314 H\u00c1TS\u00d3 BAL SINTER POLARIS Scrambler 500 '05 -'12, Sportsman 570 '15 -'19, Sportsman Forest 500\/800 '11 -'14, Sportsman 500 '03 -'08 -05 Trail Blazer '06","og_url":"https:\/\/v3.atv-parts.hu\/index.php\/termek\/all-balls-fekbetet-kh314-hatso-bal-sinter-polaris-scrambler-500-05-12-sportsman-570-15-19-sportsman-forest-500-800-11-14-sportsman-500-03-08-05-trail-blazer-06\/","og_site_name":"V3 ATV-PARTS.HU","article_publisher":"https:\/\/www.facebook.com\/atvpartsHU","article_modified_time":"2024-05-03T14:20:37+00:00","og_image":[{"width":1200,"height":662,"url":"https:\/\/v3.atv-parts.hu\/wp-content\/uploads\/2024\/03\/all-balls-2021-12-klocki-hamulcowe-tyl-lewy-sinter.jpg","type":"image\/jpeg"}],"twitter_card":"summary_large_image","twitter_misc":{"\u00c1r":"7948,93&nbsp;&#70;&#116; \u00c1F\u00c1-val","El\u00e9rhet\u0151s\u00e9g":"Nincs k\u00e9szleten"},"schema":{"@context":"https:\/\/schema.org","@graph":[{"@type":"WebPage","@id":"https:\/\/v3.atv-parts.hu\/index.php\/termek\/all-balls-fekbetet-kh314-hatso-bal-sinter-polaris-scrambler-500-05-12-sportsman-570-15-19-sportsman-forest-500-800-11-14-sportsman-500-03-08-05-trail-blazer-06\/","url":"https:\/\/v3.atv-parts.hu\/index.php\/termek\/all-balls-fekbetet-kh314-hatso-bal-sinter-polaris-scrambler-500-05-12-sportsman-570-15-19-sportsman-forest-500-800-11-14-sportsman-500-03-08-05-trail-blazer-06\/","name":"ALL BALLS F\u00c9KBET\u00c9T KH314 H\u00c1TS\u00d3 BAL SINTER POLARIS Scrambler 500 '05 -'12, Sportsman 570 '15 -'19, Sportsman Forest 500\/800 '11 -'14, Sportsman 500 '03 -'08 -05 Trail Blazer '06 - V3 ATV-PARTS.HU","isPartOf":{"@id":"https:\/\/v3.atv-parts.hu\/#website"},"primaryImageOfPage":{"@id":"https:\/\/v3.atv-parts.hu\/index.php\/termek\/all-balls-fekbetet-kh314-hatso-bal-sinter-polaris-scrambler-500-05-12-sportsman-570-15-19-sportsman-forest-500-800-11-14-sportsman-500-03-08-05-trail-blazer-06\/#primaryimage"},"image":{"@id":"https:\/\/v3.atv-parts.hu\/index.php\/termek\/all-balls-fekbetet-kh314-hatso-bal-sinter-polaris-scrambler-500-05-12-sportsman-570-15-19-sportsman-forest-500-800-11-14-sportsman-500-03-08-05-trail-blazer-06\/#primaryimage"},"thumbnailUrl":"https:\/\/v3.atv-parts.hu\/wp-content\/uploads\/2024\/03\/all-balls-2021-12-klocki-hamulcowe-tyl-lewy-sinter.jpg","datePublished":"2024-03-27T13:54:39+00:00","dateModified":"2024-05-03T14:20:37+00:00","breadcrumb":{"@id":"https:\/\/v3.atv-parts.hu\/index.php\/termek\/all-balls-fekbetet-kh314-hatso-bal-sinter-polaris-scrambler-500-05-12-sportsman-570-15-19-sportsman-forest-500-800-11-14-sportsman-500-03-08-05-trail-blazer-06\/#breadcrumb"},"inLanguage":"hu","potentialAction":[{"@type":"ReadAction","target":["https:\/\/v3.atv-parts.hu\/index.php\/termek\/all-balls-fekbetet-kh314-hatso-bal-sinter-polaris-scrambler-500-05-12-sportsman-570-15-19-sportsman-forest-500-800-11-14-sportsman-500-03-08-05-trail-blazer-06\/"]}]},{"@type":"ImageObject","inLanguage":"hu","@id":"https:\/\/v3.atv-parts.hu\/index.php\/termek\/all-balls-fekbetet-kh314-hatso-bal-sinter-polaris-scrambler-500-05-12-sportsman-570-15-19-sportsman-forest-500-800-11-14-sportsman-500-03-08-05-trail-blazer-06\/#primaryimage","url":"https:\/\/v3.atv-parts.hu\/wp-content\/uploads\/2024\/03\/all-balls-2021-12-klocki-hamulcowe-tyl-lewy-sinter.jpg","contentUrl":"https:\/\/v3.atv-parts.hu\/wp-content\/uploads\/2024\/03\/all-balls-2021-12-klocki-hamulcowe-tyl-lewy-sinter.jpg","width":1200,"height":662},{"@type":"BreadcrumbList","@id":"https:\/\/v3.atv-parts.hu\/index.php\/termek\/all-balls-fekbetet-kh314-hatso-bal-sinter-polaris-scrambler-500-05-12-sportsman-570-15-19-sportsman-forest-500-800-11-14-sportsman-500-03-08-05-trail-blazer-06\/#breadcrumb","itemListElement":[{"@type":"ListItem","position":1,"name":"Kezd\u0151lap","item":"https:\/\/v3.atv-parts.hu\/"},{"@type":"ListItem","position":2,"name":"Bolt","item":"https:\/\/v3.atv-parts.hu\/index.php\/bolt\/"},{"@type":"ListItem","position":3,"name":"ALL BALLS F\u00c9KBET\u00c9T KH314 H\u00c1TS\u00d3 BAL SINTER POLARIS Scrambler 500 &#8217;05 -&#8217;12, Sportsman 570 &#8217;15 -&#8217;19, Sportsman Forest 500\/800 &#8217;11 -&#8217;14, Sportsman 500 &#8217;03 -&#8217;08 -05 Trail Blazer &#8217;06"}]},{"@type":"WebSite","@id":"https:\/\/v3.atv-parts.hu\/#website","url":"https:\/\/v3.atv-parts.hu\/","name":"V3 ATV-PARTS.HU","description":"","publisher":{"@id":"https:\/\/v3.atv-parts.hu\/#organization"},"potentialAction":[{"@type":"SearchAction","target":{"@type":"EntryPoint","urlTemplate":"https:\/\/v3.atv-parts.hu\/?s={search_term_string}"},"query-input":"required name=search_term_string"}],"inLanguage":"hu"},{"@type":"Organization","@id":"https:\/\/v3.atv-parts.hu\/#organization","name":"V3 ATV-PARTS.HU","url":"https:\/\/v3.atv-parts.hu\/","logo":{"@type":"ImageObject","inLanguage":"hu","@id":"https:\/\/v3.atv-parts.hu\/#\/schema\/logo\/image\/","url":"https:\/\/v3.atv-parts.hu\/wp-content\/uploads\/2021\/02\/cropped-cropped-atvlogo-1-1-1.png","contentUrl":"https:\/\/v3.atv-parts.hu\/wp-content\/uploads\/2021\/02\/cropped-cropped-atvlogo-1-1-1.png","width":267,"height":160,"caption":"V3 ATV-PARTS.HU"},"image":{"@id":"https:\/\/v3.atv-parts.hu\/#\/schema\/logo\/image\/"},"sameAs":["https:\/\/www.facebook.com\/atvpartsHU"]}]},"product_price_amount":"7948.93","product_price_currency":"HUF","og_availability":"out of stock","product_availability":"out of stock","product_retailer_item_id":"18-8016","product_condition":"new"},"_links":{"self":[{"href":"https:\/\/v3.atv-parts.hu\/index.php\/wp-json\/wp\/v2\/product\/54466","targetHints":{"allow":["GET"]}}],"collection":[{"href":"https:\/\/v3.atv-parts.hu\/index.php\/wp-json\/wp\/v2\/product"}],"about":[{"href":"https:\/\/v3.atv-parts.hu\/index.php\/wp-json\/wp\/v2\/types\/product"}],"replies":[{"embeddable":true,"href":"https:\/\/v3.atv-parts.hu\/index.php\/wp-json\/wp\/v2\/comments?post=54466"}],"wp:featuredmedia":[{"embeddable":true,"href":"https:\/\/v3.atv-parts.hu\/index.php\/wp-json\/wp\/v2\/media\/54467"}],"wp:attachment":[{"href":"https:\/\/v3.atv-parts.hu\/index.php\/wp-json\/wp\/v2\/media?parent=54466"}],"wp:term":[{"taxonomy":"product_cat","embeddable":true,"href":"https:\/\/v3.atv-parts.hu\/index.php\/wp-json\/wp\/v2\/product_cat?post=54466"},{"taxonomy":"product_tag","embeddable":true,"href":"https:\/\/v3.atv-parts.hu\/index.php\/wp-json\/wp\/v2\/product_tag?post=54466"}],"curies":[{"name":"wp","href":"https:\/\/api.w.org\/{rel}","templated":true}]}}