{"id":54495,"date":"2024-03-27T14:56:04","date_gmt":"2024-03-27T13:56:04","guid":{"rendered":"https:\/\/v3.atv-parts.hu\/index.php\/termek\/all-balls-elso-feknyerg-dugattyu-keszlet-honda-trx-250x-88-92-01-21-trx-300-93-09-trx-400-99-14-suzuki-dr-125-86-96-dr-96-90-20-lt-a-400-500-08-21-lta-750-08-21-yama\/"},"modified":"2024-12-07T08:02:26","modified_gmt":"2024-12-07T07:02:26","slug":"all-balls-elso-feknyerg-dugattyu-keszlet-honda-trx-250x-88-92-01-21-trx-300-93-09-trx-400-99-14-suzuki-dr-125-86-96-dr-96-90-20-lt-a-400-500-08-21-lta-750-08-21-yama","status":"publish","type":"product","link":"https:\/\/v3.atv-parts.hu\/index.php\/termek\/all-balls-elso-feknyerg-dugattyu-keszlet-honda-trx-250x-88-92-01-21-trx-300-93-09-trx-400-99-14-suzuki-dr-125-86-96-dr-96-90-20-lt-a-400-500-08-21-lta-750-08-21-yama\/","title":{"rendered":"ALL BALLS ELS\u0150 F\u00c9KNYERG DUGATTY\u00da K\u00c9SZLET HONDA TRX 250X &#8217;88 -&#8217;92 \/ &#8217;01 -&#8217;21, TRX 300 &#8217;93 -&#8217;09, TRX 400 &#8217;99 -&#8217;14, SUZUKI DR 125 &#8217;86 -&#8217;96, &#8216;DR &#8217;96 -&#8217;90 &#8217;20, LT-A 400\/500 &#8217;08 -&#8217;21, LTA-750 &#8217;08 -&#8217;21, YAMAHA Kodiak 700 &#8217;16 -&#8217;21, YFM 250 Rapto"},"content":{"rendered":"<p>ALL BALLS ELS\u0150 F\u00c9KNYERG DUGATTY\u00da K\u00c9SZLET HONDA TRX 250X &#8217;88 -&#8217;92 \/ &#8217;01 -&#8217;21, TRX 300 &#8217;93 -&#8217;09, TRX 400 &#8217;99 -&#8217;14, SUZUKI DR 125 &#8217;86 -&#8217;96, &#8216;DR &#8217;96 -&#8217;90 &#8217;20, LT-A 400\/500 &#8217;08 -&#8217;21, LTA-750 &#8217;08 -&#8217;21, YAMAHA Kodiak 700 &#8217;16 -&#8217;21, YFM 250 Rapto<\/p>\n<p>EAN: 18-9021<\/p>\n<p>Honda TRX250X \/ EX Sportrax 01-21, TRX250X 88-92, TRX300 EX 93-08, TRX300 X 09, TRX400EX 99-08, TRX400X 09-16-21,8SE Suzuki 96, DR200 S 18-20, DR200 SE 96-17, DR250 85, LT-A400 2WD King Quad 08-09, LT-A400F 4WD King Quad 08-22, LT-A400FZ 4WD King Quad SE 21-22, LTA-450 Quad 07-10, LT-A500X 09-22, LT-A500XP SZERVOKORM\u00c1NY 11-22, LT-A500XP SZERVOKORM\u00c1NY SE 21-22, LTA-700 X King Quad 05-07, LTA-750 X King2 Quad 08 , LTA-750 XP King Quad Szervokorm\u00e1ny 09-22, LTA-750 XP King Quad SE 21-22, LT-F400 2WD King Quad 08, LT-F400F 4WD King Quad 08-21, Yamaha Kodiak 700 4WD 16-2 Kodiak 700 EPS 4WD 16-22, Kodiak 700 EPS 4WD Green 18, Kodiak 700 EPS 4WD Hunter 18-22, Kodiak 700 EPS 4WD SE 18-22, YFM 250 Raptor 08-22, YFM 250 Raptor 08-5M Grizzly 08-59M,5-5M zzly EPS 09 -14, YFM700 Grizzly 07-16,YFM700 Grizzly EPS 08-22, YFM700 Grizzly EPS Graphite 18, YFM700 Grizzly EPS Hunter 18-22, YFM700 Grizzly EPS LE 18, YFM700 Grizzly EPS SE 18-22, YFM700 Grizzly EPS SE 18-22, YFM70T Grizzly EPS70 X2<\/p>\n<p>SKU: 18-9021<\/p>\n","protected":false},"excerpt":{"rendered":"<p>ALL BALLS ELS\u0150 F\u00c9KNYERG DUGATTY\u00da K\u00c9SZLET HONDA TRX 250X &#8217;88 -&#8217;92 \/ &#8217;01 -&#8217;21, TRX 300 &#8217;93 -&#8217;09, TRX 400 &#8217;99 -&#8217;14, SUZUKI DR 125 &#8217;86 -&#8217;96, &#8216;DR &#8217;96 -&#8217;90 &#8217;20, LT-A 400\/500 &#8217;08 -&#8217;21, LTA-750 &#8217;08 -&#8217;21, YAMAHA Kodiak 700 &#8217;16 -&#8217;21, YFM 250 Rapto<\/p>\n","protected":false},"featured_media":54478,"comment_status":"closed","ping_status":"open","template":"","meta":{"_monsterinsights_skip_tracking":false,"_monsterinsights_sitenote_active":false,"_monsterinsights_sitenote_note":"","_monsterinsights_sitenote_category":0},"product_cat":[367,366,283],"product_tag":[156,341,347,158,353,166,163,164],"class_list":{"0":"post-54495","1":"product","2":"type-product","3":"status-publish","4":"has-post-thumbnail","6":"product_cat-feknyereg-javito-keszletek","7":"product_cat-feknyergek","8":"product_cat-fekrendszer","9":"product_tag-atv","10":"product_tag-grizzly","11":"product_tag-grizzly-700","12":"product_tag-honda","13":"product_tag-kingquad","14":"product_tag-suzuki","15":"product_tag-trx","16":"product_tag-yamaha","17":"pa_marka-all-balls","19":"first","20":"instock","21":"taxable","22":"shipping-taxable","23":"purchasable","24":"product-type-simple"},"yoast_head":"<!-- This site is optimized with the Yoast SEO Premium plugin v22.6 (Yoast SEO v22.6) - https:\/\/yoast.com\/wordpress\/plugins\/seo\/ -->\n<title>ALL BALLS ELS\u0150 F\u00c9KNYERG DUGATTY\u00da K\u00c9SZLET HONDA TRX 250X &#039;88 -&#039;92 \/ &#039;01 -&#039;21, TRX 300 &#039;93 -&#039;09, TRX 400 &#039;99 -&#039;14, SUZUKI DR 125 &#039;86 -&#039;96, &#039;DR &#039;96 -&#039;90 &#039;20, LT-A 400\/500 &#039;08 -&#039;21, LTA-750 &#039;08 -&#039;21, YAMAHA Kodiak 700 &#039;16 -&#039;21, YFM 250 Rapto - V3 ATV-PARTS.HU<\/title>\n<meta name=\"robots\" content=\"index, follow, max-snippet:-1, max-image-preview:large, max-video-preview:-1\" \/>\n<link rel=\"canonical\" href=\"https:\/\/v3.atv-parts.hu\/index.php\/termek\/all-balls-elso-feknyerg-dugattyu-keszlet-honda-trx-250x-88-92-01-21-trx-300-93-09-trx-400-99-14-suzuki-dr-125-86-96-dr-96-90-20-lt-a-400-500-08-21-lta-750-08-21-yama\/\" \/>\n<meta property=\"og:locale\" content=\"hu_HU\" \/>\n<meta property=\"og:type\" content=\"article\" \/>\n<meta property=\"og:title\" content=\"ALL BALLS ELS\u0150 F\u00c9KNYERG DUGATTY\u00da K\u00c9SZLET HONDA TRX 250X &#039;88 -&#039;92 \/ &#039;01 -&#039;21, TRX 300 &#039;93 -&#039;09, TRX 400 &#039;99 -&#039;14, SUZUKI DR 125 &#039;86 -&#039;96, &#039;DR &#039;96 -&#039;90 &#039;20, LT-A 400\/500 &#039;08 -&#039;21, LTA-750 &#039;08 -&#039;21, YAMAHA Kodiak 700 &#039;16 -&#039;21, YFM 250 Rapto\" \/>\n<meta property=\"og:description\" content=\"ALL BALLS ELS\u0150 F\u00c9KNYERG DUGATTY\u00da K\u00c9SZLET HONDA TRX 250X &#039;88 -&#039;92 \/ &#039;01 -&#039;21, TRX 300 &#039;93 -&#039;09, TRX 400 &#039;99 -&#039;14, SUZUKI DR 125 &#039;86 -&#039;96, &#039;DR &#039;96 -&#039;90 &#039;20, LT-A 400\/500 &#039;08 -&#039;21, LTA-750 &#039;08 -&#039;21, YAMAHA Kodiak 700 &#039;16 -&#039;21, YFM 250 Rapto\" \/>\n<meta property=\"og:url\" content=\"https:\/\/v3.atv-parts.hu\/index.php\/termek\/all-balls-elso-feknyerg-dugattyu-keszlet-honda-trx-250x-88-92-01-21-trx-300-93-09-trx-400-99-14-suzuki-dr-125-86-96-dr-96-90-20-lt-a-400-500-08-21-lta-750-08-21-yama\/\" \/>\n<meta property=\"og:site_name\" content=\"V3 ATV-PARTS.HU\" \/>\n<meta property=\"article:publisher\" content=\"https:\/\/www.facebook.com\/atvpartsHU\" \/>\n<meta property=\"article:modified_time\" content=\"2024-12-07T07:02:26+00:00\" \/>\n<meta property=\"og:image\" content=\"https:\/\/v3.atv-parts.hu\/wp-content\/uploads\/2024\/03\/all-balls-2021-12-komplet-tloczkow-tloczki-przod.jpg\" \/>\n\t<meta property=\"og:image:width\" content=\"1162\" \/>\n\t<meta property=\"og:image:height\" content=\"800\" \/>\n\t<meta property=\"og:image:type\" content=\"image\/jpeg\" \/>\n<meta name=\"twitter:card\" content=\"summary_large_image\" \/>\n<meta name=\"twitter:label1\" content=\"\u00c1r\" \/>\n\t<meta name=\"twitter:data1\" content=\"13646,15&nbsp;&#70;&#116; \u00c1F\u00c1-val\" \/>\n\t<meta name=\"twitter:label2\" content=\"El\u00e9rhet\u0151s\u00e9g\" \/>\n\t<meta name=\"twitter:data2\" content=\"K\u00e9szleten\" \/>\n<script type=\"application\/ld+json\" class=\"yoast-schema-graph\">{\"@context\":\"https:\/\/schema.org\",\"@graph\":[{\"@type\":\"WebPage\",\"@id\":\"https:\/\/v3.atv-parts.hu\/index.php\/termek\/all-balls-elso-feknyerg-dugattyu-keszlet-honda-trx-250x-88-92-01-21-trx-300-93-09-trx-400-99-14-suzuki-dr-125-86-96-dr-96-90-20-lt-a-400-500-08-21-lta-750-08-21-yama\/\",\"url\":\"https:\/\/v3.atv-parts.hu\/index.php\/termek\/all-balls-elso-feknyerg-dugattyu-keszlet-honda-trx-250x-88-92-01-21-trx-300-93-09-trx-400-99-14-suzuki-dr-125-86-96-dr-96-90-20-lt-a-400-500-08-21-lta-750-08-21-yama\/\",\"name\":\"ALL BALLS ELS\u0150 F\u00c9KNYERG DUGATTY\u00da K\u00c9SZLET HONDA TRX 250X '88 -'92 \/ '01 -'21, TRX 300 '93 -'09, TRX 400 '99 -'14, SUZUKI DR 125 '86 -'96, 'DR '96 -'90 '20, LT-A 400\/500 '08 -'21, LTA-750 '08 -'21, YAMAHA Kodiak 700 '16 -'21, YFM 250 Rapto - V3 ATV-PARTS.HU\",\"isPartOf\":{\"@id\":\"https:\/\/v3.atv-parts.hu\/#website\"},\"primaryImageOfPage\":{\"@id\":\"https:\/\/v3.atv-parts.hu\/index.php\/termek\/all-balls-elso-feknyerg-dugattyu-keszlet-honda-trx-250x-88-92-01-21-trx-300-93-09-trx-400-99-14-suzuki-dr-125-86-96-dr-96-90-20-lt-a-400-500-08-21-lta-750-08-21-yama\/#primaryimage\"},\"image\":{\"@id\":\"https:\/\/v3.atv-parts.hu\/index.php\/termek\/all-balls-elso-feknyerg-dugattyu-keszlet-honda-trx-250x-88-92-01-21-trx-300-93-09-trx-400-99-14-suzuki-dr-125-86-96-dr-96-90-20-lt-a-400-500-08-21-lta-750-08-21-yama\/#primaryimage\"},\"thumbnailUrl\":\"https:\/\/v3.atv-parts.hu\/wp-content\/uploads\/2024\/03\/all-balls-2021-12-komplet-tloczkow-tloczki-przod.jpg\",\"datePublished\":\"2024-03-27T13:56:04+00:00\",\"dateModified\":\"2024-12-07T07:02:26+00:00\",\"breadcrumb\":{\"@id\":\"https:\/\/v3.atv-parts.hu\/index.php\/termek\/all-balls-elso-feknyerg-dugattyu-keszlet-honda-trx-250x-88-92-01-21-trx-300-93-09-trx-400-99-14-suzuki-dr-125-86-96-dr-96-90-20-lt-a-400-500-08-21-lta-750-08-21-yama\/#breadcrumb\"},\"inLanguage\":\"hu\",\"potentialAction\":[{\"@type\":\"ReadAction\",\"target\":[\"https:\/\/v3.atv-parts.hu\/index.php\/termek\/all-balls-elso-feknyerg-dugattyu-keszlet-honda-trx-250x-88-92-01-21-trx-300-93-09-trx-400-99-14-suzuki-dr-125-86-96-dr-96-90-20-lt-a-400-500-08-21-lta-750-08-21-yama\/\"]}]},{\"@type\":\"ImageObject\",\"inLanguage\":\"hu\",\"@id\":\"https:\/\/v3.atv-parts.hu\/index.php\/termek\/all-balls-elso-feknyerg-dugattyu-keszlet-honda-trx-250x-88-92-01-21-trx-300-93-09-trx-400-99-14-suzuki-dr-125-86-96-dr-96-90-20-lt-a-400-500-08-21-lta-750-08-21-yama\/#primaryimage\",\"url\":\"https:\/\/v3.atv-parts.hu\/wp-content\/uploads\/2024\/03\/all-balls-2021-12-komplet-tloczkow-tloczki-przod.jpg\",\"contentUrl\":\"https:\/\/v3.atv-parts.hu\/wp-content\/uploads\/2024\/03\/all-balls-2021-12-komplet-tloczkow-tloczki-przod.jpg\",\"width\":1162,\"height\":800},{\"@type\":\"BreadcrumbList\",\"@id\":\"https:\/\/v3.atv-parts.hu\/index.php\/termek\/all-balls-elso-feknyerg-dugattyu-keszlet-honda-trx-250x-88-92-01-21-trx-300-93-09-trx-400-99-14-suzuki-dr-125-86-96-dr-96-90-20-lt-a-400-500-08-21-lta-750-08-21-yama\/#breadcrumb\",\"itemListElement\":[{\"@type\":\"ListItem\",\"position\":1,\"name\":\"Kezd\u0151lap\",\"item\":\"https:\/\/v3.atv-parts.hu\/\"},{\"@type\":\"ListItem\",\"position\":2,\"name\":\"Bolt\",\"item\":\"https:\/\/v3.atv-parts.hu\/index.php\/bolt\/\"},{\"@type\":\"ListItem\",\"position\":3,\"name\":\"ALL BALLS ELS\u0150 F\u00c9KNYERG DUGATTY\u00da K\u00c9SZLET HONDA TRX 250X &#8217;88 -&#8217;92 \/ &#8217;01 -&#8217;21, TRX 300 &#8217;93 -&#8217;09, TRX 400 &#8217;99 -&#8217;14, SUZUKI DR 125 &#8217;86 -&#8217;96, &#8216;DR &#8217;96 -&#8217;90 &#8217;20, LT-A 400\/500 &#8217;08 -&#8217;21, LTA-750 &#8217;08 -&#8217;21, YAMAHA Kodiak 700 &#8217;16 -&#8217;21, YFM 250 Rapto\"}]},{\"@type\":\"WebSite\",\"@id\":\"https:\/\/v3.atv-parts.hu\/#website\",\"url\":\"https:\/\/v3.atv-parts.hu\/\",\"name\":\"V3 ATV-PARTS.HU\",\"description\":\"\",\"publisher\":{\"@id\":\"https:\/\/v3.atv-parts.hu\/#organization\"},\"potentialAction\":[{\"@type\":\"SearchAction\",\"target\":{\"@type\":\"EntryPoint\",\"urlTemplate\":\"https:\/\/v3.atv-parts.hu\/?s={search_term_string}\"},\"query-input\":\"required name=search_term_string\"}],\"inLanguage\":\"hu\"},{\"@type\":\"Organization\",\"@id\":\"https:\/\/v3.atv-parts.hu\/#organization\",\"name\":\"V3 ATV-PARTS.HU\",\"url\":\"https:\/\/v3.atv-parts.hu\/\",\"logo\":{\"@type\":\"ImageObject\",\"inLanguage\":\"hu\",\"@id\":\"https:\/\/v3.atv-parts.hu\/#\/schema\/logo\/image\/\",\"url\":\"https:\/\/v3.atv-parts.hu\/wp-content\/uploads\/2021\/02\/cropped-cropped-atvlogo-1-1-1.png\",\"contentUrl\":\"https:\/\/v3.atv-parts.hu\/wp-content\/uploads\/2021\/02\/cropped-cropped-atvlogo-1-1-1.png\",\"width\":267,\"height\":160,\"caption\":\"V3 ATV-PARTS.HU\"},\"image\":{\"@id\":\"https:\/\/v3.atv-parts.hu\/#\/schema\/logo\/image\/\"},\"sameAs\":[\"https:\/\/www.facebook.com\/atvpartsHU\"]}]}<\/script>\n<meta property=\"product:price:amount\" content=\"13646.15\" \/>\n<meta property=\"product:price:currency\" content=\"HUF\" \/>\n<meta property=\"og:availability\" content=\"instock\" \/>\n<meta property=\"product:availability\" content=\"instock\" \/>\n<meta property=\"product:retailer_item_id\" content=\"18-9021\" \/>\n<meta property=\"product:condition\" content=\"new\" \/>\n<!-- \/ Yoast SEO Premium plugin. -->","yoast_head_json":{"title":"ALL BALLS ELS\u0150 F\u00c9KNYERG DUGATTY\u00da K\u00c9SZLET HONDA TRX 250X '88 -'92 \/ '01 -'21, TRX 300 '93 -'09, TRX 400 '99 -'14, SUZUKI DR 125 '86 -'96, 'DR '96 -'90 '20, LT-A 400\/500 '08 -'21, LTA-750 '08 -'21, YAMAHA Kodiak 700 '16 -'21, YFM 250 Rapto - V3 ATV-PARTS.HU","robots":{"index":"index","follow":"follow","max-snippet":"max-snippet:-1","max-image-preview":"max-image-preview:large","max-video-preview":"max-video-preview:-1"},"canonical":"https:\/\/v3.atv-parts.hu\/index.php\/termek\/all-balls-elso-feknyerg-dugattyu-keszlet-honda-trx-250x-88-92-01-21-trx-300-93-09-trx-400-99-14-suzuki-dr-125-86-96-dr-96-90-20-lt-a-400-500-08-21-lta-750-08-21-yama\/","og_locale":"hu_HU","og_type":"article","og_title":"ALL BALLS ELS\u0150 F\u00c9KNYERG DUGATTY\u00da K\u00c9SZLET HONDA TRX 250X '88 -'92 \/ '01 -'21, TRX 300 '93 -'09, TRX 400 '99 -'14, SUZUKI DR 125 '86 -'96, 'DR '96 -'90 '20, LT-A 400\/500 '08 -'21, LTA-750 '08 -'21, YAMAHA Kodiak 700 '16 -'21, YFM 250 Rapto","og_description":"ALL BALLS ELS\u0150 F\u00c9KNYERG DUGATTY\u00da K\u00c9SZLET HONDA TRX 250X '88 -'92 \/ '01 -'21, TRX 300 '93 -'09, TRX 400 '99 -'14, SUZUKI DR 125 '86 -'96, 'DR '96 -'90 '20, LT-A 400\/500 '08 -'21, LTA-750 '08 -'21, YAMAHA Kodiak 700 '16 -'21, YFM 250 Rapto","og_url":"https:\/\/v3.atv-parts.hu\/index.php\/termek\/all-balls-elso-feknyerg-dugattyu-keszlet-honda-trx-250x-88-92-01-21-trx-300-93-09-trx-400-99-14-suzuki-dr-125-86-96-dr-96-90-20-lt-a-400-500-08-21-lta-750-08-21-yama\/","og_site_name":"V3 ATV-PARTS.HU","article_publisher":"https:\/\/www.facebook.com\/atvpartsHU","article_modified_time":"2024-12-07T07:02:26+00:00","og_image":[{"width":1162,"height":800,"url":"https:\/\/v3.atv-parts.hu\/wp-content\/uploads\/2024\/03\/all-balls-2021-12-komplet-tloczkow-tloczki-przod.jpg","type":"image\/jpeg"}],"twitter_card":"summary_large_image","twitter_misc":{"\u00c1r":"13646,15&nbsp;&#70;&#116; \u00c1F\u00c1-val","El\u00e9rhet\u0151s\u00e9g":"K\u00e9szleten"},"schema":{"@context":"https:\/\/schema.org","@graph":[{"@type":"WebPage","@id":"https:\/\/v3.atv-parts.hu\/index.php\/termek\/all-balls-elso-feknyerg-dugattyu-keszlet-honda-trx-250x-88-92-01-21-trx-300-93-09-trx-400-99-14-suzuki-dr-125-86-96-dr-96-90-20-lt-a-400-500-08-21-lta-750-08-21-yama\/","url":"https:\/\/v3.atv-parts.hu\/index.php\/termek\/all-balls-elso-feknyerg-dugattyu-keszlet-honda-trx-250x-88-92-01-21-trx-300-93-09-trx-400-99-14-suzuki-dr-125-86-96-dr-96-90-20-lt-a-400-500-08-21-lta-750-08-21-yama\/","name":"ALL BALLS ELS\u0150 F\u00c9KNYERG DUGATTY\u00da K\u00c9SZLET HONDA TRX 250X '88 -'92 \/ '01 -'21, TRX 300 '93 -'09, TRX 400 '99 -'14, SUZUKI DR 125 '86 -'96, 'DR '96 -'90 '20, LT-A 400\/500 '08 -'21, LTA-750 '08 -'21, YAMAHA Kodiak 700 '16 -'21, YFM 250 Rapto - V3 ATV-PARTS.HU","isPartOf":{"@id":"https:\/\/v3.atv-parts.hu\/#website"},"primaryImageOfPage":{"@id":"https:\/\/v3.atv-parts.hu\/index.php\/termek\/all-balls-elso-feknyerg-dugattyu-keszlet-honda-trx-250x-88-92-01-21-trx-300-93-09-trx-400-99-14-suzuki-dr-125-86-96-dr-96-90-20-lt-a-400-500-08-21-lta-750-08-21-yama\/#primaryimage"},"image":{"@id":"https:\/\/v3.atv-parts.hu\/index.php\/termek\/all-balls-elso-feknyerg-dugattyu-keszlet-honda-trx-250x-88-92-01-21-trx-300-93-09-trx-400-99-14-suzuki-dr-125-86-96-dr-96-90-20-lt-a-400-500-08-21-lta-750-08-21-yama\/#primaryimage"},"thumbnailUrl":"https:\/\/v3.atv-parts.hu\/wp-content\/uploads\/2024\/03\/all-balls-2021-12-komplet-tloczkow-tloczki-przod.jpg","datePublished":"2024-03-27T13:56:04+00:00","dateModified":"2024-12-07T07:02:26+00:00","breadcrumb":{"@id":"https:\/\/v3.atv-parts.hu\/index.php\/termek\/all-balls-elso-feknyerg-dugattyu-keszlet-honda-trx-250x-88-92-01-21-trx-300-93-09-trx-400-99-14-suzuki-dr-125-86-96-dr-96-90-20-lt-a-400-500-08-21-lta-750-08-21-yama\/#breadcrumb"},"inLanguage":"hu","potentialAction":[{"@type":"ReadAction","target":["https:\/\/v3.atv-parts.hu\/index.php\/termek\/all-balls-elso-feknyerg-dugattyu-keszlet-honda-trx-250x-88-92-01-21-trx-300-93-09-trx-400-99-14-suzuki-dr-125-86-96-dr-96-90-20-lt-a-400-500-08-21-lta-750-08-21-yama\/"]}]},{"@type":"ImageObject","inLanguage":"hu","@id":"https:\/\/v3.atv-parts.hu\/index.php\/termek\/all-balls-elso-feknyerg-dugattyu-keszlet-honda-trx-250x-88-92-01-21-trx-300-93-09-trx-400-99-14-suzuki-dr-125-86-96-dr-96-90-20-lt-a-400-500-08-21-lta-750-08-21-yama\/#primaryimage","url":"https:\/\/v3.atv-parts.hu\/wp-content\/uploads\/2024\/03\/all-balls-2021-12-komplet-tloczkow-tloczki-przod.jpg","contentUrl":"https:\/\/v3.atv-parts.hu\/wp-content\/uploads\/2024\/03\/all-balls-2021-12-komplet-tloczkow-tloczki-przod.jpg","width":1162,"height":800},{"@type":"BreadcrumbList","@id":"https:\/\/v3.atv-parts.hu\/index.php\/termek\/all-balls-elso-feknyerg-dugattyu-keszlet-honda-trx-250x-88-92-01-21-trx-300-93-09-trx-400-99-14-suzuki-dr-125-86-96-dr-96-90-20-lt-a-400-500-08-21-lta-750-08-21-yama\/#breadcrumb","itemListElement":[{"@type":"ListItem","position":1,"name":"Kezd\u0151lap","item":"https:\/\/v3.atv-parts.hu\/"},{"@type":"ListItem","position":2,"name":"Bolt","item":"https:\/\/v3.atv-parts.hu\/index.php\/bolt\/"},{"@type":"ListItem","position":3,"name":"ALL BALLS ELS\u0150 F\u00c9KNYERG DUGATTY\u00da K\u00c9SZLET HONDA TRX 250X &#8217;88 -&#8217;92 \/ &#8217;01 -&#8217;21, TRX 300 &#8217;93 -&#8217;09, TRX 400 &#8217;99 -&#8217;14, SUZUKI DR 125 &#8217;86 -&#8217;96, &#8216;DR &#8217;96 -&#8217;90 &#8217;20, LT-A 400\/500 &#8217;08 -&#8217;21, LTA-750 &#8217;08 -&#8217;21, YAMAHA Kodiak 700 &#8217;16 -&#8217;21, YFM 250 Rapto"}]},{"@type":"WebSite","@id":"https:\/\/v3.atv-parts.hu\/#website","url":"https:\/\/v3.atv-parts.hu\/","name":"V3 ATV-PARTS.HU","description":"","publisher":{"@id":"https:\/\/v3.atv-parts.hu\/#organization"},"potentialAction":[{"@type":"SearchAction","target":{"@type":"EntryPoint","urlTemplate":"https:\/\/v3.atv-parts.hu\/?s={search_term_string}"},"query-input":"required name=search_term_string"}],"inLanguage":"hu"},{"@type":"Organization","@id":"https:\/\/v3.atv-parts.hu\/#organization","name":"V3 ATV-PARTS.HU","url":"https:\/\/v3.atv-parts.hu\/","logo":{"@type":"ImageObject","inLanguage":"hu","@id":"https:\/\/v3.atv-parts.hu\/#\/schema\/logo\/image\/","url":"https:\/\/v3.atv-parts.hu\/wp-content\/uploads\/2021\/02\/cropped-cropped-atvlogo-1-1-1.png","contentUrl":"https:\/\/v3.atv-parts.hu\/wp-content\/uploads\/2021\/02\/cropped-cropped-atvlogo-1-1-1.png","width":267,"height":160,"caption":"V3 ATV-PARTS.HU"},"image":{"@id":"https:\/\/v3.atv-parts.hu\/#\/schema\/logo\/image\/"},"sameAs":["https:\/\/www.facebook.com\/atvpartsHU"]}]},"product_price_amount":"13646.15","product_price_currency":"HUF","og_availability":"instock","product_availability":"instock","product_retailer_item_id":"18-9021","product_condition":"new"},"_links":{"self":[{"href":"https:\/\/v3.atv-parts.hu\/index.php\/wp-json\/wp\/v2\/product\/54495","targetHints":{"allow":["GET"]}}],"collection":[{"href":"https:\/\/v3.atv-parts.hu\/index.php\/wp-json\/wp\/v2\/product"}],"about":[{"href":"https:\/\/v3.atv-parts.hu\/index.php\/wp-json\/wp\/v2\/types\/product"}],"replies":[{"embeddable":true,"href":"https:\/\/v3.atv-parts.hu\/index.php\/wp-json\/wp\/v2\/comments?post=54495"}],"wp:featuredmedia":[{"embeddable":true,"href":"https:\/\/v3.atv-parts.hu\/index.php\/wp-json\/wp\/v2\/media\/54478"}],"wp:attachment":[{"href":"https:\/\/v3.atv-parts.hu\/index.php\/wp-json\/wp\/v2\/media?parent=54495"}],"wp:term":[{"taxonomy":"product_cat","embeddable":true,"href":"https:\/\/v3.atv-parts.hu\/index.php\/wp-json\/wp\/v2\/product_cat?post=54495"},{"taxonomy":"product_tag","embeddable":true,"href":"https:\/\/v3.atv-parts.hu\/index.php\/wp-json\/wp\/v2\/product_tag?post=54495"}],"curies":[{"name":"wp","href":"https:\/\/api.w.org\/{rel}","templated":true}]}}