{"id":55750,"date":"2024-03-27T15:38:46","date_gmt":"2024-03-27T14:38:46","guid":{"rendered":"https:\/\/v3.atv-parts.hu\/index.php\/termek\/dunlop-gumi-140-70-12-scootsmart-65p-tl-rear-dot-2022-07\/"},"modified":"2024-05-03T16:29:06","modified_gmt":"2024-05-03T14:29:06","slug":"dunlop-gumi-140-70-12-scootsmart-65p-tl-rear-dot-2022-07","status":"publish","type":"product","link":"https:\/\/v3.atv-parts.hu\/index.php\/termek\/dunlop-gumi-140-70-12-scootsmart-65p-tl-rear-dot-2022-07\/","title":{"rendered":"DUNLOP GUMI 140 \/ 70-12 SCOOTSMART 65P TL REAR DOT 2022.07."},"content":{"rendered":"<p>DUNLOP GUMI 140 \/ 70-12 SCOOTSMART 65P TL REAR DOT 2022.07.<\/p>\n<p>EAN: 630971\/22<\/p>\n<p>SKU: 630971\/22<\/p>\n","protected":false},"excerpt":{"rendered":"<p>DUNLOP GUMI 140 \/ 70-12 SCOOTSMART 65P TL REAR DOT 2022.07.<\/p>\n","protected":false},"featured_media":55751,"comment_status":"closed","ping_status":"open","template":"","meta":{"_monsterinsights_skip_tracking":false,"_monsterinsights_sitenote_active":false,"_monsterinsights_sitenote_note":"","_monsterinsights_sitenote_category":0},"product_cat":[314,417],"product_tag":[],"class_list":{"0":"post-55750","1":"product","2":"type-product","3":"status-publish","4":"has-post-thumbnail","6":"product_cat-gumiabroncsok","7":"product_cat-robogo-gumiabroncsok","8":"pa_marka-dunlop","10":"first","11":"instock","12":"taxable","13":"shipping-taxable","14":"purchasable","15":"product-type-simple"},"yoast_head":"<!-- This site is optimized with the Yoast SEO Premium plugin v22.6 (Yoast SEO v22.6) - https:\/\/yoast.com\/wordpress\/plugins\/seo\/ -->\n<title>DUNLOP GUMI 140 \/ 70-12 SCOOTSMART 65P TL REAR DOT 2022.07. - V3 ATV-PARTS.HU<\/title>\n<meta name=\"robots\" content=\"index, follow, max-snippet:-1, max-image-preview:large, max-video-preview:-1\" \/>\n<link rel=\"canonical\" href=\"https:\/\/v3.atv-parts.hu\/index.php\/termek\/dunlop-gumi-140-70-12-scootsmart-65p-tl-rear-dot-2022-07\/\" \/>\n<meta property=\"og:locale\" content=\"hu_HU\" \/>\n<meta property=\"og:type\" content=\"article\" \/>\n<meta property=\"og:title\" content=\"DUNLOP GUMI 140 \/ 70-12 SCOOTSMART 65P TL REAR DOT 2022.07.\" \/>\n<meta property=\"og:description\" content=\"DUNLOP GUMI 140 \/ 70-12 SCOOTSMART 65P TL REAR DOT 2022.07.\" \/>\n<meta property=\"og:url\" content=\"https:\/\/v3.atv-parts.hu\/index.php\/termek\/dunlop-gumi-140-70-12-scootsmart-65p-tl-rear-dot-2022-07\/\" \/>\n<meta property=\"og:site_name\" content=\"V3 ATV-PARTS.HU\" \/>\n<meta property=\"article:publisher\" content=\"https:\/\/www.facebook.com\/atvpartsHU\" \/>\n<meta property=\"article:modified_time\" content=\"2024-05-03T14:29:06+00:00\" \/>\n<meta property=\"og:image\" content=\"https:\/\/v3.atv-parts.hu\/wp-content\/uploads\/2024\/03\/dunlop-opona-140-70-12-scootsmart-65p-tl-tyl-dot-0.jpg\" \/>\n\t<meta property=\"og:image:width\" content=\"500\" \/>\n\t<meta property=\"og:image:height\" content=\"451\" \/>\n\t<meta property=\"og:image:type\" content=\"image\/jpeg\" \/>\n<meta name=\"twitter:card\" content=\"summary_large_image\" \/>\n<meta name=\"twitter:label1\" content=\"\u00c1r\" \/>\n\t<meta name=\"twitter:data1\" content=\"25162,51&nbsp;&#70;&#116; \u00c1F\u00c1-val\" \/>\n\t<meta name=\"twitter:label2\" content=\"El\u00e9rhet\u0151s\u00e9g\" \/>\n\t<meta name=\"twitter:data2\" content=\"K\u00e9szleten\" \/>\n<script type=\"application\/ld+json\" class=\"yoast-schema-graph\">{\"@context\":\"https:\/\/schema.org\",\"@graph\":[{\"@type\":\"WebPage\",\"@id\":\"https:\/\/v3.atv-parts.hu\/index.php\/termek\/dunlop-gumi-140-70-12-scootsmart-65p-tl-rear-dot-2022-07\/\",\"url\":\"https:\/\/v3.atv-parts.hu\/index.php\/termek\/dunlop-gumi-140-70-12-scootsmart-65p-tl-rear-dot-2022-07\/\",\"name\":\"DUNLOP GUMI 140 \/ 70-12 SCOOTSMART 65P TL REAR DOT 2022.07. - V3 ATV-PARTS.HU\",\"isPartOf\":{\"@id\":\"https:\/\/v3.atv-parts.hu\/#website\"},\"primaryImageOfPage\":{\"@id\":\"https:\/\/v3.atv-parts.hu\/index.php\/termek\/dunlop-gumi-140-70-12-scootsmart-65p-tl-rear-dot-2022-07\/#primaryimage\"},\"image\":{\"@id\":\"https:\/\/v3.atv-parts.hu\/index.php\/termek\/dunlop-gumi-140-70-12-scootsmart-65p-tl-rear-dot-2022-07\/#primaryimage\"},\"thumbnailUrl\":\"https:\/\/v3.atv-parts.hu\/wp-content\/uploads\/2024\/03\/dunlop-opona-140-70-12-scootsmart-65p-tl-tyl-dot-0.jpg\",\"datePublished\":\"2024-03-27T14:38:46+00:00\",\"dateModified\":\"2024-05-03T14:29:06+00:00\",\"breadcrumb\":{\"@id\":\"https:\/\/v3.atv-parts.hu\/index.php\/termek\/dunlop-gumi-140-70-12-scootsmart-65p-tl-rear-dot-2022-07\/#breadcrumb\"},\"inLanguage\":\"hu\",\"potentialAction\":[{\"@type\":\"ReadAction\",\"target\":[\"https:\/\/v3.atv-parts.hu\/index.php\/termek\/dunlop-gumi-140-70-12-scootsmart-65p-tl-rear-dot-2022-07\/\"]}]},{\"@type\":\"ImageObject\",\"inLanguage\":\"hu\",\"@id\":\"https:\/\/v3.atv-parts.hu\/index.php\/termek\/dunlop-gumi-140-70-12-scootsmart-65p-tl-rear-dot-2022-07\/#primaryimage\",\"url\":\"https:\/\/v3.atv-parts.hu\/wp-content\/uploads\/2024\/03\/dunlop-opona-140-70-12-scootsmart-65p-tl-tyl-dot-0.jpg\",\"contentUrl\":\"https:\/\/v3.atv-parts.hu\/wp-content\/uploads\/2024\/03\/dunlop-opona-140-70-12-scootsmart-65p-tl-tyl-dot-0.jpg\",\"width\":500,\"height\":451},{\"@type\":\"BreadcrumbList\",\"@id\":\"https:\/\/v3.atv-parts.hu\/index.php\/termek\/dunlop-gumi-140-70-12-scootsmart-65p-tl-rear-dot-2022-07\/#breadcrumb\",\"itemListElement\":[{\"@type\":\"ListItem\",\"position\":1,\"name\":\"Kezd\u0151lap\",\"item\":\"https:\/\/v3.atv-parts.hu\/\"},{\"@type\":\"ListItem\",\"position\":2,\"name\":\"Bolt\",\"item\":\"https:\/\/v3.atv-parts.hu\/index.php\/bolt\/\"},{\"@type\":\"ListItem\",\"position\":3,\"name\":\"DUNLOP GUMI 140 \/ 70-12 SCOOTSMART 65P TL REAR DOT 2022.07.\"}]},{\"@type\":\"WebSite\",\"@id\":\"https:\/\/v3.atv-parts.hu\/#website\",\"url\":\"https:\/\/v3.atv-parts.hu\/\",\"name\":\"V3 ATV-PARTS.HU\",\"description\":\"\",\"publisher\":{\"@id\":\"https:\/\/v3.atv-parts.hu\/#organization\"},\"potentialAction\":[{\"@type\":\"SearchAction\",\"target\":{\"@type\":\"EntryPoint\",\"urlTemplate\":\"https:\/\/v3.atv-parts.hu\/?s={search_term_string}\"},\"query-input\":\"required name=search_term_string\"}],\"inLanguage\":\"hu\"},{\"@type\":\"Organization\",\"@id\":\"https:\/\/v3.atv-parts.hu\/#organization\",\"name\":\"V3 ATV-PARTS.HU\",\"url\":\"https:\/\/v3.atv-parts.hu\/\",\"logo\":{\"@type\":\"ImageObject\",\"inLanguage\":\"hu\",\"@id\":\"https:\/\/v3.atv-parts.hu\/#\/schema\/logo\/image\/\",\"url\":\"https:\/\/v3.atv-parts.hu\/wp-content\/uploads\/2021\/02\/cropped-cropped-atvlogo-1-1-1.png\",\"contentUrl\":\"https:\/\/v3.atv-parts.hu\/wp-content\/uploads\/2021\/02\/cropped-cropped-atvlogo-1-1-1.png\",\"width\":267,\"height\":160,\"caption\":\"V3 ATV-PARTS.HU\"},\"image\":{\"@id\":\"https:\/\/v3.atv-parts.hu\/#\/schema\/logo\/image\/\"},\"sameAs\":[\"https:\/\/www.facebook.com\/atvpartsHU\"]}]}<\/script>\n<meta property=\"product:price:amount\" content=\"25162.51\" \/>\n<meta property=\"product:price:currency\" content=\"HUF\" \/>\n<meta property=\"og:availability\" content=\"instock\" \/>\n<meta property=\"product:availability\" content=\"instock\" \/>\n<meta property=\"product:retailer_item_id\" content=\"630971\/22\" \/>\n<meta property=\"product:condition\" content=\"new\" \/>\n<!-- \/ Yoast SEO Premium plugin. -->","yoast_head_json":{"title":"DUNLOP GUMI 140 \/ 70-12 SCOOTSMART 65P TL REAR DOT 2022.07. - V3 ATV-PARTS.HU","robots":{"index":"index","follow":"follow","max-snippet":"max-snippet:-1","max-image-preview":"max-image-preview:large","max-video-preview":"max-video-preview:-1"},"canonical":"https:\/\/v3.atv-parts.hu\/index.php\/termek\/dunlop-gumi-140-70-12-scootsmart-65p-tl-rear-dot-2022-07\/","og_locale":"hu_HU","og_type":"article","og_title":"DUNLOP GUMI 140 \/ 70-12 SCOOTSMART 65P TL REAR DOT 2022.07.","og_description":"DUNLOP GUMI 140 \/ 70-12 SCOOTSMART 65P TL REAR DOT 2022.07.","og_url":"https:\/\/v3.atv-parts.hu\/index.php\/termek\/dunlop-gumi-140-70-12-scootsmart-65p-tl-rear-dot-2022-07\/","og_site_name":"V3 ATV-PARTS.HU","article_publisher":"https:\/\/www.facebook.com\/atvpartsHU","article_modified_time":"2024-05-03T14:29:06+00:00","og_image":[{"width":500,"height":451,"url":"https:\/\/v3.atv-parts.hu\/wp-content\/uploads\/2024\/03\/dunlop-opona-140-70-12-scootsmart-65p-tl-tyl-dot-0.jpg","type":"image\/jpeg"}],"twitter_card":"summary_large_image","twitter_misc":{"\u00c1r":"25162,51&nbsp;&#70;&#116; \u00c1F\u00c1-val","El\u00e9rhet\u0151s\u00e9g":"K\u00e9szleten"},"schema":{"@context":"https:\/\/schema.org","@graph":[{"@type":"WebPage","@id":"https:\/\/v3.atv-parts.hu\/index.php\/termek\/dunlop-gumi-140-70-12-scootsmart-65p-tl-rear-dot-2022-07\/","url":"https:\/\/v3.atv-parts.hu\/index.php\/termek\/dunlop-gumi-140-70-12-scootsmart-65p-tl-rear-dot-2022-07\/","name":"DUNLOP GUMI 140 \/ 70-12 SCOOTSMART 65P TL REAR DOT 2022.07. - V3 ATV-PARTS.HU","isPartOf":{"@id":"https:\/\/v3.atv-parts.hu\/#website"},"primaryImageOfPage":{"@id":"https:\/\/v3.atv-parts.hu\/index.php\/termek\/dunlop-gumi-140-70-12-scootsmart-65p-tl-rear-dot-2022-07\/#primaryimage"},"image":{"@id":"https:\/\/v3.atv-parts.hu\/index.php\/termek\/dunlop-gumi-140-70-12-scootsmart-65p-tl-rear-dot-2022-07\/#primaryimage"},"thumbnailUrl":"https:\/\/v3.atv-parts.hu\/wp-content\/uploads\/2024\/03\/dunlop-opona-140-70-12-scootsmart-65p-tl-tyl-dot-0.jpg","datePublished":"2024-03-27T14:38:46+00:00","dateModified":"2024-05-03T14:29:06+00:00","breadcrumb":{"@id":"https:\/\/v3.atv-parts.hu\/index.php\/termek\/dunlop-gumi-140-70-12-scootsmart-65p-tl-rear-dot-2022-07\/#breadcrumb"},"inLanguage":"hu","potentialAction":[{"@type":"ReadAction","target":["https:\/\/v3.atv-parts.hu\/index.php\/termek\/dunlop-gumi-140-70-12-scootsmart-65p-tl-rear-dot-2022-07\/"]}]},{"@type":"ImageObject","inLanguage":"hu","@id":"https:\/\/v3.atv-parts.hu\/index.php\/termek\/dunlop-gumi-140-70-12-scootsmart-65p-tl-rear-dot-2022-07\/#primaryimage","url":"https:\/\/v3.atv-parts.hu\/wp-content\/uploads\/2024\/03\/dunlop-opona-140-70-12-scootsmart-65p-tl-tyl-dot-0.jpg","contentUrl":"https:\/\/v3.atv-parts.hu\/wp-content\/uploads\/2024\/03\/dunlop-opona-140-70-12-scootsmart-65p-tl-tyl-dot-0.jpg","width":500,"height":451},{"@type":"BreadcrumbList","@id":"https:\/\/v3.atv-parts.hu\/index.php\/termek\/dunlop-gumi-140-70-12-scootsmart-65p-tl-rear-dot-2022-07\/#breadcrumb","itemListElement":[{"@type":"ListItem","position":1,"name":"Kezd\u0151lap","item":"https:\/\/v3.atv-parts.hu\/"},{"@type":"ListItem","position":2,"name":"Bolt","item":"https:\/\/v3.atv-parts.hu\/index.php\/bolt\/"},{"@type":"ListItem","position":3,"name":"DUNLOP GUMI 140 \/ 70-12 SCOOTSMART 65P TL REAR DOT 2022.07."}]},{"@type":"WebSite","@id":"https:\/\/v3.atv-parts.hu\/#website","url":"https:\/\/v3.atv-parts.hu\/","name":"V3 ATV-PARTS.HU","description":"","publisher":{"@id":"https:\/\/v3.atv-parts.hu\/#organization"},"potentialAction":[{"@type":"SearchAction","target":{"@type":"EntryPoint","urlTemplate":"https:\/\/v3.atv-parts.hu\/?s={search_term_string}"},"query-input":"required name=search_term_string"}],"inLanguage":"hu"},{"@type":"Organization","@id":"https:\/\/v3.atv-parts.hu\/#organization","name":"V3 ATV-PARTS.HU","url":"https:\/\/v3.atv-parts.hu\/","logo":{"@type":"ImageObject","inLanguage":"hu","@id":"https:\/\/v3.atv-parts.hu\/#\/schema\/logo\/image\/","url":"https:\/\/v3.atv-parts.hu\/wp-content\/uploads\/2021\/02\/cropped-cropped-atvlogo-1-1-1.png","contentUrl":"https:\/\/v3.atv-parts.hu\/wp-content\/uploads\/2021\/02\/cropped-cropped-atvlogo-1-1-1.png","width":267,"height":160,"caption":"V3 ATV-PARTS.HU"},"image":{"@id":"https:\/\/v3.atv-parts.hu\/#\/schema\/logo\/image\/"},"sameAs":["https:\/\/www.facebook.com\/atvpartsHU"]}]},"product_price_amount":"25162.51","product_price_currency":"HUF","og_availability":"instock","product_availability":"instock","product_retailer_item_id":"630971\/22","product_condition":"new"},"_links":{"self":[{"href":"https:\/\/v3.atv-parts.hu\/index.php\/wp-json\/wp\/v2\/product\/55750","targetHints":{"allow":["GET"]}}],"collection":[{"href":"https:\/\/v3.atv-parts.hu\/index.php\/wp-json\/wp\/v2\/product"}],"about":[{"href":"https:\/\/v3.atv-parts.hu\/index.php\/wp-json\/wp\/v2\/types\/product"}],"replies":[{"embeddable":true,"href":"https:\/\/v3.atv-parts.hu\/index.php\/wp-json\/wp\/v2\/comments?post=55750"}],"wp:featuredmedia":[{"embeddable":true,"href":"https:\/\/v3.atv-parts.hu\/index.php\/wp-json\/wp\/v2\/media\/55751"}],"wp:attachment":[{"href":"https:\/\/v3.atv-parts.hu\/index.php\/wp-json\/wp\/v2\/media?parent=55750"}],"wp:term":[{"taxonomy":"product_cat","embeddable":true,"href":"https:\/\/v3.atv-parts.hu\/index.php\/wp-json\/wp\/v2\/product_cat?post=55750"},{"taxonomy":"product_tag","embeddable":true,"href":"https:\/\/v3.atv-parts.hu\/index.php\/wp-json\/wp\/v2\/product_tag?post=55750"}],"curies":[{"name":"wp","href":"https:\/\/api.w.org\/{rel}","templated":true}]}}