{"id":55990,"date":"2024-03-27T15:46:03","date_gmt":"2024-03-27T14:46:03","guid":{"rendered":"https:\/\/v3.atv-parts.hu\/index.php\/termek\/pbr-2022-03-hatso-sebessegvaltozat-860-46-c45-yamaha-fzs-600-fazer-yzf-thundercat-96-03-gts-1000-93-01-xjr-1200-1300-fj-1100-1300-ch400-602509\/"},"modified":"2024-05-03T16:30:31","modified_gmt":"2024-05-03T14:30:31","slug":"pbr-2022-03-hatso-sebessegvaltozat-860-46-c45-yamaha-fzs-600-fazer-yzf-thundercat-96-03-gts-1000-93-01-xjr-1200-1300-fj-1100-1300-ch400-602509","status":"publish","type":"product","link":"https:\/\/v3.atv-parts.hu\/index.php\/termek\/pbr-2022-03-hatso-sebessegvaltozat-860-46-c45-yamaha-fzs-600-fazer-yzf-thundercat-96-03-gts-1000-93-01-xjr-1200-1300-fj-1100-1300-ch400-602509\/","title":{"rendered":"PBR 2022\/03 H\u00c1TS\u00d3 SEBESS\u00c9GV\u00c1LTOZAT 860 46 C45 YAMAHA FZS 600 FAZER \/ YZF THUNDERCAT &#8217;96 -&#8217;03, GTS 1000 &#8217;93 -&#8217;01, XJR 1200\/1300, FJ 1100\/1300 (CH400\/60)2509."},"content":{"rendered":"<p>PBR 2022\/03 H\u00c1TS\u00d3 SEBESS\u00c9GV\u00c1LTOZAT 860 46 C45 YAMAHA FZS 600 FAZER \/ YZF THUNDERCAT &#8217;96 -&#8217;03, GTS 1000 &#8217;93 -&#8217;01, XJR 1200\/1300, FJ 1100\/1300 (CH400\/60)2509.<\/p>\n<p>EAN: 8055277849120<\/p>\n<p>SKU: 86046C45<\/p>\n","protected":false},"excerpt":{"rendered":"<p>PBR 2022\/03 H\u00c1TS\u00d3 SEBESS\u00c9GV\u00c1LTOZAT 860 46 C45 YAMAHA FZS 600 FAZER \/ YZF THUNDERCAT &#8217;96 -&#8217;03, GTS 1000 &#8217;93 -&#8217;01, XJR 1200\/1300, FJ 1100\/1300 (CH400\/60)2509.<\/p>\n","protected":false},"featured_media":55991,"comment_status":"closed","ping_status":"open","template":"","meta":{"_monsterinsights_skip_tracking":false,"_monsterinsights_sitenote_active":false,"_monsterinsights_sitenote_note":"","_monsterinsights_sitenote_category":0},"product_cat":[289,223,232],"product_tag":[156,164],"class_list":{"0":"post-55990","1":"product","2":"type-product","3":"status-publish","4":"has-post-thumbnail","6":"product_cat-acel","7":"product_cat-hajtasrendszer","8":"product_cat-hatso-lanckerekek","9":"product_tag-atv","10":"product_tag-yamaha","11":"pa_marka-pbr","13":"first","14":"instock","15":"taxable","16":"shipping-taxable","17":"purchasable","18":"product-type-simple"},"yoast_head":"<!-- This site is optimized with the Yoast SEO Premium plugin v22.6 (Yoast SEO v22.6) - https:\/\/yoast.com\/wordpress\/plugins\/seo\/ -->\n<title>PBR 2022\/03 H\u00c1TS\u00d3 SEBESS\u00c9GV\u00c1LTOZAT 860 46 C45 YAMAHA FZS 600 FAZER \/ YZF THUNDERCAT &#039;96 -&#039;03, GTS 1000 &#039;93 -&#039;01, XJR 1200\/1300, FJ 1100\/1300 (CH400\/60)2509. - V3 ATV-PARTS.HU<\/title>\n<meta name=\"robots\" content=\"index, follow, max-snippet:-1, max-image-preview:large, max-video-preview:-1\" \/>\n<link rel=\"canonical\" href=\"https:\/\/v3.atv-parts.hu\/index.php\/termek\/pbr-2022-03-hatso-sebessegvaltozat-860-46-c45-yamaha-fzs-600-fazer-yzf-thundercat-96-03-gts-1000-93-01-xjr-1200-1300-fj-1100-1300-ch400-602509\/\" \/>\n<meta property=\"og:locale\" content=\"hu_HU\" \/>\n<meta property=\"og:type\" content=\"article\" \/>\n<meta property=\"og:title\" content=\"PBR 2022\/03 H\u00c1TS\u00d3 SEBESS\u00c9GV\u00c1LTOZAT 860 46 C45 YAMAHA FZS 600 FAZER \/ YZF THUNDERCAT &#039;96 -&#039;03, GTS 1000 &#039;93 -&#039;01, XJR 1200\/1300, FJ 1100\/1300 (CH400\/60)2509.\" \/>\n<meta property=\"og:description\" content=\"PBR 2022\/03 H\u00c1TS\u00d3 SEBESS\u00c9GV\u00c1LTOZAT 860 46 C45 YAMAHA FZS 600 FAZER \/ YZF THUNDERCAT &#039;96 -&#039;03, GTS 1000 &#039;93 -&#039;01, XJR 1200\/1300, FJ 1100\/1300 (CH400\/60)2509.\" \/>\n<meta property=\"og:url\" content=\"https:\/\/v3.atv-parts.hu\/index.php\/termek\/pbr-2022-03-hatso-sebessegvaltozat-860-46-c45-yamaha-fzs-600-fazer-yzf-thundercat-96-03-gts-1000-93-01-xjr-1200-1300-fj-1100-1300-ch400-602509\/\" \/>\n<meta property=\"og:site_name\" content=\"V3 ATV-PARTS.HU\" \/>\n<meta property=\"article:publisher\" content=\"https:\/\/www.facebook.com\/atvpartsHU\" \/>\n<meta property=\"article:modified_time\" content=\"2024-05-03T14:30:31+00:00\" \/>\n<meta property=\"og:image\" content=\"https:\/\/v3.atv-parts.hu\/wp-content\/uploads\/2024\/03\/pbr-2022-03-zebatka-tylna-860-46-yamaha-fzs-600-fa.jpg\" \/>\n\t<meta property=\"og:image:width\" content=\"1076\" \/>\n\t<meta property=\"og:image:height\" content=\"800\" \/>\n\t<meta property=\"og:image:type\" content=\"image\/jpeg\" \/>\n<meta name=\"twitter:card\" content=\"summary_large_image\" \/>\n<meta name=\"twitter:label1\" content=\"\u00c1r\" \/>\n\t<meta name=\"twitter:data1\" content=\"11456,67&nbsp;&#70;&#116; \u00c1F\u00c1-val\" \/>\n\t<meta name=\"twitter:label2\" content=\"El\u00e9rhet\u0151s\u00e9g\" \/>\n\t<meta name=\"twitter:data2\" content=\"K\u00e9szleten\" \/>\n<script type=\"application\/ld+json\" class=\"yoast-schema-graph\">{\"@context\":\"https:\/\/schema.org\",\"@graph\":[{\"@type\":\"WebPage\",\"@id\":\"https:\/\/v3.atv-parts.hu\/index.php\/termek\/pbr-2022-03-hatso-sebessegvaltozat-860-46-c45-yamaha-fzs-600-fazer-yzf-thundercat-96-03-gts-1000-93-01-xjr-1200-1300-fj-1100-1300-ch400-602509\/\",\"url\":\"https:\/\/v3.atv-parts.hu\/index.php\/termek\/pbr-2022-03-hatso-sebessegvaltozat-860-46-c45-yamaha-fzs-600-fazer-yzf-thundercat-96-03-gts-1000-93-01-xjr-1200-1300-fj-1100-1300-ch400-602509\/\",\"name\":\"PBR 2022\/03 H\u00c1TS\u00d3 SEBESS\u00c9GV\u00c1LTOZAT 860 46 C45 YAMAHA FZS 600 FAZER \/ YZF THUNDERCAT '96 -'03, GTS 1000 '93 -'01, XJR 1200\/1300, FJ 1100\/1300 (CH400\/60)2509. - V3 ATV-PARTS.HU\",\"isPartOf\":{\"@id\":\"https:\/\/v3.atv-parts.hu\/#website\"},\"primaryImageOfPage\":{\"@id\":\"https:\/\/v3.atv-parts.hu\/index.php\/termek\/pbr-2022-03-hatso-sebessegvaltozat-860-46-c45-yamaha-fzs-600-fazer-yzf-thundercat-96-03-gts-1000-93-01-xjr-1200-1300-fj-1100-1300-ch400-602509\/#primaryimage\"},\"image\":{\"@id\":\"https:\/\/v3.atv-parts.hu\/index.php\/termek\/pbr-2022-03-hatso-sebessegvaltozat-860-46-c45-yamaha-fzs-600-fazer-yzf-thundercat-96-03-gts-1000-93-01-xjr-1200-1300-fj-1100-1300-ch400-602509\/#primaryimage\"},\"thumbnailUrl\":\"https:\/\/v3.atv-parts.hu\/wp-content\/uploads\/2024\/03\/pbr-2022-03-zebatka-tylna-860-46-yamaha-fzs-600-fa.jpg\",\"datePublished\":\"2024-03-27T14:46:03+00:00\",\"dateModified\":\"2024-05-03T14:30:31+00:00\",\"breadcrumb\":{\"@id\":\"https:\/\/v3.atv-parts.hu\/index.php\/termek\/pbr-2022-03-hatso-sebessegvaltozat-860-46-c45-yamaha-fzs-600-fazer-yzf-thundercat-96-03-gts-1000-93-01-xjr-1200-1300-fj-1100-1300-ch400-602509\/#breadcrumb\"},\"inLanguage\":\"hu\",\"potentialAction\":[{\"@type\":\"ReadAction\",\"target\":[\"https:\/\/v3.atv-parts.hu\/index.php\/termek\/pbr-2022-03-hatso-sebessegvaltozat-860-46-c45-yamaha-fzs-600-fazer-yzf-thundercat-96-03-gts-1000-93-01-xjr-1200-1300-fj-1100-1300-ch400-602509\/\"]}]},{\"@type\":\"ImageObject\",\"inLanguage\":\"hu\",\"@id\":\"https:\/\/v3.atv-parts.hu\/index.php\/termek\/pbr-2022-03-hatso-sebessegvaltozat-860-46-c45-yamaha-fzs-600-fazer-yzf-thundercat-96-03-gts-1000-93-01-xjr-1200-1300-fj-1100-1300-ch400-602509\/#primaryimage\",\"url\":\"https:\/\/v3.atv-parts.hu\/wp-content\/uploads\/2024\/03\/pbr-2022-03-zebatka-tylna-860-46-yamaha-fzs-600-fa.jpg\",\"contentUrl\":\"https:\/\/v3.atv-parts.hu\/wp-content\/uploads\/2024\/03\/pbr-2022-03-zebatka-tylna-860-46-yamaha-fzs-600-fa.jpg\",\"width\":1076,\"height\":800},{\"@type\":\"BreadcrumbList\",\"@id\":\"https:\/\/v3.atv-parts.hu\/index.php\/termek\/pbr-2022-03-hatso-sebessegvaltozat-860-46-c45-yamaha-fzs-600-fazer-yzf-thundercat-96-03-gts-1000-93-01-xjr-1200-1300-fj-1100-1300-ch400-602509\/#breadcrumb\",\"itemListElement\":[{\"@type\":\"ListItem\",\"position\":1,\"name\":\"Kezd\u0151lap\",\"item\":\"https:\/\/v3.atv-parts.hu\/\"},{\"@type\":\"ListItem\",\"position\":2,\"name\":\"Bolt\",\"item\":\"https:\/\/v3.atv-parts.hu\/index.php\/bolt\/\"},{\"@type\":\"ListItem\",\"position\":3,\"name\":\"PBR 2022\/03 H\u00c1TS\u00d3 SEBESS\u00c9GV\u00c1LTOZAT 860 46 C45 YAMAHA FZS 600 FAZER \/ YZF THUNDERCAT &#8217;96 -&#8217;03, GTS 1000 &#8217;93 -&#8217;01, XJR 1200\/1300, FJ 1100\/1300 (CH400\/60)2509.\"}]},{\"@type\":\"WebSite\",\"@id\":\"https:\/\/v3.atv-parts.hu\/#website\",\"url\":\"https:\/\/v3.atv-parts.hu\/\",\"name\":\"V3 ATV-PARTS.HU\",\"description\":\"\",\"publisher\":{\"@id\":\"https:\/\/v3.atv-parts.hu\/#organization\"},\"potentialAction\":[{\"@type\":\"SearchAction\",\"target\":{\"@type\":\"EntryPoint\",\"urlTemplate\":\"https:\/\/v3.atv-parts.hu\/?s={search_term_string}\"},\"query-input\":\"required name=search_term_string\"}],\"inLanguage\":\"hu\"},{\"@type\":\"Organization\",\"@id\":\"https:\/\/v3.atv-parts.hu\/#organization\",\"name\":\"V3 ATV-PARTS.HU\",\"url\":\"https:\/\/v3.atv-parts.hu\/\",\"logo\":{\"@type\":\"ImageObject\",\"inLanguage\":\"hu\",\"@id\":\"https:\/\/v3.atv-parts.hu\/#\/schema\/logo\/image\/\",\"url\":\"https:\/\/v3.atv-parts.hu\/wp-content\/uploads\/2021\/02\/cropped-cropped-atvlogo-1-1-1.png\",\"contentUrl\":\"https:\/\/v3.atv-parts.hu\/wp-content\/uploads\/2021\/02\/cropped-cropped-atvlogo-1-1-1.png\",\"width\":267,\"height\":160,\"caption\":\"V3 ATV-PARTS.HU\"},\"image\":{\"@id\":\"https:\/\/v3.atv-parts.hu\/#\/schema\/logo\/image\/\"},\"sameAs\":[\"https:\/\/www.facebook.com\/atvpartsHU\"]}]}<\/script>\n<meta property=\"product:price:amount\" content=\"11456.67\" \/>\n<meta property=\"product:price:currency\" content=\"HUF\" \/>\n<meta property=\"og:availability\" content=\"instock\" \/>\n<meta property=\"product:availability\" content=\"instock\" \/>\n<meta property=\"product:retailer_item_id\" content=\"86046C45\" \/>\n<meta property=\"product:condition\" content=\"new\" \/>\n<!-- \/ Yoast SEO Premium plugin. -->","yoast_head_json":{"title":"PBR 2022\/03 H\u00c1TS\u00d3 SEBESS\u00c9GV\u00c1LTOZAT 860 46 C45 YAMAHA FZS 600 FAZER \/ YZF THUNDERCAT '96 -'03, GTS 1000 '93 -'01, XJR 1200\/1300, FJ 1100\/1300 (CH400\/60)2509. - V3 ATV-PARTS.HU","robots":{"index":"index","follow":"follow","max-snippet":"max-snippet:-1","max-image-preview":"max-image-preview:large","max-video-preview":"max-video-preview:-1"},"canonical":"https:\/\/v3.atv-parts.hu\/index.php\/termek\/pbr-2022-03-hatso-sebessegvaltozat-860-46-c45-yamaha-fzs-600-fazer-yzf-thundercat-96-03-gts-1000-93-01-xjr-1200-1300-fj-1100-1300-ch400-602509\/","og_locale":"hu_HU","og_type":"article","og_title":"PBR 2022\/03 H\u00c1TS\u00d3 SEBESS\u00c9GV\u00c1LTOZAT 860 46 C45 YAMAHA FZS 600 FAZER \/ YZF THUNDERCAT '96 -'03, GTS 1000 '93 -'01, XJR 1200\/1300, FJ 1100\/1300 (CH400\/60)2509.","og_description":"PBR 2022\/03 H\u00c1TS\u00d3 SEBESS\u00c9GV\u00c1LTOZAT 860 46 C45 YAMAHA FZS 600 FAZER \/ YZF THUNDERCAT '96 -'03, GTS 1000 '93 -'01, XJR 1200\/1300, FJ 1100\/1300 (CH400\/60)2509.","og_url":"https:\/\/v3.atv-parts.hu\/index.php\/termek\/pbr-2022-03-hatso-sebessegvaltozat-860-46-c45-yamaha-fzs-600-fazer-yzf-thundercat-96-03-gts-1000-93-01-xjr-1200-1300-fj-1100-1300-ch400-602509\/","og_site_name":"V3 ATV-PARTS.HU","article_publisher":"https:\/\/www.facebook.com\/atvpartsHU","article_modified_time":"2024-05-03T14:30:31+00:00","og_image":[{"width":1076,"height":800,"url":"https:\/\/v3.atv-parts.hu\/wp-content\/uploads\/2024\/03\/pbr-2022-03-zebatka-tylna-860-46-yamaha-fzs-600-fa.jpg","type":"image\/jpeg"}],"twitter_card":"summary_large_image","twitter_misc":{"\u00c1r":"11456,67&nbsp;&#70;&#116; \u00c1F\u00c1-val","El\u00e9rhet\u0151s\u00e9g":"K\u00e9szleten"},"schema":{"@context":"https:\/\/schema.org","@graph":[{"@type":"WebPage","@id":"https:\/\/v3.atv-parts.hu\/index.php\/termek\/pbr-2022-03-hatso-sebessegvaltozat-860-46-c45-yamaha-fzs-600-fazer-yzf-thundercat-96-03-gts-1000-93-01-xjr-1200-1300-fj-1100-1300-ch400-602509\/","url":"https:\/\/v3.atv-parts.hu\/index.php\/termek\/pbr-2022-03-hatso-sebessegvaltozat-860-46-c45-yamaha-fzs-600-fazer-yzf-thundercat-96-03-gts-1000-93-01-xjr-1200-1300-fj-1100-1300-ch400-602509\/","name":"PBR 2022\/03 H\u00c1TS\u00d3 SEBESS\u00c9GV\u00c1LTOZAT 860 46 C45 YAMAHA FZS 600 FAZER \/ YZF THUNDERCAT '96 -'03, GTS 1000 '93 -'01, XJR 1200\/1300, FJ 1100\/1300 (CH400\/60)2509. - V3 ATV-PARTS.HU","isPartOf":{"@id":"https:\/\/v3.atv-parts.hu\/#website"},"primaryImageOfPage":{"@id":"https:\/\/v3.atv-parts.hu\/index.php\/termek\/pbr-2022-03-hatso-sebessegvaltozat-860-46-c45-yamaha-fzs-600-fazer-yzf-thundercat-96-03-gts-1000-93-01-xjr-1200-1300-fj-1100-1300-ch400-602509\/#primaryimage"},"image":{"@id":"https:\/\/v3.atv-parts.hu\/index.php\/termek\/pbr-2022-03-hatso-sebessegvaltozat-860-46-c45-yamaha-fzs-600-fazer-yzf-thundercat-96-03-gts-1000-93-01-xjr-1200-1300-fj-1100-1300-ch400-602509\/#primaryimage"},"thumbnailUrl":"https:\/\/v3.atv-parts.hu\/wp-content\/uploads\/2024\/03\/pbr-2022-03-zebatka-tylna-860-46-yamaha-fzs-600-fa.jpg","datePublished":"2024-03-27T14:46:03+00:00","dateModified":"2024-05-03T14:30:31+00:00","breadcrumb":{"@id":"https:\/\/v3.atv-parts.hu\/index.php\/termek\/pbr-2022-03-hatso-sebessegvaltozat-860-46-c45-yamaha-fzs-600-fazer-yzf-thundercat-96-03-gts-1000-93-01-xjr-1200-1300-fj-1100-1300-ch400-602509\/#breadcrumb"},"inLanguage":"hu","potentialAction":[{"@type":"ReadAction","target":["https:\/\/v3.atv-parts.hu\/index.php\/termek\/pbr-2022-03-hatso-sebessegvaltozat-860-46-c45-yamaha-fzs-600-fazer-yzf-thundercat-96-03-gts-1000-93-01-xjr-1200-1300-fj-1100-1300-ch400-602509\/"]}]},{"@type":"ImageObject","inLanguage":"hu","@id":"https:\/\/v3.atv-parts.hu\/index.php\/termek\/pbr-2022-03-hatso-sebessegvaltozat-860-46-c45-yamaha-fzs-600-fazer-yzf-thundercat-96-03-gts-1000-93-01-xjr-1200-1300-fj-1100-1300-ch400-602509\/#primaryimage","url":"https:\/\/v3.atv-parts.hu\/wp-content\/uploads\/2024\/03\/pbr-2022-03-zebatka-tylna-860-46-yamaha-fzs-600-fa.jpg","contentUrl":"https:\/\/v3.atv-parts.hu\/wp-content\/uploads\/2024\/03\/pbr-2022-03-zebatka-tylna-860-46-yamaha-fzs-600-fa.jpg","width":1076,"height":800},{"@type":"BreadcrumbList","@id":"https:\/\/v3.atv-parts.hu\/index.php\/termek\/pbr-2022-03-hatso-sebessegvaltozat-860-46-c45-yamaha-fzs-600-fazer-yzf-thundercat-96-03-gts-1000-93-01-xjr-1200-1300-fj-1100-1300-ch400-602509\/#breadcrumb","itemListElement":[{"@type":"ListItem","position":1,"name":"Kezd\u0151lap","item":"https:\/\/v3.atv-parts.hu\/"},{"@type":"ListItem","position":2,"name":"Bolt","item":"https:\/\/v3.atv-parts.hu\/index.php\/bolt\/"},{"@type":"ListItem","position":3,"name":"PBR 2022\/03 H\u00c1TS\u00d3 SEBESS\u00c9GV\u00c1LTOZAT 860 46 C45 YAMAHA FZS 600 FAZER \/ YZF THUNDERCAT &#8217;96 -&#8217;03, GTS 1000 &#8217;93 -&#8217;01, XJR 1200\/1300, FJ 1100\/1300 (CH400\/60)2509."}]},{"@type":"WebSite","@id":"https:\/\/v3.atv-parts.hu\/#website","url":"https:\/\/v3.atv-parts.hu\/","name":"V3 ATV-PARTS.HU","description":"","publisher":{"@id":"https:\/\/v3.atv-parts.hu\/#organization"},"potentialAction":[{"@type":"SearchAction","target":{"@type":"EntryPoint","urlTemplate":"https:\/\/v3.atv-parts.hu\/?s={search_term_string}"},"query-input":"required name=search_term_string"}],"inLanguage":"hu"},{"@type":"Organization","@id":"https:\/\/v3.atv-parts.hu\/#organization","name":"V3 ATV-PARTS.HU","url":"https:\/\/v3.atv-parts.hu\/","logo":{"@type":"ImageObject","inLanguage":"hu","@id":"https:\/\/v3.atv-parts.hu\/#\/schema\/logo\/image\/","url":"https:\/\/v3.atv-parts.hu\/wp-content\/uploads\/2021\/02\/cropped-cropped-atvlogo-1-1-1.png","contentUrl":"https:\/\/v3.atv-parts.hu\/wp-content\/uploads\/2021\/02\/cropped-cropped-atvlogo-1-1-1.png","width":267,"height":160,"caption":"V3 ATV-PARTS.HU"},"image":{"@id":"https:\/\/v3.atv-parts.hu\/#\/schema\/logo\/image\/"},"sameAs":["https:\/\/www.facebook.com\/atvpartsHU"]}]},"product_price_amount":"11456.67","product_price_currency":"HUF","og_availability":"instock","product_availability":"instock","product_retailer_item_id":"86046C45","product_condition":"new"},"_links":{"self":[{"href":"https:\/\/v3.atv-parts.hu\/index.php\/wp-json\/wp\/v2\/product\/55990","targetHints":{"allow":["GET"]}}],"collection":[{"href":"https:\/\/v3.atv-parts.hu\/index.php\/wp-json\/wp\/v2\/product"}],"about":[{"href":"https:\/\/v3.atv-parts.hu\/index.php\/wp-json\/wp\/v2\/types\/product"}],"replies":[{"embeddable":true,"href":"https:\/\/v3.atv-parts.hu\/index.php\/wp-json\/wp\/v2\/comments?post=55990"}],"wp:featuredmedia":[{"embeddable":true,"href":"https:\/\/v3.atv-parts.hu\/index.php\/wp-json\/wp\/v2\/media\/55991"}],"wp:attachment":[{"href":"https:\/\/v3.atv-parts.hu\/index.php\/wp-json\/wp\/v2\/media?parent=55990"}],"wp:term":[{"taxonomy":"product_cat","embeddable":true,"href":"https:\/\/v3.atv-parts.hu\/index.php\/wp-json\/wp\/v2\/product_cat?post=55990"},{"taxonomy":"product_tag","embeddable":true,"href":"https:\/\/v3.atv-parts.hu\/index.php\/wp-json\/wp\/v2\/product_tag?post=55990"}],"curies":[{"name":"wp","href":"https:\/\/api.w.org\/{rel}","templated":true}]}}