{"id":56645,"date":"2024-03-27T16:04:49","date_gmt":"2024-03-27T15:04:49","guid":{"rendered":"https:\/\/v3.atv-parts.hu\/index.php\/termek\/vertex-komplett-tomites-keszlet-tomitesek-nelkul-outlander-renegade-maverick-commander-1000-06-15\/"},"modified":"2025-01-31T08:01:20","modified_gmt":"2025-01-31T07:01:20","slug":"vertex-komplett-tomites-keszlet-tomitesek-nelkul-outlander-renegade-maverick-commander-1000-06-15","status":"publish","type":"product","link":"https:\/\/v3.atv-parts.hu\/index.php\/termek\/vertex-komplett-tomites-keszlet-tomitesek-nelkul-outlander-renegade-maverick-commander-1000-06-15\/","title":{"rendered":"VERTEX KOMPLETT T\u00d6M\u00cdT\u00c9S K\u00c9SZLET T\u00d6M\u00cdT\u00c9SEK N\u00c9LK\u00dcL Outlander, Renegade, Maverick, Commander 1000, 06-15"},"content":{"rendered":"<p>&#8216;- Can-am Outlander 1000<br \/>\n&#8211; Can-am Renegade 1000<br \/>\n&#8211; Can-am Commander 1000<br \/>\n&#8211; Can-am Maverick 1000<\/p>\n<p>Commander 1000 (11-17); Commander 1000 DPS (16-17); Commander 1000 LTD (13-17); Commander 1000 XT (11-17); Commander 1000 XTP (14-17); Commander 800 (11); Commander 800 LTD (16); Commander 800 XT (11); Commander 800 XTP (16); Commander 800R (12-20); Commander 800R DPS (13-20); Commander 800R XT (12-20); Commander Max 1000 (15-17); Commander Max 1000 LTD (15-17); Commander Max 1000 XT (14-17); Commander Max 1000 XTP (15); Commander Max 800R DPS (16-20); Defender 1000 (16-19); Defender 1000 DPS (16-19); Defender 1000 DPS Built Before 11-2016 (17); Defender 1000 XMR (18-19); Defender 1000 XT (16-19); Defender 1000 XTP (18-19); Defender 800 (16-21); Defender 800 DPS (16-21); Defender 800 DPS Built Before 11-2016 (17); Defender 800 XT (16-21); Defender Max 1000 (18-19); Defender Max 1000 DPS (17-19); Defender Max 1000 Lone Star (18-19); Defender Max 1000 XMR (19); Defender Max 1000 XT (17-19); Defender Max 800 DPS (17-21); Defender Max 800 XT (17-21); Maverick 1000R XC (16-17); Maverick 1000R XMR (16-18); Maverick 1000R XXC (16-17); Maverick Max 1000R XMR (17-18); Maverick Sport 1000 (19-21); Maverick Sport 1000 DPS (19-20); Maverick Trail 1000 (18-21); Maverick Trail 1000 DPS (18-21); Maverick Trail 800R (18-21); Maverick Trail 800R DPS (18-21); Outlander 1000 6&#215;6 XT (15-18); Outlander 1000 DPS (12-15); Outlander 1000 XMR (13-15); Outlander 1000 XT (12-15); Outlander 1000 XTP (13-15); Outlander 1000R DPS (16-17); Outlander 1000R XMR (16-17); Outlander 1000R XT (16-17); Outlander 1000R XTP (16-17); Outlander 800 XMR (15); Outlander 800R (12-15); Outlander 800R XT (12-14); Outlander Max 1000 (13-16); Outlander MAX 1000 6X6 XT (21); Outlander Max 1000 LTD (15); Outlander Max 1000 XT (13-15); Outlander Max 1000 XTP (13-15); Outlander Max 1000R (17); Outlander Max 1000R 6&#215;6 XT (19-20); Outlander Max 1000R LTD (16); Outlander Max 1000R XT (16-17); Outlander Max 1000R XTP (16-17); Outlander Max 800R 4&#215;4 (13-14); Outlander Max 800R 4&#215;4 LTD (15); Outlander Max 800R 4&#215;4 XT (13-14; Defender 1000 DPS (17); Defender 800 DPS (17)<\/p>\n<p>SKU: 808957<\/p>\n","protected":false},"excerpt":{"rendered":"<p>&#8216;- Can-am Outlander 1000 &#8211; Can-am Renegade 1000 &#8211; Can-am Commander 1000 &#8211; Can-am Maverick 1000 Commander 1000 (11-17); Commander 1000 DPS (16-17); Commander 1000 LTD (13-17); Commander 1000 XT (11-17); Commander 1000 XTP (14-17); Commander 800 (11); Commander 800 LTD (16); Commander 800 XT (11); Commander 800 XTP (16); Commander 800R (12-20); Commander 800R [&hellip;]<\/p>\n","protected":false},"featured_media":56646,"comment_status":"closed","ping_status":"open","template":"","meta":{"_monsterinsights_skip_tracking":false,"_monsterinsights_sitenote_active":false,"_monsterinsights_sitenote_note":"","_monsterinsights_sitenote_category":0},"product_cat":[153,486,247,990],"product_tag":[156,344,377,379,357,542,358,359],"class_list":{"0":"post-56645","1":"product","2":"type-product","3":"status-publish","4":"has-post-thumbnail","6":"product_cat-motor","7":"product_cat-teljes-szettek","8":"product_cat-tomitesek-es-tomitoanyagok","9":"product_cat-winderosa","10":"product_tag-atv","11":"product_tag-can-am","12":"product_tag-commander","13":"product_tag-maverick","14":"product_tag-outlander","15":"product_tag-outlander-1000","16":"product_tag-renegade","17":"product_tag-renegade-1000","18":"pa_marka-winderosa","20":"first","21":"instock","22":"taxable","23":"shipping-taxable","24":"purchasable","25":"product-type-simple"},"yoast_head":"<!-- This site is optimized with the Yoast SEO Premium plugin v22.6 (Yoast SEO v22.6) - https:\/\/yoast.com\/wordpress\/plugins\/seo\/ -->\n<title>VERTEX KOMPLETT T\u00d6M\u00cdT\u00c9S K\u00c9SZLET T\u00d6M\u00cdT\u00c9SEK N\u00c9LK\u00dcL Outlander, Renegade, Maverick, Commander 1000, 06-15 - V3 ATV-PARTS.HU<\/title>\n<meta name=\"robots\" content=\"index, follow, max-snippet:-1, max-image-preview:large, max-video-preview:-1\" \/>\n<link rel=\"canonical\" href=\"https:\/\/v3.atv-parts.hu\/index.php\/termek\/vertex-komplett-tomites-keszlet-tomitesek-nelkul-outlander-renegade-maverick-commander-1000-06-15\/\" \/>\n<meta property=\"og:locale\" content=\"hu_HU\" \/>\n<meta property=\"og:type\" content=\"article\" \/>\n<meta property=\"og:title\" content=\"VERTEX KOMPLETT T\u00d6M\u00cdT\u00c9S K\u00c9SZLET T\u00d6M\u00cdT\u00c9SEK N\u00c9LK\u00dcL Outlander, Renegade, Maverick, Commander 1000, 06-15\" \/>\n<meta property=\"og:description\" content=\"&#8216;- Can-am Outlander 1000 &#8211; Can-am Renegade 1000 &#8211; Can-am Commander 1000 &#8211; Can-am Maverick 1000 Commander 1000 (11-17); Commander 1000 DPS (16-17); Commander 1000 LTD (13-17); Commander 1000 XT (11-17); Commander 1000 XTP (14-17); Commander 800 (11); Commander 800 LTD (16); Commander 800 XT (11); Commander 800 XTP (16); Commander 800R (12-20); Commander 800R [&hellip;]\" \/>\n<meta property=\"og:url\" content=\"https:\/\/v3.atv-parts.hu\/index.php\/termek\/vertex-komplett-tomites-keszlet-tomitesek-nelkul-outlander-renegade-maverick-commander-1000-06-15\/\" \/>\n<meta property=\"og:site_name\" content=\"V3 ATV-PARTS.HU\" \/>\n<meta property=\"article:publisher\" content=\"https:\/\/www.facebook.com\/atvpartsHU\" \/>\n<meta property=\"article:modified_time\" content=\"2025-01-31T07:01:20+00:00\" \/>\n<meta property=\"og:image\" content=\"https:\/\/v3.atv-parts.hu\/wp-content\/uploads\/2024\/03\/winderosa-vertex-komplet-uszczelek-can-am-800-ou.jpg\" \/>\n\t<meta property=\"og:image:width\" content=\"960\" \/>\n\t<meta property=\"og:image:height\" content=\"960\" \/>\n\t<meta property=\"og:image:type\" content=\"image\/jpeg\" \/>\n<meta name=\"twitter:card\" content=\"summary_large_image\" \/>\n<meta name=\"twitter:label1\" content=\"\u00c1r\" \/>\n\t<meta name=\"twitter:data1\" content=\"71506,08&nbsp;&#70;&#116; \u00c1F\u00c1-val\" \/>\n\t<meta name=\"twitter:label2\" content=\"El\u00e9rhet\u0151s\u00e9g\" \/>\n\t<meta name=\"twitter:data2\" content=\"K\u00e9szleten\" \/>\n<script type=\"application\/ld+json\" class=\"yoast-schema-graph\">{\"@context\":\"https:\/\/schema.org\",\"@graph\":[{\"@type\":\"WebPage\",\"@id\":\"https:\/\/v3.atv-parts.hu\/index.php\/termek\/vertex-komplett-tomites-keszlet-tomitesek-nelkul-outlander-renegade-maverick-commander-1000-06-15\/\",\"url\":\"https:\/\/v3.atv-parts.hu\/index.php\/termek\/vertex-komplett-tomites-keszlet-tomitesek-nelkul-outlander-renegade-maverick-commander-1000-06-15\/\",\"name\":\"VERTEX KOMPLETT T\u00d6M\u00cdT\u00c9S K\u00c9SZLET T\u00d6M\u00cdT\u00c9SEK N\u00c9LK\u00dcL Outlander, Renegade, Maverick, Commander 1000, 06-15 - V3 ATV-PARTS.HU\",\"isPartOf\":{\"@id\":\"https:\/\/v3.atv-parts.hu\/#website\"},\"primaryImageOfPage\":{\"@id\":\"https:\/\/v3.atv-parts.hu\/index.php\/termek\/vertex-komplett-tomites-keszlet-tomitesek-nelkul-outlander-renegade-maverick-commander-1000-06-15\/#primaryimage\"},\"image\":{\"@id\":\"https:\/\/v3.atv-parts.hu\/index.php\/termek\/vertex-komplett-tomites-keszlet-tomitesek-nelkul-outlander-renegade-maverick-commander-1000-06-15\/#primaryimage\"},\"thumbnailUrl\":\"https:\/\/v3.atv-parts.hu\/wp-content\/uploads\/2024\/03\/winderosa-vertex-komplet-uszczelek-can-am-800-ou.jpg\",\"datePublished\":\"2024-03-27T15:04:49+00:00\",\"dateModified\":\"2025-01-31T07:01:20+00:00\",\"breadcrumb\":{\"@id\":\"https:\/\/v3.atv-parts.hu\/index.php\/termek\/vertex-komplett-tomites-keszlet-tomitesek-nelkul-outlander-renegade-maverick-commander-1000-06-15\/#breadcrumb\"},\"inLanguage\":\"hu\",\"potentialAction\":[{\"@type\":\"ReadAction\",\"target\":[\"https:\/\/v3.atv-parts.hu\/index.php\/termek\/vertex-komplett-tomites-keszlet-tomitesek-nelkul-outlander-renegade-maverick-commander-1000-06-15\/\"]}]},{\"@type\":\"ImageObject\",\"inLanguage\":\"hu\",\"@id\":\"https:\/\/v3.atv-parts.hu\/index.php\/termek\/vertex-komplett-tomites-keszlet-tomitesek-nelkul-outlander-renegade-maverick-commander-1000-06-15\/#primaryimage\",\"url\":\"https:\/\/v3.atv-parts.hu\/wp-content\/uploads\/2024\/03\/winderosa-vertex-komplet-uszczelek-can-am-800-ou.jpg\",\"contentUrl\":\"https:\/\/v3.atv-parts.hu\/wp-content\/uploads\/2024\/03\/winderosa-vertex-komplet-uszczelek-can-am-800-ou.jpg\",\"width\":960,\"height\":960},{\"@type\":\"BreadcrumbList\",\"@id\":\"https:\/\/v3.atv-parts.hu\/index.php\/termek\/vertex-komplett-tomites-keszlet-tomitesek-nelkul-outlander-renegade-maverick-commander-1000-06-15\/#breadcrumb\",\"itemListElement\":[{\"@type\":\"ListItem\",\"position\":1,\"name\":\"Kezd\u0151lap\",\"item\":\"https:\/\/v3.atv-parts.hu\/\"},{\"@type\":\"ListItem\",\"position\":2,\"name\":\"Bolt\",\"item\":\"https:\/\/v3.atv-parts.hu\/index.php\/bolt\/\"},{\"@type\":\"ListItem\",\"position\":3,\"name\":\"VERTEX KOMPLETT T\u00d6M\u00cdT\u00c9S K\u00c9SZLET T\u00d6M\u00cdT\u00c9SEK N\u00c9LK\u00dcL Outlander, Renegade, Maverick, Commander 1000, 06-15\"}]},{\"@type\":\"WebSite\",\"@id\":\"https:\/\/v3.atv-parts.hu\/#website\",\"url\":\"https:\/\/v3.atv-parts.hu\/\",\"name\":\"V3 ATV-PARTS.HU\",\"description\":\"\",\"publisher\":{\"@id\":\"https:\/\/v3.atv-parts.hu\/#organization\"},\"potentialAction\":[{\"@type\":\"SearchAction\",\"target\":{\"@type\":\"EntryPoint\",\"urlTemplate\":\"https:\/\/v3.atv-parts.hu\/?s={search_term_string}\"},\"query-input\":\"required name=search_term_string\"}],\"inLanguage\":\"hu\"},{\"@type\":\"Organization\",\"@id\":\"https:\/\/v3.atv-parts.hu\/#organization\",\"name\":\"V3 ATV-PARTS.HU\",\"url\":\"https:\/\/v3.atv-parts.hu\/\",\"logo\":{\"@type\":\"ImageObject\",\"inLanguage\":\"hu\",\"@id\":\"https:\/\/v3.atv-parts.hu\/#\/schema\/logo\/image\/\",\"url\":\"https:\/\/v3.atv-parts.hu\/wp-content\/uploads\/2021\/02\/cropped-cropped-atvlogo-1-1-1.png\",\"contentUrl\":\"https:\/\/v3.atv-parts.hu\/wp-content\/uploads\/2021\/02\/cropped-cropped-atvlogo-1-1-1.png\",\"width\":267,\"height\":160,\"caption\":\"V3 ATV-PARTS.HU\"},\"image\":{\"@id\":\"https:\/\/v3.atv-parts.hu\/#\/schema\/logo\/image\/\"},\"sameAs\":[\"https:\/\/www.facebook.com\/atvpartsHU\"]}]}<\/script>\n<meta property=\"product:price:amount\" content=\"71506.08\" \/>\n<meta property=\"product:price:currency\" content=\"HUF\" \/>\n<meta property=\"og:availability\" content=\"instock\" \/>\n<meta property=\"product:availability\" content=\"instock\" \/>\n<meta property=\"product:retailer_item_id\" content=\"808957\" \/>\n<meta property=\"product:condition\" content=\"new\" \/>\n<!-- \/ Yoast SEO Premium plugin. -->","yoast_head_json":{"title":"VERTEX KOMPLETT T\u00d6M\u00cdT\u00c9S K\u00c9SZLET T\u00d6M\u00cdT\u00c9SEK N\u00c9LK\u00dcL Outlander, Renegade, Maverick, Commander 1000, 06-15 - V3 ATV-PARTS.HU","robots":{"index":"index","follow":"follow","max-snippet":"max-snippet:-1","max-image-preview":"max-image-preview:large","max-video-preview":"max-video-preview:-1"},"canonical":"https:\/\/v3.atv-parts.hu\/index.php\/termek\/vertex-komplett-tomites-keszlet-tomitesek-nelkul-outlander-renegade-maverick-commander-1000-06-15\/","og_locale":"hu_HU","og_type":"article","og_title":"VERTEX KOMPLETT T\u00d6M\u00cdT\u00c9S K\u00c9SZLET T\u00d6M\u00cdT\u00c9SEK N\u00c9LK\u00dcL Outlander, Renegade, Maverick, Commander 1000, 06-15","og_description":"&#8216;- Can-am Outlander 1000 &#8211; Can-am Renegade 1000 &#8211; Can-am Commander 1000 &#8211; Can-am Maverick 1000 Commander 1000 (11-17); Commander 1000 DPS (16-17); Commander 1000 LTD (13-17); Commander 1000 XT (11-17); Commander 1000 XTP (14-17); Commander 800 (11); Commander 800 LTD (16); Commander 800 XT (11); Commander 800 XTP (16); Commander 800R (12-20); Commander 800R [&hellip;]","og_url":"https:\/\/v3.atv-parts.hu\/index.php\/termek\/vertex-komplett-tomites-keszlet-tomitesek-nelkul-outlander-renegade-maverick-commander-1000-06-15\/","og_site_name":"V3 ATV-PARTS.HU","article_publisher":"https:\/\/www.facebook.com\/atvpartsHU","article_modified_time":"2025-01-31T07:01:20+00:00","og_image":[{"width":960,"height":960,"url":"https:\/\/v3.atv-parts.hu\/wp-content\/uploads\/2024\/03\/winderosa-vertex-komplet-uszczelek-can-am-800-ou.jpg","type":"image\/jpeg"}],"twitter_card":"summary_large_image","twitter_misc":{"\u00c1r":"71506,08&nbsp;&#70;&#116; \u00c1F\u00c1-val","El\u00e9rhet\u0151s\u00e9g":"K\u00e9szleten"},"schema":{"@context":"https:\/\/schema.org","@graph":[{"@type":"WebPage","@id":"https:\/\/v3.atv-parts.hu\/index.php\/termek\/vertex-komplett-tomites-keszlet-tomitesek-nelkul-outlander-renegade-maverick-commander-1000-06-15\/","url":"https:\/\/v3.atv-parts.hu\/index.php\/termek\/vertex-komplett-tomites-keszlet-tomitesek-nelkul-outlander-renegade-maverick-commander-1000-06-15\/","name":"VERTEX KOMPLETT T\u00d6M\u00cdT\u00c9S K\u00c9SZLET T\u00d6M\u00cdT\u00c9SEK N\u00c9LK\u00dcL Outlander, Renegade, Maverick, Commander 1000, 06-15 - V3 ATV-PARTS.HU","isPartOf":{"@id":"https:\/\/v3.atv-parts.hu\/#website"},"primaryImageOfPage":{"@id":"https:\/\/v3.atv-parts.hu\/index.php\/termek\/vertex-komplett-tomites-keszlet-tomitesek-nelkul-outlander-renegade-maverick-commander-1000-06-15\/#primaryimage"},"image":{"@id":"https:\/\/v3.atv-parts.hu\/index.php\/termek\/vertex-komplett-tomites-keszlet-tomitesek-nelkul-outlander-renegade-maverick-commander-1000-06-15\/#primaryimage"},"thumbnailUrl":"https:\/\/v3.atv-parts.hu\/wp-content\/uploads\/2024\/03\/winderosa-vertex-komplet-uszczelek-can-am-800-ou.jpg","datePublished":"2024-03-27T15:04:49+00:00","dateModified":"2025-01-31T07:01:20+00:00","breadcrumb":{"@id":"https:\/\/v3.atv-parts.hu\/index.php\/termek\/vertex-komplett-tomites-keszlet-tomitesek-nelkul-outlander-renegade-maverick-commander-1000-06-15\/#breadcrumb"},"inLanguage":"hu","potentialAction":[{"@type":"ReadAction","target":["https:\/\/v3.atv-parts.hu\/index.php\/termek\/vertex-komplett-tomites-keszlet-tomitesek-nelkul-outlander-renegade-maverick-commander-1000-06-15\/"]}]},{"@type":"ImageObject","inLanguage":"hu","@id":"https:\/\/v3.atv-parts.hu\/index.php\/termek\/vertex-komplett-tomites-keszlet-tomitesek-nelkul-outlander-renegade-maverick-commander-1000-06-15\/#primaryimage","url":"https:\/\/v3.atv-parts.hu\/wp-content\/uploads\/2024\/03\/winderosa-vertex-komplet-uszczelek-can-am-800-ou.jpg","contentUrl":"https:\/\/v3.atv-parts.hu\/wp-content\/uploads\/2024\/03\/winderosa-vertex-komplet-uszczelek-can-am-800-ou.jpg","width":960,"height":960},{"@type":"BreadcrumbList","@id":"https:\/\/v3.atv-parts.hu\/index.php\/termek\/vertex-komplett-tomites-keszlet-tomitesek-nelkul-outlander-renegade-maverick-commander-1000-06-15\/#breadcrumb","itemListElement":[{"@type":"ListItem","position":1,"name":"Kezd\u0151lap","item":"https:\/\/v3.atv-parts.hu\/"},{"@type":"ListItem","position":2,"name":"Bolt","item":"https:\/\/v3.atv-parts.hu\/index.php\/bolt\/"},{"@type":"ListItem","position":3,"name":"VERTEX KOMPLETT T\u00d6M\u00cdT\u00c9S K\u00c9SZLET T\u00d6M\u00cdT\u00c9SEK N\u00c9LK\u00dcL Outlander, Renegade, Maverick, Commander 1000, 06-15"}]},{"@type":"WebSite","@id":"https:\/\/v3.atv-parts.hu\/#website","url":"https:\/\/v3.atv-parts.hu\/","name":"V3 ATV-PARTS.HU","description":"","publisher":{"@id":"https:\/\/v3.atv-parts.hu\/#organization"},"potentialAction":[{"@type":"SearchAction","target":{"@type":"EntryPoint","urlTemplate":"https:\/\/v3.atv-parts.hu\/?s={search_term_string}"},"query-input":"required name=search_term_string"}],"inLanguage":"hu"},{"@type":"Organization","@id":"https:\/\/v3.atv-parts.hu\/#organization","name":"V3 ATV-PARTS.HU","url":"https:\/\/v3.atv-parts.hu\/","logo":{"@type":"ImageObject","inLanguage":"hu","@id":"https:\/\/v3.atv-parts.hu\/#\/schema\/logo\/image\/","url":"https:\/\/v3.atv-parts.hu\/wp-content\/uploads\/2021\/02\/cropped-cropped-atvlogo-1-1-1.png","contentUrl":"https:\/\/v3.atv-parts.hu\/wp-content\/uploads\/2021\/02\/cropped-cropped-atvlogo-1-1-1.png","width":267,"height":160,"caption":"V3 ATV-PARTS.HU"},"image":{"@id":"https:\/\/v3.atv-parts.hu\/#\/schema\/logo\/image\/"},"sameAs":["https:\/\/www.facebook.com\/atvpartsHU"]}]},"product_price_amount":"71506.08","product_price_currency":"HUF","og_availability":"instock","product_availability":"instock","product_retailer_item_id":"808957","product_condition":"new"},"_links":{"self":[{"href":"https:\/\/v3.atv-parts.hu\/index.php\/wp-json\/wp\/v2\/product\/56645","targetHints":{"allow":["GET"]}}],"collection":[{"href":"https:\/\/v3.atv-parts.hu\/index.php\/wp-json\/wp\/v2\/product"}],"about":[{"href":"https:\/\/v3.atv-parts.hu\/index.php\/wp-json\/wp\/v2\/types\/product"}],"replies":[{"embeddable":true,"href":"https:\/\/v3.atv-parts.hu\/index.php\/wp-json\/wp\/v2\/comments?post=56645"}],"wp:featuredmedia":[{"embeddable":true,"href":"https:\/\/v3.atv-parts.hu\/index.php\/wp-json\/wp\/v2\/media\/56646"}],"wp:attachment":[{"href":"https:\/\/v3.atv-parts.hu\/index.php\/wp-json\/wp\/v2\/media?parent=56645"}],"wp:term":[{"taxonomy":"product_cat","embeddable":true,"href":"https:\/\/v3.atv-parts.hu\/index.php\/wp-json\/wp\/v2\/product_cat?post=56645"},{"taxonomy":"product_tag","embeddable":true,"href":"https:\/\/v3.atv-parts.hu\/index.php\/wp-json\/wp\/v2\/product_tag?post=56645"}],"curies":[{"name":"wp","href":"https:\/\/api.w.org\/{rel}","templated":true}]}}