{"id":56694,"date":"2024-03-27T16:06:04","date_gmt":"2024-03-27T15:06:04","guid":{"rendered":"https:\/\/v3.atv-parts.hu\/index.php\/termek\/markolat-futheto-oxford-commuter-22mm-of771\/"},"modified":"2025-04-01T08:01:52","modified_gmt":"2025-04-01T06:01:52","slug":"markolat-futheto-oxford-commuter-22mm-of771","status":"publish","type":"product","link":"https:\/\/v3.atv-parts.hu\/index.php\/termek\/markolat-futheto-oxford-commuter-22mm-of771\/","title":{"rendered":"Markolat f\u0171thet\u0151 OXFORD COMMUTER 22mm, OF771"},"content":{"rendered":"<p>22 mm-es korm\u00e1nyr\u00fadhoz<\/p>\n<p>4 fokozatban \u00e1ll\u00edthat\u00f3<\/p>\n<p>max. h\u0151m\u00e9rs\u00e9klet 50&#8243;C<\/p>\n<p>automatikus lekapcsol\u00e1s alacsony fesz\u00fclts\u00e9gn\u00e9l<\/p>\n<p>SKU: OF771<\/p>\n","protected":false},"excerpt":{"rendered":"<p>22 mm-es korm\u00e1nyr\u00fadhoz 4 fokozatban \u00e1ll\u00edthat\u00f3 max. h\u0151m\u00e9rs\u00e9klet 50&#8243;C automatikus lekapcsol\u00e1s alacsony fesz\u00fclts\u00e9gn\u00e9l SKU: OF771<\/p>\n","protected":false},"featured_media":56695,"comment_status":"closed","ping_status":"open","template":"","meta":{"_monsterinsights_skip_tracking":false,"_monsterinsights_sitenote_active":false,"_monsterinsights_sitenote_note":"","_monsterinsights_sitenote_category":0},"product_cat":[271,307,270,306],"product_tag":[208,441,1000,1001,156,394,351,344,1002,390,329,1003,368,346,345,1004,1005,340,210,1006,341,342,347,536,158,1007,159,180,343,178,352,174,228,353,1008,160,1009,348,439,212,211,379,425,395,357,542,388,440,537,183,994,181,570,396,358,359,360,361,376,370,371,372,373,374,375,166,755,991,354,349,356,350,163,202,171,172,173,170,169,219],"class_list":{"0":"post-56694","1":"product","2":"type-product","3":"status-publish","4":"has-post-thumbnail","6":"product_cat-fogantyuk-es-karok","7":"product_cat-futott","8":"product_cat-karosszeria","9":"product_cat-valtokarok","10":"product_tag-arctic-cat","11":"product_tag-arctic-cat-1000-650","12":"product_tag-arctic-cat-350","13":"product_tag-arctic-cat-600-350yamaha","14":"product_tag-atv","15":"product_tag-blaster-yfs","16":"product_tag-brute-force","17":"product_tag-can-am","18":"product_tag-can-am-egyeb","19":"product_tag-cf-moto","20":"product_tag-daelim","21":"product_tag-ds-250","22":"product_tag-ds-450","23":"product_tag-ds-650","24":"product_tag-ds","25":"product_tag-dvx-250","26":"product_tag-dvx-300","27":"product_tag-dvx-400","28":"product_tag-dvx","29":"product_tag-futheto-markolatok","30":"product_tag-grizzly","31":"product_tag-grizzly-660","32":"product_tag-grizzly-700","33":"product_tag-grizzly-egyeb","34":"product_tag-honda","35":"product_tag-honda-egyeb","36":"product_tag-kawasaki","37":"product_tag-kef-klf-kvf-egyeb","38":"product_tag-kfx-400","39":"product_tag-kfx-450r","40":"product_tag-kfx-700","41":"product_tag-kfx","42":"product_tag-kiegeszitok","43":"product_tag-kingquad","44":"product_tag-kxr","45":"product_tag-kymco","46":"product_tag-linhai","47":"product_tag-ltr-450","48":"product_tag-ltz-250","49":"product_tag-ltz-400","50":"product_tag-ltz","51":"product_tag-maverick","52":"product_tag-maxxer","53":"product_tag-mxu","54":"product_tag-outlander","55":"product_tag-outlander-1000","56":"product_tag-outlander-500","57":"product_tag-outlander-800","58":"product_tag-outlander-egyeb","59":"product_tag-outlaw","60":"product_tag-oxford","61":"product_tag-polaris","62":"product_tag-polaris-egyeb","63":"product_tag-predator","64":"product_tag-renegade","65":"product_tag-renegade-1000","66":"product_tag-renegade-500-570-650","67":"product_tag-renegade-800-850","68":"product_tag-rzr-ranger","69":"product_tag-scrambler","70":"product_tag-sportsman","71":"product_tag-sportsman-egyeb","72":"product_tag-sportsman-1000","73":"product_tag-sportsman-400-800","74":"product_tag-sportsman-550-850-xp","75":"product_tag-suzuki","76":"product_tag-tgb","77":"product_tag-trx-250","78":"product_tag-trx-400","79":"product_tag-trx-450","80":"product_tag-trx-650-680-rincon","81":"product_tag-trx-700","82":"product_tag-trx","83":"product_tag-yfm-250","84":"product_tag-yfm-350","85":"product_tag-yfm-660","86":"product_tag-yfm-700","87":"product_tag-yfm","88":"product_tag-yfz-450","89":"product_tag-yxz","90":"pa_marka-oxford","92":"first","93":"instock","94":"taxable","95":"shipping-taxable","96":"purchasable","97":"product-type-simple"},"yoast_head":"<!-- This site is optimized with the Yoast SEO Premium plugin v22.6 (Yoast SEO v22.6) - https:\/\/yoast.com\/wordpress\/plugins\/seo\/ -->\n<title>Markolat f\u0171thet\u0151 OXFORD COMMUTER 22mm, OF771 - V3 ATV-PARTS.HU<\/title>\n<meta name=\"robots\" content=\"index, follow, max-snippet:-1, max-image-preview:large, max-video-preview:-1\" \/>\n<link rel=\"canonical\" href=\"https:\/\/v3.atv-parts.hu\/index.php\/termek\/markolat-futheto-oxford-commuter-22mm-of771\/\" \/>\n<meta property=\"og:locale\" content=\"hu_HU\" \/>\n<meta property=\"og:type\" content=\"article\" \/>\n<meta property=\"og:title\" content=\"Markolat f\u0171thet\u0151 OXFORD COMMUTER 22mm, OF771\" \/>\n<meta property=\"og:description\" content=\"22 mm-es korm\u00e1nyr\u00fadhoz 4 fokozatban \u00e1ll\u00edthat\u00f3 max. h\u0151m\u00e9rs\u00e9klet 50&#8243;C automatikus lekapcsol\u00e1s alacsony fesz\u00fclts\u00e9gn\u00e9l SKU: OF771\" \/>\n<meta property=\"og:url\" content=\"https:\/\/v3.atv-parts.hu\/index.php\/termek\/markolat-futheto-oxford-commuter-22mm-of771\/\" \/>\n<meta property=\"og:site_name\" content=\"V3 ATV-PARTS.HU\" \/>\n<meta property=\"article:publisher\" content=\"https:\/\/www.facebook.com\/atvpartsHU\" \/>\n<meta property=\"article:modified_time\" content=\"2025-04-01T06:01:52+00:00\" \/>\n<meta property=\"og:image\" content=\"https:\/\/v3.atv-parts.hu\/wp-content\/uploads\/2024\/03\/oxford-manetki-podgrzewane-oxford-essential-commut.jpg\" \/>\n\t<meta property=\"og:image:width\" content=\"360\" \/>\n\t<meta property=\"og:image:height\" content=\"361\" \/>\n\t<meta property=\"og:image:type\" content=\"image\/jpeg\" \/>\n<meta name=\"twitter:card\" content=\"summary_large_image\" \/>\n<meta name=\"twitter:label1\" content=\"\u00c1r\" \/>\n\t<meta name=\"twitter:data1\" content=\"24893,27&nbsp;&#70;&#116; \u00c1F\u00c1-val\" \/>\n\t<meta name=\"twitter:label2\" content=\"El\u00e9rhet\u0151s\u00e9g\" \/>\n\t<meta name=\"twitter:data2\" content=\"K\u00e9szleten\" \/>\n<script type=\"application\/ld+json\" class=\"yoast-schema-graph\">{\"@context\":\"https:\/\/schema.org\",\"@graph\":[{\"@type\":\"WebPage\",\"@id\":\"https:\/\/v3.atv-parts.hu\/index.php\/termek\/markolat-futheto-oxford-commuter-22mm-of771\/\",\"url\":\"https:\/\/v3.atv-parts.hu\/index.php\/termek\/markolat-futheto-oxford-commuter-22mm-of771\/\",\"name\":\"Markolat f\u0171thet\u0151 OXFORD COMMUTER 22mm, OF771 - V3 ATV-PARTS.HU\",\"isPartOf\":{\"@id\":\"https:\/\/v3.atv-parts.hu\/#website\"},\"primaryImageOfPage\":{\"@id\":\"https:\/\/v3.atv-parts.hu\/index.php\/termek\/markolat-futheto-oxford-commuter-22mm-of771\/#primaryimage\"},\"image\":{\"@id\":\"https:\/\/v3.atv-parts.hu\/index.php\/termek\/markolat-futheto-oxford-commuter-22mm-of771\/#primaryimage\"},\"thumbnailUrl\":\"https:\/\/v3.atv-parts.hu\/wp-content\/uploads\/2024\/03\/oxford-manetki-podgrzewane-oxford-essential-commut.jpg\",\"datePublished\":\"2024-03-27T15:06:04+00:00\",\"dateModified\":\"2025-04-01T06:01:52+00:00\",\"breadcrumb\":{\"@id\":\"https:\/\/v3.atv-parts.hu\/index.php\/termek\/markolat-futheto-oxford-commuter-22mm-of771\/#breadcrumb\"},\"inLanguage\":\"hu\",\"potentialAction\":[{\"@type\":\"ReadAction\",\"target\":[\"https:\/\/v3.atv-parts.hu\/index.php\/termek\/markolat-futheto-oxford-commuter-22mm-of771\/\"]}]},{\"@type\":\"ImageObject\",\"inLanguage\":\"hu\",\"@id\":\"https:\/\/v3.atv-parts.hu\/index.php\/termek\/markolat-futheto-oxford-commuter-22mm-of771\/#primaryimage\",\"url\":\"https:\/\/v3.atv-parts.hu\/wp-content\/uploads\/2024\/03\/oxford-manetki-podgrzewane-oxford-essential-commut.jpg\",\"contentUrl\":\"https:\/\/v3.atv-parts.hu\/wp-content\/uploads\/2024\/03\/oxford-manetki-podgrzewane-oxford-essential-commut.jpg\",\"width\":360,\"height\":361},{\"@type\":\"BreadcrumbList\",\"@id\":\"https:\/\/v3.atv-parts.hu\/index.php\/termek\/markolat-futheto-oxford-commuter-22mm-of771\/#breadcrumb\",\"itemListElement\":[{\"@type\":\"ListItem\",\"position\":1,\"name\":\"Kezd\u0151lap\",\"item\":\"https:\/\/v3.atv-parts.hu\/\"},{\"@type\":\"ListItem\",\"position\":2,\"name\":\"Bolt\",\"item\":\"https:\/\/v3.atv-parts.hu\/index.php\/bolt\/\"},{\"@type\":\"ListItem\",\"position\":3,\"name\":\"Markolat f\u0171thet\u0151 OXFORD COMMUTER 22mm, OF771\"}]},{\"@type\":\"WebSite\",\"@id\":\"https:\/\/v3.atv-parts.hu\/#website\",\"url\":\"https:\/\/v3.atv-parts.hu\/\",\"name\":\"V3 ATV-PARTS.HU\",\"description\":\"\",\"publisher\":{\"@id\":\"https:\/\/v3.atv-parts.hu\/#organization\"},\"potentialAction\":[{\"@type\":\"SearchAction\",\"target\":{\"@type\":\"EntryPoint\",\"urlTemplate\":\"https:\/\/v3.atv-parts.hu\/?s={search_term_string}\"},\"query-input\":\"required name=search_term_string\"}],\"inLanguage\":\"hu\"},{\"@type\":\"Organization\",\"@id\":\"https:\/\/v3.atv-parts.hu\/#organization\",\"name\":\"V3 ATV-PARTS.HU\",\"url\":\"https:\/\/v3.atv-parts.hu\/\",\"logo\":{\"@type\":\"ImageObject\",\"inLanguage\":\"hu\",\"@id\":\"https:\/\/v3.atv-parts.hu\/#\/schema\/logo\/image\/\",\"url\":\"https:\/\/v3.atv-parts.hu\/wp-content\/uploads\/2021\/02\/cropped-cropped-atvlogo-1-1-1.png\",\"contentUrl\":\"https:\/\/v3.atv-parts.hu\/wp-content\/uploads\/2021\/02\/cropped-cropped-atvlogo-1-1-1.png\",\"width\":267,\"height\":160,\"caption\":\"V3 ATV-PARTS.HU\"},\"image\":{\"@id\":\"https:\/\/v3.atv-parts.hu\/#\/schema\/logo\/image\/\"},\"sameAs\":[\"https:\/\/www.facebook.com\/atvpartsHU\"]}]}<\/script>\n<meta property=\"product:price:amount\" content=\"24893.27\" \/>\n<meta property=\"product:price:currency\" content=\"HUF\" \/>\n<meta property=\"og:availability\" content=\"instock\" \/>\n<meta property=\"product:availability\" content=\"instock\" \/>\n<meta property=\"product:retailer_item_id\" content=\"OF771\" \/>\n<meta property=\"product:condition\" content=\"new\" \/>\n<!-- \/ Yoast SEO Premium plugin. -->","yoast_head_json":{"title":"Markolat f\u0171thet\u0151 OXFORD COMMUTER 22mm, OF771 - V3 ATV-PARTS.HU","robots":{"index":"index","follow":"follow","max-snippet":"max-snippet:-1","max-image-preview":"max-image-preview:large","max-video-preview":"max-video-preview:-1"},"canonical":"https:\/\/v3.atv-parts.hu\/index.php\/termek\/markolat-futheto-oxford-commuter-22mm-of771\/","og_locale":"hu_HU","og_type":"article","og_title":"Markolat f\u0171thet\u0151 OXFORD COMMUTER 22mm, OF771","og_description":"22 mm-es korm\u00e1nyr\u00fadhoz 4 fokozatban \u00e1ll\u00edthat\u00f3 max. h\u0151m\u00e9rs\u00e9klet 50&#8243;C automatikus lekapcsol\u00e1s alacsony fesz\u00fclts\u00e9gn\u00e9l SKU: OF771","og_url":"https:\/\/v3.atv-parts.hu\/index.php\/termek\/markolat-futheto-oxford-commuter-22mm-of771\/","og_site_name":"V3 ATV-PARTS.HU","article_publisher":"https:\/\/www.facebook.com\/atvpartsHU","article_modified_time":"2025-04-01T06:01:52+00:00","og_image":[{"width":360,"height":361,"url":"https:\/\/v3.atv-parts.hu\/wp-content\/uploads\/2024\/03\/oxford-manetki-podgrzewane-oxford-essential-commut.jpg","type":"image\/jpeg"}],"twitter_card":"summary_large_image","twitter_misc":{"\u00c1r":"24893,27&nbsp;&#70;&#116; \u00c1F\u00c1-val","El\u00e9rhet\u0151s\u00e9g":"K\u00e9szleten"},"schema":{"@context":"https:\/\/schema.org","@graph":[{"@type":"WebPage","@id":"https:\/\/v3.atv-parts.hu\/index.php\/termek\/markolat-futheto-oxford-commuter-22mm-of771\/","url":"https:\/\/v3.atv-parts.hu\/index.php\/termek\/markolat-futheto-oxford-commuter-22mm-of771\/","name":"Markolat f\u0171thet\u0151 OXFORD COMMUTER 22mm, OF771 - V3 ATV-PARTS.HU","isPartOf":{"@id":"https:\/\/v3.atv-parts.hu\/#website"},"primaryImageOfPage":{"@id":"https:\/\/v3.atv-parts.hu\/index.php\/termek\/markolat-futheto-oxford-commuter-22mm-of771\/#primaryimage"},"image":{"@id":"https:\/\/v3.atv-parts.hu\/index.php\/termek\/markolat-futheto-oxford-commuter-22mm-of771\/#primaryimage"},"thumbnailUrl":"https:\/\/v3.atv-parts.hu\/wp-content\/uploads\/2024\/03\/oxford-manetki-podgrzewane-oxford-essential-commut.jpg","datePublished":"2024-03-27T15:06:04+00:00","dateModified":"2025-04-01T06:01:52+00:00","breadcrumb":{"@id":"https:\/\/v3.atv-parts.hu\/index.php\/termek\/markolat-futheto-oxford-commuter-22mm-of771\/#breadcrumb"},"inLanguage":"hu","potentialAction":[{"@type":"ReadAction","target":["https:\/\/v3.atv-parts.hu\/index.php\/termek\/markolat-futheto-oxford-commuter-22mm-of771\/"]}]},{"@type":"ImageObject","inLanguage":"hu","@id":"https:\/\/v3.atv-parts.hu\/index.php\/termek\/markolat-futheto-oxford-commuter-22mm-of771\/#primaryimage","url":"https:\/\/v3.atv-parts.hu\/wp-content\/uploads\/2024\/03\/oxford-manetki-podgrzewane-oxford-essential-commut.jpg","contentUrl":"https:\/\/v3.atv-parts.hu\/wp-content\/uploads\/2024\/03\/oxford-manetki-podgrzewane-oxford-essential-commut.jpg","width":360,"height":361},{"@type":"BreadcrumbList","@id":"https:\/\/v3.atv-parts.hu\/index.php\/termek\/markolat-futheto-oxford-commuter-22mm-of771\/#breadcrumb","itemListElement":[{"@type":"ListItem","position":1,"name":"Kezd\u0151lap","item":"https:\/\/v3.atv-parts.hu\/"},{"@type":"ListItem","position":2,"name":"Bolt","item":"https:\/\/v3.atv-parts.hu\/index.php\/bolt\/"},{"@type":"ListItem","position":3,"name":"Markolat f\u0171thet\u0151 OXFORD COMMUTER 22mm, OF771"}]},{"@type":"WebSite","@id":"https:\/\/v3.atv-parts.hu\/#website","url":"https:\/\/v3.atv-parts.hu\/","name":"V3 ATV-PARTS.HU","description":"","publisher":{"@id":"https:\/\/v3.atv-parts.hu\/#organization"},"potentialAction":[{"@type":"SearchAction","target":{"@type":"EntryPoint","urlTemplate":"https:\/\/v3.atv-parts.hu\/?s={search_term_string}"},"query-input":"required name=search_term_string"}],"inLanguage":"hu"},{"@type":"Organization","@id":"https:\/\/v3.atv-parts.hu\/#organization","name":"V3 ATV-PARTS.HU","url":"https:\/\/v3.atv-parts.hu\/","logo":{"@type":"ImageObject","inLanguage":"hu","@id":"https:\/\/v3.atv-parts.hu\/#\/schema\/logo\/image\/","url":"https:\/\/v3.atv-parts.hu\/wp-content\/uploads\/2021\/02\/cropped-cropped-atvlogo-1-1-1.png","contentUrl":"https:\/\/v3.atv-parts.hu\/wp-content\/uploads\/2021\/02\/cropped-cropped-atvlogo-1-1-1.png","width":267,"height":160,"caption":"V3 ATV-PARTS.HU"},"image":{"@id":"https:\/\/v3.atv-parts.hu\/#\/schema\/logo\/image\/"},"sameAs":["https:\/\/www.facebook.com\/atvpartsHU"]}]},"product_price_amount":"24893.27","product_price_currency":"HUF","og_availability":"instock","product_availability":"instock","product_retailer_item_id":"OF771","product_condition":"new"},"_links":{"self":[{"href":"https:\/\/v3.atv-parts.hu\/index.php\/wp-json\/wp\/v2\/product\/56694","targetHints":{"allow":["GET"]}}],"collection":[{"href":"https:\/\/v3.atv-parts.hu\/index.php\/wp-json\/wp\/v2\/product"}],"about":[{"href":"https:\/\/v3.atv-parts.hu\/index.php\/wp-json\/wp\/v2\/types\/product"}],"replies":[{"embeddable":true,"href":"https:\/\/v3.atv-parts.hu\/index.php\/wp-json\/wp\/v2\/comments?post=56694"}],"wp:featuredmedia":[{"embeddable":true,"href":"https:\/\/v3.atv-parts.hu\/index.php\/wp-json\/wp\/v2\/media\/56695"}],"wp:attachment":[{"href":"https:\/\/v3.atv-parts.hu\/index.php\/wp-json\/wp\/v2\/media?parent=56694"}],"wp:term":[{"taxonomy":"product_cat","embeddable":true,"href":"https:\/\/v3.atv-parts.hu\/index.php\/wp-json\/wp\/v2\/product_cat?post=56694"},{"taxonomy":"product_tag","embeddable":true,"href":"https:\/\/v3.atv-parts.hu\/index.php\/wp-json\/wp\/v2\/product_tag?post=56694"}],"curies":[{"name":"wp","href":"https:\/\/api.w.org\/{rel}","templated":true}]}}