{"id":57793,"date":"2024-03-27T16:40:53","date_gmt":"2024-03-27T15:40:53","guid":{"rendered":"https:\/\/v3.atv-parts.hu\/index.php\/termek\/dze-feszultsegszabalyozo-honda-cbr1000-rr-06-15-mosfet-50a-31600-mfl-d01-31600-mel-a21-esr680esr439\/"},"modified":"2024-05-03T12:35:33","modified_gmt":"2024-05-03T10:35:33","slug":"dze-feszultsegszabalyozo-honda-cbr1000-rr-06-15-mosfet-50a-31600-mfl-d01-31600-mel-a21-esr680esr439","status":"publish","type":"product","link":"https:\/\/v3.atv-parts.hu\/index.php\/termek\/dze-feszultsegszabalyozo-honda-cbr1000-rr-06-15-mosfet-50a-31600-mfl-d01-31600-mel-a21-esr680esr439\/","title":{"rendered":"DZE FESZ\u00dcLTS\u00c9GSZAB\u00c1LYOZ\u00d3 HONDA CBR1000 RR 06-15 MOSFET (50A) (31600-MFL-D01, 31600-MEL-A21) (ESR680;ESR439)"},"content":{"rendered":"<p>DZE FESZ\u00dcLTS\u00c9GSZAB\u00c1LYOZ\u00d3 HONDA CBR1000 RR 06-15 MOSFET (50A) (31600-MFL-D01, 31600-MEL-A21) (ESR680;ESR439)<\/p>\n<p>SKU: 2416-01<\/p>\n","protected":false},"excerpt":{"rendered":"<p>DZE FESZ\u00dcLTS\u00c9GSZAB\u00c1LYOZ\u00d3 HONDA CBR1000 RR 06-15 MOSFET (50A) (31600-MFL-D01, 31600-MEL-A21) (ESR680;ESR439)<\/p>\n","protected":false},"featured_media":57794,"comment_status":"closed","ping_status":"open","template":"","meta":{"_monsterinsights_skip_tracking":false,"_monsterinsights_sitenote_active":false,"_monsterinsights_sitenote_note":"","_monsterinsights_sitenote_category":0},"product_cat":[185,256],"product_tag":[],"class_list":{"0":"post-57793","1":"product","2":"type-product","3":"status-publish","4":"has-post-thumbnail","6":"product_cat-elektromos-rendszer","7":"product_cat-feszultsegszabalyozok","8":"pa_marka-dze-elektro","10":"first","11":"instock","12":"taxable","13":"shipping-taxable","14":"purchasable","15":"product-type-simple"},"yoast_head":"<!-- This site is optimized with the Yoast SEO Premium plugin v22.6 (Yoast SEO v22.6) - https:\/\/yoast.com\/wordpress\/plugins\/seo\/ -->\n<title>DZE FESZ\u00dcLTS\u00c9GSZAB\u00c1LYOZ\u00d3 HONDA CBR1000 RR 06-15 MOSFET (50A) (31600-MFL-D01, 31600-MEL-A21) (ESR680;ESR439) - V3 ATV-PARTS.HU<\/title>\n<meta name=\"robots\" content=\"index, follow, max-snippet:-1, max-image-preview:large, max-video-preview:-1\" \/>\n<link rel=\"canonical\" href=\"https:\/\/v3.atv-parts.hu\/index.php\/termek\/dze-feszultsegszabalyozo-honda-cbr1000-rr-06-15-mosfet-50a-31600-mfl-d01-31600-mel-a21-esr680esr439\/\" \/>\n<meta property=\"og:locale\" content=\"hu_HU\" \/>\n<meta property=\"og:type\" content=\"article\" \/>\n<meta property=\"og:title\" content=\"DZE FESZ\u00dcLTS\u00c9GSZAB\u00c1LYOZ\u00d3 HONDA CBR1000 RR 06-15 MOSFET (50A) (31600-MFL-D01, 31600-MEL-A21) (ESR680;ESR439)\" \/>\n<meta property=\"og:description\" content=\"DZE FESZ\u00dcLTS\u00c9GSZAB\u00c1LYOZ\u00d3 HONDA CBR1000 RR 06-15 MOSFET (50A) (31600-MFL-D01, 31600-MEL-A21) (ESR680;ESR439)\" \/>\n<meta property=\"og:url\" content=\"https:\/\/v3.atv-parts.hu\/index.php\/termek\/dze-feszultsegszabalyozo-honda-cbr1000-rr-06-15-mosfet-50a-31600-mfl-d01-31600-mel-a21-esr680esr439\/\" \/>\n<meta property=\"og:site_name\" content=\"V3 ATV-PARTS.HU\" \/>\n<meta property=\"article:publisher\" content=\"https:\/\/www.facebook.com\/atvpartsHU\" \/>\n<meta property=\"article:modified_time\" content=\"2024-05-03T10:35:33+00:00\" \/>\n<meta property=\"og:image\" content=\"https:\/\/v3.atv-parts.hu\/wp-content\/uploads\/2024\/03\/dze-regulator-napiecia-honda-cbr1000-rr-06-15-31.jpg\" \/>\n\t<meta property=\"og:image:width\" content=\"936\" \/>\n\t<meta property=\"og:image:height\" content=\"677\" \/>\n\t<meta property=\"og:image:type\" content=\"image\/jpeg\" \/>\n<meta name=\"twitter:card\" content=\"summary_large_image\" \/>\n<meta name=\"twitter:label1\" content=\"\u00c1r\" \/>\n\t<meta name=\"twitter:data1\" content=\"47955,20&nbsp;&#70;&#116; \u00c1F\u00c1-val\" \/>\n\t<meta name=\"twitter:label2\" content=\"El\u00e9rhet\u0151s\u00e9g\" \/>\n\t<meta name=\"twitter:data2\" content=\"K\u00e9szleten\" \/>\n<script type=\"application\/ld+json\" class=\"yoast-schema-graph\">{\"@context\":\"https:\/\/schema.org\",\"@graph\":[{\"@type\":\"WebPage\",\"@id\":\"https:\/\/v3.atv-parts.hu\/index.php\/termek\/dze-feszultsegszabalyozo-honda-cbr1000-rr-06-15-mosfet-50a-31600-mfl-d01-31600-mel-a21-esr680esr439\/\",\"url\":\"https:\/\/v3.atv-parts.hu\/index.php\/termek\/dze-feszultsegszabalyozo-honda-cbr1000-rr-06-15-mosfet-50a-31600-mfl-d01-31600-mel-a21-esr680esr439\/\",\"name\":\"DZE FESZ\u00dcLTS\u00c9GSZAB\u00c1LYOZ\u00d3 HONDA CBR1000 RR 06-15 MOSFET (50A) (31600-MFL-D01, 31600-MEL-A21) (ESR680;ESR439) - V3 ATV-PARTS.HU\",\"isPartOf\":{\"@id\":\"https:\/\/v3.atv-parts.hu\/#website\"},\"primaryImageOfPage\":{\"@id\":\"https:\/\/v3.atv-parts.hu\/index.php\/termek\/dze-feszultsegszabalyozo-honda-cbr1000-rr-06-15-mosfet-50a-31600-mfl-d01-31600-mel-a21-esr680esr439\/#primaryimage\"},\"image\":{\"@id\":\"https:\/\/v3.atv-parts.hu\/index.php\/termek\/dze-feszultsegszabalyozo-honda-cbr1000-rr-06-15-mosfet-50a-31600-mfl-d01-31600-mel-a21-esr680esr439\/#primaryimage\"},\"thumbnailUrl\":\"https:\/\/v3.atv-parts.hu\/wp-content\/uploads\/2024\/03\/dze-regulator-napiecia-honda-cbr1000-rr-06-15-31.jpg\",\"datePublished\":\"2024-03-27T15:40:53+00:00\",\"dateModified\":\"2024-05-03T10:35:33+00:00\",\"breadcrumb\":{\"@id\":\"https:\/\/v3.atv-parts.hu\/index.php\/termek\/dze-feszultsegszabalyozo-honda-cbr1000-rr-06-15-mosfet-50a-31600-mfl-d01-31600-mel-a21-esr680esr439\/#breadcrumb\"},\"inLanguage\":\"hu\",\"potentialAction\":[{\"@type\":\"ReadAction\",\"target\":[\"https:\/\/v3.atv-parts.hu\/index.php\/termek\/dze-feszultsegszabalyozo-honda-cbr1000-rr-06-15-mosfet-50a-31600-mfl-d01-31600-mel-a21-esr680esr439\/\"]}]},{\"@type\":\"ImageObject\",\"inLanguage\":\"hu\",\"@id\":\"https:\/\/v3.atv-parts.hu\/index.php\/termek\/dze-feszultsegszabalyozo-honda-cbr1000-rr-06-15-mosfet-50a-31600-mfl-d01-31600-mel-a21-esr680esr439\/#primaryimage\",\"url\":\"https:\/\/v3.atv-parts.hu\/wp-content\/uploads\/2024\/03\/dze-regulator-napiecia-honda-cbr1000-rr-06-15-31.jpg\",\"contentUrl\":\"https:\/\/v3.atv-parts.hu\/wp-content\/uploads\/2024\/03\/dze-regulator-napiecia-honda-cbr1000-rr-06-15-31.jpg\",\"width\":936,\"height\":677},{\"@type\":\"BreadcrumbList\",\"@id\":\"https:\/\/v3.atv-parts.hu\/index.php\/termek\/dze-feszultsegszabalyozo-honda-cbr1000-rr-06-15-mosfet-50a-31600-mfl-d01-31600-mel-a21-esr680esr439\/#breadcrumb\",\"itemListElement\":[{\"@type\":\"ListItem\",\"position\":1,\"name\":\"Kezd\u0151lap\",\"item\":\"https:\/\/v3.atv-parts.hu\/\"},{\"@type\":\"ListItem\",\"position\":2,\"name\":\"Bolt\",\"item\":\"https:\/\/v3.atv-parts.hu\/index.php\/bolt\/\"},{\"@type\":\"ListItem\",\"position\":3,\"name\":\"DZE FESZ\u00dcLTS\u00c9GSZAB\u00c1LYOZ\u00d3 HONDA CBR1000 RR 06-15 MOSFET (50A) (31600-MFL-D01, 31600-MEL-A21) (ESR680;ESR439)\"}]},{\"@type\":\"WebSite\",\"@id\":\"https:\/\/v3.atv-parts.hu\/#website\",\"url\":\"https:\/\/v3.atv-parts.hu\/\",\"name\":\"V3 ATV-PARTS.HU\",\"description\":\"\",\"publisher\":{\"@id\":\"https:\/\/v3.atv-parts.hu\/#organization\"},\"potentialAction\":[{\"@type\":\"SearchAction\",\"target\":{\"@type\":\"EntryPoint\",\"urlTemplate\":\"https:\/\/v3.atv-parts.hu\/?s={search_term_string}\"},\"query-input\":\"required name=search_term_string\"}],\"inLanguage\":\"hu\"},{\"@type\":\"Organization\",\"@id\":\"https:\/\/v3.atv-parts.hu\/#organization\",\"name\":\"V3 ATV-PARTS.HU\",\"url\":\"https:\/\/v3.atv-parts.hu\/\",\"logo\":{\"@type\":\"ImageObject\",\"inLanguage\":\"hu\",\"@id\":\"https:\/\/v3.atv-parts.hu\/#\/schema\/logo\/image\/\",\"url\":\"https:\/\/v3.atv-parts.hu\/wp-content\/uploads\/2021\/02\/cropped-cropped-atvlogo-1-1-1.png\",\"contentUrl\":\"https:\/\/v3.atv-parts.hu\/wp-content\/uploads\/2021\/02\/cropped-cropped-atvlogo-1-1-1.png\",\"width\":267,\"height\":160,\"caption\":\"V3 ATV-PARTS.HU\"},\"image\":{\"@id\":\"https:\/\/v3.atv-parts.hu\/#\/schema\/logo\/image\/\"},\"sameAs\":[\"https:\/\/www.facebook.com\/atvpartsHU\"]}]}<\/script>\n<meta property=\"product:price:amount\" content=\"47955.20\" \/>\n<meta property=\"product:price:currency\" content=\"HUF\" \/>\n<meta property=\"og:availability\" content=\"instock\" \/>\n<meta property=\"product:availability\" content=\"instock\" \/>\n<meta property=\"product:retailer_item_id\" content=\"2416-01\" \/>\n<meta property=\"product:condition\" content=\"new\" \/>\n<!-- \/ Yoast SEO Premium plugin. -->","yoast_head_json":{"title":"DZE FESZ\u00dcLTS\u00c9GSZAB\u00c1LYOZ\u00d3 HONDA CBR1000 RR 06-15 MOSFET (50A) (31600-MFL-D01, 31600-MEL-A21) (ESR680;ESR439) - V3 ATV-PARTS.HU","robots":{"index":"index","follow":"follow","max-snippet":"max-snippet:-1","max-image-preview":"max-image-preview:large","max-video-preview":"max-video-preview:-1"},"canonical":"https:\/\/v3.atv-parts.hu\/index.php\/termek\/dze-feszultsegszabalyozo-honda-cbr1000-rr-06-15-mosfet-50a-31600-mfl-d01-31600-mel-a21-esr680esr439\/","og_locale":"hu_HU","og_type":"article","og_title":"DZE FESZ\u00dcLTS\u00c9GSZAB\u00c1LYOZ\u00d3 HONDA CBR1000 RR 06-15 MOSFET (50A) (31600-MFL-D01, 31600-MEL-A21) (ESR680;ESR439)","og_description":"DZE FESZ\u00dcLTS\u00c9GSZAB\u00c1LYOZ\u00d3 HONDA CBR1000 RR 06-15 MOSFET (50A) (31600-MFL-D01, 31600-MEL-A21) (ESR680;ESR439)","og_url":"https:\/\/v3.atv-parts.hu\/index.php\/termek\/dze-feszultsegszabalyozo-honda-cbr1000-rr-06-15-mosfet-50a-31600-mfl-d01-31600-mel-a21-esr680esr439\/","og_site_name":"V3 ATV-PARTS.HU","article_publisher":"https:\/\/www.facebook.com\/atvpartsHU","article_modified_time":"2024-05-03T10:35:33+00:00","og_image":[{"width":936,"height":677,"url":"https:\/\/v3.atv-parts.hu\/wp-content\/uploads\/2024\/03\/dze-regulator-napiecia-honda-cbr1000-rr-06-15-31.jpg","type":"image\/jpeg"}],"twitter_card":"summary_large_image","twitter_misc":{"\u00c1r":"47955,20&nbsp;&#70;&#116; \u00c1F\u00c1-val","El\u00e9rhet\u0151s\u00e9g":"K\u00e9szleten"},"schema":{"@context":"https:\/\/schema.org","@graph":[{"@type":"WebPage","@id":"https:\/\/v3.atv-parts.hu\/index.php\/termek\/dze-feszultsegszabalyozo-honda-cbr1000-rr-06-15-mosfet-50a-31600-mfl-d01-31600-mel-a21-esr680esr439\/","url":"https:\/\/v3.atv-parts.hu\/index.php\/termek\/dze-feszultsegszabalyozo-honda-cbr1000-rr-06-15-mosfet-50a-31600-mfl-d01-31600-mel-a21-esr680esr439\/","name":"DZE FESZ\u00dcLTS\u00c9GSZAB\u00c1LYOZ\u00d3 HONDA CBR1000 RR 06-15 MOSFET (50A) (31600-MFL-D01, 31600-MEL-A21) (ESR680;ESR439) - V3 ATV-PARTS.HU","isPartOf":{"@id":"https:\/\/v3.atv-parts.hu\/#website"},"primaryImageOfPage":{"@id":"https:\/\/v3.atv-parts.hu\/index.php\/termek\/dze-feszultsegszabalyozo-honda-cbr1000-rr-06-15-mosfet-50a-31600-mfl-d01-31600-mel-a21-esr680esr439\/#primaryimage"},"image":{"@id":"https:\/\/v3.atv-parts.hu\/index.php\/termek\/dze-feszultsegszabalyozo-honda-cbr1000-rr-06-15-mosfet-50a-31600-mfl-d01-31600-mel-a21-esr680esr439\/#primaryimage"},"thumbnailUrl":"https:\/\/v3.atv-parts.hu\/wp-content\/uploads\/2024\/03\/dze-regulator-napiecia-honda-cbr1000-rr-06-15-31.jpg","datePublished":"2024-03-27T15:40:53+00:00","dateModified":"2024-05-03T10:35:33+00:00","breadcrumb":{"@id":"https:\/\/v3.atv-parts.hu\/index.php\/termek\/dze-feszultsegszabalyozo-honda-cbr1000-rr-06-15-mosfet-50a-31600-mfl-d01-31600-mel-a21-esr680esr439\/#breadcrumb"},"inLanguage":"hu","potentialAction":[{"@type":"ReadAction","target":["https:\/\/v3.atv-parts.hu\/index.php\/termek\/dze-feszultsegszabalyozo-honda-cbr1000-rr-06-15-mosfet-50a-31600-mfl-d01-31600-mel-a21-esr680esr439\/"]}]},{"@type":"ImageObject","inLanguage":"hu","@id":"https:\/\/v3.atv-parts.hu\/index.php\/termek\/dze-feszultsegszabalyozo-honda-cbr1000-rr-06-15-mosfet-50a-31600-mfl-d01-31600-mel-a21-esr680esr439\/#primaryimage","url":"https:\/\/v3.atv-parts.hu\/wp-content\/uploads\/2024\/03\/dze-regulator-napiecia-honda-cbr1000-rr-06-15-31.jpg","contentUrl":"https:\/\/v3.atv-parts.hu\/wp-content\/uploads\/2024\/03\/dze-regulator-napiecia-honda-cbr1000-rr-06-15-31.jpg","width":936,"height":677},{"@type":"BreadcrumbList","@id":"https:\/\/v3.atv-parts.hu\/index.php\/termek\/dze-feszultsegszabalyozo-honda-cbr1000-rr-06-15-mosfet-50a-31600-mfl-d01-31600-mel-a21-esr680esr439\/#breadcrumb","itemListElement":[{"@type":"ListItem","position":1,"name":"Kezd\u0151lap","item":"https:\/\/v3.atv-parts.hu\/"},{"@type":"ListItem","position":2,"name":"Bolt","item":"https:\/\/v3.atv-parts.hu\/index.php\/bolt\/"},{"@type":"ListItem","position":3,"name":"DZE FESZ\u00dcLTS\u00c9GSZAB\u00c1LYOZ\u00d3 HONDA CBR1000 RR 06-15 MOSFET (50A) (31600-MFL-D01, 31600-MEL-A21) (ESR680;ESR439)"}]},{"@type":"WebSite","@id":"https:\/\/v3.atv-parts.hu\/#website","url":"https:\/\/v3.atv-parts.hu\/","name":"V3 ATV-PARTS.HU","description":"","publisher":{"@id":"https:\/\/v3.atv-parts.hu\/#organization"},"potentialAction":[{"@type":"SearchAction","target":{"@type":"EntryPoint","urlTemplate":"https:\/\/v3.atv-parts.hu\/?s={search_term_string}"},"query-input":"required name=search_term_string"}],"inLanguage":"hu"},{"@type":"Organization","@id":"https:\/\/v3.atv-parts.hu\/#organization","name":"V3 ATV-PARTS.HU","url":"https:\/\/v3.atv-parts.hu\/","logo":{"@type":"ImageObject","inLanguage":"hu","@id":"https:\/\/v3.atv-parts.hu\/#\/schema\/logo\/image\/","url":"https:\/\/v3.atv-parts.hu\/wp-content\/uploads\/2021\/02\/cropped-cropped-atvlogo-1-1-1.png","contentUrl":"https:\/\/v3.atv-parts.hu\/wp-content\/uploads\/2021\/02\/cropped-cropped-atvlogo-1-1-1.png","width":267,"height":160,"caption":"V3 ATV-PARTS.HU"},"image":{"@id":"https:\/\/v3.atv-parts.hu\/#\/schema\/logo\/image\/"},"sameAs":["https:\/\/www.facebook.com\/atvpartsHU"]}]},"product_price_amount":"47955.20","product_price_currency":"HUF","og_availability":"instock","product_availability":"instock","product_retailer_item_id":"2416-01","product_condition":"new"},"_links":{"self":[{"href":"https:\/\/v3.atv-parts.hu\/index.php\/wp-json\/wp\/v2\/product\/57793","targetHints":{"allow":["GET"]}}],"collection":[{"href":"https:\/\/v3.atv-parts.hu\/index.php\/wp-json\/wp\/v2\/product"}],"about":[{"href":"https:\/\/v3.atv-parts.hu\/index.php\/wp-json\/wp\/v2\/types\/product"}],"replies":[{"embeddable":true,"href":"https:\/\/v3.atv-parts.hu\/index.php\/wp-json\/wp\/v2\/comments?post=57793"}],"wp:featuredmedia":[{"embeddable":true,"href":"https:\/\/v3.atv-parts.hu\/index.php\/wp-json\/wp\/v2\/media\/57794"}],"wp:attachment":[{"href":"https:\/\/v3.atv-parts.hu\/index.php\/wp-json\/wp\/v2\/media?parent=57793"}],"wp:term":[{"taxonomy":"product_cat","embeddable":true,"href":"https:\/\/v3.atv-parts.hu\/index.php\/wp-json\/wp\/v2\/product_cat?post=57793"},{"taxonomy":"product_tag","embeddable":true,"href":"https:\/\/v3.atv-parts.hu\/index.php\/wp-json\/wp\/v2\/product_tag?post=57793"}],"curies":[{"name":"wp","href":"https:\/\/api.w.org\/{rel}","templated":true}]}}