{"id":5865,"date":"2024-03-26T15:22:18","date_gmt":"2024-03-26T14:22:18","guid":{"rendered":"https:\/\/v3.atv-parts.hu\/index.php\/termek\/vertex-dugattyu-ktm-2t-sx-250-sx250-04-22-exc-250-exc250-06-22-tpi-18-22-freeride-250r-14-18-husqvarna-tc-te-14-50-22-beta-rr-250-13-22-6635-mm\/"},"modified":"2024-05-03T12:33:25","modified_gmt":"2024-05-03T10:33:25","slug":"vertex-dugattyu-ktm-2t-sx-250-sx250-04-22-exc-250-exc250-06-22-tpi-18-22-freeride-250r-14-18-husqvarna-tc-te-14-50-22-beta-rr-250-13-22-6635-mm","status":"publish","type":"product","link":"https:\/\/v3.atv-parts.hu\/index.php\/termek\/vertex-dugattyu-ktm-2t-sx-250-sx250-04-22-exc-250-exc250-06-22-tpi-18-22-freeride-250r-14-18-husqvarna-tc-te-14-50-22-beta-rr-250-13-22-6635-mm\/","title":{"rendered":"VERTEX DUGATTY\u00da KTM (2T) SX 250 (SX250) &#8217;04 -&#8217;22, EXC 250 (EXC250) &#8217;06 -&#8217;22, TPI &#8217;18 -&#8217;22, FREERIDE 250R &#8217;14 -18, HUSQVARNA TC \/ &#8216;TE 14 -50 &#8217;22, BETA RR 250 &#8217;13 -&#8217;22 (66,35 mm)"},"content":{"rendered":"<p>VERTEX DUGATTY\u00da KTM (2T) SX 250 (SX250) &#8217;04 -&#8217;22, EXC 250 (EXC250) &#8217;06 -&#8217;22, TPI &#8217;18 -&#8217;22, FREERIDE 250R &#8217;14 -18, HUSQVARNA TC \/ &#8216;TE 14 -50 &#8217;22, BETA RR 250 &#8217;13 -&#8217;22 (66,35 mm)<\/p>\n<p>EAN: 23630B<\/p>\n<p>SKU: 23630B<\/p>\n","protected":false},"excerpt":{"rendered":"<p>VERTEX DUGATTY\u00da KTM (2T) SX 250 (SX250) &#8217;04 -&#8217;22, EXC 250 (EXC250) &#8217;06 -&#8217;22, TPI &#8217;18 -&#8217;22, FREERIDE 250R &#8217;14 -18, HUSQVARNA TC \/ &#8216;TE 14 -50 &#8217;22, BETA RR 250 &#8217;13 -&#8217;22 (66,35 mm)<\/p>\n","protected":false},"featured_media":5091,"comment_status":"closed","ping_status":"open","template":"","meta":{"_monsterinsights_skip_tracking":false,"_monsterinsights_sitenote_active":false,"_monsterinsights_sitenote_note":"","_monsterinsights_sitenote_category":0},"product_cat":[155,154,153],"product_tag":[156,182],"class_list":{"0":"post-5865","1":"product","2":"type-product","3":"status-publish","4":"has-post-thumbnail","6":"product_cat-dugattyuk-2t-motorokhoz","7":"product_cat-dugattyuk-gyuruk-csapok","8":"product_cat-motor","9":"product_tag-atv","10":"product_tag-ktm","11":"pa_marka-vertex","13":"first","14":"instock","15":"taxable","16":"shipping-taxable","17":"purchasable","18":"product-type-simple"},"yoast_head":"<!-- This site is optimized with the Yoast SEO Premium plugin v22.6 (Yoast SEO v22.6) - https:\/\/yoast.com\/wordpress\/plugins\/seo\/ -->\n<title>VERTEX DUGATTY\u00da KTM (2T) SX 250 (SX250) &#039;04 -&#039;22, EXC 250 (EXC250) &#039;06 -&#039;22, TPI &#039;18 -&#039;22, FREERIDE 250R &#039;14 -18, HUSQVARNA TC \/ &#039;TE 14 -50 &#039;22, BETA RR 250 &#039;13 -&#039;22 (66,35 mm) - V3 ATV-PARTS.HU<\/title>\n<meta name=\"robots\" content=\"index, follow, max-snippet:-1, max-image-preview:large, max-video-preview:-1\" \/>\n<link rel=\"canonical\" href=\"https:\/\/v3.atv-parts.hu\/index.php\/termek\/vertex-dugattyu-ktm-2t-sx-250-sx250-04-22-exc-250-exc250-06-22-tpi-18-22-freeride-250r-14-18-husqvarna-tc-te-14-50-22-beta-rr-250-13-22-6635-mm\/\" \/>\n<meta property=\"og:locale\" content=\"hu_HU\" \/>\n<meta property=\"og:type\" content=\"article\" \/>\n<meta property=\"og:title\" content=\"VERTEX DUGATTY\u00da KTM (2T) SX 250 (SX250) &#039;04 -&#039;22, EXC 250 (EXC250) &#039;06 -&#039;22, TPI &#039;18 -&#039;22, FREERIDE 250R &#039;14 -18, HUSQVARNA TC \/ &#039;TE 14 -50 &#039;22, BETA RR 250 &#039;13 -&#039;22 (66,35 mm)\" \/>\n<meta property=\"og:description\" content=\"VERTEX DUGATTY\u00da KTM (2T) SX 250 (SX250) &#039;04 -&#039;22, EXC 250 (EXC250) &#039;06 -&#039;22, TPI &#039;18 -&#039;22, FREERIDE 250R &#039;14 -18, HUSQVARNA TC \/ &#039;TE 14 -50 &#039;22, BETA RR 250 &#039;13 -&#039;22 (66,35 mm)\" \/>\n<meta property=\"og:url\" content=\"https:\/\/v3.atv-parts.hu\/index.php\/termek\/vertex-dugattyu-ktm-2t-sx-250-sx250-04-22-exc-250-exc250-06-22-tpi-18-22-freeride-250r-14-18-husqvarna-tc-te-14-50-22-beta-rr-250-13-22-6635-mm\/\" \/>\n<meta property=\"og:site_name\" content=\"V3 ATV-PARTS.HU\" \/>\n<meta property=\"article:publisher\" content=\"https:\/\/www.facebook.com\/atvpartsHU\" \/>\n<meta property=\"article:modified_time\" content=\"2024-05-03T10:33:25+00:00\" \/>\n<meta property=\"og:image\" content=\"https:\/\/v3.atv-parts.hu\/wp-content\/uploads\/2024\/03\/vertex-tlok-ktm-2t-sx-250-sx250-exc-250-exc2.jpg\" \/>\n\t<meta property=\"og:image:width\" content=\"1000\" \/>\n\t<meta property=\"og:image:height\" content=\"1000\" \/>\n\t<meta property=\"og:image:type\" content=\"image\/jpeg\" \/>\n<meta name=\"twitter:card\" content=\"summary_large_image\" \/>\n<meta name=\"twitter:label1\" content=\"\u00c1r\" \/>\n\t<meta name=\"twitter:data1\" content=\"53417,47&nbsp;&#70;&#116; \u00c1F\u00c1-val\" \/>\n\t<meta name=\"twitter:label2\" content=\"El\u00e9rhet\u0151s\u00e9g\" \/>\n\t<meta name=\"twitter:data2\" content=\"K\u00e9szleten\" \/>\n<script type=\"application\/ld+json\" class=\"yoast-schema-graph\">{\"@context\":\"https:\/\/schema.org\",\"@graph\":[{\"@type\":\"WebPage\",\"@id\":\"https:\/\/v3.atv-parts.hu\/index.php\/termek\/vertex-dugattyu-ktm-2t-sx-250-sx250-04-22-exc-250-exc250-06-22-tpi-18-22-freeride-250r-14-18-husqvarna-tc-te-14-50-22-beta-rr-250-13-22-6635-mm\/\",\"url\":\"https:\/\/v3.atv-parts.hu\/index.php\/termek\/vertex-dugattyu-ktm-2t-sx-250-sx250-04-22-exc-250-exc250-06-22-tpi-18-22-freeride-250r-14-18-husqvarna-tc-te-14-50-22-beta-rr-250-13-22-6635-mm\/\",\"name\":\"VERTEX DUGATTY\u00da KTM (2T) SX 250 (SX250) '04 -'22, EXC 250 (EXC250) '06 -'22, TPI '18 -'22, FREERIDE 250R '14 -18, HUSQVARNA TC \/ 'TE 14 -50 '22, BETA RR 250 '13 -'22 (66,35 mm) - V3 ATV-PARTS.HU\",\"isPartOf\":{\"@id\":\"https:\/\/v3.atv-parts.hu\/#website\"},\"primaryImageOfPage\":{\"@id\":\"https:\/\/v3.atv-parts.hu\/index.php\/termek\/vertex-dugattyu-ktm-2t-sx-250-sx250-04-22-exc-250-exc250-06-22-tpi-18-22-freeride-250r-14-18-husqvarna-tc-te-14-50-22-beta-rr-250-13-22-6635-mm\/#primaryimage\"},\"image\":{\"@id\":\"https:\/\/v3.atv-parts.hu\/index.php\/termek\/vertex-dugattyu-ktm-2t-sx-250-sx250-04-22-exc-250-exc250-06-22-tpi-18-22-freeride-250r-14-18-husqvarna-tc-te-14-50-22-beta-rr-250-13-22-6635-mm\/#primaryimage\"},\"thumbnailUrl\":\"https:\/\/v3.atv-parts.hu\/wp-content\/uploads\/2024\/03\/vertex-tlok-ktm-2t-sx-250-sx250-exc-250-exc2.jpg\",\"datePublished\":\"2024-03-26T14:22:18+00:00\",\"dateModified\":\"2024-05-03T10:33:25+00:00\",\"breadcrumb\":{\"@id\":\"https:\/\/v3.atv-parts.hu\/index.php\/termek\/vertex-dugattyu-ktm-2t-sx-250-sx250-04-22-exc-250-exc250-06-22-tpi-18-22-freeride-250r-14-18-husqvarna-tc-te-14-50-22-beta-rr-250-13-22-6635-mm\/#breadcrumb\"},\"inLanguage\":\"hu\",\"potentialAction\":[{\"@type\":\"ReadAction\",\"target\":[\"https:\/\/v3.atv-parts.hu\/index.php\/termek\/vertex-dugattyu-ktm-2t-sx-250-sx250-04-22-exc-250-exc250-06-22-tpi-18-22-freeride-250r-14-18-husqvarna-tc-te-14-50-22-beta-rr-250-13-22-6635-mm\/\"]}]},{\"@type\":\"ImageObject\",\"inLanguage\":\"hu\",\"@id\":\"https:\/\/v3.atv-parts.hu\/index.php\/termek\/vertex-dugattyu-ktm-2t-sx-250-sx250-04-22-exc-250-exc250-06-22-tpi-18-22-freeride-250r-14-18-husqvarna-tc-te-14-50-22-beta-rr-250-13-22-6635-mm\/#primaryimage\",\"url\":\"https:\/\/v3.atv-parts.hu\/wp-content\/uploads\/2024\/03\/vertex-tlok-ktm-2t-sx-250-sx250-exc-250-exc2.jpg\",\"contentUrl\":\"https:\/\/v3.atv-parts.hu\/wp-content\/uploads\/2024\/03\/vertex-tlok-ktm-2t-sx-250-sx250-exc-250-exc2.jpg\",\"width\":1000,\"height\":1000},{\"@type\":\"BreadcrumbList\",\"@id\":\"https:\/\/v3.atv-parts.hu\/index.php\/termek\/vertex-dugattyu-ktm-2t-sx-250-sx250-04-22-exc-250-exc250-06-22-tpi-18-22-freeride-250r-14-18-husqvarna-tc-te-14-50-22-beta-rr-250-13-22-6635-mm\/#breadcrumb\",\"itemListElement\":[{\"@type\":\"ListItem\",\"position\":1,\"name\":\"Kezd\u0151lap\",\"item\":\"https:\/\/v3.atv-parts.hu\/\"},{\"@type\":\"ListItem\",\"position\":2,\"name\":\"Bolt\",\"item\":\"https:\/\/v3.atv-parts.hu\/index.php\/bolt\/\"},{\"@type\":\"ListItem\",\"position\":3,\"name\":\"VERTEX DUGATTY\u00da KTM (2T) SX 250 (SX250) &#8217;04 -&#8217;22, EXC 250 (EXC250) &#8217;06 -&#8217;22, TPI &#8217;18 -&#8217;22, FREERIDE 250R &#8217;14 -18, HUSQVARNA TC \/ &#8216;TE 14 -50 &#8217;22, BETA RR 250 &#8217;13 -&#8217;22 (66,35 mm)\"}]},{\"@type\":\"WebSite\",\"@id\":\"https:\/\/v3.atv-parts.hu\/#website\",\"url\":\"https:\/\/v3.atv-parts.hu\/\",\"name\":\"V3 ATV-PARTS.HU\",\"description\":\"\",\"publisher\":{\"@id\":\"https:\/\/v3.atv-parts.hu\/#organization\"},\"potentialAction\":[{\"@type\":\"SearchAction\",\"target\":{\"@type\":\"EntryPoint\",\"urlTemplate\":\"https:\/\/v3.atv-parts.hu\/?s={search_term_string}\"},\"query-input\":\"required name=search_term_string\"}],\"inLanguage\":\"hu\"},{\"@type\":\"Organization\",\"@id\":\"https:\/\/v3.atv-parts.hu\/#organization\",\"name\":\"V3 ATV-PARTS.HU\",\"url\":\"https:\/\/v3.atv-parts.hu\/\",\"logo\":{\"@type\":\"ImageObject\",\"inLanguage\":\"hu\",\"@id\":\"https:\/\/v3.atv-parts.hu\/#\/schema\/logo\/image\/\",\"url\":\"https:\/\/v3.atv-parts.hu\/wp-content\/uploads\/2021\/02\/cropped-cropped-atvlogo-1-1-1.png\",\"contentUrl\":\"https:\/\/v3.atv-parts.hu\/wp-content\/uploads\/2021\/02\/cropped-cropped-atvlogo-1-1-1.png\",\"width\":267,\"height\":160,\"caption\":\"V3 ATV-PARTS.HU\"},\"image\":{\"@id\":\"https:\/\/v3.atv-parts.hu\/#\/schema\/logo\/image\/\"},\"sameAs\":[\"https:\/\/www.facebook.com\/atvpartsHU\"]}]}<\/script>\n<meta property=\"product:price:amount\" content=\"53417.47\" \/>\n<meta property=\"product:price:currency\" content=\"HUF\" \/>\n<meta property=\"og:availability\" content=\"instock\" \/>\n<meta property=\"product:availability\" content=\"instock\" \/>\n<meta property=\"product:retailer_item_id\" content=\"23630B\" \/>\n<meta property=\"product:condition\" content=\"new\" \/>\n<!-- \/ Yoast SEO Premium plugin. -->","yoast_head_json":{"title":"VERTEX DUGATTY\u00da KTM (2T) SX 250 (SX250) '04 -'22, EXC 250 (EXC250) '06 -'22, TPI '18 -'22, FREERIDE 250R '14 -18, HUSQVARNA TC \/ 'TE 14 -50 '22, BETA RR 250 '13 -'22 (66,35 mm) - V3 ATV-PARTS.HU","robots":{"index":"index","follow":"follow","max-snippet":"max-snippet:-1","max-image-preview":"max-image-preview:large","max-video-preview":"max-video-preview:-1"},"canonical":"https:\/\/v3.atv-parts.hu\/index.php\/termek\/vertex-dugattyu-ktm-2t-sx-250-sx250-04-22-exc-250-exc250-06-22-tpi-18-22-freeride-250r-14-18-husqvarna-tc-te-14-50-22-beta-rr-250-13-22-6635-mm\/","og_locale":"hu_HU","og_type":"article","og_title":"VERTEX DUGATTY\u00da KTM (2T) SX 250 (SX250) '04 -'22, EXC 250 (EXC250) '06 -'22, TPI '18 -'22, FREERIDE 250R '14 -18, HUSQVARNA TC \/ 'TE 14 -50 '22, BETA RR 250 '13 -'22 (66,35 mm)","og_description":"VERTEX DUGATTY\u00da KTM (2T) SX 250 (SX250) '04 -'22, EXC 250 (EXC250) '06 -'22, TPI '18 -'22, FREERIDE 250R '14 -18, HUSQVARNA TC \/ 'TE 14 -50 '22, BETA RR 250 '13 -'22 (66,35 mm)","og_url":"https:\/\/v3.atv-parts.hu\/index.php\/termek\/vertex-dugattyu-ktm-2t-sx-250-sx250-04-22-exc-250-exc250-06-22-tpi-18-22-freeride-250r-14-18-husqvarna-tc-te-14-50-22-beta-rr-250-13-22-6635-mm\/","og_site_name":"V3 ATV-PARTS.HU","article_publisher":"https:\/\/www.facebook.com\/atvpartsHU","article_modified_time":"2024-05-03T10:33:25+00:00","og_image":[{"width":1000,"height":1000,"url":"https:\/\/v3.atv-parts.hu\/wp-content\/uploads\/2024\/03\/vertex-tlok-ktm-2t-sx-250-sx250-exc-250-exc2.jpg","type":"image\/jpeg"}],"twitter_card":"summary_large_image","twitter_misc":{"\u00c1r":"53417,47&nbsp;&#70;&#116; \u00c1F\u00c1-val","El\u00e9rhet\u0151s\u00e9g":"K\u00e9szleten"},"schema":{"@context":"https:\/\/schema.org","@graph":[{"@type":"WebPage","@id":"https:\/\/v3.atv-parts.hu\/index.php\/termek\/vertex-dugattyu-ktm-2t-sx-250-sx250-04-22-exc-250-exc250-06-22-tpi-18-22-freeride-250r-14-18-husqvarna-tc-te-14-50-22-beta-rr-250-13-22-6635-mm\/","url":"https:\/\/v3.atv-parts.hu\/index.php\/termek\/vertex-dugattyu-ktm-2t-sx-250-sx250-04-22-exc-250-exc250-06-22-tpi-18-22-freeride-250r-14-18-husqvarna-tc-te-14-50-22-beta-rr-250-13-22-6635-mm\/","name":"VERTEX DUGATTY\u00da KTM (2T) SX 250 (SX250) '04 -'22, EXC 250 (EXC250) '06 -'22, TPI '18 -'22, FREERIDE 250R '14 -18, HUSQVARNA TC \/ 'TE 14 -50 '22, BETA RR 250 '13 -'22 (66,35 mm) - V3 ATV-PARTS.HU","isPartOf":{"@id":"https:\/\/v3.atv-parts.hu\/#website"},"primaryImageOfPage":{"@id":"https:\/\/v3.atv-parts.hu\/index.php\/termek\/vertex-dugattyu-ktm-2t-sx-250-sx250-04-22-exc-250-exc250-06-22-tpi-18-22-freeride-250r-14-18-husqvarna-tc-te-14-50-22-beta-rr-250-13-22-6635-mm\/#primaryimage"},"image":{"@id":"https:\/\/v3.atv-parts.hu\/index.php\/termek\/vertex-dugattyu-ktm-2t-sx-250-sx250-04-22-exc-250-exc250-06-22-tpi-18-22-freeride-250r-14-18-husqvarna-tc-te-14-50-22-beta-rr-250-13-22-6635-mm\/#primaryimage"},"thumbnailUrl":"https:\/\/v3.atv-parts.hu\/wp-content\/uploads\/2024\/03\/vertex-tlok-ktm-2t-sx-250-sx250-exc-250-exc2.jpg","datePublished":"2024-03-26T14:22:18+00:00","dateModified":"2024-05-03T10:33:25+00:00","breadcrumb":{"@id":"https:\/\/v3.atv-parts.hu\/index.php\/termek\/vertex-dugattyu-ktm-2t-sx-250-sx250-04-22-exc-250-exc250-06-22-tpi-18-22-freeride-250r-14-18-husqvarna-tc-te-14-50-22-beta-rr-250-13-22-6635-mm\/#breadcrumb"},"inLanguage":"hu","potentialAction":[{"@type":"ReadAction","target":["https:\/\/v3.atv-parts.hu\/index.php\/termek\/vertex-dugattyu-ktm-2t-sx-250-sx250-04-22-exc-250-exc250-06-22-tpi-18-22-freeride-250r-14-18-husqvarna-tc-te-14-50-22-beta-rr-250-13-22-6635-mm\/"]}]},{"@type":"ImageObject","inLanguage":"hu","@id":"https:\/\/v3.atv-parts.hu\/index.php\/termek\/vertex-dugattyu-ktm-2t-sx-250-sx250-04-22-exc-250-exc250-06-22-tpi-18-22-freeride-250r-14-18-husqvarna-tc-te-14-50-22-beta-rr-250-13-22-6635-mm\/#primaryimage","url":"https:\/\/v3.atv-parts.hu\/wp-content\/uploads\/2024\/03\/vertex-tlok-ktm-2t-sx-250-sx250-exc-250-exc2.jpg","contentUrl":"https:\/\/v3.atv-parts.hu\/wp-content\/uploads\/2024\/03\/vertex-tlok-ktm-2t-sx-250-sx250-exc-250-exc2.jpg","width":1000,"height":1000},{"@type":"BreadcrumbList","@id":"https:\/\/v3.atv-parts.hu\/index.php\/termek\/vertex-dugattyu-ktm-2t-sx-250-sx250-04-22-exc-250-exc250-06-22-tpi-18-22-freeride-250r-14-18-husqvarna-tc-te-14-50-22-beta-rr-250-13-22-6635-mm\/#breadcrumb","itemListElement":[{"@type":"ListItem","position":1,"name":"Kezd\u0151lap","item":"https:\/\/v3.atv-parts.hu\/"},{"@type":"ListItem","position":2,"name":"Bolt","item":"https:\/\/v3.atv-parts.hu\/index.php\/bolt\/"},{"@type":"ListItem","position":3,"name":"VERTEX DUGATTY\u00da KTM (2T) SX 250 (SX250) &#8217;04 -&#8217;22, EXC 250 (EXC250) &#8217;06 -&#8217;22, TPI &#8217;18 -&#8217;22, FREERIDE 250R &#8217;14 -18, HUSQVARNA TC \/ &#8216;TE 14 -50 &#8217;22, BETA RR 250 &#8217;13 -&#8217;22 (66,35 mm)"}]},{"@type":"WebSite","@id":"https:\/\/v3.atv-parts.hu\/#website","url":"https:\/\/v3.atv-parts.hu\/","name":"V3 ATV-PARTS.HU","description":"","publisher":{"@id":"https:\/\/v3.atv-parts.hu\/#organization"},"potentialAction":[{"@type":"SearchAction","target":{"@type":"EntryPoint","urlTemplate":"https:\/\/v3.atv-parts.hu\/?s={search_term_string}"},"query-input":"required name=search_term_string"}],"inLanguage":"hu"},{"@type":"Organization","@id":"https:\/\/v3.atv-parts.hu\/#organization","name":"V3 ATV-PARTS.HU","url":"https:\/\/v3.atv-parts.hu\/","logo":{"@type":"ImageObject","inLanguage":"hu","@id":"https:\/\/v3.atv-parts.hu\/#\/schema\/logo\/image\/","url":"https:\/\/v3.atv-parts.hu\/wp-content\/uploads\/2021\/02\/cropped-cropped-atvlogo-1-1-1.png","contentUrl":"https:\/\/v3.atv-parts.hu\/wp-content\/uploads\/2021\/02\/cropped-cropped-atvlogo-1-1-1.png","width":267,"height":160,"caption":"V3 ATV-PARTS.HU"},"image":{"@id":"https:\/\/v3.atv-parts.hu\/#\/schema\/logo\/image\/"},"sameAs":["https:\/\/www.facebook.com\/atvpartsHU"]}]},"product_price_amount":"53417.47","product_price_currency":"HUF","og_availability":"instock","product_availability":"instock","product_retailer_item_id":"23630B","product_condition":"new"},"_links":{"self":[{"href":"https:\/\/v3.atv-parts.hu\/index.php\/wp-json\/wp\/v2\/product\/5865","targetHints":{"allow":["GET"]}}],"collection":[{"href":"https:\/\/v3.atv-parts.hu\/index.php\/wp-json\/wp\/v2\/product"}],"about":[{"href":"https:\/\/v3.atv-parts.hu\/index.php\/wp-json\/wp\/v2\/types\/product"}],"replies":[{"embeddable":true,"href":"https:\/\/v3.atv-parts.hu\/index.php\/wp-json\/wp\/v2\/comments?post=5865"}],"wp:featuredmedia":[{"embeddable":true,"href":"https:\/\/v3.atv-parts.hu\/index.php\/wp-json\/wp\/v2\/media\/5091"}],"wp:attachment":[{"href":"https:\/\/v3.atv-parts.hu\/index.php\/wp-json\/wp\/v2\/media?parent=5865"}],"wp:term":[{"taxonomy":"product_cat","embeddable":true,"href":"https:\/\/v3.atv-parts.hu\/index.php\/wp-json\/wp\/v2\/product_cat?post=5865"},{"taxonomy":"product_tag","embeddable":true,"href":"https:\/\/v3.atv-parts.hu\/index.php\/wp-json\/wp\/v2\/product_tag?post=5865"}],"curies":[{"name":"wp","href":"https:\/\/api.w.org\/{rel}","templated":true}]}}