{"id":63647,"date":"2024-03-27T21:16:45","date_gmt":"2024-03-27T20:16:45","guid":{"rendered":"https:\/\/v3.atv-parts.hu\/index.php\/termek\/moto-master-promocios-fekkeszlet-beta-rr-125-200-250-300-13-21-350-390-400-430-450-480-13-20-tartalmazza-lebeszo-tarcsa-270mm-ad11228\/"},"modified":"2024-05-03T14:16:11","modified_gmt":"2024-05-03T12:16:11","slug":"moto-master-promocios-fekkeszlet-beta-rr-125-200-250-300-13-21-350-390-400-430-450-480-13-20-tartalmazza-lebeszo-tarcsa-270mm-ad11228","status":"publish","type":"product","link":"https:\/\/v3.atv-parts.hu\/index.php\/termek\/moto-master-promocios-fekkeszlet-beta-rr-125-200-250-300-13-21-350-390-400-430-450-480-13-20-tartalmazza-lebeszo-tarcsa-270mm-ad11228\/","title":{"rendered":"MOTO-MASTER PROM\u00d3CI\u00d3S F\u00c9KK\u00c9SZLET B\u00c9TA RR 125\/200\/250\/300 &#8217;13-&#8217;21, 350\/390\/400\/430\/450\/480 &#8217;13-&#8217;20 TARTALMAZZA: LEBESZ\u0150 T\u00c1Rcsa 270MM, AD11228"},"content":{"rendered":"<p>MOTO-MASTER PROM\u00d3CI\u00d3S F\u00c9KK\u00c9SZLET B\u00c9TA RR 125\/200\/250\/300 &#8217;13-&#8217;21, 350\/390\/400\/430\/450\/480 &#8217;13-&#8217;20 TARTALMAZZA: LEBESZ\u0150 T\u00c1Rcsa 270MM, AD11228<\/p>\n<p>SKU: M310038<\/p>\n","protected":false},"excerpt":{"rendered":"<p>MOTO-MASTER PROM\u00d3CI\u00d3S F\u00c9KK\u00c9SZLET B\u00c9TA RR 125\/200\/250\/300 &#8217;13-&#8217;21, 350\/390\/400\/430\/450\/480 &#8217;13-&#8217;20 TARTALMAZZA: LEBESZ\u0150 T\u00c1Rcsa 270MM, AD11228<\/p>\n","protected":false},"featured_media":63648,"comment_status":"closed","ping_status":"open","template":"","meta":{"_monsterinsights_skip_tracking":false,"_monsterinsights_sitenote_active":false,"_monsterinsights_sitenote_note":"","_monsterinsights_sitenote_category":0},"product_cat":[493,283,492],"product_tag":[],"class_list":{"0":"post-63647","1":"product","2":"type-product","3":"status-publish","4":"has-post-thumbnail","6":"product_cat-elso-fektarcsak","7":"product_cat-fekrendszer","8":"product_cat-fektarcsak","9":"pa_marka-moto-master","11":"first","12":"instock","13":"taxable","14":"shipping-taxable","15":"purchasable","16":"product-type-simple"},"yoast_head":"<!-- This site is optimized with the Yoast SEO Premium plugin v22.6 (Yoast SEO v22.6) - https:\/\/yoast.com\/wordpress\/plugins\/seo\/ -->\n<title>MOTO-MASTER PROM\u00d3CI\u00d3S F\u00c9KK\u00c9SZLET B\u00c9TA RR 125\/200\/250\/300 &#039;13-&#039;21, 350\/390\/400\/430\/450\/480 &#039;13-&#039;20 TARTALMAZZA: LEBESZ\u0150 T\u00c1Rcsa 270MM, AD11228 - V3 ATV-PARTS.HU<\/title>\n<meta name=\"robots\" content=\"index, follow, max-snippet:-1, max-image-preview:large, max-video-preview:-1\" \/>\n<link rel=\"canonical\" href=\"https:\/\/v3.atv-parts.hu\/index.php\/termek\/moto-master-promocios-fekkeszlet-beta-rr-125-200-250-300-13-21-350-390-400-430-450-480-13-20-tartalmazza-lebeszo-tarcsa-270mm-ad11228\/\" \/>\n<meta property=\"og:locale\" content=\"hu_HU\" \/>\n<meta property=\"og:type\" content=\"article\" \/>\n<meta property=\"og:title\" content=\"MOTO-MASTER PROM\u00d3CI\u00d3S F\u00c9KK\u00c9SZLET B\u00c9TA RR 125\/200\/250\/300 &#039;13-&#039;21, 350\/390\/400\/430\/450\/480 &#039;13-&#039;20 TARTALMAZZA: LEBESZ\u0150 T\u00c1Rcsa 270MM, AD11228\" \/>\n<meta property=\"og:description\" content=\"MOTO-MASTER PROM\u00d3CI\u00d3S F\u00c9KK\u00c9SZLET B\u00c9TA RR 125\/200\/250\/300 &#039;13-&#039;21, 350\/390\/400\/430\/450\/480 &#039;13-&#039;20 TARTALMAZZA: LEBESZ\u0150 T\u00c1Rcsa 270MM, AD11228\" \/>\n<meta property=\"og:url\" content=\"https:\/\/v3.atv-parts.hu\/index.php\/termek\/moto-master-promocios-fekkeszlet-beta-rr-125-200-250-300-13-21-350-390-400-430-450-480-13-20-tartalmazza-lebeszo-tarcsa-270mm-ad11228\/\" \/>\n<meta property=\"og:site_name\" content=\"V3 ATV-PARTS.HU\" \/>\n<meta property=\"article:publisher\" content=\"https:\/\/www.facebook.com\/atvpartsHU\" \/>\n<meta property=\"article:modified_time\" content=\"2024-05-03T12:16:11+00:00\" \/>\n<meta property=\"og:image\" content=\"https:\/\/v3.atv-parts.hu\/wp-content\/uploads\/2024\/03\/moto-master-zestaw-beta-250-300-350-390-400-430-45.jpg\" \/>\n\t<meta property=\"og:image:width\" content=\"916\" \/>\n\t<meta property=\"og:image:height\" content=\"919\" \/>\n\t<meta property=\"og:image:type\" content=\"image\/jpeg\" \/>\n<meta name=\"twitter:card\" content=\"summary_large_image\" \/>\n<meta name=\"twitter:label1\" content=\"\u00c1r\" \/>\n\t<meta name=\"twitter:data1\" content=\"86310,47&nbsp;&#70;&#116; \u00c1F\u00c1-val\" \/>\n\t<meta name=\"twitter:label2\" content=\"El\u00e9rhet\u0151s\u00e9g\" \/>\n\t<meta name=\"twitter:data2\" content=\"K\u00e9szleten\" \/>\n<script type=\"application\/ld+json\" class=\"yoast-schema-graph\">{\"@context\":\"https:\/\/schema.org\",\"@graph\":[{\"@type\":\"WebPage\",\"@id\":\"https:\/\/v3.atv-parts.hu\/index.php\/termek\/moto-master-promocios-fekkeszlet-beta-rr-125-200-250-300-13-21-350-390-400-430-450-480-13-20-tartalmazza-lebeszo-tarcsa-270mm-ad11228\/\",\"url\":\"https:\/\/v3.atv-parts.hu\/index.php\/termek\/moto-master-promocios-fekkeszlet-beta-rr-125-200-250-300-13-21-350-390-400-430-450-480-13-20-tartalmazza-lebeszo-tarcsa-270mm-ad11228\/\",\"name\":\"MOTO-MASTER PROM\u00d3CI\u00d3S F\u00c9KK\u00c9SZLET B\u00c9TA RR 125\/200\/250\/300 '13-'21, 350\/390\/400\/430\/450\/480 '13-'20 TARTALMAZZA: LEBESZ\u0150 T\u00c1Rcsa 270MM, AD11228 - V3 ATV-PARTS.HU\",\"isPartOf\":{\"@id\":\"https:\/\/v3.atv-parts.hu\/#website\"},\"primaryImageOfPage\":{\"@id\":\"https:\/\/v3.atv-parts.hu\/index.php\/termek\/moto-master-promocios-fekkeszlet-beta-rr-125-200-250-300-13-21-350-390-400-430-450-480-13-20-tartalmazza-lebeszo-tarcsa-270mm-ad11228\/#primaryimage\"},\"image\":{\"@id\":\"https:\/\/v3.atv-parts.hu\/index.php\/termek\/moto-master-promocios-fekkeszlet-beta-rr-125-200-250-300-13-21-350-390-400-430-450-480-13-20-tartalmazza-lebeszo-tarcsa-270mm-ad11228\/#primaryimage\"},\"thumbnailUrl\":\"https:\/\/v3.atv-parts.hu\/wp-content\/uploads\/2024\/03\/moto-master-zestaw-beta-250-300-350-390-400-430-45.jpg\",\"datePublished\":\"2024-03-27T20:16:45+00:00\",\"dateModified\":\"2024-05-03T12:16:11+00:00\",\"breadcrumb\":{\"@id\":\"https:\/\/v3.atv-parts.hu\/index.php\/termek\/moto-master-promocios-fekkeszlet-beta-rr-125-200-250-300-13-21-350-390-400-430-450-480-13-20-tartalmazza-lebeszo-tarcsa-270mm-ad11228\/#breadcrumb\"},\"inLanguage\":\"hu\",\"potentialAction\":[{\"@type\":\"ReadAction\",\"target\":[\"https:\/\/v3.atv-parts.hu\/index.php\/termek\/moto-master-promocios-fekkeszlet-beta-rr-125-200-250-300-13-21-350-390-400-430-450-480-13-20-tartalmazza-lebeszo-tarcsa-270mm-ad11228\/\"]}]},{\"@type\":\"ImageObject\",\"inLanguage\":\"hu\",\"@id\":\"https:\/\/v3.atv-parts.hu\/index.php\/termek\/moto-master-promocios-fekkeszlet-beta-rr-125-200-250-300-13-21-350-390-400-430-450-480-13-20-tartalmazza-lebeszo-tarcsa-270mm-ad11228\/#primaryimage\",\"url\":\"https:\/\/v3.atv-parts.hu\/wp-content\/uploads\/2024\/03\/moto-master-zestaw-beta-250-300-350-390-400-430-45.jpg\",\"contentUrl\":\"https:\/\/v3.atv-parts.hu\/wp-content\/uploads\/2024\/03\/moto-master-zestaw-beta-250-300-350-390-400-430-45.jpg\",\"width\":916,\"height\":919},{\"@type\":\"BreadcrumbList\",\"@id\":\"https:\/\/v3.atv-parts.hu\/index.php\/termek\/moto-master-promocios-fekkeszlet-beta-rr-125-200-250-300-13-21-350-390-400-430-450-480-13-20-tartalmazza-lebeszo-tarcsa-270mm-ad11228\/#breadcrumb\",\"itemListElement\":[{\"@type\":\"ListItem\",\"position\":1,\"name\":\"Kezd\u0151lap\",\"item\":\"https:\/\/v3.atv-parts.hu\/\"},{\"@type\":\"ListItem\",\"position\":2,\"name\":\"Bolt\",\"item\":\"https:\/\/v3.atv-parts.hu\/index.php\/bolt\/\"},{\"@type\":\"ListItem\",\"position\":3,\"name\":\"MOTO-MASTER PROM\u00d3CI\u00d3S F\u00c9KK\u00c9SZLET B\u00c9TA RR 125\/200\/250\/300 &#8217;13-&#8217;21, 350\/390\/400\/430\/450\/480 &#8217;13-&#8217;20 TARTALMAZZA: LEBESZ\u0150 T\u00c1Rcsa 270MM, AD11228\"}]},{\"@type\":\"WebSite\",\"@id\":\"https:\/\/v3.atv-parts.hu\/#website\",\"url\":\"https:\/\/v3.atv-parts.hu\/\",\"name\":\"V3 ATV-PARTS.HU\",\"description\":\"\",\"publisher\":{\"@id\":\"https:\/\/v3.atv-parts.hu\/#organization\"},\"potentialAction\":[{\"@type\":\"SearchAction\",\"target\":{\"@type\":\"EntryPoint\",\"urlTemplate\":\"https:\/\/v3.atv-parts.hu\/?s={search_term_string}\"},\"query-input\":\"required name=search_term_string\"}],\"inLanguage\":\"hu\"},{\"@type\":\"Organization\",\"@id\":\"https:\/\/v3.atv-parts.hu\/#organization\",\"name\":\"V3 ATV-PARTS.HU\",\"url\":\"https:\/\/v3.atv-parts.hu\/\",\"logo\":{\"@type\":\"ImageObject\",\"inLanguage\":\"hu\",\"@id\":\"https:\/\/v3.atv-parts.hu\/#\/schema\/logo\/image\/\",\"url\":\"https:\/\/v3.atv-parts.hu\/wp-content\/uploads\/2021\/02\/cropped-cropped-atvlogo-1-1-1.png\",\"contentUrl\":\"https:\/\/v3.atv-parts.hu\/wp-content\/uploads\/2021\/02\/cropped-cropped-atvlogo-1-1-1.png\",\"width\":267,\"height\":160,\"caption\":\"V3 ATV-PARTS.HU\"},\"image\":{\"@id\":\"https:\/\/v3.atv-parts.hu\/#\/schema\/logo\/image\/\"},\"sameAs\":[\"https:\/\/www.facebook.com\/atvpartsHU\"]}]}<\/script>\n<meta property=\"product:price:amount\" content=\"86310.47\" \/>\n<meta property=\"product:price:currency\" content=\"HUF\" \/>\n<meta property=\"og:availability\" content=\"instock\" \/>\n<meta property=\"product:availability\" content=\"instock\" \/>\n<meta property=\"product:retailer_item_id\" content=\"M310038\" \/>\n<meta property=\"product:condition\" content=\"new\" \/>\n<!-- \/ Yoast SEO Premium plugin. -->","yoast_head_json":{"title":"MOTO-MASTER PROM\u00d3CI\u00d3S F\u00c9KK\u00c9SZLET B\u00c9TA RR 125\/200\/250\/300 '13-'21, 350\/390\/400\/430\/450\/480 '13-'20 TARTALMAZZA: LEBESZ\u0150 T\u00c1Rcsa 270MM, AD11228 - V3 ATV-PARTS.HU","robots":{"index":"index","follow":"follow","max-snippet":"max-snippet:-1","max-image-preview":"max-image-preview:large","max-video-preview":"max-video-preview:-1"},"canonical":"https:\/\/v3.atv-parts.hu\/index.php\/termek\/moto-master-promocios-fekkeszlet-beta-rr-125-200-250-300-13-21-350-390-400-430-450-480-13-20-tartalmazza-lebeszo-tarcsa-270mm-ad11228\/","og_locale":"hu_HU","og_type":"article","og_title":"MOTO-MASTER PROM\u00d3CI\u00d3S F\u00c9KK\u00c9SZLET B\u00c9TA RR 125\/200\/250\/300 '13-'21, 350\/390\/400\/430\/450\/480 '13-'20 TARTALMAZZA: LEBESZ\u0150 T\u00c1Rcsa 270MM, AD11228","og_description":"MOTO-MASTER PROM\u00d3CI\u00d3S F\u00c9KK\u00c9SZLET B\u00c9TA RR 125\/200\/250\/300 '13-'21, 350\/390\/400\/430\/450\/480 '13-'20 TARTALMAZZA: LEBESZ\u0150 T\u00c1Rcsa 270MM, AD11228","og_url":"https:\/\/v3.atv-parts.hu\/index.php\/termek\/moto-master-promocios-fekkeszlet-beta-rr-125-200-250-300-13-21-350-390-400-430-450-480-13-20-tartalmazza-lebeszo-tarcsa-270mm-ad11228\/","og_site_name":"V3 ATV-PARTS.HU","article_publisher":"https:\/\/www.facebook.com\/atvpartsHU","article_modified_time":"2024-05-03T12:16:11+00:00","og_image":[{"width":916,"height":919,"url":"https:\/\/v3.atv-parts.hu\/wp-content\/uploads\/2024\/03\/moto-master-zestaw-beta-250-300-350-390-400-430-45.jpg","type":"image\/jpeg"}],"twitter_card":"summary_large_image","twitter_misc":{"\u00c1r":"86310,47&nbsp;&#70;&#116; \u00c1F\u00c1-val","El\u00e9rhet\u0151s\u00e9g":"K\u00e9szleten"},"schema":{"@context":"https:\/\/schema.org","@graph":[{"@type":"WebPage","@id":"https:\/\/v3.atv-parts.hu\/index.php\/termek\/moto-master-promocios-fekkeszlet-beta-rr-125-200-250-300-13-21-350-390-400-430-450-480-13-20-tartalmazza-lebeszo-tarcsa-270mm-ad11228\/","url":"https:\/\/v3.atv-parts.hu\/index.php\/termek\/moto-master-promocios-fekkeszlet-beta-rr-125-200-250-300-13-21-350-390-400-430-450-480-13-20-tartalmazza-lebeszo-tarcsa-270mm-ad11228\/","name":"MOTO-MASTER PROM\u00d3CI\u00d3S F\u00c9KK\u00c9SZLET B\u00c9TA RR 125\/200\/250\/300 '13-'21, 350\/390\/400\/430\/450\/480 '13-'20 TARTALMAZZA: LEBESZ\u0150 T\u00c1Rcsa 270MM, AD11228 - V3 ATV-PARTS.HU","isPartOf":{"@id":"https:\/\/v3.atv-parts.hu\/#website"},"primaryImageOfPage":{"@id":"https:\/\/v3.atv-parts.hu\/index.php\/termek\/moto-master-promocios-fekkeszlet-beta-rr-125-200-250-300-13-21-350-390-400-430-450-480-13-20-tartalmazza-lebeszo-tarcsa-270mm-ad11228\/#primaryimage"},"image":{"@id":"https:\/\/v3.atv-parts.hu\/index.php\/termek\/moto-master-promocios-fekkeszlet-beta-rr-125-200-250-300-13-21-350-390-400-430-450-480-13-20-tartalmazza-lebeszo-tarcsa-270mm-ad11228\/#primaryimage"},"thumbnailUrl":"https:\/\/v3.atv-parts.hu\/wp-content\/uploads\/2024\/03\/moto-master-zestaw-beta-250-300-350-390-400-430-45.jpg","datePublished":"2024-03-27T20:16:45+00:00","dateModified":"2024-05-03T12:16:11+00:00","breadcrumb":{"@id":"https:\/\/v3.atv-parts.hu\/index.php\/termek\/moto-master-promocios-fekkeszlet-beta-rr-125-200-250-300-13-21-350-390-400-430-450-480-13-20-tartalmazza-lebeszo-tarcsa-270mm-ad11228\/#breadcrumb"},"inLanguage":"hu","potentialAction":[{"@type":"ReadAction","target":["https:\/\/v3.atv-parts.hu\/index.php\/termek\/moto-master-promocios-fekkeszlet-beta-rr-125-200-250-300-13-21-350-390-400-430-450-480-13-20-tartalmazza-lebeszo-tarcsa-270mm-ad11228\/"]}]},{"@type":"ImageObject","inLanguage":"hu","@id":"https:\/\/v3.atv-parts.hu\/index.php\/termek\/moto-master-promocios-fekkeszlet-beta-rr-125-200-250-300-13-21-350-390-400-430-450-480-13-20-tartalmazza-lebeszo-tarcsa-270mm-ad11228\/#primaryimage","url":"https:\/\/v3.atv-parts.hu\/wp-content\/uploads\/2024\/03\/moto-master-zestaw-beta-250-300-350-390-400-430-45.jpg","contentUrl":"https:\/\/v3.atv-parts.hu\/wp-content\/uploads\/2024\/03\/moto-master-zestaw-beta-250-300-350-390-400-430-45.jpg","width":916,"height":919},{"@type":"BreadcrumbList","@id":"https:\/\/v3.atv-parts.hu\/index.php\/termek\/moto-master-promocios-fekkeszlet-beta-rr-125-200-250-300-13-21-350-390-400-430-450-480-13-20-tartalmazza-lebeszo-tarcsa-270mm-ad11228\/#breadcrumb","itemListElement":[{"@type":"ListItem","position":1,"name":"Kezd\u0151lap","item":"https:\/\/v3.atv-parts.hu\/"},{"@type":"ListItem","position":2,"name":"Bolt","item":"https:\/\/v3.atv-parts.hu\/index.php\/bolt\/"},{"@type":"ListItem","position":3,"name":"MOTO-MASTER PROM\u00d3CI\u00d3S F\u00c9KK\u00c9SZLET B\u00c9TA RR 125\/200\/250\/300 &#8217;13-&#8217;21, 350\/390\/400\/430\/450\/480 &#8217;13-&#8217;20 TARTALMAZZA: LEBESZ\u0150 T\u00c1Rcsa 270MM, AD11228"}]},{"@type":"WebSite","@id":"https:\/\/v3.atv-parts.hu\/#website","url":"https:\/\/v3.atv-parts.hu\/","name":"V3 ATV-PARTS.HU","description":"","publisher":{"@id":"https:\/\/v3.atv-parts.hu\/#organization"},"potentialAction":[{"@type":"SearchAction","target":{"@type":"EntryPoint","urlTemplate":"https:\/\/v3.atv-parts.hu\/?s={search_term_string}"},"query-input":"required name=search_term_string"}],"inLanguage":"hu"},{"@type":"Organization","@id":"https:\/\/v3.atv-parts.hu\/#organization","name":"V3 ATV-PARTS.HU","url":"https:\/\/v3.atv-parts.hu\/","logo":{"@type":"ImageObject","inLanguage":"hu","@id":"https:\/\/v3.atv-parts.hu\/#\/schema\/logo\/image\/","url":"https:\/\/v3.atv-parts.hu\/wp-content\/uploads\/2021\/02\/cropped-cropped-atvlogo-1-1-1.png","contentUrl":"https:\/\/v3.atv-parts.hu\/wp-content\/uploads\/2021\/02\/cropped-cropped-atvlogo-1-1-1.png","width":267,"height":160,"caption":"V3 ATV-PARTS.HU"},"image":{"@id":"https:\/\/v3.atv-parts.hu\/#\/schema\/logo\/image\/"},"sameAs":["https:\/\/www.facebook.com\/atvpartsHU"]}]},"product_price_amount":"86310.47","product_price_currency":"HUF","og_availability":"instock","product_availability":"instock","product_retailer_item_id":"M310038","product_condition":"new"},"_links":{"self":[{"href":"https:\/\/v3.atv-parts.hu\/index.php\/wp-json\/wp\/v2\/product\/63647","targetHints":{"allow":["GET"]}}],"collection":[{"href":"https:\/\/v3.atv-parts.hu\/index.php\/wp-json\/wp\/v2\/product"}],"about":[{"href":"https:\/\/v3.atv-parts.hu\/index.php\/wp-json\/wp\/v2\/types\/product"}],"replies":[{"embeddable":true,"href":"https:\/\/v3.atv-parts.hu\/index.php\/wp-json\/wp\/v2\/comments?post=63647"}],"wp:featuredmedia":[{"embeddable":true,"href":"https:\/\/v3.atv-parts.hu\/index.php\/wp-json\/wp\/v2\/media\/63648"}],"wp:attachment":[{"href":"https:\/\/v3.atv-parts.hu\/index.php\/wp-json\/wp\/v2\/media?parent=63647"}],"wp:term":[{"taxonomy":"product_cat","embeddable":true,"href":"https:\/\/v3.atv-parts.hu\/index.php\/wp-json\/wp\/v2\/product_cat?post=63647"},{"taxonomy":"product_tag","embeddable":true,"href":"https:\/\/v3.atv-parts.hu\/index.php\/wp-json\/wp\/v2\/product_tag?post=63647"}],"curies":[{"name":"wp","href":"https:\/\/api.w.org\/{rel}","templated":true}]}}