{"id":6454,"date":"2024-03-26T15:32:38","date_gmt":"2024-03-26T14:32:38","guid":{"rendered":"https:\/\/v3.atv-parts.hu\/index.php\/termek\/vertex-dugattyu-ktm-2t-sx-85-sx85-03-22-husqvarna-tc-85-tc85-14-22-replica-4697-mm-csereles-23294d\/"},"modified":"2024-05-03T12:35:49","modified_gmt":"2024-05-03T10:35:49","slug":"vertex-dugattyu-ktm-2t-sx-85-sx85-03-22-husqvarna-tc-85-tc85-14-22-replica-4697-mm-csereles-23294d","status":"publish","type":"product","link":"https:\/\/v3.atv-parts.hu\/index.php\/termek\/vertex-dugattyu-ktm-2t-sx-85-sx85-03-22-husqvarna-tc-85-tc85-14-22-replica-4697-mm-csereles-23294d\/","title":{"rendered":"VERTEX DUGATTY\u00da KTM (2T) SX 85 (SX85) &#8217;03 -&#8217;22, HUSQVARNA TC 85 (TC85) 14-22 REPLICA (46,97 mm) &#8211; CSER\u00c9L\u00c9S 23294D"},"content":{"rendered":"<p>VERTEX DUGATTY\u00da KTM (2T) SX 85 (SX85) &#8217;03 -&#8217;22, HUSQVARNA TC 85 (TC85) 14-22 REPLICA (46,97 mm) &#8211; CSER\u00c9L\u00c9S 23294D<\/p>\n<p>EAN:<\/p>\n<p>SKU: 24212D<\/p>\n","protected":false},"excerpt":{"rendered":"<p>VERTEX DUGATTY\u00da KTM (2T) SX 85 (SX85) &#8217;03 -&#8217;22, HUSQVARNA TC 85 (TC85) 14-22 REPLICA (46,97 mm) &#8211; CSER\u00c9L\u00c9S 23294D<\/p>\n","protected":false},"featured_media":6451,"comment_status":"closed","ping_status":"open","template":"","meta":{"_monsterinsights_skip_tracking":false,"_monsterinsights_sitenote_active":false,"_monsterinsights_sitenote_note":"","_monsterinsights_sitenote_category":0},"product_cat":[155,154,153],"product_tag":[156,182],"class_list":{"0":"post-6454","1":"product","2":"type-product","3":"status-publish","4":"has-post-thumbnail","6":"product_cat-dugattyuk-2t-motorokhoz","7":"product_cat-dugattyuk-gyuruk-csapok","8":"product_cat-motor","9":"product_tag-atv","10":"product_tag-ktm","11":"pa_marka-vertex","13":"first","14":"instock","15":"taxable","16":"shipping-taxable","17":"purchasable","18":"product-type-simple"},"yoast_head":"<!-- This site is optimized with the Yoast SEO Premium plugin v22.6 (Yoast SEO v22.6) - https:\/\/yoast.com\/wordpress\/plugins\/seo\/ -->\n<title>VERTEX DUGATTY\u00da KTM (2T) SX 85 (SX85) &#039;03 -&#039;22, HUSQVARNA TC 85 (TC85) 14-22 REPLICA (46,97 mm) - CSER\u00c9L\u00c9S 23294D - V3 ATV-PARTS.HU<\/title>\n<meta name=\"robots\" content=\"index, follow, max-snippet:-1, max-image-preview:large, max-video-preview:-1\" \/>\n<link rel=\"canonical\" href=\"https:\/\/v3.atv-parts.hu\/index.php\/termek\/vertex-dugattyu-ktm-2t-sx-85-sx85-03-22-husqvarna-tc-85-tc85-14-22-replica-4697-mm-csereles-23294d\/\" \/>\n<meta property=\"og:locale\" content=\"hu_HU\" \/>\n<meta property=\"og:type\" content=\"article\" \/>\n<meta property=\"og:title\" content=\"VERTEX DUGATTY\u00da KTM (2T) SX 85 (SX85) &#039;03 -&#039;22, HUSQVARNA TC 85 (TC85) 14-22 REPLICA (46,97 mm) - CSER\u00c9L\u00c9S 23294D\" \/>\n<meta property=\"og:description\" content=\"VERTEX DUGATTY\u00da KTM (2T) SX 85 (SX85) &#039;03 -&#039;22, HUSQVARNA TC 85 (TC85) 14-22 REPLICA (46,97 mm) - CSER\u00c9L\u00c9S 23294D\" \/>\n<meta property=\"og:url\" content=\"https:\/\/v3.atv-parts.hu\/index.php\/termek\/vertex-dugattyu-ktm-2t-sx-85-sx85-03-22-husqvarna-tc-85-tc85-14-22-replica-4697-mm-csereles-23294d\/\" \/>\n<meta property=\"og:site_name\" content=\"V3 ATV-PARTS.HU\" \/>\n<meta property=\"article:publisher\" content=\"https:\/\/www.facebook.com\/atvpartsHU\" \/>\n<meta property=\"article:modified_time\" content=\"2024-05-03T10:35:49+00:00\" \/>\n<meta property=\"og:image\" content=\"https:\/\/v3.atv-parts.hu\/wp-content\/uploads\/2024\/03\/vertex-tlok-ktm-2t-sx-85-sx85-03-19-husqvar.jpg\" \/>\n\t<meta property=\"og:image:width\" content=\"576\" \/>\n\t<meta property=\"og:image:height\" content=\"800\" \/>\n\t<meta property=\"og:image:type\" content=\"image\/jpeg\" \/>\n<meta name=\"twitter:card\" content=\"summary_large_image\" \/>\n<meta name=\"twitter:label1\" content=\"\u00c1r\" \/>\n\t<meta name=\"twitter:data1\" content=\"31153,10&nbsp;&#70;&#116; \u00c1F\u00c1-val\" \/>\n\t<meta name=\"twitter:label2\" content=\"El\u00e9rhet\u0151s\u00e9g\" \/>\n\t<meta name=\"twitter:data2\" content=\"K\u00e9szleten\" \/>\n<script type=\"application\/ld+json\" class=\"yoast-schema-graph\">{\"@context\":\"https:\/\/schema.org\",\"@graph\":[{\"@type\":\"WebPage\",\"@id\":\"https:\/\/v3.atv-parts.hu\/index.php\/termek\/vertex-dugattyu-ktm-2t-sx-85-sx85-03-22-husqvarna-tc-85-tc85-14-22-replica-4697-mm-csereles-23294d\/\",\"url\":\"https:\/\/v3.atv-parts.hu\/index.php\/termek\/vertex-dugattyu-ktm-2t-sx-85-sx85-03-22-husqvarna-tc-85-tc85-14-22-replica-4697-mm-csereles-23294d\/\",\"name\":\"VERTEX DUGATTY\u00da KTM (2T) SX 85 (SX85) '03 -'22, HUSQVARNA TC 85 (TC85) 14-22 REPLICA (46,97 mm) - CSER\u00c9L\u00c9S 23294D - V3 ATV-PARTS.HU\",\"isPartOf\":{\"@id\":\"https:\/\/v3.atv-parts.hu\/#website\"},\"primaryImageOfPage\":{\"@id\":\"https:\/\/v3.atv-parts.hu\/index.php\/termek\/vertex-dugattyu-ktm-2t-sx-85-sx85-03-22-husqvarna-tc-85-tc85-14-22-replica-4697-mm-csereles-23294d\/#primaryimage\"},\"image\":{\"@id\":\"https:\/\/v3.atv-parts.hu\/index.php\/termek\/vertex-dugattyu-ktm-2t-sx-85-sx85-03-22-husqvarna-tc-85-tc85-14-22-replica-4697-mm-csereles-23294d\/#primaryimage\"},\"thumbnailUrl\":\"https:\/\/v3.atv-parts.hu\/wp-content\/uploads\/2024\/03\/vertex-tlok-ktm-2t-sx-85-sx85-03-19-husqvar.jpg\",\"datePublished\":\"2024-03-26T14:32:38+00:00\",\"dateModified\":\"2024-05-03T10:35:49+00:00\",\"breadcrumb\":{\"@id\":\"https:\/\/v3.atv-parts.hu\/index.php\/termek\/vertex-dugattyu-ktm-2t-sx-85-sx85-03-22-husqvarna-tc-85-tc85-14-22-replica-4697-mm-csereles-23294d\/#breadcrumb\"},\"inLanguage\":\"hu\",\"potentialAction\":[{\"@type\":\"ReadAction\",\"target\":[\"https:\/\/v3.atv-parts.hu\/index.php\/termek\/vertex-dugattyu-ktm-2t-sx-85-sx85-03-22-husqvarna-tc-85-tc85-14-22-replica-4697-mm-csereles-23294d\/\"]}]},{\"@type\":\"ImageObject\",\"inLanguage\":\"hu\",\"@id\":\"https:\/\/v3.atv-parts.hu\/index.php\/termek\/vertex-dugattyu-ktm-2t-sx-85-sx85-03-22-husqvarna-tc-85-tc85-14-22-replica-4697-mm-csereles-23294d\/#primaryimage\",\"url\":\"https:\/\/v3.atv-parts.hu\/wp-content\/uploads\/2024\/03\/vertex-tlok-ktm-2t-sx-85-sx85-03-19-husqvar.jpg\",\"contentUrl\":\"https:\/\/v3.atv-parts.hu\/wp-content\/uploads\/2024\/03\/vertex-tlok-ktm-2t-sx-85-sx85-03-19-husqvar.jpg\",\"width\":576,\"height\":800},{\"@type\":\"BreadcrumbList\",\"@id\":\"https:\/\/v3.atv-parts.hu\/index.php\/termek\/vertex-dugattyu-ktm-2t-sx-85-sx85-03-22-husqvarna-tc-85-tc85-14-22-replica-4697-mm-csereles-23294d\/#breadcrumb\",\"itemListElement\":[{\"@type\":\"ListItem\",\"position\":1,\"name\":\"Kezd\u0151lap\",\"item\":\"https:\/\/v3.atv-parts.hu\/\"},{\"@type\":\"ListItem\",\"position\":2,\"name\":\"Bolt\",\"item\":\"https:\/\/v3.atv-parts.hu\/index.php\/bolt\/\"},{\"@type\":\"ListItem\",\"position\":3,\"name\":\"VERTEX DUGATTY\u00da KTM (2T) SX 85 (SX85) &#8217;03 -&#8217;22, HUSQVARNA TC 85 (TC85) 14-22 REPLICA (46,97 mm) &#8211; CSER\u00c9L\u00c9S 23294D\"}]},{\"@type\":\"WebSite\",\"@id\":\"https:\/\/v3.atv-parts.hu\/#website\",\"url\":\"https:\/\/v3.atv-parts.hu\/\",\"name\":\"V3 ATV-PARTS.HU\",\"description\":\"\",\"publisher\":{\"@id\":\"https:\/\/v3.atv-parts.hu\/#organization\"},\"potentialAction\":[{\"@type\":\"SearchAction\",\"target\":{\"@type\":\"EntryPoint\",\"urlTemplate\":\"https:\/\/v3.atv-parts.hu\/?s={search_term_string}\"},\"query-input\":\"required name=search_term_string\"}],\"inLanguage\":\"hu\"},{\"@type\":\"Organization\",\"@id\":\"https:\/\/v3.atv-parts.hu\/#organization\",\"name\":\"V3 ATV-PARTS.HU\",\"url\":\"https:\/\/v3.atv-parts.hu\/\",\"logo\":{\"@type\":\"ImageObject\",\"inLanguage\":\"hu\",\"@id\":\"https:\/\/v3.atv-parts.hu\/#\/schema\/logo\/image\/\",\"url\":\"https:\/\/v3.atv-parts.hu\/wp-content\/uploads\/2021\/02\/cropped-cropped-atvlogo-1-1-1.png\",\"contentUrl\":\"https:\/\/v3.atv-parts.hu\/wp-content\/uploads\/2021\/02\/cropped-cropped-atvlogo-1-1-1.png\",\"width\":267,\"height\":160,\"caption\":\"V3 ATV-PARTS.HU\"},\"image\":{\"@id\":\"https:\/\/v3.atv-parts.hu\/#\/schema\/logo\/image\/\"},\"sameAs\":[\"https:\/\/www.facebook.com\/atvpartsHU\"]}]}<\/script>\n<meta property=\"product:price:amount\" content=\"31153.10\" \/>\n<meta property=\"product:price:currency\" content=\"HUF\" \/>\n<meta property=\"og:availability\" content=\"instock\" \/>\n<meta property=\"product:availability\" content=\"instock\" \/>\n<meta property=\"product:retailer_item_id\" content=\"24212D\" \/>\n<meta property=\"product:condition\" content=\"new\" \/>\n<!-- \/ Yoast SEO Premium plugin. -->","yoast_head_json":{"title":"VERTEX DUGATTY\u00da KTM (2T) SX 85 (SX85) '03 -'22, HUSQVARNA TC 85 (TC85) 14-22 REPLICA (46,97 mm) - CSER\u00c9L\u00c9S 23294D - V3 ATV-PARTS.HU","robots":{"index":"index","follow":"follow","max-snippet":"max-snippet:-1","max-image-preview":"max-image-preview:large","max-video-preview":"max-video-preview:-1"},"canonical":"https:\/\/v3.atv-parts.hu\/index.php\/termek\/vertex-dugattyu-ktm-2t-sx-85-sx85-03-22-husqvarna-tc-85-tc85-14-22-replica-4697-mm-csereles-23294d\/","og_locale":"hu_HU","og_type":"article","og_title":"VERTEX DUGATTY\u00da KTM (2T) SX 85 (SX85) '03 -'22, HUSQVARNA TC 85 (TC85) 14-22 REPLICA (46,97 mm) - CSER\u00c9L\u00c9S 23294D","og_description":"VERTEX DUGATTY\u00da KTM (2T) SX 85 (SX85) '03 -'22, HUSQVARNA TC 85 (TC85) 14-22 REPLICA (46,97 mm) - CSER\u00c9L\u00c9S 23294D","og_url":"https:\/\/v3.atv-parts.hu\/index.php\/termek\/vertex-dugattyu-ktm-2t-sx-85-sx85-03-22-husqvarna-tc-85-tc85-14-22-replica-4697-mm-csereles-23294d\/","og_site_name":"V3 ATV-PARTS.HU","article_publisher":"https:\/\/www.facebook.com\/atvpartsHU","article_modified_time":"2024-05-03T10:35:49+00:00","og_image":[{"width":576,"height":800,"url":"https:\/\/v3.atv-parts.hu\/wp-content\/uploads\/2024\/03\/vertex-tlok-ktm-2t-sx-85-sx85-03-19-husqvar.jpg","type":"image\/jpeg"}],"twitter_card":"summary_large_image","twitter_misc":{"\u00c1r":"31153,10&nbsp;&#70;&#116; \u00c1F\u00c1-val","El\u00e9rhet\u0151s\u00e9g":"K\u00e9szleten"},"schema":{"@context":"https:\/\/schema.org","@graph":[{"@type":"WebPage","@id":"https:\/\/v3.atv-parts.hu\/index.php\/termek\/vertex-dugattyu-ktm-2t-sx-85-sx85-03-22-husqvarna-tc-85-tc85-14-22-replica-4697-mm-csereles-23294d\/","url":"https:\/\/v3.atv-parts.hu\/index.php\/termek\/vertex-dugattyu-ktm-2t-sx-85-sx85-03-22-husqvarna-tc-85-tc85-14-22-replica-4697-mm-csereles-23294d\/","name":"VERTEX DUGATTY\u00da KTM (2T) SX 85 (SX85) '03 -'22, HUSQVARNA TC 85 (TC85) 14-22 REPLICA (46,97 mm) - CSER\u00c9L\u00c9S 23294D - V3 ATV-PARTS.HU","isPartOf":{"@id":"https:\/\/v3.atv-parts.hu\/#website"},"primaryImageOfPage":{"@id":"https:\/\/v3.atv-parts.hu\/index.php\/termek\/vertex-dugattyu-ktm-2t-sx-85-sx85-03-22-husqvarna-tc-85-tc85-14-22-replica-4697-mm-csereles-23294d\/#primaryimage"},"image":{"@id":"https:\/\/v3.atv-parts.hu\/index.php\/termek\/vertex-dugattyu-ktm-2t-sx-85-sx85-03-22-husqvarna-tc-85-tc85-14-22-replica-4697-mm-csereles-23294d\/#primaryimage"},"thumbnailUrl":"https:\/\/v3.atv-parts.hu\/wp-content\/uploads\/2024\/03\/vertex-tlok-ktm-2t-sx-85-sx85-03-19-husqvar.jpg","datePublished":"2024-03-26T14:32:38+00:00","dateModified":"2024-05-03T10:35:49+00:00","breadcrumb":{"@id":"https:\/\/v3.atv-parts.hu\/index.php\/termek\/vertex-dugattyu-ktm-2t-sx-85-sx85-03-22-husqvarna-tc-85-tc85-14-22-replica-4697-mm-csereles-23294d\/#breadcrumb"},"inLanguage":"hu","potentialAction":[{"@type":"ReadAction","target":["https:\/\/v3.atv-parts.hu\/index.php\/termek\/vertex-dugattyu-ktm-2t-sx-85-sx85-03-22-husqvarna-tc-85-tc85-14-22-replica-4697-mm-csereles-23294d\/"]}]},{"@type":"ImageObject","inLanguage":"hu","@id":"https:\/\/v3.atv-parts.hu\/index.php\/termek\/vertex-dugattyu-ktm-2t-sx-85-sx85-03-22-husqvarna-tc-85-tc85-14-22-replica-4697-mm-csereles-23294d\/#primaryimage","url":"https:\/\/v3.atv-parts.hu\/wp-content\/uploads\/2024\/03\/vertex-tlok-ktm-2t-sx-85-sx85-03-19-husqvar.jpg","contentUrl":"https:\/\/v3.atv-parts.hu\/wp-content\/uploads\/2024\/03\/vertex-tlok-ktm-2t-sx-85-sx85-03-19-husqvar.jpg","width":576,"height":800},{"@type":"BreadcrumbList","@id":"https:\/\/v3.atv-parts.hu\/index.php\/termek\/vertex-dugattyu-ktm-2t-sx-85-sx85-03-22-husqvarna-tc-85-tc85-14-22-replica-4697-mm-csereles-23294d\/#breadcrumb","itemListElement":[{"@type":"ListItem","position":1,"name":"Kezd\u0151lap","item":"https:\/\/v3.atv-parts.hu\/"},{"@type":"ListItem","position":2,"name":"Bolt","item":"https:\/\/v3.atv-parts.hu\/index.php\/bolt\/"},{"@type":"ListItem","position":3,"name":"VERTEX DUGATTY\u00da KTM (2T) SX 85 (SX85) &#8217;03 -&#8217;22, HUSQVARNA TC 85 (TC85) 14-22 REPLICA (46,97 mm) &#8211; CSER\u00c9L\u00c9S 23294D"}]},{"@type":"WebSite","@id":"https:\/\/v3.atv-parts.hu\/#website","url":"https:\/\/v3.atv-parts.hu\/","name":"V3 ATV-PARTS.HU","description":"","publisher":{"@id":"https:\/\/v3.atv-parts.hu\/#organization"},"potentialAction":[{"@type":"SearchAction","target":{"@type":"EntryPoint","urlTemplate":"https:\/\/v3.atv-parts.hu\/?s={search_term_string}"},"query-input":"required name=search_term_string"}],"inLanguage":"hu"},{"@type":"Organization","@id":"https:\/\/v3.atv-parts.hu\/#organization","name":"V3 ATV-PARTS.HU","url":"https:\/\/v3.atv-parts.hu\/","logo":{"@type":"ImageObject","inLanguage":"hu","@id":"https:\/\/v3.atv-parts.hu\/#\/schema\/logo\/image\/","url":"https:\/\/v3.atv-parts.hu\/wp-content\/uploads\/2021\/02\/cropped-cropped-atvlogo-1-1-1.png","contentUrl":"https:\/\/v3.atv-parts.hu\/wp-content\/uploads\/2021\/02\/cropped-cropped-atvlogo-1-1-1.png","width":267,"height":160,"caption":"V3 ATV-PARTS.HU"},"image":{"@id":"https:\/\/v3.atv-parts.hu\/#\/schema\/logo\/image\/"},"sameAs":["https:\/\/www.facebook.com\/atvpartsHU"]}]},"product_price_amount":"31153.10","product_price_currency":"HUF","og_availability":"instock","product_availability":"instock","product_retailer_item_id":"24212D","product_condition":"new"},"_links":{"self":[{"href":"https:\/\/v3.atv-parts.hu\/index.php\/wp-json\/wp\/v2\/product\/6454","targetHints":{"allow":["GET"]}}],"collection":[{"href":"https:\/\/v3.atv-parts.hu\/index.php\/wp-json\/wp\/v2\/product"}],"about":[{"href":"https:\/\/v3.atv-parts.hu\/index.php\/wp-json\/wp\/v2\/types\/product"}],"replies":[{"embeddable":true,"href":"https:\/\/v3.atv-parts.hu\/index.php\/wp-json\/wp\/v2\/comments?post=6454"}],"wp:featuredmedia":[{"embeddable":true,"href":"https:\/\/v3.atv-parts.hu\/index.php\/wp-json\/wp\/v2\/media\/6451"}],"wp:attachment":[{"href":"https:\/\/v3.atv-parts.hu\/index.php\/wp-json\/wp\/v2\/media?parent=6454"}],"wp:term":[{"taxonomy":"product_cat","embeddable":true,"href":"https:\/\/v3.atv-parts.hu\/index.php\/wp-json\/wp\/v2\/product_cat?post=6454"},{"taxonomy":"product_tag","embeddable":true,"href":"https:\/\/v3.atv-parts.hu\/index.php\/wp-json\/wp\/v2\/product_tag?post=6454"}],"curies":[{"name":"wp","href":"https:\/\/api.w.org\/{rel}","templated":true}]}}