{"id":65323,"date":"2024-03-27T22:10:04","date_gmt":"2024-03-27T21:10:04","guid":{"rendered":"https:\/\/v3.atv-parts.hu\/index.php\/termek\/racetech-csere-muanyag-kezvedohez-kezivadokhoz-vertigo-alu-atv-fekete-szin\/"},"modified":"2025-04-16T08:01:49","modified_gmt":"2025-04-16T06:01:49","slug":"racetech-csere-muanyag-kezvedohez-kezivadokhoz-vertigo-alu-atv-fekete-szin","status":"publish","type":"product","link":"https:\/\/v3.atv-parts.hu\/index.php\/termek\/racetech-csere-muanyag-kezvedohez-kezivadokhoz-vertigo-alu-atv-fekete-szin\/","title":{"rendered":"RACETECH CSERE M\u0170ANYAG K\u00c9ZV\u00c9D\u0150HEZ (K\u00c9ZIV\u00c1DOKHOZ) VERTIGO \/ ALU \/ ATV FEKETE SZ\u00cdN"},"content":{"rendered":"<p>RACETECH CSERE M\u0170ANYAG K\u00c9ZV\u00c9D\u0150HEZ (K\u00c9ZIV\u00c1DOKHOZ) VERTIGO \/ ALU \/ ATV FEKETE SZ\u00cdN<\/p>\n<p>SKU: REPPMVTNR00<\/p>\n","protected":false},"excerpt":{"rendered":"<p>RACETECH CSERE M\u0170ANYAG K\u00c9ZV\u00c9D\u0150HEZ (K\u00c9ZIV\u00c1DOKHOZ) VERTIGO \/ ALU \/ ATV FEKETE SZ\u00cdN<\/p>\n","protected":false},"featured_media":65312,"comment_status":"closed","ping_status":"open","template":"","meta":{"_monsterinsights_skip_tracking":false,"_monsterinsights_sitenote_active":false,"_monsterinsights_sitenote_note":"","_monsterinsights_sitenote_category":0},"product_cat":[400,398,270],"product_tag":[],"class_list":{"0":"post-65323","1":"product","2":"type-product","3":"status-publish","4":"has-post-thumbnail","6":"product_cat-burkolat-alkatreszek","7":"product_cat-burkolatok","8":"product_cat-karosszeria","9":"pa_marka-racetech","11":"first","12":"outofstock","13":"taxable","14":"shipping-taxable","15":"purchasable","16":"product-type-simple"},"yoast_head":"<!-- This site is optimized with the Yoast SEO Premium plugin v22.6 (Yoast SEO v22.6) - https:\/\/yoast.com\/wordpress\/plugins\/seo\/ -->\n<title>RACETECH CSERE M\u0170ANYAG K\u00c9ZV\u00c9D\u0150HEZ (K\u00c9ZIV\u00c1DOKHOZ) VERTIGO \/ ALU \/ ATV FEKETE SZ\u00cdN - V3 ATV-PARTS.HU<\/title>\n<meta name=\"robots\" content=\"index, follow, max-snippet:-1, max-image-preview:large, max-video-preview:-1\" \/>\n<link rel=\"canonical\" href=\"https:\/\/v3.atv-parts.hu\/index.php\/termek\/racetech-csere-muanyag-kezvedohez-kezivadokhoz-vertigo-alu-atv-fekete-szin\/\" \/>\n<meta property=\"og:locale\" content=\"hu_HU\" \/>\n<meta property=\"og:type\" content=\"article\" \/>\n<meta property=\"og:title\" content=\"RACETECH CSERE M\u0170ANYAG K\u00c9ZV\u00c9D\u0150HEZ (K\u00c9ZIV\u00c1DOKHOZ) VERTIGO \/ ALU \/ ATV FEKETE SZ\u00cdN\" \/>\n<meta property=\"og:description\" content=\"RACETECH CSERE M\u0170ANYAG K\u00c9ZV\u00c9D\u0150HEZ (K\u00c9ZIV\u00c1DOKHOZ) VERTIGO \/ ALU \/ ATV FEKETE SZ\u00cdN\" \/>\n<meta property=\"og:url\" content=\"https:\/\/v3.atv-parts.hu\/index.php\/termek\/racetech-csere-muanyag-kezvedohez-kezivadokhoz-vertigo-alu-atv-fekete-szin\/\" \/>\n<meta property=\"og:site_name\" content=\"V3 ATV-PARTS.HU\" \/>\n<meta property=\"article:publisher\" content=\"https:\/\/www.facebook.com\/atvpartsHU\" \/>\n<meta property=\"article:modified_time\" content=\"2025-04-16T06:01:49+00:00\" \/>\n<meta property=\"og:image\" content=\"https:\/\/v3.atv-parts.hu\/wp-content\/uploads\/2024\/03\/racetech-plastiki-zamienne-do-oslon-rak-handbarow.jpg\" \/>\n\t<meta property=\"og:image:width\" content=\"1000\" \/>\n\t<meta property=\"og:image:height\" content=\"750\" \/>\n\t<meta property=\"og:image:type\" content=\"image\/jpeg\" \/>\n<meta name=\"twitter:card\" content=\"summary_large_image\" \/>\n<meta name=\"twitter:label1\" content=\"\u00c1r\" \/>\n\t<meta name=\"twitter:data1\" content=\"6855,46&nbsp;&#70;&#116; \u00c1F\u00c1-val\" \/>\n\t<meta name=\"twitter:label2\" content=\"El\u00e9rhet\u0151s\u00e9g\" \/>\n\t<meta name=\"twitter:data2\" content=\"Nincs k\u00e9szleten\" \/>\n<script type=\"application\/ld+json\" class=\"yoast-schema-graph\">{\"@context\":\"https:\/\/schema.org\",\"@graph\":[{\"@type\":\"WebPage\",\"@id\":\"https:\/\/v3.atv-parts.hu\/index.php\/termek\/racetech-csere-muanyag-kezvedohez-kezivadokhoz-vertigo-alu-atv-fekete-szin\/\",\"url\":\"https:\/\/v3.atv-parts.hu\/index.php\/termek\/racetech-csere-muanyag-kezvedohez-kezivadokhoz-vertigo-alu-atv-fekete-szin\/\",\"name\":\"RACETECH CSERE M\u0170ANYAG K\u00c9ZV\u00c9D\u0150HEZ (K\u00c9ZIV\u00c1DOKHOZ) VERTIGO \/ ALU \/ ATV FEKETE SZ\u00cdN - V3 ATV-PARTS.HU\",\"isPartOf\":{\"@id\":\"https:\/\/v3.atv-parts.hu\/#website\"},\"primaryImageOfPage\":{\"@id\":\"https:\/\/v3.atv-parts.hu\/index.php\/termek\/racetech-csere-muanyag-kezvedohez-kezivadokhoz-vertigo-alu-atv-fekete-szin\/#primaryimage\"},\"image\":{\"@id\":\"https:\/\/v3.atv-parts.hu\/index.php\/termek\/racetech-csere-muanyag-kezvedohez-kezivadokhoz-vertigo-alu-atv-fekete-szin\/#primaryimage\"},\"thumbnailUrl\":\"https:\/\/v3.atv-parts.hu\/wp-content\/uploads\/2024\/03\/racetech-plastiki-zamienne-do-oslon-rak-handbarow.jpg\",\"datePublished\":\"2024-03-27T21:10:04+00:00\",\"dateModified\":\"2025-04-16T06:01:49+00:00\",\"breadcrumb\":{\"@id\":\"https:\/\/v3.atv-parts.hu\/index.php\/termek\/racetech-csere-muanyag-kezvedohez-kezivadokhoz-vertigo-alu-atv-fekete-szin\/#breadcrumb\"},\"inLanguage\":\"hu\",\"potentialAction\":[{\"@type\":\"ReadAction\",\"target\":[\"https:\/\/v3.atv-parts.hu\/index.php\/termek\/racetech-csere-muanyag-kezvedohez-kezivadokhoz-vertigo-alu-atv-fekete-szin\/\"]}]},{\"@type\":\"ImageObject\",\"inLanguage\":\"hu\",\"@id\":\"https:\/\/v3.atv-parts.hu\/index.php\/termek\/racetech-csere-muanyag-kezvedohez-kezivadokhoz-vertigo-alu-atv-fekete-szin\/#primaryimage\",\"url\":\"https:\/\/v3.atv-parts.hu\/wp-content\/uploads\/2024\/03\/racetech-plastiki-zamienne-do-oslon-rak-handbarow.jpg\",\"contentUrl\":\"https:\/\/v3.atv-parts.hu\/wp-content\/uploads\/2024\/03\/racetech-plastiki-zamienne-do-oslon-rak-handbarow.jpg\",\"width\":1000,\"height\":750},{\"@type\":\"BreadcrumbList\",\"@id\":\"https:\/\/v3.atv-parts.hu\/index.php\/termek\/racetech-csere-muanyag-kezvedohez-kezivadokhoz-vertigo-alu-atv-fekete-szin\/#breadcrumb\",\"itemListElement\":[{\"@type\":\"ListItem\",\"position\":1,\"name\":\"Kezd\u0151lap\",\"item\":\"https:\/\/v3.atv-parts.hu\/\"},{\"@type\":\"ListItem\",\"position\":2,\"name\":\"Bolt\",\"item\":\"https:\/\/v3.atv-parts.hu\/index.php\/bolt\/\"},{\"@type\":\"ListItem\",\"position\":3,\"name\":\"RACETECH CSERE M\u0170ANYAG K\u00c9ZV\u00c9D\u0150HEZ (K\u00c9ZIV\u00c1DOKHOZ) VERTIGO \/ ALU \/ ATV FEKETE SZ\u00cdN\"}]},{\"@type\":\"WebSite\",\"@id\":\"https:\/\/v3.atv-parts.hu\/#website\",\"url\":\"https:\/\/v3.atv-parts.hu\/\",\"name\":\"V3 ATV-PARTS.HU\",\"description\":\"\",\"publisher\":{\"@id\":\"https:\/\/v3.atv-parts.hu\/#organization\"},\"potentialAction\":[{\"@type\":\"SearchAction\",\"target\":{\"@type\":\"EntryPoint\",\"urlTemplate\":\"https:\/\/v3.atv-parts.hu\/?s={search_term_string}\"},\"query-input\":\"required name=search_term_string\"}],\"inLanguage\":\"hu\"},{\"@type\":\"Organization\",\"@id\":\"https:\/\/v3.atv-parts.hu\/#organization\",\"name\":\"V3 ATV-PARTS.HU\",\"url\":\"https:\/\/v3.atv-parts.hu\/\",\"logo\":{\"@type\":\"ImageObject\",\"inLanguage\":\"hu\",\"@id\":\"https:\/\/v3.atv-parts.hu\/#\/schema\/logo\/image\/\",\"url\":\"https:\/\/v3.atv-parts.hu\/wp-content\/uploads\/2021\/02\/cropped-cropped-atvlogo-1-1-1.png\",\"contentUrl\":\"https:\/\/v3.atv-parts.hu\/wp-content\/uploads\/2021\/02\/cropped-cropped-atvlogo-1-1-1.png\",\"width\":267,\"height\":160,\"caption\":\"V3 ATV-PARTS.HU\"},\"image\":{\"@id\":\"https:\/\/v3.atv-parts.hu\/#\/schema\/logo\/image\/\"},\"sameAs\":[\"https:\/\/www.facebook.com\/atvpartsHU\"]}]}<\/script>\n<meta property=\"product:price:amount\" content=\"6855.46\" \/>\n<meta property=\"product:price:currency\" content=\"HUF\" \/>\n<meta property=\"og:availability\" content=\"out of stock\" \/>\n<meta property=\"product:availability\" content=\"out of stock\" \/>\n<meta property=\"product:retailer_item_id\" content=\"REPPMVTNR00\" \/>\n<meta property=\"product:condition\" content=\"new\" \/>\n<!-- \/ Yoast SEO Premium plugin. -->","yoast_head_json":{"title":"RACETECH CSERE M\u0170ANYAG K\u00c9ZV\u00c9D\u0150HEZ (K\u00c9ZIV\u00c1DOKHOZ) VERTIGO \/ ALU \/ ATV FEKETE SZ\u00cdN - V3 ATV-PARTS.HU","robots":{"index":"index","follow":"follow","max-snippet":"max-snippet:-1","max-image-preview":"max-image-preview:large","max-video-preview":"max-video-preview:-1"},"canonical":"https:\/\/v3.atv-parts.hu\/index.php\/termek\/racetech-csere-muanyag-kezvedohez-kezivadokhoz-vertigo-alu-atv-fekete-szin\/","og_locale":"hu_HU","og_type":"article","og_title":"RACETECH CSERE M\u0170ANYAG K\u00c9ZV\u00c9D\u0150HEZ (K\u00c9ZIV\u00c1DOKHOZ) VERTIGO \/ ALU \/ ATV FEKETE SZ\u00cdN","og_description":"RACETECH CSERE M\u0170ANYAG K\u00c9ZV\u00c9D\u0150HEZ (K\u00c9ZIV\u00c1DOKHOZ) VERTIGO \/ ALU \/ ATV FEKETE SZ\u00cdN","og_url":"https:\/\/v3.atv-parts.hu\/index.php\/termek\/racetech-csere-muanyag-kezvedohez-kezivadokhoz-vertigo-alu-atv-fekete-szin\/","og_site_name":"V3 ATV-PARTS.HU","article_publisher":"https:\/\/www.facebook.com\/atvpartsHU","article_modified_time":"2025-04-16T06:01:49+00:00","og_image":[{"width":1000,"height":750,"url":"https:\/\/v3.atv-parts.hu\/wp-content\/uploads\/2024\/03\/racetech-plastiki-zamienne-do-oslon-rak-handbarow.jpg","type":"image\/jpeg"}],"twitter_card":"summary_large_image","twitter_misc":{"\u00c1r":"6855,46&nbsp;&#70;&#116; \u00c1F\u00c1-val","El\u00e9rhet\u0151s\u00e9g":"Nincs k\u00e9szleten"},"schema":{"@context":"https:\/\/schema.org","@graph":[{"@type":"WebPage","@id":"https:\/\/v3.atv-parts.hu\/index.php\/termek\/racetech-csere-muanyag-kezvedohez-kezivadokhoz-vertigo-alu-atv-fekete-szin\/","url":"https:\/\/v3.atv-parts.hu\/index.php\/termek\/racetech-csere-muanyag-kezvedohez-kezivadokhoz-vertigo-alu-atv-fekete-szin\/","name":"RACETECH CSERE M\u0170ANYAG K\u00c9ZV\u00c9D\u0150HEZ (K\u00c9ZIV\u00c1DOKHOZ) VERTIGO \/ ALU \/ ATV FEKETE SZ\u00cdN - V3 ATV-PARTS.HU","isPartOf":{"@id":"https:\/\/v3.atv-parts.hu\/#website"},"primaryImageOfPage":{"@id":"https:\/\/v3.atv-parts.hu\/index.php\/termek\/racetech-csere-muanyag-kezvedohez-kezivadokhoz-vertigo-alu-atv-fekete-szin\/#primaryimage"},"image":{"@id":"https:\/\/v3.atv-parts.hu\/index.php\/termek\/racetech-csere-muanyag-kezvedohez-kezivadokhoz-vertigo-alu-atv-fekete-szin\/#primaryimage"},"thumbnailUrl":"https:\/\/v3.atv-parts.hu\/wp-content\/uploads\/2024\/03\/racetech-plastiki-zamienne-do-oslon-rak-handbarow.jpg","datePublished":"2024-03-27T21:10:04+00:00","dateModified":"2025-04-16T06:01:49+00:00","breadcrumb":{"@id":"https:\/\/v3.atv-parts.hu\/index.php\/termek\/racetech-csere-muanyag-kezvedohez-kezivadokhoz-vertigo-alu-atv-fekete-szin\/#breadcrumb"},"inLanguage":"hu","potentialAction":[{"@type":"ReadAction","target":["https:\/\/v3.atv-parts.hu\/index.php\/termek\/racetech-csere-muanyag-kezvedohez-kezivadokhoz-vertigo-alu-atv-fekete-szin\/"]}]},{"@type":"ImageObject","inLanguage":"hu","@id":"https:\/\/v3.atv-parts.hu\/index.php\/termek\/racetech-csere-muanyag-kezvedohez-kezivadokhoz-vertigo-alu-atv-fekete-szin\/#primaryimage","url":"https:\/\/v3.atv-parts.hu\/wp-content\/uploads\/2024\/03\/racetech-plastiki-zamienne-do-oslon-rak-handbarow.jpg","contentUrl":"https:\/\/v3.atv-parts.hu\/wp-content\/uploads\/2024\/03\/racetech-plastiki-zamienne-do-oslon-rak-handbarow.jpg","width":1000,"height":750},{"@type":"BreadcrumbList","@id":"https:\/\/v3.atv-parts.hu\/index.php\/termek\/racetech-csere-muanyag-kezvedohez-kezivadokhoz-vertigo-alu-atv-fekete-szin\/#breadcrumb","itemListElement":[{"@type":"ListItem","position":1,"name":"Kezd\u0151lap","item":"https:\/\/v3.atv-parts.hu\/"},{"@type":"ListItem","position":2,"name":"Bolt","item":"https:\/\/v3.atv-parts.hu\/index.php\/bolt\/"},{"@type":"ListItem","position":3,"name":"RACETECH CSERE M\u0170ANYAG K\u00c9ZV\u00c9D\u0150HEZ (K\u00c9ZIV\u00c1DOKHOZ) VERTIGO \/ ALU \/ ATV FEKETE SZ\u00cdN"}]},{"@type":"WebSite","@id":"https:\/\/v3.atv-parts.hu\/#website","url":"https:\/\/v3.atv-parts.hu\/","name":"V3 ATV-PARTS.HU","description":"","publisher":{"@id":"https:\/\/v3.atv-parts.hu\/#organization"},"potentialAction":[{"@type":"SearchAction","target":{"@type":"EntryPoint","urlTemplate":"https:\/\/v3.atv-parts.hu\/?s={search_term_string}"},"query-input":"required name=search_term_string"}],"inLanguage":"hu"},{"@type":"Organization","@id":"https:\/\/v3.atv-parts.hu\/#organization","name":"V3 ATV-PARTS.HU","url":"https:\/\/v3.atv-parts.hu\/","logo":{"@type":"ImageObject","inLanguage":"hu","@id":"https:\/\/v3.atv-parts.hu\/#\/schema\/logo\/image\/","url":"https:\/\/v3.atv-parts.hu\/wp-content\/uploads\/2021\/02\/cropped-cropped-atvlogo-1-1-1.png","contentUrl":"https:\/\/v3.atv-parts.hu\/wp-content\/uploads\/2021\/02\/cropped-cropped-atvlogo-1-1-1.png","width":267,"height":160,"caption":"V3 ATV-PARTS.HU"},"image":{"@id":"https:\/\/v3.atv-parts.hu\/#\/schema\/logo\/image\/"},"sameAs":["https:\/\/www.facebook.com\/atvpartsHU"]}]},"product_price_amount":"6855.46","product_price_currency":"HUF","og_availability":"out of stock","product_availability":"out of stock","product_retailer_item_id":"REPPMVTNR00","product_condition":"new"},"_links":{"self":[{"href":"https:\/\/v3.atv-parts.hu\/index.php\/wp-json\/wp\/v2\/product\/65323","targetHints":{"allow":["GET"]}}],"collection":[{"href":"https:\/\/v3.atv-parts.hu\/index.php\/wp-json\/wp\/v2\/product"}],"about":[{"href":"https:\/\/v3.atv-parts.hu\/index.php\/wp-json\/wp\/v2\/types\/product"}],"replies":[{"embeddable":true,"href":"https:\/\/v3.atv-parts.hu\/index.php\/wp-json\/wp\/v2\/comments?post=65323"}],"wp:featuredmedia":[{"embeddable":true,"href":"https:\/\/v3.atv-parts.hu\/index.php\/wp-json\/wp\/v2\/media\/65312"}],"wp:attachment":[{"href":"https:\/\/v3.atv-parts.hu\/index.php\/wp-json\/wp\/v2\/media?parent=65323"}],"wp:term":[{"taxonomy":"product_cat","embeddable":true,"href":"https:\/\/v3.atv-parts.hu\/index.php\/wp-json\/wp\/v2\/product_cat?post=65323"},{"taxonomy":"product_tag","embeddable":true,"href":"https:\/\/v3.atv-parts.hu\/index.php\/wp-json\/wp\/v2\/product_tag?post=65323"}],"curies":[{"name":"wp","href":"https:\/\/api.w.org\/{rel}","templated":true}]}}