{"id":67167,"date":"2024-03-27T23:26:47","date_gmt":"2024-03-27T22:26:47","guid":{"rendered":"https:\/\/v3.atv-parts.hu\/index.php\/termek\/hot-rods-fo-csapagy-es-tomites-keszlet-polaris-general-1000-ranger-1000-rzr-1000-rzr-xp-1000-rzr-xp-4-1000-rzr-xp-turbo\/"},"modified":"2024-05-03T15:26:42","modified_gmt":"2024-05-03T13:26:42","slug":"hot-rods-fo-csapagy-es-tomites-keszlet-polaris-general-1000-ranger-1000-rzr-1000-rzr-xp-1000-rzr-xp-4-1000-rzr-xp-turbo","status":"publish","type":"product","link":"https:\/\/v3.atv-parts.hu\/index.php\/termek\/hot-rods-fo-csapagy-es-tomites-keszlet-polaris-general-1000-ranger-1000-rzr-1000-rzr-xp-1000-rzr-xp-4-1000-rzr-xp-turbo\/","title":{"rendered":"HOT RODS F\u0150 CSAP\u00c1GY \u00c9S T\u00d6M\u00cdT\u00c9S K\u00c9SZLET POLARIS GENERAL 1000, RANGER 1000, RZR 1000, RZR XP 1000, RZR XP 4 1000, RZR XP TURBO"},"content":{"rendered":"<p>HOT RODS F\u0150 CSAP\u00c1GY \u00c9S T\u00d6M\u00cdT\u00c9S K\u00c9SZLET POLARIS GENERAL 1000, RANGER 1000, RZR 1000, RZR XP 1000, RZR XP 4 1000, RZR XP TURBO<\/p>\n<p>General 1000 EPS (18-19); General 1000 EPS Deluxe (20-21); General 1000 EPS Premium (20-21); General 4 1000 [MD] (18); General 4 1000 EPS Ride Command (19-20); General XP 4 1000 EPS Deluxe (20-21); RZR 1000 60 Inch (18-21); RZR 1000 60 Inch EPS (18-19); RZR 1000 60 Inch EPS Built After 10-1 (18); RZR 1000 60 Inch EPS Built Before 10-1 (19); RZR RS1 [1000cc] (18-21); RZR S4 1000 (19-20); RZR Turbo Pro XP [925cc] (20-21); RZR Turbo Pro XP 4 [925cc] (21-22); RZR Turbo Pro XP Premium [925cc] (21-22); RZR Turbo Pro XP Ultimate [925cc] (21-22); RZR Turbo S 4 [925cc] (21); RZR Turbo S 4 Velocity [925cc] (21); RZR Turbo S Velocity [925cc] (21); RZR XP 1000 (18-21); RZR XP 1000 Trails &amp;amp; Rocks (21-22); RZR XP 4 1000 (18-21); RZR XP 4 1000 High Lifter (21-22); RZR XP 4 Turbo [925cc] (18-19); RZR XP 4 Turbo Built After 6-5-17 [925cc] (18); RZR XP 4 Turbo Built Before 6-6-17 [925cc] (18); RZR XP 4 Turbo S [925cc] (20); RZR XP 4 Turbo S Velocity [925cc] (19-20); RZR XP Turbo [925cc] (18-21); RZR XP Turbo Built After 6-5-17 [925cc] (18); RZR XP Turbo Built Before 6-6-17 [925cc] (18); RZR XP Turbo S [925cc] (18-20); RZR XP Turbo S Velocity [925cc] (19-20); RZR XP Turbo Tractor [925cc] (18); RZR XP Turbo Tractor Built After 6-5-17 [925cc] (18); RZR XP Turbo Tractor Built Before 6-6-17 [925cc] (18); RZR XP 4 Turbo [925cc] (19); RZR XP 4 Turbo S [925cc] (19); RZR XP Turbo S [925cc] (18-19)<\/p>\n<p>SKU: HR00024<\/p>\n","protected":false},"excerpt":{"rendered":"<p>HOT RODS F\u0150 CSAP\u00c1GY \u00c9S T\u00d6M\u00cdT\u00c9S K\u00c9SZLET POLARIS GENERAL 1000, RANGER 1000, RZR 1000, RZR XP 1000, RZR XP 4 1000, RZR XP TURBO<\/p>\n","protected":false},"featured_media":67160,"comment_status":"closed","ping_status":"open","template":"","meta":{"_monsterinsights_skip_tracking":false,"_monsterinsights_sitenote_active":false,"_monsterinsights_sitenote_note":"","_monsterinsights_sitenote_category":0},"product_cat":[428,420,153],"product_tag":[156,183,181,376],"class_list":{"0":"post-67167","1":"product","2":"type-product","3":"status-publish","4":"has-post-thumbnail","6":"product_cat-4t","7":"product_cat-fotengely-csapagyak","8":"product_cat-motor","9":"product_tag-atv","10":"product_tag-outlaw","11":"product_tag-polaris","12":"product_tag-rzr-ranger","13":"pa_marka-hot-rods","15":"first","16":"instock","17":"taxable","18":"shipping-taxable","19":"purchasable","20":"product-type-simple"},"yoast_head":"<!-- This site is optimized with the Yoast SEO Premium plugin v22.6 (Yoast SEO v22.6) - https:\/\/yoast.com\/wordpress\/plugins\/seo\/ -->\n<title>HOT RODS F\u0150 CSAP\u00c1GY \u00c9S T\u00d6M\u00cdT\u00c9S K\u00c9SZLET POLARIS GENERAL 1000, RANGER 1000, RZR 1000, RZR XP 1000, RZR XP 4 1000, RZR XP TURBO - V3 ATV-PARTS.HU<\/title>\n<meta name=\"robots\" content=\"index, follow, max-snippet:-1, max-image-preview:large, max-video-preview:-1\" \/>\n<link rel=\"canonical\" href=\"https:\/\/v3.atv-parts.hu\/index.php\/termek\/hot-rods-fo-csapagy-es-tomites-keszlet-polaris-general-1000-ranger-1000-rzr-1000-rzr-xp-1000-rzr-xp-4-1000-rzr-xp-turbo\/\" \/>\n<meta property=\"og:locale\" content=\"hu_HU\" \/>\n<meta property=\"og:type\" content=\"article\" \/>\n<meta property=\"og:title\" content=\"HOT RODS F\u0150 CSAP\u00c1GY \u00c9S T\u00d6M\u00cdT\u00c9S K\u00c9SZLET POLARIS GENERAL 1000, RANGER 1000, RZR 1000, RZR XP 1000, RZR XP 4 1000, RZR XP TURBO\" \/>\n<meta property=\"og:description\" content=\"HOT RODS F\u0150 CSAP\u00c1GY \u00c9S T\u00d6M\u00cdT\u00c9S K\u00c9SZLET POLARIS GENERAL 1000, RANGER 1000, RZR 1000, RZR XP 1000, RZR XP 4 1000, RZR XP TURBO\" \/>\n<meta property=\"og:url\" content=\"https:\/\/v3.atv-parts.hu\/index.php\/termek\/hot-rods-fo-csapagy-es-tomites-keszlet-polaris-general-1000-ranger-1000-rzr-1000-rzr-xp-1000-rzr-xp-4-1000-rzr-xp-turbo\/\" \/>\n<meta property=\"og:site_name\" content=\"V3 ATV-PARTS.HU\" \/>\n<meta property=\"article:publisher\" content=\"https:\/\/www.facebook.com\/atvpartsHU\" \/>\n<meta property=\"article:modified_time\" content=\"2024-05-03T13:26:42+00:00\" \/>\n<meta property=\"og:image\" content=\"https:\/\/v3.atv-parts.hu\/wp-content\/uploads\/2024\/03\/hot-rods-2020-2-nowy-towar-lozyska-walu-korbowego.jpg\" \/>\n\t<meta property=\"og:image:width\" content=\"640\" \/>\n\t<meta property=\"og:image:height\" content=\"227\" \/>\n\t<meta property=\"og:image:type\" content=\"image\/jpeg\" \/>\n<meta name=\"twitter:card\" content=\"summary_large_image\" \/>\n<meta name=\"twitter:label1\" content=\"\u00c1r\" \/>\n\t<meta name=\"twitter:data1\" content=\"36435,03&nbsp;&#70;&#116; \u00c1F\u00c1-val\" \/>\n\t<meta name=\"twitter:label2\" content=\"El\u00e9rhet\u0151s\u00e9g\" \/>\n\t<meta name=\"twitter:data2\" content=\"K\u00e9szleten\" \/>\n<script type=\"application\/ld+json\" class=\"yoast-schema-graph\">{\"@context\":\"https:\/\/schema.org\",\"@graph\":[{\"@type\":\"WebPage\",\"@id\":\"https:\/\/v3.atv-parts.hu\/index.php\/termek\/hot-rods-fo-csapagy-es-tomites-keszlet-polaris-general-1000-ranger-1000-rzr-1000-rzr-xp-1000-rzr-xp-4-1000-rzr-xp-turbo\/\",\"url\":\"https:\/\/v3.atv-parts.hu\/index.php\/termek\/hot-rods-fo-csapagy-es-tomites-keszlet-polaris-general-1000-ranger-1000-rzr-1000-rzr-xp-1000-rzr-xp-4-1000-rzr-xp-turbo\/\",\"name\":\"HOT RODS F\u0150 CSAP\u00c1GY \u00c9S T\u00d6M\u00cdT\u00c9S K\u00c9SZLET POLARIS GENERAL 1000, RANGER 1000, RZR 1000, RZR XP 1000, RZR XP 4 1000, RZR XP TURBO - V3 ATV-PARTS.HU\",\"isPartOf\":{\"@id\":\"https:\/\/v3.atv-parts.hu\/#website\"},\"primaryImageOfPage\":{\"@id\":\"https:\/\/v3.atv-parts.hu\/index.php\/termek\/hot-rods-fo-csapagy-es-tomites-keszlet-polaris-general-1000-ranger-1000-rzr-1000-rzr-xp-1000-rzr-xp-4-1000-rzr-xp-turbo\/#primaryimage\"},\"image\":{\"@id\":\"https:\/\/v3.atv-parts.hu\/index.php\/termek\/hot-rods-fo-csapagy-es-tomites-keszlet-polaris-general-1000-ranger-1000-rzr-1000-rzr-xp-1000-rzr-xp-4-1000-rzr-xp-turbo\/#primaryimage\"},\"thumbnailUrl\":\"https:\/\/v3.atv-parts.hu\/wp-content\/uploads\/2024\/03\/hot-rods-2020-2-nowy-towar-lozyska-walu-korbowego.jpg\",\"datePublished\":\"2024-03-27T22:26:47+00:00\",\"dateModified\":\"2024-05-03T13:26:42+00:00\",\"breadcrumb\":{\"@id\":\"https:\/\/v3.atv-parts.hu\/index.php\/termek\/hot-rods-fo-csapagy-es-tomites-keszlet-polaris-general-1000-ranger-1000-rzr-1000-rzr-xp-1000-rzr-xp-4-1000-rzr-xp-turbo\/#breadcrumb\"},\"inLanguage\":\"hu\",\"potentialAction\":[{\"@type\":\"ReadAction\",\"target\":[\"https:\/\/v3.atv-parts.hu\/index.php\/termek\/hot-rods-fo-csapagy-es-tomites-keszlet-polaris-general-1000-ranger-1000-rzr-1000-rzr-xp-1000-rzr-xp-4-1000-rzr-xp-turbo\/\"]}]},{\"@type\":\"ImageObject\",\"inLanguage\":\"hu\",\"@id\":\"https:\/\/v3.atv-parts.hu\/index.php\/termek\/hot-rods-fo-csapagy-es-tomites-keszlet-polaris-general-1000-ranger-1000-rzr-1000-rzr-xp-1000-rzr-xp-4-1000-rzr-xp-turbo\/#primaryimage\",\"url\":\"https:\/\/v3.atv-parts.hu\/wp-content\/uploads\/2024\/03\/hot-rods-2020-2-nowy-towar-lozyska-walu-korbowego.jpg\",\"contentUrl\":\"https:\/\/v3.atv-parts.hu\/wp-content\/uploads\/2024\/03\/hot-rods-2020-2-nowy-towar-lozyska-walu-korbowego.jpg\",\"width\":640,\"height\":227},{\"@type\":\"BreadcrumbList\",\"@id\":\"https:\/\/v3.atv-parts.hu\/index.php\/termek\/hot-rods-fo-csapagy-es-tomites-keszlet-polaris-general-1000-ranger-1000-rzr-1000-rzr-xp-1000-rzr-xp-4-1000-rzr-xp-turbo\/#breadcrumb\",\"itemListElement\":[{\"@type\":\"ListItem\",\"position\":1,\"name\":\"Kezd\u0151lap\",\"item\":\"https:\/\/v3.atv-parts.hu\/\"},{\"@type\":\"ListItem\",\"position\":2,\"name\":\"Bolt\",\"item\":\"https:\/\/v3.atv-parts.hu\/index.php\/bolt\/\"},{\"@type\":\"ListItem\",\"position\":3,\"name\":\"HOT RODS F\u0150 CSAP\u00c1GY \u00c9S T\u00d6M\u00cdT\u00c9S K\u00c9SZLET POLARIS GENERAL 1000, RANGER 1000, RZR 1000, RZR XP 1000, RZR XP 4 1000, RZR XP TURBO\"}]},{\"@type\":\"WebSite\",\"@id\":\"https:\/\/v3.atv-parts.hu\/#website\",\"url\":\"https:\/\/v3.atv-parts.hu\/\",\"name\":\"V3 ATV-PARTS.HU\",\"description\":\"\",\"publisher\":{\"@id\":\"https:\/\/v3.atv-parts.hu\/#organization\"},\"potentialAction\":[{\"@type\":\"SearchAction\",\"target\":{\"@type\":\"EntryPoint\",\"urlTemplate\":\"https:\/\/v3.atv-parts.hu\/?s={search_term_string}\"},\"query-input\":\"required name=search_term_string\"}],\"inLanguage\":\"hu\"},{\"@type\":\"Organization\",\"@id\":\"https:\/\/v3.atv-parts.hu\/#organization\",\"name\":\"V3 ATV-PARTS.HU\",\"url\":\"https:\/\/v3.atv-parts.hu\/\",\"logo\":{\"@type\":\"ImageObject\",\"inLanguage\":\"hu\",\"@id\":\"https:\/\/v3.atv-parts.hu\/#\/schema\/logo\/image\/\",\"url\":\"https:\/\/v3.atv-parts.hu\/wp-content\/uploads\/2021\/02\/cropped-cropped-atvlogo-1-1-1.png\",\"contentUrl\":\"https:\/\/v3.atv-parts.hu\/wp-content\/uploads\/2021\/02\/cropped-cropped-atvlogo-1-1-1.png\",\"width\":267,\"height\":160,\"caption\":\"V3 ATV-PARTS.HU\"},\"image\":{\"@id\":\"https:\/\/v3.atv-parts.hu\/#\/schema\/logo\/image\/\"},\"sameAs\":[\"https:\/\/www.facebook.com\/atvpartsHU\"]}]}<\/script>\n<meta property=\"product:price:amount\" content=\"36435.03\" \/>\n<meta property=\"product:price:currency\" content=\"HUF\" \/>\n<meta property=\"og:availability\" content=\"instock\" \/>\n<meta property=\"product:availability\" content=\"instock\" \/>\n<meta property=\"product:retailer_item_id\" content=\"HR00024\" \/>\n<meta property=\"product:condition\" content=\"new\" \/>\n<!-- \/ Yoast SEO Premium plugin. -->","yoast_head_json":{"title":"HOT RODS F\u0150 CSAP\u00c1GY \u00c9S T\u00d6M\u00cdT\u00c9S K\u00c9SZLET POLARIS GENERAL 1000, RANGER 1000, RZR 1000, RZR XP 1000, RZR XP 4 1000, RZR XP TURBO - V3 ATV-PARTS.HU","robots":{"index":"index","follow":"follow","max-snippet":"max-snippet:-1","max-image-preview":"max-image-preview:large","max-video-preview":"max-video-preview:-1"},"canonical":"https:\/\/v3.atv-parts.hu\/index.php\/termek\/hot-rods-fo-csapagy-es-tomites-keszlet-polaris-general-1000-ranger-1000-rzr-1000-rzr-xp-1000-rzr-xp-4-1000-rzr-xp-turbo\/","og_locale":"hu_HU","og_type":"article","og_title":"HOT RODS F\u0150 CSAP\u00c1GY \u00c9S T\u00d6M\u00cdT\u00c9S K\u00c9SZLET POLARIS GENERAL 1000, RANGER 1000, RZR 1000, RZR XP 1000, RZR XP 4 1000, RZR XP TURBO","og_description":"HOT RODS F\u0150 CSAP\u00c1GY \u00c9S T\u00d6M\u00cdT\u00c9S K\u00c9SZLET POLARIS GENERAL 1000, RANGER 1000, RZR 1000, RZR XP 1000, RZR XP 4 1000, RZR XP TURBO","og_url":"https:\/\/v3.atv-parts.hu\/index.php\/termek\/hot-rods-fo-csapagy-es-tomites-keszlet-polaris-general-1000-ranger-1000-rzr-1000-rzr-xp-1000-rzr-xp-4-1000-rzr-xp-turbo\/","og_site_name":"V3 ATV-PARTS.HU","article_publisher":"https:\/\/www.facebook.com\/atvpartsHU","article_modified_time":"2024-05-03T13:26:42+00:00","og_image":[{"width":640,"height":227,"url":"https:\/\/v3.atv-parts.hu\/wp-content\/uploads\/2024\/03\/hot-rods-2020-2-nowy-towar-lozyska-walu-korbowego.jpg","type":"image\/jpeg"}],"twitter_card":"summary_large_image","twitter_misc":{"\u00c1r":"36435,03&nbsp;&#70;&#116; \u00c1F\u00c1-val","El\u00e9rhet\u0151s\u00e9g":"K\u00e9szleten"},"schema":{"@context":"https:\/\/schema.org","@graph":[{"@type":"WebPage","@id":"https:\/\/v3.atv-parts.hu\/index.php\/termek\/hot-rods-fo-csapagy-es-tomites-keszlet-polaris-general-1000-ranger-1000-rzr-1000-rzr-xp-1000-rzr-xp-4-1000-rzr-xp-turbo\/","url":"https:\/\/v3.atv-parts.hu\/index.php\/termek\/hot-rods-fo-csapagy-es-tomites-keszlet-polaris-general-1000-ranger-1000-rzr-1000-rzr-xp-1000-rzr-xp-4-1000-rzr-xp-turbo\/","name":"HOT RODS F\u0150 CSAP\u00c1GY \u00c9S T\u00d6M\u00cdT\u00c9S K\u00c9SZLET POLARIS GENERAL 1000, RANGER 1000, RZR 1000, RZR XP 1000, RZR XP 4 1000, RZR XP TURBO - V3 ATV-PARTS.HU","isPartOf":{"@id":"https:\/\/v3.atv-parts.hu\/#website"},"primaryImageOfPage":{"@id":"https:\/\/v3.atv-parts.hu\/index.php\/termek\/hot-rods-fo-csapagy-es-tomites-keszlet-polaris-general-1000-ranger-1000-rzr-1000-rzr-xp-1000-rzr-xp-4-1000-rzr-xp-turbo\/#primaryimage"},"image":{"@id":"https:\/\/v3.atv-parts.hu\/index.php\/termek\/hot-rods-fo-csapagy-es-tomites-keszlet-polaris-general-1000-ranger-1000-rzr-1000-rzr-xp-1000-rzr-xp-4-1000-rzr-xp-turbo\/#primaryimage"},"thumbnailUrl":"https:\/\/v3.atv-parts.hu\/wp-content\/uploads\/2024\/03\/hot-rods-2020-2-nowy-towar-lozyska-walu-korbowego.jpg","datePublished":"2024-03-27T22:26:47+00:00","dateModified":"2024-05-03T13:26:42+00:00","breadcrumb":{"@id":"https:\/\/v3.atv-parts.hu\/index.php\/termek\/hot-rods-fo-csapagy-es-tomites-keszlet-polaris-general-1000-ranger-1000-rzr-1000-rzr-xp-1000-rzr-xp-4-1000-rzr-xp-turbo\/#breadcrumb"},"inLanguage":"hu","potentialAction":[{"@type":"ReadAction","target":["https:\/\/v3.atv-parts.hu\/index.php\/termek\/hot-rods-fo-csapagy-es-tomites-keszlet-polaris-general-1000-ranger-1000-rzr-1000-rzr-xp-1000-rzr-xp-4-1000-rzr-xp-turbo\/"]}]},{"@type":"ImageObject","inLanguage":"hu","@id":"https:\/\/v3.atv-parts.hu\/index.php\/termek\/hot-rods-fo-csapagy-es-tomites-keszlet-polaris-general-1000-ranger-1000-rzr-1000-rzr-xp-1000-rzr-xp-4-1000-rzr-xp-turbo\/#primaryimage","url":"https:\/\/v3.atv-parts.hu\/wp-content\/uploads\/2024\/03\/hot-rods-2020-2-nowy-towar-lozyska-walu-korbowego.jpg","contentUrl":"https:\/\/v3.atv-parts.hu\/wp-content\/uploads\/2024\/03\/hot-rods-2020-2-nowy-towar-lozyska-walu-korbowego.jpg","width":640,"height":227},{"@type":"BreadcrumbList","@id":"https:\/\/v3.atv-parts.hu\/index.php\/termek\/hot-rods-fo-csapagy-es-tomites-keszlet-polaris-general-1000-ranger-1000-rzr-1000-rzr-xp-1000-rzr-xp-4-1000-rzr-xp-turbo\/#breadcrumb","itemListElement":[{"@type":"ListItem","position":1,"name":"Kezd\u0151lap","item":"https:\/\/v3.atv-parts.hu\/"},{"@type":"ListItem","position":2,"name":"Bolt","item":"https:\/\/v3.atv-parts.hu\/index.php\/bolt\/"},{"@type":"ListItem","position":3,"name":"HOT RODS F\u0150 CSAP\u00c1GY \u00c9S T\u00d6M\u00cdT\u00c9S K\u00c9SZLET POLARIS GENERAL 1000, RANGER 1000, RZR 1000, RZR XP 1000, RZR XP 4 1000, RZR XP TURBO"}]},{"@type":"WebSite","@id":"https:\/\/v3.atv-parts.hu\/#website","url":"https:\/\/v3.atv-parts.hu\/","name":"V3 ATV-PARTS.HU","description":"","publisher":{"@id":"https:\/\/v3.atv-parts.hu\/#organization"},"potentialAction":[{"@type":"SearchAction","target":{"@type":"EntryPoint","urlTemplate":"https:\/\/v3.atv-parts.hu\/?s={search_term_string}"},"query-input":"required name=search_term_string"}],"inLanguage":"hu"},{"@type":"Organization","@id":"https:\/\/v3.atv-parts.hu\/#organization","name":"V3 ATV-PARTS.HU","url":"https:\/\/v3.atv-parts.hu\/","logo":{"@type":"ImageObject","inLanguage":"hu","@id":"https:\/\/v3.atv-parts.hu\/#\/schema\/logo\/image\/","url":"https:\/\/v3.atv-parts.hu\/wp-content\/uploads\/2021\/02\/cropped-cropped-atvlogo-1-1-1.png","contentUrl":"https:\/\/v3.atv-parts.hu\/wp-content\/uploads\/2021\/02\/cropped-cropped-atvlogo-1-1-1.png","width":267,"height":160,"caption":"V3 ATV-PARTS.HU"},"image":{"@id":"https:\/\/v3.atv-parts.hu\/#\/schema\/logo\/image\/"},"sameAs":["https:\/\/www.facebook.com\/atvpartsHU"]}]},"product_price_amount":"36435.03","product_price_currency":"HUF","og_availability":"instock","product_availability":"instock","product_retailer_item_id":"HR00024","product_condition":"new"},"_links":{"self":[{"href":"https:\/\/v3.atv-parts.hu\/index.php\/wp-json\/wp\/v2\/product\/67167","targetHints":{"allow":["GET"]}}],"collection":[{"href":"https:\/\/v3.atv-parts.hu\/index.php\/wp-json\/wp\/v2\/product"}],"about":[{"href":"https:\/\/v3.atv-parts.hu\/index.php\/wp-json\/wp\/v2\/types\/product"}],"replies":[{"embeddable":true,"href":"https:\/\/v3.atv-parts.hu\/index.php\/wp-json\/wp\/v2\/comments?post=67167"}],"wp:featuredmedia":[{"embeddable":true,"href":"https:\/\/v3.atv-parts.hu\/index.php\/wp-json\/wp\/v2\/media\/67160"}],"wp:attachment":[{"href":"https:\/\/v3.atv-parts.hu\/index.php\/wp-json\/wp\/v2\/media?parent=67167"}],"wp:term":[{"taxonomy":"product_cat","embeddable":true,"href":"https:\/\/v3.atv-parts.hu\/index.php\/wp-json\/wp\/v2\/product_cat?post=67167"},{"taxonomy":"product_tag","embeddable":true,"href":"https:\/\/v3.atv-parts.hu\/index.php\/wp-json\/wp\/v2\/product_tag?post=67167"}],"curies":[{"name":"wp","href":"https:\/\/api.w.org\/{rel}","templated":true}]}}