{"id":71019,"date":"2024-03-28T03:24:51","date_gmt":"2024-03-28T02:24:51","guid":{"rendered":"https:\/\/v3.atv-parts.hu\/index.php\/termek\/trw-lucas-zf-fekbetet-kh256-sinter-aprilia-atlantic-500-02-05-scarabeo-500-02-12-leonardo-250-99-04-scarabeo-150-99-04-c-150-99-04-c-300-0101-fly-125-98-00-elso\/"},"modified":"2024-05-03T16:35:58","modified_gmt":"2024-05-03T14:35:58","slug":"trw-lucas-zf-fekbetet-kh256-sinter-aprilia-atlantic-500-02-05-scarabeo-500-02-12-leonardo-250-99-04-scarabeo-150-99-04-c-150-99-04-c-300-0101-fly-125-98-00-elso","status":"publish","type":"product","link":"https:\/\/v3.atv-parts.hu\/index.php\/termek\/trw-lucas-zf-fekbetet-kh256-sinter-aprilia-atlantic-500-02-05-scarabeo-500-02-12-leonardo-250-99-04-scarabeo-150-99-04-c-150-99-04-c-300-0101-fly-125-98-00-elso\/","title":{"rendered":"TRW LUCAS ZF F\u00c9KBET\u00c9T KH256 SINTER APRILIA ATLANTIC 500 &#8217;02-&#8217;05, SCARABEO 500 &#8217;02-&#8217;12, LEONARDO 250 &#8217;99-&#8217;04, SCARABEO 150 &#8217;99-&#8217;04, C 150 &#8217;99-&#8217;04, C 300 &#8217;01&#8217;01 FLY 125 &#8217;98-&#8217;00 ELS\u0150"},"content":{"rendered":"<p>TRW LUCAS ZF F\u00c9KBET\u00c9T KH256 SINTER APRILIA ATLANTIC 500 &#8217;02-&#8217;05, SCARABEO 500 &#8217;02-&#8217;12, LEONARDO 250 &#8217;99-&#8217;04, SCARABEO 150 &#8217;99-&#8217;04, C 150 &#8217;99-&#8217;04, C 300 &#8217;01&#8217;01 FLY 125 &#8217;98-&#8217;00 ELS\u0150<\/p>\n<p>SKU: MCB557SRM<\/p>\n","protected":false},"excerpt":{"rendered":"<p>TRW LUCAS ZF F\u00c9KBET\u00c9T KH256 SINTER APRILIA ATLANTIC 500 &#8217;02-&#8217;05, SCARABEO 500 &#8217;02-&#8217;12, LEONARDO 250 &#8217;99-&#8217;04, SCARABEO 150 &#8217;99-&#8217;04, C 150 &#8217;99-&#8217;04, C 300 &#8217;01&#8217;01 FLY 125 &#8217;98-&#8217;00 ELS\u0150<\/p>\n","protected":false},"featured_media":71020,"comment_status":"closed","ping_status":"open","template":"","meta":{"_monsterinsights_skip_tracking":false,"_monsterinsights_sitenote_active":false,"_monsterinsights_sitenote_note":"","_monsterinsights_sitenote_category":0},"product_cat":[285,284,283],"product_tag":[],"class_list":{"0":"post-71019","1":"product","2":"type-product","3":"status-publish","4":"has-post-thumbnail","6":"product_cat-fekbetetek","7":"product_cat-fekbetetek-es-fekpofak","8":"product_cat-fekrendszer","9":"pa_marka-trw-lucas","11":"first","12":"instock","13":"taxable","14":"shipping-taxable","15":"purchasable","16":"product-type-simple"},"yoast_head":"<!-- This site is optimized with the Yoast SEO Premium plugin v22.6 (Yoast SEO v22.6) - https:\/\/yoast.com\/wordpress\/plugins\/seo\/ -->\n<title>TRW LUCAS ZF F\u00c9KBET\u00c9T KH256 SINTER APRILIA ATLANTIC 500 &#039;02-&#039;05, SCARABEO 500 &#039;02-&#039;12, LEONARDO 250 &#039;99-&#039;04, SCARABEO 150 &#039;99-&#039;04, C 150 &#039;99-&#039;04, C 300 &#039;01&#039;01 FLY 125 &#039;98-&#039;00 ELS\u0150 - V3 ATV-PARTS.HU<\/title>\n<meta name=\"robots\" content=\"index, follow, max-snippet:-1, max-image-preview:large, max-video-preview:-1\" \/>\n<link rel=\"canonical\" href=\"https:\/\/v3.atv-parts.hu\/index.php\/termek\/trw-lucas-zf-fekbetet-kh256-sinter-aprilia-atlantic-500-02-05-scarabeo-500-02-12-leonardo-250-99-04-scarabeo-150-99-04-c-150-99-04-c-300-0101-fly-125-98-00-elso\/\" \/>\n<meta property=\"og:locale\" content=\"hu_HU\" \/>\n<meta property=\"og:type\" content=\"article\" \/>\n<meta property=\"og:title\" content=\"TRW LUCAS ZF F\u00c9KBET\u00c9T KH256 SINTER APRILIA ATLANTIC 500 &#039;02-&#039;05, SCARABEO 500 &#039;02-&#039;12, LEONARDO 250 &#039;99-&#039;04, SCARABEO 150 &#039;99-&#039;04, C 150 &#039;99-&#039;04, C 300 &#039;01&#039;01 FLY 125 &#039;98-&#039;00 ELS\u0150\" \/>\n<meta property=\"og:description\" content=\"TRW LUCAS ZF F\u00c9KBET\u00c9T KH256 SINTER APRILIA ATLANTIC 500 &#039;02-&#039;05, SCARABEO 500 &#039;02-&#039;12, LEONARDO 250 &#039;99-&#039;04, SCARABEO 150 &#039;99-&#039;04, C 150 &#039;99-&#039;04, C 300 &#039;01&#039;01 FLY 125 &#039;98-&#039;00 ELS\u0150\" \/>\n<meta property=\"og:url\" content=\"https:\/\/v3.atv-parts.hu\/index.php\/termek\/trw-lucas-zf-fekbetet-kh256-sinter-aprilia-atlantic-500-02-05-scarabeo-500-02-12-leonardo-250-99-04-scarabeo-150-99-04-c-150-99-04-c-300-0101-fly-125-98-00-elso\/\" \/>\n<meta property=\"og:site_name\" content=\"V3 ATV-PARTS.HU\" \/>\n<meta property=\"article:publisher\" content=\"https:\/\/www.facebook.com\/atvpartsHU\" \/>\n<meta property=\"article:modified_time\" content=\"2024-05-03T14:35:58+00:00\" \/>\n<meta property=\"og:image\" content=\"https:\/\/v3.atv-parts.hu\/wp-content\/uploads\/2024\/03\/trw-lucas-zf-klocki-hamulcowe-kh256-sinter-aprilia.jpg\" \/>\n\t<meta property=\"og:image:width\" content=\"877\" \/>\n\t<meta property=\"og:image:height\" content=\"800\" \/>\n\t<meta property=\"og:image:type\" content=\"image\/jpeg\" \/>\n<meta name=\"twitter:card\" content=\"summary_large_image\" \/>\n<meta name=\"twitter:label1\" content=\"\u00c1r\" \/>\n\t<meta name=\"twitter:data1\" content=\"8188,96&nbsp;&#70;&#116; \u00c1F\u00c1-val\" \/>\n\t<meta name=\"twitter:label2\" content=\"El\u00e9rhet\u0151s\u00e9g\" \/>\n\t<meta name=\"twitter:data2\" content=\"K\u00e9szleten\" \/>\n<script type=\"application\/ld+json\" class=\"yoast-schema-graph\">{\"@context\":\"https:\/\/schema.org\",\"@graph\":[{\"@type\":\"WebPage\",\"@id\":\"https:\/\/v3.atv-parts.hu\/index.php\/termek\/trw-lucas-zf-fekbetet-kh256-sinter-aprilia-atlantic-500-02-05-scarabeo-500-02-12-leonardo-250-99-04-scarabeo-150-99-04-c-150-99-04-c-300-0101-fly-125-98-00-elso\/\",\"url\":\"https:\/\/v3.atv-parts.hu\/index.php\/termek\/trw-lucas-zf-fekbetet-kh256-sinter-aprilia-atlantic-500-02-05-scarabeo-500-02-12-leonardo-250-99-04-scarabeo-150-99-04-c-150-99-04-c-300-0101-fly-125-98-00-elso\/\",\"name\":\"TRW LUCAS ZF F\u00c9KBET\u00c9T KH256 SINTER APRILIA ATLANTIC 500 '02-'05, SCARABEO 500 '02-'12, LEONARDO 250 '99-'04, SCARABEO 150 '99-'04, C 150 '99-'04, C 300 '01'01 FLY 125 '98-'00 ELS\u0150 - V3 ATV-PARTS.HU\",\"isPartOf\":{\"@id\":\"https:\/\/v3.atv-parts.hu\/#website\"},\"primaryImageOfPage\":{\"@id\":\"https:\/\/v3.atv-parts.hu\/index.php\/termek\/trw-lucas-zf-fekbetet-kh256-sinter-aprilia-atlantic-500-02-05-scarabeo-500-02-12-leonardo-250-99-04-scarabeo-150-99-04-c-150-99-04-c-300-0101-fly-125-98-00-elso\/#primaryimage\"},\"image\":{\"@id\":\"https:\/\/v3.atv-parts.hu\/index.php\/termek\/trw-lucas-zf-fekbetet-kh256-sinter-aprilia-atlantic-500-02-05-scarabeo-500-02-12-leonardo-250-99-04-scarabeo-150-99-04-c-150-99-04-c-300-0101-fly-125-98-00-elso\/#primaryimage\"},\"thumbnailUrl\":\"https:\/\/v3.atv-parts.hu\/wp-content\/uploads\/2024\/03\/trw-lucas-zf-klocki-hamulcowe-kh256-sinter-aprilia.jpg\",\"datePublished\":\"2024-03-28T02:24:51+00:00\",\"dateModified\":\"2024-05-03T14:35:58+00:00\",\"breadcrumb\":{\"@id\":\"https:\/\/v3.atv-parts.hu\/index.php\/termek\/trw-lucas-zf-fekbetet-kh256-sinter-aprilia-atlantic-500-02-05-scarabeo-500-02-12-leonardo-250-99-04-scarabeo-150-99-04-c-150-99-04-c-300-0101-fly-125-98-00-elso\/#breadcrumb\"},\"inLanguage\":\"hu\",\"potentialAction\":[{\"@type\":\"ReadAction\",\"target\":[\"https:\/\/v3.atv-parts.hu\/index.php\/termek\/trw-lucas-zf-fekbetet-kh256-sinter-aprilia-atlantic-500-02-05-scarabeo-500-02-12-leonardo-250-99-04-scarabeo-150-99-04-c-150-99-04-c-300-0101-fly-125-98-00-elso\/\"]}]},{\"@type\":\"ImageObject\",\"inLanguage\":\"hu\",\"@id\":\"https:\/\/v3.atv-parts.hu\/index.php\/termek\/trw-lucas-zf-fekbetet-kh256-sinter-aprilia-atlantic-500-02-05-scarabeo-500-02-12-leonardo-250-99-04-scarabeo-150-99-04-c-150-99-04-c-300-0101-fly-125-98-00-elso\/#primaryimage\",\"url\":\"https:\/\/v3.atv-parts.hu\/wp-content\/uploads\/2024\/03\/trw-lucas-zf-klocki-hamulcowe-kh256-sinter-aprilia.jpg\",\"contentUrl\":\"https:\/\/v3.atv-parts.hu\/wp-content\/uploads\/2024\/03\/trw-lucas-zf-klocki-hamulcowe-kh256-sinter-aprilia.jpg\",\"width\":877,\"height\":800},{\"@type\":\"BreadcrumbList\",\"@id\":\"https:\/\/v3.atv-parts.hu\/index.php\/termek\/trw-lucas-zf-fekbetet-kh256-sinter-aprilia-atlantic-500-02-05-scarabeo-500-02-12-leonardo-250-99-04-scarabeo-150-99-04-c-150-99-04-c-300-0101-fly-125-98-00-elso\/#breadcrumb\",\"itemListElement\":[{\"@type\":\"ListItem\",\"position\":1,\"name\":\"Kezd\u0151lap\",\"item\":\"https:\/\/v3.atv-parts.hu\/\"},{\"@type\":\"ListItem\",\"position\":2,\"name\":\"Bolt\",\"item\":\"https:\/\/v3.atv-parts.hu\/index.php\/bolt\/\"},{\"@type\":\"ListItem\",\"position\":3,\"name\":\"TRW LUCAS ZF F\u00c9KBET\u00c9T KH256 SINTER APRILIA ATLANTIC 500 &#8217;02-&#8217;05, SCARABEO 500 &#8217;02-&#8217;12, LEONARDO 250 &#8217;99-&#8217;04, SCARABEO 150 &#8217;99-&#8217;04, C 150 &#8217;99-&#8217;04, C 300 &#8217;01&#8217;01 FLY 125 &#8217;98-&#8217;00 ELS\u0150\"}]},{\"@type\":\"WebSite\",\"@id\":\"https:\/\/v3.atv-parts.hu\/#website\",\"url\":\"https:\/\/v3.atv-parts.hu\/\",\"name\":\"V3 ATV-PARTS.HU\",\"description\":\"\",\"publisher\":{\"@id\":\"https:\/\/v3.atv-parts.hu\/#organization\"},\"potentialAction\":[{\"@type\":\"SearchAction\",\"target\":{\"@type\":\"EntryPoint\",\"urlTemplate\":\"https:\/\/v3.atv-parts.hu\/?s={search_term_string}\"},\"query-input\":\"required name=search_term_string\"}],\"inLanguage\":\"hu\"},{\"@type\":\"Organization\",\"@id\":\"https:\/\/v3.atv-parts.hu\/#organization\",\"name\":\"V3 ATV-PARTS.HU\",\"url\":\"https:\/\/v3.atv-parts.hu\/\",\"logo\":{\"@type\":\"ImageObject\",\"inLanguage\":\"hu\",\"@id\":\"https:\/\/v3.atv-parts.hu\/#\/schema\/logo\/image\/\",\"url\":\"https:\/\/v3.atv-parts.hu\/wp-content\/uploads\/2021\/02\/cropped-cropped-atvlogo-1-1-1.png\",\"contentUrl\":\"https:\/\/v3.atv-parts.hu\/wp-content\/uploads\/2021\/02\/cropped-cropped-atvlogo-1-1-1.png\",\"width\":267,\"height\":160,\"caption\":\"V3 ATV-PARTS.HU\"},\"image\":{\"@id\":\"https:\/\/v3.atv-parts.hu\/#\/schema\/logo\/image\/\"},\"sameAs\":[\"https:\/\/www.facebook.com\/atvpartsHU\"]}]}<\/script>\n<meta property=\"product:price:amount\" content=\"8188.96\" \/>\n<meta property=\"product:price:currency\" content=\"HUF\" \/>\n<meta property=\"og:availability\" content=\"instock\" \/>\n<meta property=\"product:availability\" content=\"instock\" \/>\n<meta property=\"product:retailer_item_id\" content=\"MCB557SRM\" \/>\n<meta property=\"product:condition\" content=\"new\" \/>\n<!-- \/ Yoast SEO Premium plugin. -->","yoast_head_json":{"title":"TRW LUCAS ZF F\u00c9KBET\u00c9T KH256 SINTER APRILIA ATLANTIC 500 '02-'05, SCARABEO 500 '02-'12, LEONARDO 250 '99-'04, SCARABEO 150 '99-'04, C 150 '99-'04, C 300 '01'01 FLY 125 '98-'00 ELS\u0150 - V3 ATV-PARTS.HU","robots":{"index":"index","follow":"follow","max-snippet":"max-snippet:-1","max-image-preview":"max-image-preview:large","max-video-preview":"max-video-preview:-1"},"canonical":"https:\/\/v3.atv-parts.hu\/index.php\/termek\/trw-lucas-zf-fekbetet-kh256-sinter-aprilia-atlantic-500-02-05-scarabeo-500-02-12-leonardo-250-99-04-scarabeo-150-99-04-c-150-99-04-c-300-0101-fly-125-98-00-elso\/","og_locale":"hu_HU","og_type":"article","og_title":"TRW LUCAS ZF F\u00c9KBET\u00c9T KH256 SINTER APRILIA ATLANTIC 500 '02-'05, SCARABEO 500 '02-'12, LEONARDO 250 '99-'04, SCARABEO 150 '99-'04, C 150 '99-'04, C 300 '01'01 FLY 125 '98-'00 ELS\u0150","og_description":"TRW LUCAS ZF F\u00c9KBET\u00c9T KH256 SINTER APRILIA ATLANTIC 500 '02-'05, SCARABEO 500 '02-'12, LEONARDO 250 '99-'04, SCARABEO 150 '99-'04, C 150 '99-'04, C 300 '01'01 FLY 125 '98-'00 ELS\u0150","og_url":"https:\/\/v3.atv-parts.hu\/index.php\/termek\/trw-lucas-zf-fekbetet-kh256-sinter-aprilia-atlantic-500-02-05-scarabeo-500-02-12-leonardo-250-99-04-scarabeo-150-99-04-c-150-99-04-c-300-0101-fly-125-98-00-elso\/","og_site_name":"V3 ATV-PARTS.HU","article_publisher":"https:\/\/www.facebook.com\/atvpartsHU","article_modified_time":"2024-05-03T14:35:58+00:00","og_image":[{"width":877,"height":800,"url":"https:\/\/v3.atv-parts.hu\/wp-content\/uploads\/2024\/03\/trw-lucas-zf-klocki-hamulcowe-kh256-sinter-aprilia.jpg","type":"image\/jpeg"}],"twitter_card":"summary_large_image","twitter_misc":{"\u00c1r":"8188,96&nbsp;&#70;&#116; \u00c1F\u00c1-val","El\u00e9rhet\u0151s\u00e9g":"K\u00e9szleten"},"schema":{"@context":"https:\/\/schema.org","@graph":[{"@type":"WebPage","@id":"https:\/\/v3.atv-parts.hu\/index.php\/termek\/trw-lucas-zf-fekbetet-kh256-sinter-aprilia-atlantic-500-02-05-scarabeo-500-02-12-leonardo-250-99-04-scarabeo-150-99-04-c-150-99-04-c-300-0101-fly-125-98-00-elso\/","url":"https:\/\/v3.atv-parts.hu\/index.php\/termek\/trw-lucas-zf-fekbetet-kh256-sinter-aprilia-atlantic-500-02-05-scarabeo-500-02-12-leonardo-250-99-04-scarabeo-150-99-04-c-150-99-04-c-300-0101-fly-125-98-00-elso\/","name":"TRW LUCAS ZF F\u00c9KBET\u00c9T KH256 SINTER APRILIA ATLANTIC 500 '02-'05, SCARABEO 500 '02-'12, LEONARDO 250 '99-'04, SCARABEO 150 '99-'04, C 150 '99-'04, C 300 '01'01 FLY 125 '98-'00 ELS\u0150 - V3 ATV-PARTS.HU","isPartOf":{"@id":"https:\/\/v3.atv-parts.hu\/#website"},"primaryImageOfPage":{"@id":"https:\/\/v3.atv-parts.hu\/index.php\/termek\/trw-lucas-zf-fekbetet-kh256-sinter-aprilia-atlantic-500-02-05-scarabeo-500-02-12-leonardo-250-99-04-scarabeo-150-99-04-c-150-99-04-c-300-0101-fly-125-98-00-elso\/#primaryimage"},"image":{"@id":"https:\/\/v3.atv-parts.hu\/index.php\/termek\/trw-lucas-zf-fekbetet-kh256-sinter-aprilia-atlantic-500-02-05-scarabeo-500-02-12-leonardo-250-99-04-scarabeo-150-99-04-c-150-99-04-c-300-0101-fly-125-98-00-elso\/#primaryimage"},"thumbnailUrl":"https:\/\/v3.atv-parts.hu\/wp-content\/uploads\/2024\/03\/trw-lucas-zf-klocki-hamulcowe-kh256-sinter-aprilia.jpg","datePublished":"2024-03-28T02:24:51+00:00","dateModified":"2024-05-03T14:35:58+00:00","breadcrumb":{"@id":"https:\/\/v3.atv-parts.hu\/index.php\/termek\/trw-lucas-zf-fekbetet-kh256-sinter-aprilia-atlantic-500-02-05-scarabeo-500-02-12-leonardo-250-99-04-scarabeo-150-99-04-c-150-99-04-c-300-0101-fly-125-98-00-elso\/#breadcrumb"},"inLanguage":"hu","potentialAction":[{"@type":"ReadAction","target":["https:\/\/v3.atv-parts.hu\/index.php\/termek\/trw-lucas-zf-fekbetet-kh256-sinter-aprilia-atlantic-500-02-05-scarabeo-500-02-12-leonardo-250-99-04-scarabeo-150-99-04-c-150-99-04-c-300-0101-fly-125-98-00-elso\/"]}]},{"@type":"ImageObject","inLanguage":"hu","@id":"https:\/\/v3.atv-parts.hu\/index.php\/termek\/trw-lucas-zf-fekbetet-kh256-sinter-aprilia-atlantic-500-02-05-scarabeo-500-02-12-leonardo-250-99-04-scarabeo-150-99-04-c-150-99-04-c-300-0101-fly-125-98-00-elso\/#primaryimage","url":"https:\/\/v3.atv-parts.hu\/wp-content\/uploads\/2024\/03\/trw-lucas-zf-klocki-hamulcowe-kh256-sinter-aprilia.jpg","contentUrl":"https:\/\/v3.atv-parts.hu\/wp-content\/uploads\/2024\/03\/trw-lucas-zf-klocki-hamulcowe-kh256-sinter-aprilia.jpg","width":877,"height":800},{"@type":"BreadcrumbList","@id":"https:\/\/v3.atv-parts.hu\/index.php\/termek\/trw-lucas-zf-fekbetet-kh256-sinter-aprilia-atlantic-500-02-05-scarabeo-500-02-12-leonardo-250-99-04-scarabeo-150-99-04-c-150-99-04-c-300-0101-fly-125-98-00-elso\/#breadcrumb","itemListElement":[{"@type":"ListItem","position":1,"name":"Kezd\u0151lap","item":"https:\/\/v3.atv-parts.hu\/"},{"@type":"ListItem","position":2,"name":"Bolt","item":"https:\/\/v3.atv-parts.hu\/index.php\/bolt\/"},{"@type":"ListItem","position":3,"name":"TRW LUCAS ZF F\u00c9KBET\u00c9T KH256 SINTER APRILIA ATLANTIC 500 &#8217;02-&#8217;05, SCARABEO 500 &#8217;02-&#8217;12, LEONARDO 250 &#8217;99-&#8217;04, SCARABEO 150 &#8217;99-&#8217;04, C 150 &#8217;99-&#8217;04, C 300 &#8217;01&#8217;01 FLY 125 &#8217;98-&#8217;00 ELS\u0150"}]},{"@type":"WebSite","@id":"https:\/\/v3.atv-parts.hu\/#website","url":"https:\/\/v3.atv-parts.hu\/","name":"V3 ATV-PARTS.HU","description":"","publisher":{"@id":"https:\/\/v3.atv-parts.hu\/#organization"},"potentialAction":[{"@type":"SearchAction","target":{"@type":"EntryPoint","urlTemplate":"https:\/\/v3.atv-parts.hu\/?s={search_term_string}"},"query-input":"required name=search_term_string"}],"inLanguage":"hu"},{"@type":"Organization","@id":"https:\/\/v3.atv-parts.hu\/#organization","name":"V3 ATV-PARTS.HU","url":"https:\/\/v3.atv-parts.hu\/","logo":{"@type":"ImageObject","inLanguage":"hu","@id":"https:\/\/v3.atv-parts.hu\/#\/schema\/logo\/image\/","url":"https:\/\/v3.atv-parts.hu\/wp-content\/uploads\/2021\/02\/cropped-cropped-atvlogo-1-1-1.png","contentUrl":"https:\/\/v3.atv-parts.hu\/wp-content\/uploads\/2021\/02\/cropped-cropped-atvlogo-1-1-1.png","width":267,"height":160,"caption":"V3 ATV-PARTS.HU"},"image":{"@id":"https:\/\/v3.atv-parts.hu\/#\/schema\/logo\/image\/"},"sameAs":["https:\/\/www.facebook.com\/atvpartsHU"]}]},"product_price_amount":"8188.96","product_price_currency":"HUF","og_availability":"instock","product_availability":"instock","product_retailer_item_id":"MCB557SRM","product_condition":"new"},"_links":{"self":[{"href":"https:\/\/v3.atv-parts.hu\/index.php\/wp-json\/wp\/v2\/product\/71019","targetHints":{"allow":["GET"]}}],"collection":[{"href":"https:\/\/v3.atv-parts.hu\/index.php\/wp-json\/wp\/v2\/product"}],"about":[{"href":"https:\/\/v3.atv-parts.hu\/index.php\/wp-json\/wp\/v2\/types\/product"}],"replies":[{"embeddable":true,"href":"https:\/\/v3.atv-parts.hu\/index.php\/wp-json\/wp\/v2\/comments?post=71019"}],"wp:featuredmedia":[{"embeddable":true,"href":"https:\/\/v3.atv-parts.hu\/index.php\/wp-json\/wp\/v2\/media\/71020"}],"wp:attachment":[{"href":"https:\/\/v3.atv-parts.hu\/index.php\/wp-json\/wp\/v2\/media?parent=71019"}],"wp:term":[{"taxonomy":"product_cat","embeddable":true,"href":"https:\/\/v3.atv-parts.hu\/index.php\/wp-json\/wp\/v2\/product_cat?post=71019"},{"taxonomy":"product_tag","embeddable":true,"href":"https:\/\/v3.atv-parts.hu\/index.php\/wp-json\/wp\/v2\/product_tag?post=71019"}],"curies":[{"name":"wp","href":"https:\/\/api.w.org\/{rel}","templated":true}]}}