{"id":7248,"date":"2024-03-26T15:44:46","date_gmt":"2024-03-26T14:44:46","guid":{"rendered":"https:\/\/v3.atv-parts.hu\/index.php\/termek\/all-balls-elso-differencialis-tomites-yamaha-yfm-350-400-450-550-600-660-700\/"},"modified":"2024-12-07T08:02:58","modified_gmt":"2024-12-07T07:02:58","slug":"all-balls-elso-differencialis-tomites-yamaha-yfm-350-400-450-550-600-660-700","status":"publish","type":"product","link":"https:\/\/v3.atv-parts.hu\/index.php\/termek\/all-balls-elso-differencialis-tomites-yamaha-yfm-350-400-450-550-600-660-700\/","title":{"rendered":"ALL BALLS ELS\u0150 DIFFERENCI\u00c1LIS T\u00d6M\u00cdT\u00c9S YAMAHA YFM 350\/400\/450\/550\/600\/660\/700"},"content":{"rendered":"<p>ALL BALLS ELS\u0150 DIFFERENCI\u00c1LIS T\u00d6M\u00cdT\u00c9S YAMAHA YFM 350\/400\/450\/550\/600\/660\/700<\/p>\n<p>EAN: 25-2044-5<\/p>\n<p>Yamaha 450 RHINO 06-09, 660 RHINO 04-07, 700 RHINO FI 08-13, Kodiak 450 EPS 4WD 21-22, Kodiak 450 EPS 4WD Hunter 22, Kodiak 2-450 Kodiak 4WD 700 4WD 16-22, Kodiak 700 EPS 4WD 16-22, Kodiak 700 EPS 4WD Green 18, Kodiak 700 EPS 4WD Hunter 18-22, Kodiak 700 EPS 4WD SE 18-22, Viking 700 14-20, Viking 700 Eps 18- 22, Viking 700 EPS Red\/Green 18, Viking 700 VI EPS 15-22, Viking 700 VI EPS Hunter 18-22, Viking 700 VI EPS Ranch 18-22, Wolverine 16-18, Wolverine EPS 17, Wolverine R-SPEC16 , Wolverine R-SPEC EPS 16-18, Wolverine R-SPEC EPS SE 16-17, Wolverine R-SPEC Hunter 18, YFM350 Grizzly IRS 07-11, YFM400 Big Bear IRS 07-12, YFM450 YFM450 YFM45111-40 Grizzly IRS 07-14, YFM450 Kodiak 03-06, YFM550 Grizzly 09-14, YFM550 Grizzly EPS 09-14, YFM660 Grizzly 02-08, YFM700 Grizzly 07-16,YFM700 Grizzly EPS 08-22, YFM700 Grizzly EPS Graphite 18, YFM700 Grizzly EPS Hunter 18-22, YFM700 Grizzly EPS LE 18, YFM700 Grizzly EPS SE 18-22, YFM700 Grizzly EPS SE 18-22, YFM70ZT Grizzly EPS0-20 XR,20 YFM70X EPS 16-22 , YXZ1000R EPS SE 17-20, YXZ1000R EPS SS 17-22, YXZ1000R EPS SS SE 17-21, YXZ1000R EPS SS XTR 20-22, YXZ1000R SE 16<\/p>\n<p>SKU: 25-2044-5<\/p>\n","protected":false},"excerpt":{"rendered":"<p>ALL BALLS ELS\u0150 DIFFERENCI\u00c1LIS T\u00d6M\u00cdT\u00c9S YAMAHA YFM 350\/400\/450\/550\/600\/660\/700<\/p>\n","protected":false},"featured_media":7201,"comment_status":"closed","ping_status":"open","template":"","meta":{"_monsterinsights_skip_tracking":false,"_monsterinsights_sitenote_active":false,"_monsterinsights_sitenote_note":"","_monsterinsights_sitenote_category":0},"product_cat":[437,267,408],"product_tag":[156,341,342,347,164,171,170,219],"class_list":{"0":"post-7248","1":"product","2":"type-product","3":"status-publish","4":"has-post-thumbnail","6":"product_cat-differencial-tomitesek-es-csapagyak","7":"product_cat-felfuggesztes-es-kormanymu","8":"product_cat-hatso-felfuggesztes-es-kormanymu","9":"product_tag-atv","10":"product_tag-grizzly","11":"product_tag-grizzly-660","12":"product_tag-grizzly-700","13":"product_tag-yamaha","14":"product_tag-yfm-350","15":"product_tag-yfm","16":"product_tag-yxz","17":"pa_marka-all-balls","19":"first","20":"instock","21":"taxable","22":"shipping-taxable","23":"purchasable","24":"product-type-simple"},"yoast_head":"<!-- This site is optimized with the Yoast SEO Premium plugin v22.6 (Yoast SEO v22.6) - https:\/\/yoast.com\/wordpress\/plugins\/seo\/ -->\n<title>ALL BALLS ELS\u0150 DIFFERENCI\u00c1LIS T\u00d6M\u00cdT\u00c9S YAMAHA YFM 350\/400\/450\/550\/600\/660\/700 - V3 ATV-PARTS.HU<\/title>\n<meta name=\"robots\" content=\"index, follow, max-snippet:-1, max-image-preview:large, max-video-preview:-1\" \/>\n<link rel=\"canonical\" href=\"https:\/\/v3.atv-parts.hu\/index.php\/termek\/all-balls-elso-differencialis-tomites-yamaha-yfm-350-400-450-550-600-660-700\/\" \/>\n<meta property=\"og:locale\" content=\"hu_HU\" \/>\n<meta property=\"og:type\" content=\"article\" \/>\n<meta property=\"og:title\" content=\"ALL BALLS ELS\u0150 DIFFERENCI\u00c1LIS T\u00d6M\u00cdT\u00c9S YAMAHA YFM 350\/400\/450\/550\/600\/660\/700\" \/>\n<meta property=\"og:description\" content=\"ALL BALLS ELS\u0150 DIFFERENCI\u00c1LIS T\u00d6M\u00cdT\u00c9S YAMAHA YFM 350\/400\/450\/550\/600\/660\/700\" \/>\n<meta property=\"og:url\" content=\"https:\/\/v3.atv-parts.hu\/index.php\/termek\/all-balls-elso-differencialis-tomites-yamaha-yfm-350-400-450-550-600-660-700\/\" \/>\n<meta property=\"og:site_name\" content=\"V3 ATV-PARTS.HU\" \/>\n<meta property=\"article:publisher\" content=\"https:\/\/www.facebook.com\/atvpartsHU\" \/>\n<meta property=\"article:modified_time\" content=\"2024-12-07T07:02:58+00:00\" \/>\n<meta property=\"og:image\" content=\"https:\/\/v3.atv-parts.hu\/wp-content\/uploads\/2024\/03\/all-balls-uszczelniacze-dyferencjalu-przedniego-ya.jpg\" \/>\n\t<meta property=\"og:image:width\" content=\"432\" \/>\n\t<meta property=\"og:image:height\" content=\"432\" \/>\n\t<meta property=\"og:image:type\" content=\"image\/jpeg\" \/>\n<meta name=\"twitter:card\" content=\"summary_large_image\" \/>\n<meta name=\"twitter:label1\" content=\"\u00c1r\" \/>\n\t<meta name=\"twitter:data1\" content=\"6973,57&nbsp;&#70;&#116; \u00c1F\u00c1-val\" \/>\n\t<meta name=\"twitter:label2\" content=\"El\u00e9rhet\u0151s\u00e9g\" \/>\n\t<meta name=\"twitter:data2\" content=\"K\u00e9szleten\" \/>\n<script type=\"application\/ld+json\" class=\"yoast-schema-graph\">{\"@context\":\"https:\/\/schema.org\",\"@graph\":[{\"@type\":\"WebPage\",\"@id\":\"https:\/\/v3.atv-parts.hu\/index.php\/termek\/all-balls-elso-differencialis-tomites-yamaha-yfm-350-400-450-550-600-660-700\/\",\"url\":\"https:\/\/v3.atv-parts.hu\/index.php\/termek\/all-balls-elso-differencialis-tomites-yamaha-yfm-350-400-450-550-600-660-700\/\",\"name\":\"ALL BALLS ELS\u0150 DIFFERENCI\u00c1LIS T\u00d6M\u00cdT\u00c9S YAMAHA YFM 350\/400\/450\/550\/600\/660\/700 - V3 ATV-PARTS.HU\",\"isPartOf\":{\"@id\":\"https:\/\/v3.atv-parts.hu\/#website\"},\"primaryImageOfPage\":{\"@id\":\"https:\/\/v3.atv-parts.hu\/index.php\/termek\/all-balls-elso-differencialis-tomites-yamaha-yfm-350-400-450-550-600-660-700\/#primaryimage\"},\"image\":{\"@id\":\"https:\/\/v3.atv-parts.hu\/index.php\/termek\/all-balls-elso-differencialis-tomites-yamaha-yfm-350-400-450-550-600-660-700\/#primaryimage\"},\"thumbnailUrl\":\"https:\/\/v3.atv-parts.hu\/wp-content\/uploads\/2024\/03\/all-balls-uszczelniacze-dyferencjalu-przedniego-ya.jpg\",\"datePublished\":\"2024-03-26T14:44:46+00:00\",\"dateModified\":\"2024-12-07T07:02:58+00:00\",\"breadcrumb\":{\"@id\":\"https:\/\/v3.atv-parts.hu\/index.php\/termek\/all-balls-elso-differencialis-tomites-yamaha-yfm-350-400-450-550-600-660-700\/#breadcrumb\"},\"inLanguage\":\"hu\",\"potentialAction\":[{\"@type\":\"ReadAction\",\"target\":[\"https:\/\/v3.atv-parts.hu\/index.php\/termek\/all-balls-elso-differencialis-tomites-yamaha-yfm-350-400-450-550-600-660-700\/\"]}]},{\"@type\":\"ImageObject\",\"inLanguage\":\"hu\",\"@id\":\"https:\/\/v3.atv-parts.hu\/index.php\/termek\/all-balls-elso-differencialis-tomites-yamaha-yfm-350-400-450-550-600-660-700\/#primaryimage\",\"url\":\"https:\/\/v3.atv-parts.hu\/wp-content\/uploads\/2024\/03\/all-balls-uszczelniacze-dyferencjalu-przedniego-ya.jpg\",\"contentUrl\":\"https:\/\/v3.atv-parts.hu\/wp-content\/uploads\/2024\/03\/all-balls-uszczelniacze-dyferencjalu-przedniego-ya.jpg\",\"width\":432,\"height\":432},{\"@type\":\"BreadcrumbList\",\"@id\":\"https:\/\/v3.atv-parts.hu\/index.php\/termek\/all-balls-elso-differencialis-tomites-yamaha-yfm-350-400-450-550-600-660-700\/#breadcrumb\",\"itemListElement\":[{\"@type\":\"ListItem\",\"position\":1,\"name\":\"Kezd\u0151lap\",\"item\":\"https:\/\/v3.atv-parts.hu\/\"},{\"@type\":\"ListItem\",\"position\":2,\"name\":\"Bolt\",\"item\":\"https:\/\/v3.atv-parts.hu\/index.php\/bolt\/\"},{\"@type\":\"ListItem\",\"position\":3,\"name\":\"ALL BALLS ELS\u0150 DIFFERENCI\u00c1LIS T\u00d6M\u00cdT\u00c9S YAMAHA YFM 350\/400\/450\/550\/600\/660\/700\"}]},{\"@type\":\"WebSite\",\"@id\":\"https:\/\/v3.atv-parts.hu\/#website\",\"url\":\"https:\/\/v3.atv-parts.hu\/\",\"name\":\"V3 ATV-PARTS.HU\",\"description\":\"\",\"publisher\":{\"@id\":\"https:\/\/v3.atv-parts.hu\/#organization\"},\"potentialAction\":[{\"@type\":\"SearchAction\",\"target\":{\"@type\":\"EntryPoint\",\"urlTemplate\":\"https:\/\/v3.atv-parts.hu\/?s={search_term_string}\"},\"query-input\":\"required name=search_term_string\"}],\"inLanguage\":\"hu\"},{\"@type\":\"Organization\",\"@id\":\"https:\/\/v3.atv-parts.hu\/#organization\",\"name\":\"V3 ATV-PARTS.HU\",\"url\":\"https:\/\/v3.atv-parts.hu\/\",\"logo\":{\"@type\":\"ImageObject\",\"inLanguage\":\"hu\",\"@id\":\"https:\/\/v3.atv-parts.hu\/#\/schema\/logo\/image\/\",\"url\":\"https:\/\/v3.atv-parts.hu\/wp-content\/uploads\/2021\/02\/cropped-cropped-atvlogo-1-1-1.png\",\"contentUrl\":\"https:\/\/v3.atv-parts.hu\/wp-content\/uploads\/2021\/02\/cropped-cropped-atvlogo-1-1-1.png\",\"width\":267,\"height\":160,\"caption\":\"V3 ATV-PARTS.HU\"},\"image\":{\"@id\":\"https:\/\/v3.atv-parts.hu\/#\/schema\/logo\/image\/\"},\"sameAs\":[\"https:\/\/www.facebook.com\/atvpartsHU\"]}]}<\/script>\n<meta property=\"product:price:amount\" content=\"6973.57\" \/>\n<meta property=\"product:price:currency\" content=\"HUF\" \/>\n<meta property=\"og:availability\" content=\"instock\" \/>\n<meta property=\"product:availability\" content=\"instock\" \/>\n<meta property=\"product:retailer_item_id\" content=\"25-2044-5\" \/>\n<meta property=\"product:condition\" content=\"new\" \/>\n<!-- \/ Yoast SEO Premium plugin. -->","yoast_head_json":{"title":"ALL BALLS ELS\u0150 DIFFERENCI\u00c1LIS T\u00d6M\u00cdT\u00c9S YAMAHA YFM 350\/400\/450\/550\/600\/660\/700 - V3 ATV-PARTS.HU","robots":{"index":"index","follow":"follow","max-snippet":"max-snippet:-1","max-image-preview":"max-image-preview:large","max-video-preview":"max-video-preview:-1"},"canonical":"https:\/\/v3.atv-parts.hu\/index.php\/termek\/all-balls-elso-differencialis-tomites-yamaha-yfm-350-400-450-550-600-660-700\/","og_locale":"hu_HU","og_type":"article","og_title":"ALL BALLS ELS\u0150 DIFFERENCI\u00c1LIS T\u00d6M\u00cdT\u00c9S YAMAHA YFM 350\/400\/450\/550\/600\/660\/700","og_description":"ALL BALLS ELS\u0150 DIFFERENCI\u00c1LIS T\u00d6M\u00cdT\u00c9S YAMAHA YFM 350\/400\/450\/550\/600\/660\/700","og_url":"https:\/\/v3.atv-parts.hu\/index.php\/termek\/all-balls-elso-differencialis-tomites-yamaha-yfm-350-400-450-550-600-660-700\/","og_site_name":"V3 ATV-PARTS.HU","article_publisher":"https:\/\/www.facebook.com\/atvpartsHU","article_modified_time":"2024-12-07T07:02:58+00:00","og_image":[{"width":432,"height":432,"url":"https:\/\/v3.atv-parts.hu\/wp-content\/uploads\/2024\/03\/all-balls-uszczelniacze-dyferencjalu-przedniego-ya.jpg","type":"image\/jpeg"}],"twitter_card":"summary_large_image","twitter_misc":{"\u00c1r":"6973,57&nbsp;&#70;&#116; \u00c1F\u00c1-val","El\u00e9rhet\u0151s\u00e9g":"K\u00e9szleten"},"schema":{"@context":"https:\/\/schema.org","@graph":[{"@type":"WebPage","@id":"https:\/\/v3.atv-parts.hu\/index.php\/termek\/all-balls-elso-differencialis-tomites-yamaha-yfm-350-400-450-550-600-660-700\/","url":"https:\/\/v3.atv-parts.hu\/index.php\/termek\/all-balls-elso-differencialis-tomites-yamaha-yfm-350-400-450-550-600-660-700\/","name":"ALL BALLS ELS\u0150 DIFFERENCI\u00c1LIS T\u00d6M\u00cdT\u00c9S YAMAHA YFM 350\/400\/450\/550\/600\/660\/700 - V3 ATV-PARTS.HU","isPartOf":{"@id":"https:\/\/v3.atv-parts.hu\/#website"},"primaryImageOfPage":{"@id":"https:\/\/v3.atv-parts.hu\/index.php\/termek\/all-balls-elso-differencialis-tomites-yamaha-yfm-350-400-450-550-600-660-700\/#primaryimage"},"image":{"@id":"https:\/\/v3.atv-parts.hu\/index.php\/termek\/all-balls-elso-differencialis-tomites-yamaha-yfm-350-400-450-550-600-660-700\/#primaryimage"},"thumbnailUrl":"https:\/\/v3.atv-parts.hu\/wp-content\/uploads\/2024\/03\/all-balls-uszczelniacze-dyferencjalu-przedniego-ya.jpg","datePublished":"2024-03-26T14:44:46+00:00","dateModified":"2024-12-07T07:02:58+00:00","breadcrumb":{"@id":"https:\/\/v3.atv-parts.hu\/index.php\/termek\/all-balls-elso-differencialis-tomites-yamaha-yfm-350-400-450-550-600-660-700\/#breadcrumb"},"inLanguage":"hu","potentialAction":[{"@type":"ReadAction","target":["https:\/\/v3.atv-parts.hu\/index.php\/termek\/all-balls-elso-differencialis-tomites-yamaha-yfm-350-400-450-550-600-660-700\/"]}]},{"@type":"ImageObject","inLanguage":"hu","@id":"https:\/\/v3.atv-parts.hu\/index.php\/termek\/all-balls-elso-differencialis-tomites-yamaha-yfm-350-400-450-550-600-660-700\/#primaryimage","url":"https:\/\/v3.atv-parts.hu\/wp-content\/uploads\/2024\/03\/all-balls-uszczelniacze-dyferencjalu-przedniego-ya.jpg","contentUrl":"https:\/\/v3.atv-parts.hu\/wp-content\/uploads\/2024\/03\/all-balls-uszczelniacze-dyferencjalu-przedniego-ya.jpg","width":432,"height":432},{"@type":"BreadcrumbList","@id":"https:\/\/v3.atv-parts.hu\/index.php\/termek\/all-balls-elso-differencialis-tomites-yamaha-yfm-350-400-450-550-600-660-700\/#breadcrumb","itemListElement":[{"@type":"ListItem","position":1,"name":"Kezd\u0151lap","item":"https:\/\/v3.atv-parts.hu\/"},{"@type":"ListItem","position":2,"name":"Bolt","item":"https:\/\/v3.atv-parts.hu\/index.php\/bolt\/"},{"@type":"ListItem","position":3,"name":"ALL BALLS ELS\u0150 DIFFERENCI\u00c1LIS T\u00d6M\u00cdT\u00c9S YAMAHA YFM 350\/400\/450\/550\/600\/660\/700"}]},{"@type":"WebSite","@id":"https:\/\/v3.atv-parts.hu\/#website","url":"https:\/\/v3.atv-parts.hu\/","name":"V3 ATV-PARTS.HU","description":"","publisher":{"@id":"https:\/\/v3.atv-parts.hu\/#organization"},"potentialAction":[{"@type":"SearchAction","target":{"@type":"EntryPoint","urlTemplate":"https:\/\/v3.atv-parts.hu\/?s={search_term_string}"},"query-input":"required name=search_term_string"}],"inLanguage":"hu"},{"@type":"Organization","@id":"https:\/\/v3.atv-parts.hu\/#organization","name":"V3 ATV-PARTS.HU","url":"https:\/\/v3.atv-parts.hu\/","logo":{"@type":"ImageObject","inLanguage":"hu","@id":"https:\/\/v3.atv-parts.hu\/#\/schema\/logo\/image\/","url":"https:\/\/v3.atv-parts.hu\/wp-content\/uploads\/2021\/02\/cropped-cropped-atvlogo-1-1-1.png","contentUrl":"https:\/\/v3.atv-parts.hu\/wp-content\/uploads\/2021\/02\/cropped-cropped-atvlogo-1-1-1.png","width":267,"height":160,"caption":"V3 ATV-PARTS.HU"},"image":{"@id":"https:\/\/v3.atv-parts.hu\/#\/schema\/logo\/image\/"},"sameAs":["https:\/\/www.facebook.com\/atvpartsHU"]}]},"product_price_amount":"6973.57","product_price_currency":"HUF","og_availability":"instock","product_availability":"instock","product_retailer_item_id":"25-2044-5","product_condition":"new"},"_links":{"self":[{"href":"https:\/\/v3.atv-parts.hu\/index.php\/wp-json\/wp\/v2\/product\/7248","targetHints":{"allow":["GET"]}}],"collection":[{"href":"https:\/\/v3.atv-parts.hu\/index.php\/wp-json\/wp\/v2\/product"}],"about":[{"href":"https:\/\/v3.atv-parts.hu\/index.php\/wp-json\/wp\/v2\/types\/product"}],"replies":[{"embeddable":true,"href":"https:\/\/v3.atv-parts.hu\/index.php\/wp-json\/wp\/v2\/comments?post=7248"}],"wp:featuredmedia":[{"embeddable":true,"href":"https:\/\/v3.atv-parts.hu\/index.php\/wp-json\/wp\/v2\/media\/7201"}],"wp:attachment":[{"href":"https:\/\/v3.atv-parts.hu\/index.php\/wp-json\/wp\/v2\/media?parent=7248"}],"wp:term":[{"taxonomy":"product_cat","embeddable":true,"href":"https:\/\/v3.atv-parts.hu\/index.php\/wp-json\/wp\/v2\/product_cat?post=7248"},{"taxonomy":"product_tag","embeddable":true,"href":"https:\/\/v3.atv-parts.hu\/index.php\/wp-json\/wp\/v2\/product_tag?post=7248"}],"curies":[{"name":"wp","href":"https:\/\/api.w.org\/{rel}","templated":true}]}}