{"id":73644,"date":"2024-03-28T05:20:57","date_gmt":"2024-03-28T04:20:57","guid":{"rendered":"https:\/\/v3.atv-parts.hu\/index.php\/termek\/tourmax-rogzito-gumi-silentblock-szivattyuhoz-uzemanyagtankahoz-sarvasarohoz-uleshez-ablakhoz-stb-10-db-honda-gl-1200-1500-xl-600-650v-nx-650-trx-350-450-vf-500-700-750-1100-fx-650-xl\/"},"modified":"2024-11-22T08:28:26","modified_gmt":"2024-11-22T07:28:26","slug":"tourmax-rogzito-gumi-silentblock-szivattyuhoz-uzemanyagtankahoz-sarvasarohoz-uleshez-ablakhoz-stb-10-db-honda-gl-1200-1500-xl-600-650v-nx-650-trx-350-450-vf-500-700-750-1100-fx-650-xl","status":"publish","type":"product","link":"https:\/\/v3.atv-parts.hu\/index.php\/termek\/tourmax-rogzito-gumi-silentblock-szivattyuhoz-uzemanyagtankahoz-sarvasarohoz-uleshez-ablakhoz-stb-10-db-honda-gl-1200-1500-xl-600-650v-nx-650-trx-350-450-vf-500-700-750-1100-fx-650-xl\/","title":{"rendered":"TOURMAX R\u00d6GZ\u00cdT\u0150 GUMI (SILENTBLOCK) SZIVATTY\u00daHOZ, \u00dcZEMANYAGTANK\u00c1HOZ, S\u00c1RVAS\u00c1R\u00d3HOZ, \u00dcL\u00c9SHEZ, ABLAKHOZ, STB. (10 DB.) HONDA GL 1200\/1500, XL 600\/650V, NX 650, TRX 350\/450, VF 500\/700\/750\/1100, FX 650, XL 125V, XL 1000\/650V 10017010 (JAP\u00c1NBAN K\u00c9SZ\u00dcLT)"},"content":{"rendered":"<p>TOURMAX R\u00d6GZ\u00cdT\u0150 GUMI (SILENTBLOCK) SZIVATTY\u00daHOZ, \u00dcZEMANYAGTANK\u00c1HOZ, S\u00c1RVAS\u00c1R\u00d3HOZ, \u00dcL\u00c9SHEZ, ABLAKHOZ, STB. (10 DB.) HONDA GL 1200\/1500, XL 600\/650V, NX 650, TRX 350\/450, VF 500\/700\/750\/1100, FX 650, XL 125V, XL 1000\/650V 10017010 (JAP\u00c1NBAN K\u00c9SZ\u00dcLT)<\/p>\n<p>SKU: GRM-112\/10<\/p>\n","protected":false},"excerpt":{"rendered":"<p>TOURMAX R\u00d6GZ\u00cdT\u0150 GUMI (SILENTBLOCK) SZIVATTY\u00daHOZ, \u00dcZEMANYAGTANK\u00c1HOZ, S\u00c1RVAS\u00c1R\u00d3HOZ, \u00dcL\u00c9SHEZ, ABLAKHOZ, STB. (10 DB.) HONDA GL 1200\/1500, XL 600\/650V, NX 650, TRX 350\/450, VF 500\/700\/750\/1100, FX 650, XL 125V, XL 1000\/650V 10017010 (JAP\u00c1NBAN K\u00c9SZ\u00dcLT)<\/p>\n","protected":false},"featured_media":73641,"comment_status":"closed","ping_status":"open","template":"","meta":{"_monsterinsights_skip_tracking":false,"_monsterinsights_sitenote_active":false,"_monsterinsights_sitenote_note":"","_monsterinsights_sitenote_category":0},"product_cat":[788,270],"product_tag":[],"class_list":{"0":"post-73644","1":"product","2":"type-product","3":"status-publish","4":"has-post-thumbnail","6":"product_cat-egyeb-karosszeria","7":"product_cat-karosszeria","8":"pa_marka-tourmax","10":"first","11":"instock","12":"taxable","13":"shipping-taxable","14":"purchasable","15":"product-type-simple"},"yoast_head":"<!-- This site is optimized with the Yoast SEO Premium plugin v22.6 (Yoast SEO v22.6) - https:\/\/yoast.com\/wordpress\/plugins\/seo\/ -->\n<title>TOURMAX R\u00d6GZ\u00cdT\u0150 GUMI (SILENTBLOCK) SZIVATTY\u00daHOZ, \u00dcZEMANYAGTANK\u00c1HOZ, S\u00c1RVAS\u00c1R\u00d3HOZ, \u00dcL\u00c9SHEZ, ABLAKHOZ, STB. (10 DB.) HONDA GL 1200\/1500, XL 600\/650V, NX 650, TRX 350\/450, VF 500\/700\/750\/1100, FX 650, XL 125V, XL 1000\/650V 10017010 (JAP\u00c1NBAN K\u00c9SZ\u00dcLT) - V3 ATV-PARTS.HU<\/title>\n<meta name=\"robots\" content=\"index, follow, max-snippet:-1, max-image-preview:large, max-video-preview:-1\" \/>\n<link rel=\"canonical\" href=\"https:\/\/v3.atv-parts.hu\/index.php\/termek\/tourmax-rogzito-gumi-silentblock-szivattyuhoz-uzemanyagtankahoz-sarvasarohoz-uleshez-ablakhoz-stb-10-db-honda-gl-1200-1500-xl-600-650v-nx-650-trx-350-450-vf-500-700-750-1100-fx-650-xl\/\" \/>\n<meta property=\"og:locale\" content=\"hu_HU\" \/>\n<meta property=\"og:type\" content=\"article\" \/>\n<meta property=\"og:title\" content=\"TOURMAX R\u00d6GZ\u00cdT\u0150 GUMI (SILENTBLOCK) SZIVATTY\u00daHOZ, \u00dcZEMANYAGTANK\u00c1HOZ, S\u00c1RVAS\u00c1R\u00d3HOZ, \u00dcL\u00c9SHEZ, ABLAKHOZ, STB. (10 DB.) HONDA GL 1200\/1500, XL 600\/650V, NX 650, TRX 350\/450, VF 500\/700\/750\/1100, FX 650, XL 125V, XL 1000\/650V 10017010 (JAP\u00c1NBAN K\u00c9SZ\u00dcLT)\" \/>\n<meta property=\"og:description\" content=\"TOURMAX R\u00d6GZ\u00cdT\u0150 GUMI (SILENTBLOCK) SZIVATTY\u00daHOZ, \u00dcZEMANYAGTANK\u00c1HOZ, S\u00c1RVAS\u00c1R\u00d3HOZ, \u00dcL\u00c9SHEZ, ABLAKHOZ, STB. (10 DB.) HONDA GL 1200\/1500, XL 600\/650V, NX 650, TRX 350\/450, VF 500\/700\/750\/1100, FX 650, XL 125V, XL 1000\/650V 10017010 (JAP\u00c1NBAN K\u00c9SZ\u00dcLT)\" \/>\n<meta property=\"og:url\" content=\"https:\/\/v3.atv-parts.hu\/index.php\/termek\/tourmax-rogzito-gumi-silentblock-szivattyuhoz-uzemanyagtankahoz-sarvasarohoz-uleshez-ablakhoz-stb-10-db-honda-gl-1200-1500-xl-600-650v-nx-650-trx-350-450-vf-500-700-750-1100-fx-650-xl\/\" \/>\n<meta property=\"og:site_name\" content=\"V3 ATV-PARTS.HU\" \/>\n<meta property=\"article:publisher\" content=\"https:\/\/www.facebook.com\/atvpartsHU\" \/>\n<meta property=\"article:modified_time\" content=\"2024-11-22T07:28:26+00:00\" \/>\n<meta property=\"og:image\" content=\"https:\/\/v3.atv-parts.hu\/wp-content\/uploads\/2024\/03\/tourmax-2022-06-gumki-montazowe-silentblock-do-p.jpg\" \/>\n\t<meta property=\"og:image:width\" content=\"800\" \/>\n\t<meta property=\"og:image:height\" content=\"800\" \/>\n\t<meta property=\"og:image:type\" content=\"image\/jpeg\" \/>\n<meta name=\"twitter:card\" content=\"summary_large_image\" \/>\n<meta name=\"twitter:label1\" content=\"\u00c1r\" \/>\n\t<meta name=\"twitter:data1\" content=\"6945,63&nbsp;&#70;&#116; \u00c1F\u00c1-val\" \/>\n\t<meta name=\"twitter:label2\" content=\"El\u00e9rhet\u0151s\u00e9g\" \/>\n\t<meta name=\"twitter:data2\" content=\"K\u00e9szleten\" \/>\n<script type=\"application\/ld+json\" class=\"yoast-schema-graph\">{\"@context\":\"https:\/\/schema.org\",\"@graph\":[{\"@type\":\"WebPage\",\"@id\":\"https:\/\/v3.atv-parts.hu\/index.php\/termek\/tourmax-rogzito-gumi-silentblock-szivattyuhoz-uzemanyagtankahoz-sarvasarohoz-uleshez-ablakhoz-stb-10-db-honda-gl-1200-1500-xl-600-650v-nx-650-trx-350-450-vf-500-700-750-1100-fx-650-xl\/\",\"url\":\"https:\/\/v3.atv-parts.hu\/index.php\/termek\/tourmax-rogzito-gumi-silentblock-szivattyuhoz-uzemanyagtankahoz-sarvasarohoz-uleshez-ablakhoz-stb-10-db-honda-gl-1200-1500-xl-600-650v-nx-650-trx-350-450-vf-500-700-750-1100-fx-650-xl\/\",\"name\":\"TOURMAX R\u00d6GZ\u00cdT\u0150 GUMI (SILENTBLOCK) SZIVATTY\u00daHOZ, \u00dcZEMANYAGTANK\u00c1HOZ, S\u00c1RVAS\u00c1R\u00d3HOZ, \u00dcL\u00c9SHEZ, ABLAKHOZ, STB. (10 DB.) HONDA GL 1200\/1500, XL 600\/650V, NX 650, TRX 350\/450, VF 500\/700\/750\/1100, FX 650, XL 125V, XL 1000\/650V 10017010 (JAP\u00c1NBAN K\u00c9SZ\u00dcLT) - V3 ATV-PARTS.HU\",\"isPartOf\":{\"@id\":\"https:\/\/v3.atv-parts.hu\/#website\"},\"primaryImageOfPage\":{\"@id\":\"https:\/\/v3.atv-parts.hu\/index.php\/termek\/tourmax-rogzito-gumi-silentblock-szivattyuhoz-uzemanyagtankahoz-sarvasarohoz-uleshez-ablakhoz-stb-10-db-honda-gl-1200-1500-xl-600-650v-nx-650-trx-350-450-vf-500-700-750-1100-fx-650-xl\/#primaryimage\"},\"image\":{\"@id\":\"https:\/\/v3.atv-parts.hu\/index.php\/termek\/tourmax-rogzito-gumi-silentblock-szivattyuhoz-uzemanyagtankahoz-sarvasarohoz-uleshez-ablakhoz-stb-10-db-honda-gl-1200-1500-xl-600-650v-nx-650-trx-350-450-vf-500-700-750-1100-fx-650-xl\/#primaryimage\"},\"thumbnailUrl\":\"https:\/\/v3.atv-parts.hu\/wp-content\/uploads\/2024\/03\/tourmax-2022-06-gumki-montazowe-silentblock-do-p.jpg\",\"datePublished\":\"2024-03-28T04:20:57+00:00\",\"dateModified\":\"2024-11-22T07:28:26+00:00\",\"breadcrumb\":{\"@id\":\"https:\/\/v3.atv-parts.hu\/index.php\/termek\/tourmax-rogzito-gumi-silentblock-szivattyuhoz-uzemanyagtankahoz-sarvasarohoz-uleshez-ablakhoz-stb-10-db-honda-gl-1200-1500-xl-600-650v-nx-650-trx-350-450-vf-500-700-750-1100-fx-650-xl\/#breadcrumb\"},\"inLanguage\":\"hu\",\"potentialAction\":[{\"@type\":\"ReadAction\",\"target\":[\"https:\/\/v3.atv-parts.hu\/index.php\/termek\/tourmax-rogzito-gumi-silentblock-szivattyuhoz-uzemanyagtankahoz-sarvasarohoz-uleshez-ablakhoz-stb-10-db-honda-gl-1200-1500-xl-600-650v-nx-650-trx-350-450-vf-500-700-750-1100-fx-650-xl\/\"]}]},{\"@type\":\"ImageObject\",\"inLanguage\":\"hu\",\"@id\":\"https:\/\/v3.atv-parts.hu\/index.php\/termek\/tourmax-rogzito-gumi-silentblock-szivattyuhoz-uzemanyagtankahoz-sarvasarohoz-uleshez-ablakhoz-stb-10-db-honda-gl-1200-1500-xl-600-650v-nx-650-trx-350-450-vf-500-700-750-1100-fx-650-xl\/#primaryimage\",\"url\":\"https:\/\/v3.atv-parts.hu\/wp-content\/uploads\/2024\/03\/tourmax-2022-06-gumki-montazowe-silentblock-do-p.jpg\",\"contentUrl\":\"https:\/\/v3.atv-parts.hu\/wp-content\/uploads\/2024\/03\/tourmax-2022-06-gumki-montazowe-silentblock-do-p.jpg\",\"width\":800,\"height\":800},{\"@type\":\"BreadcrumbList\",\"@id\":\"https:\/\/v3.atv-parts.hu\/index.php\/termek\/tourmax-rogzito-gumi-silentblock-szivattyuhoz-uzemanyagtankahoz-sarvasarohoz-uleshez-ablakhoz-stb-10-db-honda-gl-1200-1500-xl-600-650v-nx-650-trx-350-450-vf-500-700-750-1100-fx-650-xl\/#breadcrumb\",\"itemListElement\":[{\"@type\":\"ListItem\",\"position\":1,\"name\":\"Kezd\u0151lap\",\"item\":\"https:\/\/v3.atv-parts.hu\/\"},{\"@type\":\"ListItem\",\"position\":2,\"name\":\"Bolt\",\"item\":\"https:\/\/v3.atv-parts.hu\/index.php\/bolt\/\"},{\"@type\":\"ListItem\",\"position\":3,\"name\":\"TOURMAX R\u00d6GZ\u00cdT\u0150 GUMI (SILENTBLOCK) SZIVATTY\u00daHOZ, \u00dcZEMANYAGTANK\u00c1HOZ, S\u00c1RVAS\u00c1R\u00d3HOZ, \u00dcL\u00c9SHEZ, ABLAKHOZ, STB. (10 DB.) HONDA GL 1200\/1500, XL 600\/650V, NX 650, TRX 350\/450, VF 500\/700\/750\/1100, FX 650, XL 125V, XL 1000\/650V 10017010 (JAP\u00c1NBAN K\u00c9SZ\u00dcLT)\"}]},{\"@type\":\"WebSite\",\"@id\":\"https:\/\/v3.atv-parts.hu\/#website\",\"url\":\"https:\/\/v3.atv-parts.hu\/\",\"name\":\"V3 ATV-PARTS.HU\",\"description\":\"\",\"publisher\":{\"@id\":\"https:\/\/v3.atv-parts.hu\/#organization\"},\"potentialAction\":[{\"@type\":\"SearchAction\",\"target\":{\"@type\":\"EntryPoint\",\"urlTemplate\":\"https:\/\/v3.atv-parts.hu\/?s={search_term_string}\"},\"query-input\":\"required name=search_term_string\"}],\"inLanguage\":\"hu\"},{\"@type\":\"Organization\",\"@id\":\"https:\/\/v3.atv-parts.hu\/#organization\",\"name\":\"V3 ATV-PARTS.HU\",\"url\":\"https:\/\/v3.atv-parts.hu\/\",\"logo\":{\"@type\":\"ImageObject\",\"inLanguage\":\"hu\",\"@id\":\"https:\/\/v3.atv-parts.hu\/#\/schema\/logo\/image\/\",\"url\":\"https:\/\/v3.atv-parts.hu\/wp-content\/uploads\/2021\/02\/cropped-cropped-atvlogo-1-1-1.png\",\"contentUrl\":\"https:\/\/v3.atv-parts.hu\/wp-content\/uploads\/2021\/02\/cropped-cropped-atvlogo-1-1-1.png\",\"width\":267,\"height\":160,\"caption\":\"V3 ATV-PARTS.HU\"},\"image\":{\"@id\":\"https:\/\/v3.atv-parts.hu\/#\/schema\/logo\/image\/\"},\"sameAs\":[\"https:\/\/www.facebook.com\/atvpartsHU\"]}]}<\/script>\n<meta property=\"product:price:amount\" content=\"6945.63\" \/>\n<meta property=\"product:price:currency\" content=\"HUF\" \/>\n<meta property=\"og:availability\" content=\"instock\" \/>\n<meta property=\"product:availability\" content=\"instock\" \/>\n<meta property=\"product:retailer_item_id\" content=\"GRM-112\/10\" \/>\n<meta property=\"product:condition\" content=\"new\" \/>\n<!-- \/ Yoast SEO Premium plugin. -->","yoast_head_json":{"title":"TOURMAX R\u00d6GZ\u00cdT\u0150 GUMI (SILENTBLOCK) SZIVATTY\u00daHOZ, \u00dcZEMANYAGTANK\u00c1HOZ, S\u00c1RVAS\u00c1R\u00d3HOZ, \u00dcL\u00c9SHEZ, ABLAKHOZ, STB. (10 DB.) HONDA GL 1200\/1500, XL 600\/650V, NX 650, TRX 350\/450, VF 500\/700\/750\/1100, FX 650, XL 125V, XL 1000\/650V 10017010 (JAP\u00c1NBAN K\u00c9SZ\u00dcLT) - V3 ATV-PARTS.HU","robots":{"index":"index","follow":"follow","max-snippet":"max-snippet:-1","max-image-preview":"max-image-preview:large","max-video-preview":"max-video-preview:-1"},"canonical":"https:\/\/v3.atv-parts.hu\/index.php\/termek\/tourmax-rogzito-gumi-silentblock-szivattyuhoz-uzemanyagtankahoz-sarvasarohoz-uleshez-ablakhoz-stb-10-db-honda-gl-1200-1500-xl-600-650v-nx-650-trx-350-450-vf-500-700-750-1100-fx-650-xl\/","og_locale":"hu_HU","og_type":"article","og_title":"TOURMAX R\u00d6GZ\u00cdT\u0150 GUMI (SILENTBLOCK) SZIVATTY\u00daHOZ, \u00dcZEMANYAGTANK\u00c1HOZ, S\u00c1RVAS\u00c1R\u00d3HOZ, \u00dcL\u00c9SHEZ, ABLAKHOZ, STB. (10 DB.) HONDA GL 1200\/1500, XL 600\/650V, NX 650, TRX 350\/450, VF 500\/700\/750\/1100, FX 650, XL 125V, XL 1000\/650V 10017010 (JAP\u00c1NBAN K\u00c9SZ\u00dcLT)","og_description":"TOURMAX R\u00d6GZ\u00cdT\u0150 GUMI (SILENTBLOCK) SZIVATTY\u00daHOZ, \u00dcZEMANYAGTANK\u00c1HOZ, S\u00c1RVAS\u00c1R\u00d3HOZ, \u00dcL\u00c9SHEZ, ABLAKHOZ, STB. (10 DB.) HONDA GL 1200\/1500, XL 600\/650V, NX 650, TRX 350\/450, VF 500\/700\/750\/1100, FX 650, XL 125V, XL 1000\/650V 10017010 (JAP\u00c1NBAN K\u00c9SZ\u00dcLT)","og_url":"https:\/\/v3.atv-parts.hu\/index.php\/termek\/tourmax-rogzito-gumi-silentblock-szivattyuhoz-uzemanyagtankahoz-sarvasarohoz-uleshez-ablakhoz-stb-10-db-honda-gl-1200-1500-xl-600-650v-nx-650-trx-350-450-vf-500-700-750-1100-fx-650-xl\/","og_site_name":"V3 ATV-PARTS.HU","article_publisher":"https:\/\/www.facebook.com\/atvpartsHU","article_modified_time":"2024-11-22T07:28:26+00:00","og_image":[{"width":800,"height":800,"url":"https:\/\/v3.atv-parts.hu\/wp-content\/uploads\/2024\/03\/tourmax-2022-06-gumki-montazowe-silentblock-do-p.jpg","type":"image\/jpeg"}],"twitter_card":"summary_large_image","twitter_misc":{"\u00c1r":"6945,63&nbsp;&#70;&#116; \u00c1F\u00c1-val","El\u00e9rhet\u0151s\u00e9g":"K\u00e9szleten"},"schema":{"@context":"https:\/\/schema.org","@graph":[{"@type":"WebPage","@id":"https:\/\/v3.atv-parts.hu\/index.php\/termek\/tourmax-rogzito-gumi-silentblock-szivattyuhoz-uzemanyagtankahoz-sarvasarohoz-uleshez-ablakhoz-stb-10-db-honda-gl-1200-1500-xl-600-650v-nx-650-trx-350-450-vf-500-700-750-1100-fx-650-xl\/","url":"https:\/\/v3.atv-parts.hu\/index.php\/termek\/tourmax-rogzito-gumi-silentblock-szivattyuhoz-uzemanyagtankahoz-sarvasarohoz-uleshez-ablakhoz-stb-10-db-honda-gl-1200-1500-xl-600-650v-nx-650-trx-350-450-vf-500-700-750-1100-fx-650-xl\/","name":"TOURMAX R\u00d6GZ\u00cdT\u0150 GUMI (SILENTBLOCK) SZIVATTY\u00daHOZ, \u00dcZEMANYAGTANK\u00c1HOZ, S\u00c1RVAS\u00c1R\u00d3HOZ, \u00dcL\u00c9SHEZ, ABLAKHOZ, STB. (10 DB.) HONDA GL 1200\/1500, XL 600\/650V, NX 650, TRX 350\/450, VF 500\/700\/750\/1100, FX 650, XL 125V, XL 1000\/650V 10017010 (JAP\u00c1NBAN K\u00c9SZ\u00dcLT) - V3 ATV-PARTS.HU","isPartOf":{"@id":"https:\/\/v3.atv-parts.hu\/#website"},"primaryImageOfPage":{"@id":"https:\/\/v3.atv-parts.hu\/index.php\/termek\/tourmax-rogzito-gumi-silentblock-szivattyuhoz-uzemanyagtankahoz-sarvasarohoz-uleshez-ablakhoz-stb-10-db-honda-gl-1200-1500-xl-600-650v-nx-650-trx-350-450-vf-500-700-750-1100-fx-650-xl\/#primaryimage"},"image":{"@id":"https:\/\/v3.atv-parts.hu\/index.php\/termek\/tourmax-rogzito-gumi-silentblock-szivattyuhoz-uzemanyagtankahoz-sarvasarohoz-uleshez-ablakhoz-stb-10-db-honda-gl-1200-1500-xl-600-650v-nx-650-trx-350-450-vf-500-700-750-1100-fx-650-xl\/#primaryimage"},"thumbnailUrl":"https:\/\/v3.atv-parts.hu\/wp-content\/uploads\/2024\/03\/tourmax-2022-06-gumki-montazowe-silentblock-do-p.jpg","datePublished":"2024-03-28T04:20:57+00:00","dateModified":"2024-11-22T07:28:26+00:00","breadcrumb":{"@id":"https:\/\/v3.atv-parts.hu\/index.php\/termek\/tourmax-rogzito-gumi-silentblock-szivattyuhoz-uzemanyagtankahoz-sarvasarohoz-uleshez-ablakhoz-stb-10-db-honda-gl-1200-1500-xl-600-650v-nx-650-trx-350-450-vf-500-700-750-1100-fx-650-xl\/#breadcrumb"},"inLanguage":"hu","potentialAction":[{"@type":"ReadAction","target":["https:\/\/v3.atv-parts.hu\/index.php\/termek\/tourmax-rogzito-gumi-silentblock-szivattyuhoz-uzemanyagtankahoz-sarvasarohoz-uleshez-ablakhoz-stb-10-db-honda-gl-1200-1500-xl-600-650v-nx-650-trx-350-450-vf-500-700-750-1100-fx-650-xl\/"]}]},{"@type":"ImageObject","inLanguage":"hu","@id":"https:\/\/v3.atv-parts.hu\/index.php\/termek\/tourmax-rogzito-gumi-silentblock-szivattyuhoz-uzemanyagtankahoz-sarvasarohoz-uleshez-ablakhoz-stb-10-db-honda-gl-1200-1500-xl-600-650v-nx-650-trx-350-450-vf-500-700-750-1100-fx-650-xl\/#primaryimage","url":"https:\/\/v3.atv-parts.hu\/wp-content\/uploads\/2024\/03\/tourmax-2022-06-gumki-montazowe-silentblock-do-p.jpg","contentUrl":"https:\/\/v3.atv-parts.hu\/wp-content\/uploads\/2024\/03\/tourmax-2022-06-gumki-montazowe-silentblock-do-p.jpg","width":800,"height":800},{"@type":"BreadcrumbList","@id":"https:\/\/v3.atv-parts.hu\/index.php\/termek\/tourmax-rogzito-gumi-silentblock-szivattyuhoz-uzemanyagtankahoz-sarvasarohoz-uleshez-ablakhoz-stb-10-db-honda-gl-1200-1500-xl-600-650v-nx-650-trx-350-450-vf-500-700-750-1100-fx-650-xl\/#breadcrumb","itemListElement":[{"@type":"ListItem","position":1,"name":"Kezd\u0151lap","item":"https:\/\/v3.atv-parts.hu\/"},{"@type":"ListItem","position":2,"name":"Bolt","item":"https:\/\/v3.atv-parts.hu\/index.php\/bolt\/"},{"@type":"ListItem","position":3,"name":"TOURMAX R\u00d6GZ\u00cdT\u0150 GUMI (SILENTBLOCK) SZIVATTY\u00daHOZ, \u00dcZEMANYAGTANK\u00c1HOZ, S\u00c1RVAS\u00c1R\u00d3HOZ, \u00dcL\u00c9SHEZ, ABLAKHOZ, STB. (10 DB.) HONDA GL 1200\/1500, XL 600\/650V, NX 650, TRX 350\/450, VF 500\/700\/750\/1100, FX 650, XL 125V, XL 1000\/650V 10017010 (JAP\u00c1NBAN K\u00c9SZ\u00dcLT)"}]},{"@type":"WebSite","@id":"https:\/\/v3.atv-parts.hu\/#website","url":"https:\/\/v3.atv-parts.hu\/","name":"V3 ATV-PARTS.HU","description":"","publisher":{"@id":"https:\/\/v3.atv-parts.hu\/#organization"},"potentialAction":[{"@type":"SearchAction","target":{"@type":"EntryPoint","urlTemplate":"https:\/\/v3.atv-parts.hu\/?s={search_term_string}"},"query-input":"required name=search_term_string"}],"inLanguage":"hu"},{"@type":"Organization","@id":"https:\/\/v3.atv-parts.hu\/#organization","name":"V3 ATV-PARTS.HU","url":"https:\/\/v3.atv-parts.hu\/","logo":{"@type":"ImageObject","inLanguage":"hu","@id":"https:\/\/v3.atv-parts.hu\/#\/schema\/logo\/image\/","url":"https:\/\/v3.atv-parts.hu\/wp-content\/uploads\/2021\/02\/cropped-cropped-atvlogo-1-1-1.png","contentUrl":"https:\/\/v3.atv-parts.hu\/wp-content\/uploads\/2021\/02\/cropped-cropped-atvlogo-1-1-1.png","width":267,"height":160,"caption":"V3 ATV-PARTS.HU"},"image":{"@id":"https:\/\/v3.atv-parts.hu\/#\/schema\/logo\/image\/"},"sameAs":["https:\/\/www.facebook.com\/atvpartsHU"]}]},"product_price_amount":"6945.63","product_price_currency":"HUF","og_availability":"instock","product_availability":"instock","product_retailer_item_id":"GRM-112\/10","product_condition":"new"},"_links":{"self":[{"href":"https:\/\/v3.atv-parts.hu\/index.php\/wp-json\/wp\/v2\/product\/73644","targetHints":{"allow":["GET"]}}],"collection":[{"href":"https:\/\/v3.atv-parts.hu\/index.php\/wp-json\/wp\/v2\/product"}],"about":[{"href":"https:\/\/v3.atv-parts.hu\/index.php\/wp-json\/wp\/v2\/types\/product"}],"replies":[{"embeddable":true,"href":"https:\/\/v3.atv-parts.hu\/index.php\/wp-json\/wp\/v2\/comments?post=73644"}],"wp:featuredmedia":[{"embeddable":true,"href":"https:\/\/v3.atv-parts.hu\/index.php\/wp-json\/wp\/v2\/media\/73641"}],"wp:attachment":[{"href":"https:\/\/v3.atv-parts.hu\/index.php\/wp-json\/wp\/v2\/media?parent=73644"}],"wp:term":[{"taxonomy":"product_cat","embeddable":true,"href":"https:\/\/v3.atv-parts.hu\/index.php\/wp-json\/wp\/v2\/product_cat?post=73644"},{"taxonomy":"product_tag","embeddable":true,"href":"https:\/\/v3.atv-parts.hu\/index.php\/wp-json\/wp\/v2\/product_tag?post=73644"}],"curies":[{"name":"wp","href":"https:\/\/api.w.org\/{rel}","templated":true}]}}