{"id":73694,"date":"2024-03-28T05:24:04","date_gmt":"2024-03-28T04:24:04","guid":{"rendered":"https:\/\/v3.atv-parts.hu\/index.php\/termek\/tourmax-fekfolyadektartaly-tomites-elso-suzuki-rm-80-86-01-rm-85-02-12-dr-z-125-02-13-rm-125-250-85-08-rm-250z6-rm-z-250-450-05-14-hatso-suzuki-rm-125-250-96-00-dr-z-400-e-s-sm-00\/"},"modified":"2024-05-03T16:45:36","modified_gmt":"2024-05-03T14:45:36","slug":"tourmax-fekfolyadektartaly-tomites-elso-suzuki-rm-80-86-01-rm-85-02-12-dr-z-125-02-13-rm-125-250-85-08-rm-250z6-rm-z-250-450-05-14-hatso-suzuki-rm-125-250-96-00-dr-z-400-e-s-sm-00","status":"publish","type":"product","link":"https:\/\/v3.atv-parts.hu\/index.php\/termek\/tourmax-fekfolyadektartaly-tomites-elso-suzuki-rm-80-86-01-rm-85-02-12-dr-z-125-02-13-rm-125-250-85-08-rm-250z6-rm-z-250-450-05-14-hatso-suzuki-rm-125-250-96-00-dr-z-400-e-s-sm-00\/","title":{"rendered":"TOURMAX F\u00c9KFOLYAD\u00c9KTART\u00c1LY T\u00d6M\u00cdT\u00c9S ELS\u0150 SUZUKI RM 80 &#8217;86-&#8217;01, RM 85 &#8217;02-&#8217;12, DR-Z 125 &#8217;02-&#8217;13, RM 125\/250 &#8217;85-&#8217;08, RM 250&#8217;Z6&#8242; RM-Z 250\/450 &#8217;05-&#8217;14, H\u00c1TS\u00d3 SUZUKI RM 125\/250 &#8217;96-&#8217;00, DR-Z 400 E\/S\/SM &#8217;00-&#8217;09 (OEM: 59667-14500) (JAP\u00c1N GY\u00c1RT\u00c1SA"},"content":{"rendered":"<p>TOURMAX F\u00c9KFOLYAD\u00c9KTART\u00c1LY T\u00d6M\u00cdT\u00c9S ELS\u0150 SUZUKI RM 80 &#8217;86-&#8217;01, RM 85 &#8217;02-&#8217;12, DR-Z 125 &#8217;02-&#8217;13, RM 125\/250 &#8217;85-&#8217;08, RM 250&#8217;Z6&#8242; RM-Z 250\/450 &#8217;05-&#8217;14, H\u00c1TS\u00d3 SUZUKI RM 125\/250 &#8217;96-&#8217;00, DR-Z 400 E\/S\/SM &#8217;00-&#8217;09 (OEM: 59667-14500) (JAP\u00c1N GY\u00c1RT\u00c1SA<\/p>\n<p>SKU: RVD-306<\/p>\n","protected":false},"excerpt":{"rendered":"<p>TOURMAX F\u00c9KFOLYAD\u00c9KTART\u00c1LY T\u00d6M\u00cdT\u00c9S ELS\u0150 SUZUKI RM 80 &#8217;86-&#8217;01, RM 85 &#8217;02-&#8217;12, DR-Z 125 &#8217;02-&#8217;13, RM 125\/250 &#8217;85-&#8217;08, RM 250&#8217;Z6&#8242; RM-Z 250\/450 &#8217;05-&#8217;14, H\u00c1TS\u00d3 SUZUKI RM 125\/250 &#8217;96-&#8217;00, DR-Z 400 E\/S\/SM &#8217;00-&#8217;09 (OEM: 59667-14500) (JAP\u00c1N GY\u00c1RT\u00c1SA<\/p>\n","protected":false},"featured_media":73690,"comment_status":"closed","ping_status":"open","template":"","meta":{"_monsterinsights_skip_tracking":false,"_monsterinsights_sitenote_active":false,"_monsterinsights_sitenote_note":"","_monsterinsights_sitenote_category":0},"product_cat":[706,283,336],"product_tag":[],"class_list":{"0":"post-73694","1":"product","2":"type-product","3":"status-publish","4":"has-post-thumbnail","6":"product_cat-fekfolyadek-tartalyok","7":"product_cat-fekrendszer","8":"product_cat-fekszivattyu","9":"pa_marka-tourmax","11":"first","12":"instock","13":"taxable","14":"shipping-taxable","15":"purchasable","16":"product-type-simple"},"yoast_head":"<!-- This site is optimized with the Yoast SEO Premium plugin v22.6 (Yoast SEO v22.6) - https:\/\/yoast.com\/wordpress\/plugins\/seo\/ -->\n<title>TOURMAX F\u00c9KFOLYAD\u00c9KTART\u00c1LY T\u00d6M\u00cdT\u00c9S ELS\u0150 SUZUKI RM 80 &#039;86-&#039;01, RM 85 &#039;02-&#039;12, DR-Z 125 &#039;02-&#039;13, RM 125\/250 &#039;85-&#039;08, RM 250&#039;Z6&#039; RM-Z 250\/450 &#039;05-&#039;14, H\u00c1TS\u00d3 SUZUKI RM 125\/250 &#039;96-&#039;00, DR-Z 400 E\/S\/SM &#039;00-&#039;09 (OEM: 59667-14500) (JAP\u00c1N GY\u00c1RT\u00c1SA - V3 ATV-PARTS.HU<\/title>\n<meta name=\"robots\" content=\"index, follow, max-snippet:-1, max-image-preview:large, max-video-preview:-1\" \/>\n<link rel=\"canonical\" href=\"https:\/\/v3.atv-parts.hu\/index.php\/termek\/tourmax-fekfolyadektartaly-tomites-elso-suzuki-rm-80-86-01-rm-85-02-12-dr-z-125-02-13-rm-125-250-85-08-rm-250z6-rm-z-250-450-05-14-hatso-suzuki-rm-125-250-96-00-dr-z-400-e-s-sm-00\/\" \/>\n<meta property=\"og:locale\" content=\"hu_HU\" \/>\n<meta property=\"og:type\" content=\"article\" \/>\n<meta property=\"og:title\" content=\"TOURMAX F\u00c9KFOLYAD\u00c9KTART\u00c1LY T\u00d6M\u00cdT\u00c9S ELS\u0150 SUZUKI RM 80 &#039;86-&#039;01, RM 85 &#039;02-&#039;12, DR-Z 125 &#039;02-&#039;13, RM 125\/250 &#039;85-&#039;08, RM 250&#039;Z6&#039; RM-Z 250\/450 &#039;05-&#039;14, H\u00c1TS\u00d3 SUZUKI RM 125\/250 &#039;96-&#039;00, DR-Z 400 E\/S\/SM &#039;00-&#039;09 (OEM: 59667-14500) (JAP\u00c1N GY\u00c1RT\u00c1SA\" \/>\n<meta property=\"og:description\" content=\"TOURMAX F\u00c9KFOLYAD\u00c9KTART\u00c1LY T\u00d6M\u00cdT\u00c9S ELS\u0150 SUZUKI RM 80 &#039;86-&#039;01, RM 85 &#039;02-&#039;12, DR-Z 125 &#039;02-&#039;13, RM 125\/250 &#039;85-&#039;08, RM 250&#039;Z6&#039; RM-Z 250\/450 &#039;05-&#039;14, H\u00c1TS\u00d3 SUZUKI RM 125\/250 &#039;96-&#039;00, DR-Z 400 E\/S\/SM &#039;00-&#039;09 (OEM: 59667-14500) (JAP\u00c1N GY\u00c1RT\u00c1SA\" \/>\n<meta property=\"og:url\" content=\"https:\/\/v3.atv-parts.hu\/index.php\/termek\/tourmax-fekfolyadektartaly-tomites-elso-suzuki-rm-80-86-01-rm-85-02-12-dr-z-125-02-13-rm-125-250-85-08-rm-250z6-rm-z-250-450-05-14-hatso-suzuki-rm-125-250-96-00-dr-z-400-e-s-sm-00\/\" \/>\n<meta property=\"og:site_name\" content=\"V3 ATV-PARTS.HU\" \/>\n<meta property=\"article:publisher\" content=\"https:\/\/www.facebook.com\/atvpartsHU\" \/>\n<meta property=\"article:modified_time\" content=\"2024-05-03T14:45:36+00:00\" \/>\n<meta property=\"og:image\" content=\"https:\/\/v3.atv-parts.hu\/wp-content\/uploads\/2024\/03\/tourmax-2022-06-zestaw-uszczelek-zbiorniczka-plynu.jpg\" \/>\n\t<meta property=\"og:image:width\" content=\"965\" \/>\n\t<meta property=\"og:image:height\" content=\"800\" \/>\n\t<meta property=\"og:image:type\" content=\"image\/jpeg\" \/>\n<meta name=\"twitter:card\" content=\"summary_large_image\" \/>\n<meta name=\"twitter:label1\" content=\"\u00c1r\" \/>\n\t<meta name=\"twitter:data1\" content=\"8869,68&nbsp;&#70;&#116; \u00c1F\u00c1-val\" \/>\n\t<meta name=\"twitter:label2\" content=\"El\u00e9rhet\u0151s\u00e9g\" \/>\n\t<meta name=\"twitter:data2\" content=\"K\u00e9szleten\" \/>\n<script type=\"application\/ld+json\" class=\"yoast-schema-graph\">{\"@context\":\"https:\/\/schema.org\",\"@graph\":[{\"@type\":\"WebPage\",\"@id\":\"https:\/\/v3.atv-parts.hu\/index.php\/termek\/tourmax-fekfolyadektartaly-tomites-elso-suzuki-rm-80-86-01-rm-85-02-12-dr-z-125-02-13-rm-125-250-85-08-rm-250z6-rm-z-250-450-05-14-hatso-suzuki-rm-125-250-96-00-dr-z-400-e-s-sm-00\/\",\"url\":\"https:\/\/v3.atv-parts.hu\/index.php\/termek\/tourmax-fekfolyadektartaly-tomites-elso-suzuki-rm-80-86-01-rm-85-02-12-dr-z-125-02-13-rm-125-250-85-08-rm-250z6-rm-z-250-450-05-14-hatso-suzuki-rm-125-250-96-00-dr-z-400-e-s-sm-00\/\",\"name\":\"TOURMAX F\u00c9KFOLYAD\u00c9KTART\u00c1LY T\u00d6M\u00cdT\u00c9S ELS\u0150 SUZUKI RM 80 '86-'01, RM 85 '02-'12, DR-Z 125 '02-'13, RM 125\/250 '85-'08, RM 250'Z6' RM-Z 250\/450 '05-'14, H\u00c1TS\u00d3 SUZUKI RM 125\/250 '96-'00, DR-Z 400 E\/S\/SM '00-'09 (OEM: 59667-14500) (JAP\u00c1N GY\u00c1RT\u00c1SA - V3 ATV-PARTS.HU\",\"isPartOf\":{\"@id\":\"https:\/\/v3.atv-parts.hu\/#website\"},\"primaryImageOfPage\":{\"@id\":\"https:\/\/v3.atv-parts.hu\/index.php\/termek\/tourmax-fekfolyadektartaly-tomites-elso-suzuki-rm-80-86-01-rm-85-02-12-dr-z-125-02-13-rm-125-250-85-08-rm-250z6-rm-z-250-450-05-14-hatso-suzuki-rm-125-250-96-00-dr-z-400-e-s-sm-00\/#primaryimage\"},\"image\":{\"@id\":\"https:\/\/v3.atv-parts.hu\/index.php\/termek\/tourmax-fekfolyadektartaly-tomites-elso-suzuki-rm-80-86-01-rm-85-02-12-dr-z-125-02-13-rm-125-250-85-08-rm-250z6-rm-z-250-450-05-14-hatso-suzuki-rm-125-250-96-00-dr-z-400-e-s-sm-00\/#primaryimage\"},\"thumbnailUrl\":\"https:\/\/v3.atv-parts.hu\/wp-content\/uploads\/2024\/03\/tourmax-2022-06-zestaw-uszczelek-zbiorniczka-plynu.jpg\",\"datePublished\":\"2024-03-28T04:24:04+00:00\",\"dateModified\":\"2024-05-03T14:45:36+00:00\",\"breadcrumb\":{\"@id\":\"https:\/\/v3.atv-parts.hu\/index.php\/termek\/tourmax-fekfolyadektartaly-tomites-elso-suzuki-rm-80-86-01-rm-85-02-12-dr-z-125-02-13-rm-125-250-85-08-rm-250z6-rm-z-250-450-05-14-hatso-suzuki-rm-125-250-96-00-dr-z-400-e-s-sm-00\/#breadcrumb\"},\"inLanguage\":\"hu\",\"potentialAction\":[{\"@type\":\"ReadAction\",\"target\":[\"https:\/\/v3.atv-parts.hu\/index.php\/termek\/tourmax-fekfolyadektartaly-tomites-elso-suzuki-rm-80-86-01-rm-85-02-12-dr-z-125-02-13-rm-125-250-85-08-rm-250z6-rm-z-250-450-05-14-hatso-suzuki-rm-125-250-96-00-dr-z-400-e-s-sm-00\/\"]}]},{\"@type\":\"ImageObject\",\"inLanguage\":\"hu\",\"@id\":\"https:\/\/v3.atv-parts.hu\/index.php\/termek\/tourmax-fekfolyadektartaly-tomites-elso-suzuki-rm-80-86-01-rm-85-02-12-dr-z-125-02-13-rm-125-250-85-08-rm-250z6-rm-z-250-450-05-14-hatso-suzuki-rm-125-250-96-00-dr-z-400-e-s-sm-00\/#primaryimage\",\"url\":\"https:\/\/v3.atv-parts.hu\/wp-content\/uploads\/2024\/03\/tourmax-2022-06-zestaw-uszczelek-zbiorniczka-plynu.jpg\",\"contentUrl\":\"https:\/\/v3.atv-parts.hu\/wp-content\/uploads\/2024\/03\/tourmax-2022-06-zestaw-uszczelek-zbiorniczka-plynu.jpg\",\"width\":965,\"height\":800},{\"@type\":\"BreadcrumbList\",\"@id\":\"https:\/\/v3.atv-parts.hu\/index.php\/termek\/tourmax-fekfolyadektartaly-tomites-elso-suzuki-rm-80-86-01-rm-85-02-12-dr-z-125-02-13-rm-125-250-85-08-rm-250z6-rm-z-250-450-05-14-hatso-suzuki-rm-125-250-96-00-dr-z-400-e-s-sm-00\/#breadcrumb\",\"itemListElement\":[{\"@type\":\"ListItem\",\"position\":1,\"name\":\"Kezd\u0151lap\",\"item\":\"https:\/\/v3.atv-parts.hu\/\"},{\"@type\":\"ListItem\",\"position\":2,\"name\":\"Bolt\",\"item\":\"https:\/\/v3.atv-parts.hu\/index.php\/bolt\/\"},{\"@type\":\"ListItem\",\"position\":3,\"name\":\"TOURMAX F\u00c9KFOLYAD\u00c9KTART\u00c1LY T\u00d6M\u00cdT\u00c9S ELS\u0150 SUZUKI RM 80 &#8217;86-&#8217;01, RM 85 &#8217;02-&#8217;12, DR-Z 125 &#8217;02-&#8217;13, RM 125\/250 &#8217;85-&#8217;08, RM 250&#8217;Z6&#8242; RM-Z 250\/450 &#8217;05-&#8217;14, H\u00c1TS\u00d3 SUZUKI RM 125\/250 &#8217;96-&#8217;00, DR-Z 400 E\/S\/SM &#8217;00-&#8217;09 (OEM: 59667-14500) (JAP\u00c1N GY\u00c1RT\u00c1SA\"}]},{\"@type\":\"WebSite\",\"@id\":\"https:\/\/v3.atv-parts.hu\/#website\",\"url\":\"https:\/\/v3.atv-parts.hu\/\",\"name\":\"V3 ATV-PARTS.HU\",\"description\":\"\",\"publisher\":{\"@id\":\"https:\/\/v3.atv-parts.hu\/#organization\"},\"potentialAction\":[{\"@type\":\"SearchAction\",\"target\":{\"@type\":\"EntryPoint\",\"urlTemplate\":\"https:\/\/v3.atv-parts.hu\/?s={search_term_string}\"},\"query-input\":\"required name=search_term_string\"}],\"inLanguage\":\"hu\"},{\"@type\":\"Organization\",\"@id\":\"https:\/\/v3.atv-parts.hu\/#organization\",\"name\":\"V3 ATV-PARTS.HU\",\"url\":\"https:\/\/v3.atv-parts.hu\/\",\"logo\":{\"@type\":\"ImageObject\",\"inLanguage\":\"hu\",\"@id\":\"https:\/\/v3.atv-parts.hu\/#\/schema\/logo\/image\/\",\"url\":\"https:\/\/v3.atv-parts.hu\/wp-content\/uploads\/2021\/02\/cropped-cropped-atvlogo-1-1-1.png\",\"contentUrl\":\"https:\/\/v3.atv-parts.hu\/wp-content\/uploads\/2021\/02\/cropped-cropped-atvlogo-1-1-1.png\",\"width\":267,\"height\":160,\"caption\":\"V3 ATV-PARTS.HU\"},\"image\":{\"@id\":\"https:\/\/v3.atv-parts.hu\/#\/schema\/logo\/image\/\"},\"sameAs\":[\"https:\/\/www.facebook.com\/atvpartsHU\"]}]}<\/script>\n<meta property=\"product:price:amount\" content=\"8869.68\" \/>\n<meta property=\"product:price:currency\" content=\"HUF\" \/>\n<meta property=\"og:availability\" content=\"instock\" \/>\n<meta property=\"product:availability\" content=\"instock\" \/>\n<meta property=\"product:retailer_item_id\" content=\"RVD-306\" \/>\n<meta property=\"product:condition\" content=\"new\" \/>\n<!-- \/ Yoast SEO Premium plugin. -->","yoast_head_json":{"title":"TOURMAX F\u00c9KFOLYAD\u00c9KTART\u00c1LY T\u00d6M\u00cdT\u00c9S ELS\u0150 SUZUKI RM 80 '86-'01, RM 85 '02-'12, DR-Z 125 '02-'13, RM 125\/250 '85-'08, RM 250'Z6' RM-Z 250\/450 '05-'14, H\u00c1TS\u00d3 SUZUKI RM 125\/250 '96-'00, DR-Z 400 E\/S\/SM '00-'09 (OEM: 59667-14500) (JAP\u00c1N GY\u00c1RT\u00c1SA - V3 ATV-PARTS.HU","robots":{"index":"index","follow":"follow","max-snippet":"max-snippet:-1","max-image-preview":"max-image-preview:large","max-video-preview":"max-video-preview:-1"},"canonical":"https:\/\/v3.atv-parts.hu\/index.php\/termek\/tourmax-fekfolyadektartaly-tomites-elso-suzuki-rm-80-86-01-rm-85-02-12-dr-z-125-02-13-rm-125-250-85-08-rm-250z6-rm-z-250-450-05-14-hatso-suzuki-rm-125-250-96-00-dr-z-400-e-s-sm-00\/","og_locale":"hu_HU","og_type":"article","og_title":"TOURMAX F\u00c9KFOLYAD\u00c9KTART\u00c1LY T\u00d6M\u00cdT\u00c9S ELS\u0150 SUZUKI RM 80 '86-'01, RM 85 '02-'12, DR-Z 125 '02-'13, RM 125\/250 '85-'08, RM 250'Z6' RM-Z 250\/450 '05-'14, H\u00c1TS\u00d3 SUZUKI RM 125\/250 '96-'00, DR-Z 400 E\/S\/SM '00-'09 (OEM: 59667-14500) (JAP\u00c1N GY\u00c1RT\u00c1SA","og_description":"TOURMAX F\u00c9KFOLYAD\u00c9KTART\u00c1LY T\u00d6M\u00cdT\u00c9S ELS\u0150 SUZUKI RM 80 '86-'01, RM 85 '02-'12, DR-Z 125 '02-'13, RM 125\/250 '85-'08, RM 250'Z6' RM-Z 250\/450 '05-'14, H\u00c1TS\u00d3 SUZUKI RM 125\/250 '96-'00, DR-Z 400 E\/S\/SM '00-'09 (OEM: 59667-14500) (JAP\u00c1N GY\u00c1RT\u00c1SA","og_url":"https:\/\/v3.atv-parts.hu\/index.php\/termek\/tourmax-fekfolyadektartaly-tomites-elso-suzuki-rm-80-86-01-rm-85-02-12-dr-z-125-02-13-rm-125-250-85-08-rm-250z6-rm-z-250-450-05-14-hatso-suzuki-rm-125-250-96-00-dr-z-400-e-s-sm-00\/","og_site_name":"V3 ATV-PARTS.HU","article_publisher":"https:\/\/www.facebook.com\/atvpartsHU","article_modified_time":"2024-05-03T14:45:36+00:00","og_image":[{"width":965,"height":800,"url":"https:\/\/v3.atv-parts.hu\/wp-content\/uploads\/2024\/03\/tourmax-2022-06-zestaw-uszczelek-zbiorniczka-plynu.jpg","type":"image\/jpeg"}],"twitter_card":"summary_large_image","twitter_misc":{"\u00c1r":"8869,68&nbsp;&#70;&#116; \u00c1F\u00c1-val","El\u00e9rhet\u0151s\u00e9g":"K\u00e9szleten"},"schema":{"@context":"https:\/\/schema.org","@graph":[{"@type":"WebPage","@id":"https:\/\/v3.atv-parts.hu\/index.php\/termek\/tourmax-fekfolyadektartaly-tomites-elso-suzuki-rm-80-86-01-rm-85-02-12-dr-z-125-02-13-rm-125-250-85-08-rm-250z6-rm-z-250-450-05-14-hatso-suzuki-rm-125-250-96-00-dr-z-400-e-s-sm-00\/","url":"https:\/\/v3.atv-parts.hu\/index.php\/termek\/tourmax-fekfolyadektartaly-tomites-elso-suzuki-rm-80-86-01-rm-85-02-12-dr-z-125-02-13-rm-125-250-85-08-rm-250z6-rm-z-250-450-05-14-hatso-suzuki-rm-125-250-96-00-dr-z-400-e-s-sm-00\/","name":"TOURMAX F\u00c9KFOLYAD\u00c9KTART\u00c1LY T\u00d6M\u00cdT\u00c9S ELS\u0150 SUZUKI RM 80 '86-'01, RM 85 '02-'12, DR-Z 125 '02-'13, RM 125\/250 '85-'08, RM 250'Z6' RM-Z 250\/450 '05-'14, H\u00c1TS\u00d3 SUZUKI RM 125\/250 '96-'00, DR-Z 400 E\/S\/SM '00-'09 (OEM: 59667-14500) (JAP\u00c1N GY\u00c1RT\u00c1SA - V3 ATV-PARTS.HU","isPartOf":{"@id":"https:\/\/v3.atv-parts.hu\/#website"},"primaryImageOfPage":{"@id":"https:\/\/v3.atv-parts.hu\/index.php\/termek\/tourmax-fekfolyadektartaly-tomites-elso-suzuki-rm-80-86-01-rm-85-02-12-dr-z-125-02-13-rm-125-250-85-08-rm-250z6-rm-z-250-450-05-14-hatso-suzuki-rm-125-250-96-00-dr-z-400-e-s-sm-00\/#primaryimage"},"image":{"@id":"https:\/\/v3.atv-parts.hu\/index.php\/termek\/tourmax-fekfolyadektartaly-tomites-elso-suzuki-rm-80-86-01-rm-85-02-12-dr-z-125-02-13-rm-125-250-85-08-rm-250z6-rm-z-250-450-05-14-hatso-suzuki-rm-125-250-96-00-dr-z-400-e-s-sm-00\/#primaryimage"},"thumbnailUrl":"https:\/\/v3.atv-parts.hu\/wp-content\/uploads\/2024\/03\/tourmax-2022-06-zestaw-uszczelek-zbiorniczka-plynu.jpg","datePublished":"2024-03-28T04:24:04+00:00","dateModified":"2024-05-03T14:45:36+00:00","breadcrumb":{"@id":"https:\/\/v3.atv-parts.hu\/index.php\/termek\/tourmax-fekfolyadektartaly-tomites-elso-suzuki-rm-80-86-01-rm-85-02-12-dr-z-125-02-13-rm-125-250-85-08-rm-250z6-rm-z-250-450-05-14-hatso-suzuki-rm-125-250-96-00-dr-z-400-e-s-sm-00\/#breadcrumb"},"inLanguage":"hu","potentialAction":[{"@type":"ReadAction","target":["https:\/\/v3.atv-parts.hu\/index.php\/termek\/tourmax-fekfolyadektartaly-tomites-elso-suzuki-rm-80-86-01-rm-85-02-12-dr-z-125-02-13-rm-125-250-85-08-rm-250z6-rm-z-250-450-05-14-hatso-suzuki-rm-125-250-96-00-dr-z-400-e-s-sm-00\/"]}]},{"@type":"ImageObject","inLanguage":"hu","@id":"https:\/\/v3.atv-parts.hu\/index.php\/termek\/tourmax-fekfolyadektartaly-tomites-elso-suzuki-rm-80-86-01-rm-85-02-12-dr-z-125-02-13-rm-125-250-85-08-rm-250z6-rm-z-250-450-05-14-hatso-suzuki-rm-125-250-96-00-dr-z-400-e-s-sm-00\/#primaryimage","url":"https:\/\/v3.atv-parts.hu\/wp-content\/uploads\/2024\/03\/tourmax-2022-06-zestaw-uszczelek-zbiorniczka-plynu.jpg","contentUrl":"https:\/\/v3.atv-parts.hu\/wp-content\/uploads\/2024\/03\/tourmax-2022-06-zestaw-uszczelek-zbiorniczka-plynu.jpg","width":965,"height":800},{"@type":"BreadcrumbList","@id":"https:\/\/v3.atv-parts.hu\/index.php\/termek\/tourmax-fekfolyadektartaly-tomites-elso-suzuki-rm-80-86-01-rm-85-02-12-dr-z-125-02-13-rm-125-250-85-08-rm-250z6-rm-z-250-450-05-14-hatso-suzuki-rm-125-250-96-00-dr-z-400-e-s-sm-00\/#breadcrumb","itemListElement":[{"@type":"ListItem","position":1,"name":"Kezd\u0151lap","item":"https:\/\/v3.atv-parts.hu\/"},{"@type":"ListItem","position":2,"name":"Bolt","item":"https:\/\/v3.atv-parts.hu\/index.php\/bolt\/"},{"@type":"ListItem","position":3,"name":"TOURMAX F\u00c9KFOLYAD\u00c9KTART\u00c1LY T\u00d6M\u00cdT\u00c9S ELS\u0150 SUZUKI RM 80 &#8217;86-&#8217;01, RM 85 &#8217;02-&#8217;12, DR-Z 125 &#8217;02-&#8217;13, RM 125\/250 &#8217;85-&#8217;08, RM 250&#8217;Z6&#8242; RM-Z 250\/450 &#8217;05-&#8217;14, H\u00c1TS\u00d3 SUZUKI RM 125\/250 &#8217;96-&#8217;00, DR-Z 400 E\/S\/SM &#8217;00-&#8217;09 (OEM: 59667-14500) (JAP\u00c1N GY\u00c1RT\u00c1SA"}]},{"@type":"WebSite","@id":"https:\/\/v3.atv-parts.hu\/#website","url":"https:\/\/v3.atv-parts.hu\/","name":"V3 ATV-PARTS.HU","description":"","publisher":{"@id":"https:\/\/v3.atv-parts.hu\/#organization"},"potentialAction":[{"@type":"SearchAction","target":{"@type":"EntryPoint","urlTemplate":"https:\/\/v3.atv-parts.hu\/?s={search_term_string}"},"query-input":"required name=search_term_string"}],"inLanguage":"hu"},{"@type":"Organization","@id":"https:\/\/v3.atv-parts.hu\/#organization","name":"V3 ATV-PARTS.HU","url":"https:\/\/v3.atv-parts.hu\/","logo":{"@type":"ImageObject","inLanguage":"hu","@id":"https:\/\/v3.atv-parts.hu\/#\/schema\/logo\/image\/","url":"https:\/\/v3.atv-parts.hu\/wp-content\/uploads\/2021\/02\/cropped-cropped-atvlogo-1-1-1.png","contentUrl":"https:\/\/v3.atv-parts.hu\/wp-content\/uploads\/2021\/02\/cropped-cropped-atvlogo-1-1-1.png","width":267,"height":160,"caption":"V3 ATV-PARTS.HU"},"image":{"@id":"https:\/\/v3.atv-parts.hu\/#\/schema\/logo\/image\/"},"sameAs":["https:\/\/www.facebook.com\/atvpartsHU"]}]},"product_price_amount":"8869.68","product_price_currency":"HUF","og_availability":"instock","product_availability":"instock","product_retailer_item_id":"RVD-306","product_condition":"new"},"_links":{"self":[{"href":"https:\/\/v3.atv-parts.hu\/index.php\/wp-json\/wp\/v2\/product\/73694","targetHints":{"allow":["GET"]}}],"collection":[{"href":"https:\/\/v3.atv-parts.hu\/index.php\/wp-json\/wp\/v2\/product"}],"about":[{"href":"https:\/\/v3.atv-parts.hu\/index.php\/wp-json\/wp\/v2\/types\/product"}],"replies":[{"embeddable":true,"href":"https:\/\/v3.atv-parts.hu\/index.php\/wp-json\/wp\/v2\/comments?post=73694"}],"wp:featuredmedia":[{"embeddable":true,"href":"https:\/\/v3.atv-parts.hu\/index.php\/wp-json\/wp\/v2\/media\/73690"}],"wp:attachment":[{"href":"https:\/\/v3.atv-parts.hu\/index.php\/wp-json\/wp\/v2\/media?parent=73694"}],"wp:term":[{"taxonomy":"product_cat","embeddable":true,"href":"https:\/\/v3.atv-parts.hu\/index.php\/wp-json\/wp\/v2\/product_cat?post=73694"},{"taxonomy":"product_tag","embeddable":true,"href":"https:\/\/v3.atv-parts.hu\/index.php\/wp-json\/wp\/v2\/product_tag?post=73694"}],"curies":[{"name":"wp","href":"https:\/\/api.w.org\/{rel}","templated":true}]}}