{"id":78447,"date":"2024-03-28T08:38:04","date_gmt":"2024-03-28T07:38:04","guid":{"rendered":"https:\/\/v3.atv-parts.hu\/index.php\/termek\/hiflo-kulso-levegoszuro-burkolat-yamaha-yfm250-400-big-bear-03-12\/"},"modified":"2024-05-03T15:21:12","modified_gmt":"2024-05-03T13:21:12","slug":"hiflo-kulso-levegoszuro-burkolat-yamaha-yfm250-400-big-bear-03-12","status":"publish","type":"product","link":"https:\/\/v3.atv-parts.hu\/index.php\/termek\/hiflo-kulso-levegoszuro-burkolat-yamaha-yfm250-400-big-bear-03-12\/","title":{"rendered":"HIFLO K\u00dcLS\u0150 LEVEG\u0150SZ\u0170R\u0150 BURKOLAT YAMAHA YFM250\/400 BIG BEAR &#8217;03-&#8217;12"},"content":{"rendered":"<p>HIFLO K\u00dcLS\u0150 LEVEG\u0150SZ\u0170R\u0150 BURKOLAT YAMAHA YFM250\/400 BIG BEAR &#8217;03-&#8217;12<\/p>\n<p>SKU: HFF4029<\/p>\n","protected":false},"excerpt":{"rendered":"<p>HIFLO K\u00dcLS\u0150 LEVEG\u0150SZ\u0170R\u0150 BURKOLAT YAMAHA YFM250\/400 BIG BEAR &#8217;03-&#8217;12<\/p>\n","protected":false},"featured_media":43625,"comment_status":"closed","ping_status":"open","template":"","meta":{"_monsterinsights_skip_tracking":false,"_monsterinsights_sitenote_active":false,"_monsterinsights_sitenote_note":"","_monsterinsights_sitenote_category":0},"product_cat":[607,556],"product_tag":[],"class_list":{"0":"post-78447","1":"product","2":"type-product","3":"status-publish","4":"has-post-thumbnail","6":"product_cat-szurofedelek-es-burkolatok","7":"product_cat-szurok","8":"pa_marka-hiflo","10":"first","11":"instock","12":"taxable","13":"shipping-taxable","14":"purchasable","15":"product-type-simple"},"yoast_head":"<!-- This site is optimized with the Yoast SEO Premium plugin v22.6 (Yoast SEO v22.6) - https:\/\/yoast.com\/wordpress\/plugins\/seo\/ -->\n<title>HIFLO K\u00dcLS\u0150 LEVEG\u0150SZ\u0170R\u0150 BURKOLAT YAMAHA YFM250\/400 BIG BEAR &#039;03-&#039;12 - V3 ATV-PARTS.HU<\/title>\n<meta name=\"robots\" content=\"index, follow, max-snippet:-1, max-image-preview:large, max-video-preview:-1\" \/>\n<link rel=\"canonical\" href=\"https:\/\/v3.atv-parts.hu\/index.php\/termek\/hiflo-kulso-levegoszuro-burkolat-yamaha-yfm250-400-big-bear-03-12\/\" \/>\n<meta property=\"og:locale\" content=\"hu_HU\" \/>\n<meta property=\"og:type\" content=\"article\" \/>\n<meta property=\"og:title\" content=\"HIFLO K\u00dcLS\u0150 LEVEG\u0150SZ\u0170R\u0150 BURKOLAT YAMAHA YFM250\/400 BIG BEAR &#039;03-&#039;12\" \/>\n<meta property=\"og:description\" content=\"HIFLO K\u00dcLS\u0150 LEVEG\u0150SZ\u0170R\u0150 BURKOLAT YAMAHA YFM250\/400 BIG BEAR &#039;03-&#039;12\" \/>\n<meta property=\"og:url\" content=\"https:\/\/v3.atv-parts.hu\/index.php\/termek\/hiflo-kulso-levegoszuro-burkolat-yamaha-yfm250-400-big-bear-03-12\/\" \/>\n<meta property=\"og:site_name\" content=\"V3 ATV-PARTS.HU\" \/>\n<meta property=\"article:publisher\" content=\"https:\/\/www.facebook.com\/atvpartsHU\" \/>\n<meta property=\"article:modified_time\" content=\"2024-05-03T13:21:12+00:00\" \/>\n<meta property=\"og:image\" content=\"https:\/\/v3.atv-parts.hu\/wp-content\/uploads\/2024\/03\/hiflo-oslona-zewnetrzna-filtra-powietrza-yamaha-yf.jpg\" \/>\n\t<meta property=\"og:image:width\" content=\"1080\" \/>\n\t<meta property=\"og:image:height\" content=\"1080\" \/>\n\t<meta property=\"og:image:type\" content=\"image\/jpeg\" \/>\n<meta name=\"twitter:card\" content=\"summary_large_image\" \/>\n<meta name=\"twitter:label1\" content=\"\u00c1r\" \/>\n\t<meta name=\"twitter:data1\" content=\"4706,62&nbsp;&#70;&#116; \u00c1F\u00c1-val\" \/>\n\t<meta name=\"twitter:label2\" content=\"El\u00e9rhet\u0151s\u00e9g\" \/>\n\t<meta name=\"twitter:data2\" content=\"K\u00e9szleten\" \/>\n<script type=\"application\/ld+json\" class=\"yoast-schema-graph\">{\"@context\":\"https:\/\/schema.org\",\"@graph\":[{\"@type\":\"WebPage\",\"@id\":\"https:\/\/v3.atv-parts.hu\/index.php\/termek\/hiflo-kulso-levegoszuro-burkolat-yamaha-yfm250-400-big-bear-03-12\/\",\"url\":\"https:\/\/v3.atv-parts.hu\/index.php\/termek\/hiflo-kulso-levegoszuro-burkolat-yamaha-yfm250-400-big-bear-03-12\/\",\"name\":\"HIFLO K\u00dcLS\u0150 LEVEG\u0150SZ\u0170R\u0150 BURKOLAT YAMAHA YFM250\/400 BIG BEAR '03-'12 - V3 ATV-PARTS.HU\",\"isPartOf\":{\"@id\":\"https:\/\/v3.atv-parts.hu\/#website\"},\"primaryImageOfPage\":{\"@id\":\"https:\/\/v3.atv-parts.hu\/index.php\/termek\/hiflo-kulso-levegoszuro-burkolat-yamaha-yfm250-400-big-bear-03-12\/#primaryimage\"},\"image\":{\"@id\":\"https:\/\/v3.atv-parts.hu\/index.php\/termek\/hiflo-kulso-levegoszuro-burkolat-yamaha-yfm250-400-big-bear-03-12\/#primaryimage\"},\"thumbnailUrl\":\"https:\/\/v3.atv-parts.hu\/wp-content\/uploads\/2024\/03\/hiflo-oslona-zewnetrzna-filtra-powietrza-yamaha-yf.jpg\",\"datePublished\":\"2024-03-28T07:38:04+00:00\",\"dateModified\":\"2024-05-03T13:21:12+00:00\",\"breadcrumb\":{\"@id\":\"https:\/\/v3.atv-parts.hu\/index.php\/termek\/hiflo-kulso-levegoszuro-burkolat-yamaha-yfm250-400-big-bear-03-12\/#breadcrumb\"},\"inLanguage\":\"hu\",\"potentialAction\":[{\"@type\":\"ReadAction\",\"target\":[\"https:\/\/v3.atv-parts.hu\/index.php\/termek\/hiflo-kulso-levegoszuro-burkolat-yamaha-yfm250-400-big-bear-03-12\/\"]}]},{\"@type\":\"ImageObject\",\"inLanguage\":\"hu\",\"@id\":\"https:\/\/v3.atv-parts.hu\/index.php\/termek\/hiflo-kulso-levegoszuro-burkolat-yamaha-yfm250-400-big-bear-03-12\/#primaryimage\",\"url\":\"https:\/\/v3.atv-parts.hu\/wp-content\/uploads\/2024\/03\/hiflo-oslona-zewnetrzna-filtra-powietrza-yamaha-yf.jpg\",\"contentUrl\":\"https:\/\/v3.atv-parts.hu\/wp-content\/uploads\/2024\/03\/hiflo-oslona-zewnetrzna-filtra-powietrza-yamaha-yf.jpg\",\"width\":1080,\"height\":1080},{\"@type\":\"BreadcrumbList\",\"@id\":\"https:\/\/v3.atv-parts.hu\/index.php\/termek\/hiflo-kulso-levegoszuro-burkolat-yamaha-yfm250-400-big-bear-03-12\/#breadcrumb\",\"itemListElement\":[{\"@type\":\"ListItem\",\"position\":1,\"name\":\"Kezd\u0151lap\",\"item\":\"https:\/\/v3.atv-parts.hu\/\"},{\"@type\":\"ListItem\",\"position\":2,\"name\":\"Bolt\",\"item\":\"https:\/\/v3.atv-parts.hu\/index.php\/bolt\/\"},{\"@type\":\"ListItem\",\"position\":3,\"name\":\"HIFLO K\u00dcLS\u0150 LEVEG\u0150SZ\u0170R\u0150 BURKOLAT YAMAHA YFM250\/400 BIG BEAR &#8217;03-&#8217;12\"}]},{\"@type\":\"WebSite\",\"@id\":\"https:\/\/v3.atv-parts.hu\/#website\",\"url\":\"https:\/\/v3.atv-parts.hu\/\",\"name\":\"V3 ATV-PARTS.HU\",\"description\":\"\",\"publisher\":{\"@id\":\"https:\/\/v3.atv-parts.hu\/#organization\"},\"potentialAction\":[{\"@type\":\"SearchAction\",\"target\":{\"@type\":\"EntryPoint\",\"urlTemplate\":\"https:\/\/v3.atv-parts.hu\/?s={search_term_string}\"},\"query-input\":\"required name=search_term_string\"}],\"inLanguage\":\"hu\"},{\"@type\":\"Organization\",\"@id\":\"https:\/\/v3.atv-parts.hu\/#organization\",\"name\":\"V3 ATV-PARTS.HU\",\"url\":\"https:\/\/v3.atv-parts.hu\/\",\"logo\":{\"@type\":\"ImageObject\",\"inLanguage\":\"hu\",\"@id\":\"https:\/\/v3.atv-parts.hu\/#\/schema\/logo\/image\/\",\"url\":\"https:\/\/v3.atv-parts.hu\/wp-content\/uploads\/2021\/02\/cropped-cropped-atvlogo-1-1-1.png\",\"contentUrl\":\"https:\/\/v3.atv-parts.hu\/wp-content\/uploads\/2021\/02\/cropped-cropped-atvlogo-1-1-1.png\",\"width\":267,\"height\":160,\"caption\":\"V3 ATV-PARTS.HU\"},\"image\":{\"@id\":\"https:\/\/v3.atv-parts.hu\/#\/schema\/logo\/image\/\"},\"sameAs\":[\"https:\/\/www.facebook.com\/atvpartsHU\"]}]}<\/script>\n<meta property=\"product:price:amount\" content=\"4706.62\" \/>\n<meta property=\"product:price:currency\" content=\"HUF\" \/>\n<meta property=\"og:availability\" content=\"instock\" \/>\n<meta property=\"product:availability\" content=\"instock\" \/>\n<meta property=\"product:retailer_item_id\" content=\"HFF4029\" \/>\n<meta property=\"product:condition\" content=\"new\" \/>\n<!-- \/ Yoast SEO Premium plugin. -->","yoast_head_json":{"title":"HIFLO K\u00dcLS\u0150 LEVEG\u0150SZ\u0170R\u0150 BURKOLAT YAMAHA YFM250\/400 BIG BEAR '03-'12 - V3 ATV-PARTS.HU","robots":{"index":"index","follow":"follow","max-snippet":"max-snippet:-1","max-image-preview":"max-image-preview:large","max-video-preview":"max-video-preview:-1"},"canonical":"https:\/\/v3.atv-parts.hu\/index.php\/termek\/hiflo-kulso-levegoszuro-burkolat-yamaha-yfm250-400-big-bear-03-12\/","og_locale":"hu_HU","og_type":"article","og_title":"HIFLO K\u00dcLS\u0150 LEVEG\u0150SZ\u0170R\u0150 BURKOLAT YAMAHA YFM250\/400 BIG BEAR '03-'12","og_description":"HIFLO K\u00dcLS\u0150 LEVEG\u0150SZ\u0170R\u0150 BURKOLAT YAMAHA YFM250\/400 BIG BEAR '03-'12","og_url":"https:\/\/v3.atv-parts.hu\/index.php\/termek\/hiflo-kulso-levegoszuro-burkolat-yamaha-yfm250-400-big-bear-03-12\/","og_site_name":"V3 ATV-PARTS.HU","article_publisher":"https:\/\/www.facebook.com\/atvpartsHU","article_modified_time":"2024-05-03T13:21:12+00:00","og_image":[{"width":1080,"height":1080,"url":"https:\/\/v3.atv-parts.hu\/wp-content\/uploads\/2024\/03\/hiflo-oslona-zewnetrzna-filtra-powietrza-yamaha-yf.jpg","type":"image\/jpeg"}],"twitter_card":"summary_large_image","twitter_misc":{"\u00c1r":"4706,62&nbsp;&#70;&#116; \u00c1F\u00c1-val","El\u00e9rhet\u0151s\u00e9g":"K\u00e9szleten"},"schema":{"@context":"https:\/\/schema.org","@graph":[{"@type":"WebPage","@id":"https:\/\/v3.atv-parts.hu\/index.php\/termek\/hiflo-kulso-levegoszuro-burkolat-yamaha-yfm250-400-big-bear-03-12\/","url":"https:\/\/v3.atv-parts.hu\/index.php\/termek\/hiflo-kulso-levegoszuro-burkolat-yamaha-yfm250-400-big-bear-03-12\/","name":"HIFLO K\u00dcLS\u0150 LEVEG\u0150SZ\u0170R\u0150 BURKOLAT YAMAHA YFM250\/400 BIG BEAR '03-'12 - V3 ATV-PARTS.HU","isPartOf":{"@id":"https:\/\/v3.atv-parts.hu\/#website"},"primaryImageOfPage":{"@id":"https:\/\/v3.atv-parts.hu\/index.php\/termek\/hiflo-kulso-levegoszuro-burkolat-yamaha-yfm250-400-big-bear-03-12\/#primaryimage"},"image":{"@id":"https:\/\/v3.atv-parts.hu\/index.php\/termek\/hiflo-kulso-levegoszuro-burkolat-yamaha-yfm250-400-big-bear-03-12\/#primaryimage"},"thumbnailUrl":"https:\/\/v3.atv-parts.hu\/wp-content\/uploads\/2024\/03\/hiflo-oslona-zewnetrzna-filtra-powietrza-yamaha-yf.jpg","datePublished":"2024-03-28T07:38:04+00:00","dateModified":"2024-05-03T13:21:12+00:00","breadcrumb":{"@id":"https:\/\/v3.atv-parts.hu\/index.php\/termek\/hiflo-kulso-levegoszuro-burkolat-yamaha-yfm250-400-big-bear-03-12\/#breadcrumb"},"inLanguage":"hu","potentialAction":[{"@type":"ReadAction","target":["https:\/\/v3.atv-parts.hu\/index.php\/termek\/hiflo-kulso-levegoszuro-burkolat-yamaha-yfm250-400-big-bear-03-12\/"]}]},{"@type":"ImageObject","inLanguage":"hu","@id":"https:\/\/v3.atv-parts.hu\/index.php\/termek\/hiflo-kulso-levegoszuro-burkolat-yamaha-yfm250-400-big-bear-03-12\/#primaryimage","url":"https:\/\/v3.atv-parts.hu\/wp-content\/uploads\/2024\/03\/hiflo-oslona-zewnetrzna-filtra-powietrza-yamaha-yf.jpg","contentUrl":"https:\/\/v3.atv-parts.hu\/wp-content\/uploads\/2024\/03\/hiflo-oslona-zewnetrzna-filtra-powietrza-yamaha-yf.jpg","width":1080,"height":1080},{"@type":"BreadcrumbList","@id":"https:\/\/v3.atv-parts.hu\/index.php\/termek\/hiflo-kulso-levegoszuro-burkolat-yamaha-yfm250-400-big-bear-03-12\/#breadcrumb","itemListElement":[{"@type":"ListItem","position":1,"name":"Kezd\u0151lap","item":"https:\/\/v3.atv-parts.hu\/"},{"@type":"ListItem","position":2,"name":"Bolt","item":"https:\/\/v3.atv-parts.hu\/index.php\/bolt\/"},{"@type":"ListItem","position":3,"name":"HIFLO K\u00dcLS\u0150 LEVEG\u0150SZ\u0170R\u0150 BURKOLAT YAMAHA YFM250\/400 BIG BEAR &#8217;03-&#8217;12"}]},{"@type":"WebSite","@id":"https:\/\/v3.atv-parts.hu\/#website","url":"https:\/\/v3.atv-parts.hu\/","name":"V3 ATV-PARTS.HU","description":"","publisher":{"@id":"https:\/\/v3.atv-parts.hu\/#organization"},"potentialAction":[{"@type":"SearchAction","target":{"@type":"EntryPoint","urlTemplate":"https:\/\/v3.atv-parts.hu\/?s={search_term_string}"},"query-input":"required name=search_term_string"}],"inLanguage":"hu"},{"@type":"Organization","@id":"https:\/\/v3.atv-parts.hu\/#organization","name":"V3 ATV-PARTS.HU","url":"https:\/\/v3.atv-parts.hu\/","logo":{"@type":"ImageObject","inLanguage":"hu","@id":"https:\/\/v3.atv-parts.hu\/#\/schema\/logo\/image\/","url":"https:\/\/v3.atv-parts.hu\/wp-content\/uploads\/2021\/02\/cropped-cropped-atvlogo-1-1-1.png","contentUrl":"https:\/\/v3.atv-parts.hu\/wp-content\/uploads\/2021\/02\/cropped-cropped-atvlogo-1-1-1.png","width":267,"height":160,"caption":"V3 ATV-PARTS.HU"},"image":{"@id":"https:\/\/v3.atv-parts.hu\/#\/schema\/logo\/image\/"},"sameAs":["https:\/\/www.facebook.com\/atvpartsHU"]}]},"product_price_amount":"4706.62","product_price_currency":"HUF","og_availability":"instock","product_availability":"instock","product_retailer_item_id":"HFF4029","product_condition":"new"},"_links":{"self":[{"href":"https:\/\/v3.atv-parts.hu\/index.php\/wp-json\/wp\/v2\/product\/78447","targetHints":{"allow":["GET"]}}],"collection":[{"href":"https:\/\/v3.atv-parts.hu\/index.php\/wp-json\/wp\/v2\/product"}],"about":[{"href":"https:\/\/v3.atv-parts.hu\/index.php\/wp-json\/wp\/v2\/types\/product"}],"replies":[{"embeddable":true,"href":"https:\/\/v3.atv-parts.hu\/index.php\/wp-json\/wp\/v2\/comments?post=78447"}],"wp:featuredmedia":[{"embeddable":true,"href":"https:\/\/v3.atv-parts.hu\/index.php\/wp-json\/wp\/v2\/media\/43625"}],"wp:attachment":[{"href":"https:\/\/v3.atv-parts.hu\/index.php\/wp-json\/wp\/v2\/media?parent=78447"}],"wp:term":[{"taxonomy":"product_cat","embeddable":true,"href":"https:\/\/v3.atv-parts.hu\/index.php\/wp-json\/wp\/v2\/product_cat?post=78447"},{"taxonomy":"product_tag","embeddable":true,"href":"https:\/\/v3.atv-parts.hu\/index.php\/wp-json\/wp\/v2\/product_tag?post=78447"}],"curies":[{"name":"wp","href":"https:\/\/api.w.org\/{rel}","templated":true}]}}