{"id":78453,"date":"2024-03-28T08:38:04","date_gmt":"2024-03-28T07:38:04","guid":{"rendered":"https:\/\/v3.atv-parts.hu\/index.php\/termek\/fektarcsa-csavar-szett-mss114-6\/"},"modified":"2025-03-27T08:03:05","modified_gmt":"2025-03-27T07:03:05","slug":"fektarcsa-csavar-szett-mss114-6","status":"publish","type":"product","link":"https:\/\/v3.atv-parts.hu\/index.php\/termek\/fektarcsa-csavar-szett-mss114-6\/","title":{"rendered":"F\u00e9kt\u00e1rcsa Csavar szett MSS114-6"},"content":{"rendered":"<p>&#8216;-Cikksz\u00e1m: MSS114-6<\/p>\n<p>-Suzuki<\/p>\n<p>-Kiv\u00e1l\u00f3 min\u0151s\u00e9g\u0171 csavarok a f\u00e9kt\u00e1rcs\u00e1k r\u00f6gz\u00edt\u00e9s\u00e9hez.<\/p>\n<p>-Kompatibilis:<\/p>\n<p>GSX 1300 BK B-King<\/p>\n<p>CR<\/p>\n<p>2008-2012<\/p>\n<p>GSX 1300 R Hayabusa<\/p>\n<p>CK<\/p>\n<p>2008-2016<\/p>\n<p>C 1800 R behatol\u00f3<\/p>\n<p>CT, VLR<\/p>\n<p>2008-2013<\/p>\n<p>M 1800 R\/RZ behatol\u00f3<\/p>\n<p>CA, VZR<\/p>\n<p>2006-2016<\/p>\n<p>C 1800 RT Intruder Touring<\/p>\n<p>CT, VLR<\/p>\n<p>2008-2012<\/p>\n<p>M 1800 R2 behatol\u00f3<\/p>\n<p>CA, VZR<\/p>\n<p>2008-2010<\/p>\n<p>C 800 \/C Betolakod\u00f3<\/p>\n<p>BM<\/p>\n<p>2005-2016<\/p>\n<p>SKU: MSS114-6<\/p>\n","protected":false},"excerpt":{"rendered":"<p>&#8216;-Cikksz\u00e1m: MSS114-6 -Suzuki -Kiv\u00e1l\u00f3 min\u0151s\u00e9g\u0171 csavarok a f\u00e9kt\u00e1rcs\u00e1k r\u00f6gz\u00edt\u00e9s\u00e9hez. -Kompatibilis: GSX 1300 BK B-King CR 2008-2012 GSX 1300 R Hayabusa CK 2008-2016 C 1800 R behatol\u00f3 CT, VLR 2008-2013 M 1800 R\/RZ behatol\u00f3 CA, VZR 2006-2016 C 1800 RT Intruder Touring CT, VLR 2008-2012 M 1800 R2 behatol\u00f3 CA, VZR 2008-2010 C 800 \/C Betolakod\u00f3 [&hellip;]<\/p>\n","protected":false},"featured_media":56711,"comment_status":"closed","ping_status":"open","template":"","meta":{"_monsterinsights_skip_tracking":false,"_monsterinsights_sitenote_active":false,"_monsterinsights_sitenote_note":"","_monsterinsights_sitenote_category":0},"product_cat":[283,651],"product_tag":[157,1018,209,166],"class_list":{"0":"post-78453","1":"product","2":"type-product","3":"status-publish","4":"has-post-thumbnail","6":"product_cat-fekrendszer","7":"product_cat-fektarcsa-csavarok","8":"product_tag-cross","9":"product_tag-dr-gsr-tl-rmz-egyeb","10":"product_tag-drz","11":"product_tag-suzuki","12":"pa_marka-trw-lucas","14":"first","15":"instock","16":"taxable","17":"shipping-taxable","18":"purchasable","19":"product-type-simple"},"yoast_head":"<!-- This site is optimized with the Yoast SEO Premium plugin v22.6 (Yoast SEO v22.6) - https:\/\/yoast.com\/wordpress\/plugins\/seo\/ -->\n<title>F\u00e9kt\u00e1rcsa Csavar szett MSS114-6 - V3 ATV-PARTS.HU<\/title>\n<meta name=\"robots\" content=\"index, follow, max-snippet:-1, max-image-preview:large, max-video-preview:-1\" \/>\n<link rel=\"canonical\" href=\"https:\/\/v3.atv-parts.hu\/index.php\/termek\/fektarcsa-csavar-szett-mss114-6\/\" \/>\n<meta property=\"og:locale\" content=\"hu_HU\" \/>\n<meta property=\"og:type\" content=\"article\" \/>\n<meta property=\"og:title\" content=\"F\u00e9kt\u00e1rcsa Csavar szett MSS114-6\" \/>\n<meta property=\"og:description\" content=\"&#8216;-Cikksz\u00e1m: MSS114-6 -Suzuki -Kiv\u00e1l\u00f3 min\u0151s\u00e9g\u0171 csavarok a f\u00e9kt\u00e1rcs\u00e1k r\u00f6gz\u00edt\u00e9s\u00e9hez. -Kompatibilis: GSX 1300 BK B-King CR 2008-2012 GSX 1300 R Hayabusa CK 2008-2016 C 1800 R behatol\u00f3 CT, VLR 2008-2013 M 1800 R\/RZ behatol\u00f3 CA, VZR 2006-2016 C 1800 RT Intruder Touring CT, VLR 2008-2012 M 1800 R2 behatol\u00f3 CA, VZR 2008-2010 C 800 \/C Betolakod\u00f3 [&hellip;]\" \/>\n<meta property=\"og:url\" content=\"https:\/\/v3.atv-parts.hu\/index.php\/termek\/fektarcsa-csavar-szett-mss114-6\/\" \/>\n<meta property=\"og:site_name\" content=\"V3 ATV-PARTS.HU\" \/>\n<meta property=\"article:publisher\" content=\"https:\/\/www.facebook.com\/atvpartsHU\" \/>\n<meta property=\"article:modified_time\" content=\"2025-03-27T07:03:05+00:00\" \/>\n<meta property=\"og:image\" content=\"https:\/\/v3.atv-parts.hu\/wp-content\/uploads\/2024\/03\/trw-lucas-zf-nowy-towar-03-2024-sruby-tarczy-hamul.jpg\" \/>\n\t<meta property=\"og:image:width\" content=\"955\" \/>\n\t<meta property=\"og:image:height\" content=\"800\" \/>\n\t<meta property=\"og:image:type\" content=\"image\/jpeg\" \/>\n<meta name=\"twitter:card\" content=\"summary_large_image\" \/>\n<meta name=\"twitter:label1\" content=\"\u00c1r\" \/>\n\t<meta name=\"twitter:data1\" content=\"4546,60&nbsp;&#70;&#116; \u00c1F\u00c1-val\" \/>\n\t<meta name=\"twitter:label2\" content=\"El\u00e9rhet\u0151s\u00e9g\" \/>\n\t<meta name=\"twitter:data2\" content=\"K\u00e9szleten\" \/>\n<script type=\"application\/ld+json\" class=\"yoast-schema-graph\">{\"@context\":\"https:\/\/schema.org\",\"@graph\":[{\"@type\":\"WebPage\",\"@id\":\"https:\/\/v3.atv-parts.hu\/index.php\/termek\/fektarcsa-csavar-szett-mss114-6\/\",\"url\":\"https:\/\/v3.atv-parts.hu\/index.php\/termek\/fektarcsa-csavar-szett-mss114-6\/\",\"name\":\"F\u00e9kt\u00e1rcsa Csavar szett MSS114-6 - V3 ATV-PARTS.HU\",\"isPartOf\":{\"@id\":\"https:\/\/v3.atv-parts.hu\/#website\"},\"primaryImageOfPage\":{\"@id\":\"https:\/\/v3.atv-parts.hu\/index.php\/termek\/fektarcsa-csavar-szett-mss114-6\/#primaryimage\"},\"image\":{\"@id\":\"https:\/\/v3.atv-parts.hu\/index.php\/termek\/fektarcsa-csavar-szett-mss114-6\/#primaryimage\"},\"thumbnailUrl\":\"https:\/\/v3.atv-parts.hu\/wp-content\/uploads\/2024\/03\/trw-lucas-zf-nowy-towar-03-2024-sruby-tarczy-hamul.jpg\",\"datePublished\":\"2024-03-28T07:38:04+00:00\",\"dateModified\":\"2025-03-27T07:03:05+00:00\",\"breadcrumb\":{\"@id\":\"https:\/\/v3.atv-parts.hu\/index.php\/termek\/fektarcsa-csavar-szett-mss114-6\/#breadcrumb\"},\"inLanguage\":\"hu\",\"potentialAction\":[{\"@type\":\"ReadAction\",\"target\":[\"https:\/\/v3.atv-parts.hu\/index.php\/termek\/fektarcsa-csavar-szett-mss114-6\/\"]}]},{\"@type\":\"ImageObject\",\"inLanguage\":\"hu\",\"@id\":\"https:\/\/v3.atv-parts.hu\/index.php\/termek\/fektarcsa-csavar-szett-mss114-6\/#primaryimage\",\"url\":\"https:\/\/v3.atv-parts.hu\/wp-content\/uploads\/2024\/03\/trw-lucas-zf-nowy-towar-03-2024-sruby-tarczy-hamul.jpg\",\"contentUrl\":\"https:\/\/v3.atv-parts.hu\/wp-content\/uploads\/2024\/03\/trw-lucas-zf-nowy-towar-03-2024-sruby-tarczy-hamul.jpg\",\"width\":955,\"height\":800},{\"@type\":\"BreadcrumbList\",\"@id\":\"https:\/\/v3.atv-parts.hu\/index.php\/termek\/fektarcsa-csavar-szett-mss114-6\/#breadcrumb\",\"itemListElement\":[{\"@type\":\"ListItem\",\"position\":1,\"name\":\"Kezd\u0151lap\",\"item\":\"https:\/\/v3.atv-parts.hu\/\"},{\"@type\":\"ListItem\",\"position\":2,\"name\":\"Bolt\",\"item\":\"https:\/\/v3.atv-parts.hu\/index.php\/bolt\/\"},{\"@type\":\"ListItem\",\"position\":3,\"name\":\"F\u00e9kt\u00e1rcsa Csavar szett MSS114-6\"}]},{\"@type\":\"WebSite\",\"@id\":\"https:\/\/v3.atv-parts.hu\/#website\",\"url\":\"https:\/\/v3.atv-parts.hu\/\",\"name\":\"V3 ATV-PARTS.HU\",\"description\":\"\",\"publisher\":{\"@id\":\"https:\/\/v3.atv-parts.hu\/#organization\"},\"potentialAction\":[{\"@type\":\"SearchAction\",\"target\":{\"@type\":\"EntryPoint\",\"urlTemplate\":\"https:\/\/v3.atv-parts.hu\/?s={search_term_string}\"},\"query-input\":\"required name=search_term_string\"}],\"inLanguage\":\"hu\"},{\"@type\":\"Organization\",\"@id\":\"https:\/\/v3.atv-parts.hu\/#organization\",\"name\":\"V3 ATV-PARTS.HU\",\"url\":\"https:\/\/v3.atv-parts.hu\/\",\"logo\":{\"@type\":\"ImageObject\",\"inLanguage\":\"hu\",\"@id\":\"https:\/\/v3.atv-parts.hu\/#\/schema\/logo\/image\/\",\"url\":\"https:\/\/v3.atv-parts.hu\/wp-content\/uploads\/2021\/02\/cropped-cropped-atvlogo-1-1-1.png\",\"contentUrl\":\"https:\/\/v3.atv-parts.hu\/wp-content\/uploads\/2021\/02\/cropped-cropped-atvlogo-1-1-1.png\",\"width\":267,\"height\":160,\"caption\":\"V3 ATV-PARTS.HU\"},\"image\":{\"@id\":\"https:\/\/v3.atv-parts.hu\/#\/schema\/logo\/image\/\"},\"sameAs\":[\"https:\/\/www.facebook.com\/atvpartsHU\"]}]}<\/script>\n<meta property=\"product:price:amount\" content=\"4546.60\" \/>\n<meta property=\"product:price:currency\" content=\"HUF\" \/>\n<meta property=\"og:availability\" content=\"instock\" \/>\n<meta property=\"product:availability\" content=\"instock\" \/>\n<meta property=\"product:retailer_item_id\" content=\"MSS114-6\" \/>\n<meta property=\"product:condition\" content=\"new\" \/>\n<!-- \/ Yoast SEO Premium plugin. -->","yoast_head_json":{"title":"F\u00e9kt\u00e1rcsa Csavar szett MSS114-6 - V3 ATV-PARTS.HU","robots":{"index":"index","follow":"follow","max-snippet":"max-snippet:-1","max-image-preview":"max-image-preview:large","max-video-preview":"max-video-preview:-1"},"canonical":"https:\/\/v3.atv-parts.hu\/index.php\/termek\/fektarcsa-csavar-szett-mss114-6\/","og_locale":"hu_HU","og_type":"article","og_title":"F\u00e9kt\u00e1rcsa Csavar szett MSS114-6","og_description":"&#8216;-Cikksz\u00e1m: MSS114-6 -Suzuki -Kiv\u00e1l\u00f3 min\u0151s\u00e9g\u0171 csavarok a f\u00e9kt\u00e1rcs\u00e1k r\u00f6gz\u00edt\u00e9s\u00e9hez. -Kompatibilis: GSX 1300 BK B-King CR 2008-2012 GSX 1300 R Hayabusa CK 2008-2016 C 1800 R behatol\u00f3 CT, VLR 2008-2013 M 1800 R\/RZ behatol\u00f3 CA, VZR 2006-2016 C 1800 RT Intruder Touring CT, VLR 2008-2012 M 1800 R2 behatol\u00f3 CA, VZR 2008-2010 C 800 \/C Betolakod\u00f3 [&hellip;]","og_url":"https:\/\/v3.atv-parts.hu\/index.php\/termek\/fektarcsa-csavar-szett-mss114-6\/","og_site_name":"V3 ATV-PARTS.HU","article_publisher":"https:\/\/www.facebook.com\/atvpartsHU","article_modified_time":"2025-03-27T07:03:05+00:00","og_image":[{"width":955,"height":800,"url":"https:\/\/v3.atv-parts.hu\/wp-content\/uploads\/2024\/03\/trw-lucas-zf-nowy-towar-03-2024-sruby-tarczy-hamul.jpg","type":"image\/jpeg"}],"twitter_card":"summary_large_image","twitter_misc":{"\u00c1r":"4546,60&nbsp;&#70;&#116; \u00c1F\u00c1-val","El\u00e9rhet\u0151s\u00e9g":"K\u00e9szleten"},"schema":{"@context":"https:\/\/schema.org","@graph":[{"@type":"WebPage","@id":"https:\/\/v3.atv-parts.hu\/index.php\/termek\/fektarcsa-csavar-szett-mss114-6\/","url":"https:\/\/v3.atv-parts.hu\/index.php\/termek\/fektarcsa-csavar-szett-mss114-6\/","name":"F\u00e9kt\u00e1rcsa Csavar szett MSS114-6 - V3 ATV-PARTS.HU","isPartOf":{"@id":"https:\/\/v3.atv-parts.hu\/#website"},"primaryImageOfPage":{"@id":"https:\/\/v3.atv-parts.hu\/index.php\/termek\/fektarcsa-csavar-szett-mss114-6\/#primaryimage"},"image":{"@id":"https:\/\/v3.atv-parts.hu\/index.php\/termek\/fektarcsa-csavar-szett-mss114-6\/#primaryimage"},"thumbnailUrl":"https:\/\/v3.atv-parts.hu\/wp-content\/uploads\/2024\/03\/trw-lucas-zf-nowy-towar-03-2024-sruby-tarczy-hamul.jpg","datePublished":"2024-03-28T07:38:04+00:00","dateModified":"2025-03-27T07:03:05+00:00","breadcrumb":{"@id":"https:\/\/v3.atv-parts.hu\/index.php\/termek\/fektarcsa-csavar-szett-mss114-6\/#breadcrumb"},"inLanguage":"hu","potentialAction":[{"@type":"ReadAction","target":["https:\/\/v3.atv-parts.hu\/index.php\/termek\/fektarcsa-csavar-szett-mss114-6\/"]}]},{"@type":"ImageObject","inLanguage":"hu","@id":"https:\/\/v3.atv-parts.hu\/index.php\/termek\/fektarcsa-csavar-szett-mss114-6\/#primaryimage","url":"https:\/\/v3.atv-parts.hu\/wp-content\/uploads\/2024\/03\/trw-lucas-zf-nowy-towar-03-2024-sruby-tarczy-hamul.jpg","contentUrl":"https:\/\/v3.atv-parts.hu\/wp-content\/uploads\/2024\/03\/trw-lucas-zf-nowy-towar-03-2024-sruby-tarczy-hamul.jpg","width":955,"height":800},{"@type":"BreadcrumbList","@id":"https:\/\/v3.atv-parts.hu\/index.php\/termek\/fektarcsa-csavar-szett-mss114-6\/#breadcrumb","itemListElement":[{"@type":"ListItem","position":1,"name":"Kezd\u0151lap","item":"https:\/\/v3.atv-parts.hu\/"},{"@type":"ListItem","position":2,"name":"Bolt","item":"https:\/\/v3.atv-parts.hu\/index.php\/bolt\/"},{"@type":"ListItem","position":3,"name":"F\u00e9kt\u00e1rcsa Csavar szett MSS114-6"}]},{"@type":"WebSite","@id":"https:\/\/v3.atv-parts.hu\/#website","url":"https:\/\/v3.atv-parts.hu\/","name":"V3 ATV-PARTS.HU","description":"","publisher":{"@id":"https:\/\/v3.atv-parts.hu\/#organization"},"potentialAction":[{"@type":"SearchAction","target":{"@type":"EntryPoint","urlTemplate":"https:\/\/v3.atv-parts.hu\/?s={search_term_string}"},"query-input":"required name=search_term_string"}],"inLanguage":"hu"},{"@type":"Organization","@id":"https:\/\/v3.atv-parts.hu\/#organization","name":"V3 ATV-PARTS.HU","url":"https:\/\/v3.atv-parts.hu\/","logo":{"@type":"ImageObject","inLanguage":"hu","@id":"https:\/\/v3.atv-parts.hu\/#\/schema\/logo\/image\/","url":"https:\/\/v3.atv-parts.hu\/wp-content\/uploads\/2021\/02\/cropped-cropped-atvlogo-1-1-1.png","contentUrl":"https:\/\/v3.atv-parts.hu\/wp-content\/uploads\/2021\/02\/cropped-cropped-atvlogo-1-1-1.png","width":267,"height":160,"caption":"V3 ATV-PARTS.HU"},"image":{"@id":"https:\/\/v3.atv-parts.hu\/#\/schema\/logo\/image\/"},"sameAs":["https:\/\/www.facebook.com\/atvpartsHU"]}]},"product_price_amount":"4546.60","product_price_currency":"HUF","og_availability":"instock","product_availability":"instock","product_retailer_item_id":"MSS114-6","product_condition":"new"},"_links":{"self":[{"href":"https:\/\/v3.atv-parts.hu\/index.php\/wp-json\/wp\/v2\/product\/78453","targetHints":{"allow":["GET"]}}],"collection":[{"href":"https:\/\/v3.atv-parts.hu\/index.php\/wp-json\/wp\/v2\/product"}],"about":[{"href":"https:\/\/v3.atv-parts.hu\/index.php\/wp-json\/wp\/v2\/types\/product"}],"replies":[{"embeddable":true,"href":"https:\/\/v3.atv-parts.hu\/index.php\/wp-json\/wp\/v2\/comments?post=78453"}],"wp:featuredmedia":[{"embeddable":true,"href":"https:\/\/v3.atv-parts.hu\/index.php\/wp-json\/wp\/v2\/media\/56711"}],"wp:attachment":[{"href":"https:\/\/v3.atv-parts.hu\/index.php\/wp-json\/wp\/v2\/media?parent=78453"}],"wp:term":[{"taxonomy":"product_cat","embeddable":true,"href":"https:\/\/v3.atv-parts.hu\/index.php\/wp-json\/wp\/v2\/product_cat?post=78453"},{"taxonomy":"product_tag","embeddable":true,"href":"https:\/\/v3.atv-parts.hu\/index.php\/wp-json\/wp\/v2\/product_tag?post=78453"}],"curies":[{"name":"wp","href":"https:\/\/api.w.org\/{rel}","templated":true}]}}