{"id":78455,"date":"2024-03-28T08:38:04","date_gmt":"2024-03-28T07:38:04","guid":{"rendered":"https:\/\/v3.atv-parts.hu\/index.php\/termek\/prooctane-20l-es-uzemanyagtartaly-gyors-tolto-kifolyoval\/"},"modified":"2024-05-03T13:22:16","modified_gmt":"2024-05-03T11:22:16","slug":"prooctane-20l-es-uzemanyagtartaly-gyors-tolto-kifolyoval","status":"publish","type":"product","link":"https:\/\/v3.atv-parts.hu\/index.php\/termek\/prooctane-20l-es-uzemanyagtartaly-gyors-tolto-kifolyoval\/","title":{"rendered":"PROOCTANE &#8211; 20L-ES \u00dcZEMANYAGTART\u00c1LY GYORS T\u00d6LT\u0150 KIFOLY\u00d3VAL"},"content":{"rendered":"<p>&#8216;-Cikksz\u00e1m: 8460000002<\/p>\n<p>-Term\u00e9kle\u00edr\u00e1s:<\/p>\n<p>-Kiv\u00e1l\u00f3 min\u0151s\u00e9g\u0171 \u00e1tl\u00e1tsz\u00f3 HDPE-b\u0151l k\u00e9sz\u00fclt, nagy szil\u00e1rds\u00e1g\u00fa falvastags\u00e1ggal.<\/p>\n<p>-Hordozhat\u00f3 \u00fczemanyag-kann\u00e1nak enged\u00e9lyezett Eur\u00f3p\u00e1ban.<\/p>\n<p>-Megfelel az ADR szabv\u00e1nyoknak.<\/p>\n<p>-Nagyon tart\u00f3s \u00e9s sziv\u00e1rg\u00e1smentes fed\u00e9l \u00e9s falak.<\/p>\n<p>-Ergonomikus kialak\u00edt\u00e1s\u00fa foganty\u00fa.<\/p>\n<p>-K\u00e9t foganty\u00fa kialak\u00edt\u00e1sa seg\u00edti a t\u00f6lt\u00e9si folyamatot.<\/p>\n<p>-Olaj\/\u00fczemanyag-kever\u0151 mell\u00e9kelve \u00e9s a dobhoz r\u00f6gz\u00edtve.<\/p>\n<p>-Olaj\/\u00fczemanyag kever\u00e9k m\u00e9r\u0151 a kupakon az \u00fczemanyag kever\u00e9k azonos\u00edt\u00e1s\u00e1hoz.<\/p>\n<p>-Fed\u0151 a sz\u00e1ll\u00edt\u00e1shoz.<\/p>\n<p>-Cs\u00fasz\u00e1smentes als\u00f3<\/p>\n<p>-T\u00f6lt\u0151cs\u0151 \u00e9s gyorst\u00f6lt\u0151 f\u00fav\u00f3ka tartoz\u00e9kk\u00e9nt kaphat\u00f3<\/p>\n<p>SKU: 8460000002<\/p>\n","protected":false},"excerpt":{"rendered":"<p>&#8216;-Cikksz\u00e1m: 8460000002 -Term\u00e9kle\u00edr\u00e1s: -Kiv\u00e1l\u00f3 min\u0151s\u00e9g\u0171 \u00e1tl\u00e1tsz\u00f3 HDPE-b\u0151l k\u00e9sz\u00fclt, nagy szil\u00e1rds\u00e1g\u00fa falvastags\u00e1ggal. -Hordozhat\u00f3 \u00fczemanyag-kann\u00e1nak enged\u00e9lyezett Eur\u00f3p\u00e1ban. -Megfelel az ADR szabv\u00e1nyoknak. -Nagyon tart\u00f3s \u00e9s sziv\u00e1rg\u00e1smentes fed\u00e9l \u00e9s falak. -Ergonomikus kialak\u00edt\u00e1s\u00fa foganty\u00fa. -K\u00e9t foganty\u00fa kialak\u00edt\u00e1sa seg\u00edti a t\u00f6lt\u00e9si folyamatot. -Olaj\/\u00fczemanyag-kever\u0151 mell\u00e9kelve \u00e9s a dobhoz r\u00f6gz\u00edtve. -Olaj\/\u00fczemanyag kever\u00e9k m\u00e9r\u0151 a kupakon az \u00fczemanyag kever\u00e9k azonos\u00edt\u00e1s\u00e1hoz. -Fed\u0151 a sz\u00e1ll\u00edt\u00e1shoz. -Cs\u00fasz\u00e1smentes [&hellip;]<\/p>\n","protected":false},"featured_media":17778,"comment_status":"closed","ping_status":"open","template":"","meta":{"_monsterinsights_skip_tracking":false,"_monsterinsights_sitenote_active":false,"_monsterinsights_sitenote_note":"","_monsterinsights_sitenote_category":0},"product_cat":[594,309],"product_tag":[1106,228],"class_list":{"0":"post-78455","1":"product","2":"type-product","3":"status-publish","4":"has-post-thumbnail","6":"product_cat-kannak","7":"product_cat-muhely-es-bolt","8":"product_tag-doboz","9":"product_tag-kiegeszitok","10":"pa_marka-polisport","12":"first","13":"instock","14":"taxable","15":"shipping-taxable","16":"purchasable","17":"product-type-simple"},"yoast_head":"<!-- This site is optimized with the Yoast SEO Premium plugin v22.6 (Yoast SEO v22.6) - https:\/\/yoast.com\/wordpress\/plugins\/seo\/ -->\n<title>PROOCTANE - 20L-ES \u00dcZEMANYAGTART\u00c1LY GYORS T\u00d6LT\u0150 KIFOLY\u00d3VAL - V3 ATV-PARTS.HU<\/title>\n<meta name=\"robots\" content=\"index, follow, max-snippet:-1, max-image-preview:large, max-video-preview:-1\" \/>\n<link rel=\"canonical\" href=\"https:\/\/v3.atv-parts.hu\/index.php\/termek\/prooctane-20l-es-uzemanyagtartaly-gyors-tolto-kifolyoval\/\" \/>\n<meta property=\"og:locale\" content=\"hu_HU\" \/>\n<meta property=\"og:type\" content=\"article\" \/>\n<meta property=\"og:title\" content=\"PROOCTANE - 20L-ES \u00dcZEMANYAGTART\u00c1LY GYORS T\u00d6LT\u0150 KIFOLY\u00d3VAL\" \/>\n<meta property=\"og:description\" content=\"&#8216;-Cikksz\u00e1m: 8460000002 -Term\u00e9kle\u00edr\u00e1s: -Kiv\u00e1l\u00f3 min\u0151s\u00e9g\u0171 \u00e1tl\u00e1tsz\u00f3 HDPE-b\u0151l k\u00e9sz\u00fclt, nagy szil\u00e1rds\u00e1g\u00fa falvastags\u00e1ggal. -Hordozhat\u00f3 \u00fczemanyag-kann\u00e1nak enged\u00e9lyezett Eur\u00f3p\u00e1ban. -Megfelel az ADR szabv\u00e1nyoknak. -Nagyon tart\u00f3s \u00e9s sziv\u00e1rg\u00e1smentes fed\u00e9l \u00e9s falak. -Ergonomikus kialak\u00edt\u00e1s\u00fa foganty\u00fa. -K\u00e9t foganty\u00fa kialak\u00edt\u00e1sa seg\u00edti a t\u00f6lt\u00e9si folyamatot. -Olaj\/\u00fczemanyag-kever\u0151 mell\u00e9kelve \u00e9s a dobhoz r\u00f6gz\u00edtve. -Olaj\/\u00fczemanyag kever\u00e9k m\u00e9r\u0151 a kupakon az \u00fczemanyag kever\u00e9k azonos\u00edt\u00e1s\u00e1hoz. -Fed\u0151 a sz\u00e1ll\u00edt\u00e1shoz. -Cs\u00fasz\u00e1smentes [&hellip;]\" \/>\n<meta property=\"og:url\" content=\"https:\/\/v3.atv-parts.hu\/index.php\/termek\/prooctane-20l-es-uzemanyagtartaly-gyors-tolto-kifolyoval\/\" \/>\n<meta property=\"og:site_name\" content=\"V3 ATV-PARTS.HU\" \/>\n<meta property=\"article:publisher\" content=\"https:\/\/www.facebook.com\/atvpartsHU\" \/>\n<meta property=\"article:modified_time\" content=\"2024-05-03T11:22:16+00:00\" \/>\n<meta property=\"og:image\" content=\"https:\/\/v3.atv-parts.hu\/wp-content\/uploads\/2024\/03\/polisport-zbiornik-kanister-na-paliwo-do-szybkiego.jpg\" \/>\n\t<meta property=\"og:image:width\" content=\"1200\" \/>\n\t<meta property=\"og:image:height\" content=\"1200\" \/>\n\t<meta property=\"og:image:type\" content=\"image\/jpeg\" \/>\n<meta name=\"twitter:card\" content=\"summary_large_image\" \/>\n<meta name=\"twitter:label1\" content=\"\u00c1r\" \/>\n\t<meta name=\"twitter:data1\" content=\"22946,36&nbsp;&#70;&#116; \u00c1F\u00c1-val\" \/>\n\t<meta name=\"twitter:label2\" content=\"El\u00e9rhet\u0151s\u00e9g\" \/>\n\t<meta name=\"twitter:data2\" content=\"K\u00e9szleten\" \/>\n<script type=\"application\/ld+json\" class=\"yoast-schema-graph\">{\"@context\":\"https:\/\/schema.org\",\"@graph\":[{\"@type\":\"WebPage\",\"@id\":\"https:\/\/v3.atv-parts.hu\/index.php\/termek\/prooctane-20l-es-uzemanyagtartaly-gyors-tolto-kifolyoval\/\",\"url\":\"https:\/\/v3.atv-parts.hu\/index.php\/termek\/prooctane-20l-es-uzemanyagtartaly-gyors-tolto-kifolyoval\/\",\"name\":\"PROOCTANE - 20L-ES \u00dcZEMANYAGTART\u00c1LY GYORS T\u00d6LT\u0150 KIFOLY\u00d3VAL - V3 ATV-PARTS.HU\",\"isPartOf\":{\"@id\":\"https:\/\/v3.atv-parts.hu\/#website\"},\"primaryImageOfPage\":{\"@id\":\"https:\/\/v3.atv-parts.hu\/index.php\/termek\/prooctane-20l-es-uzemanyagtartaly-gyors-tolto-kifolyoval\/#primaryimage\"},\"image\":{\"@id\":\"https:\/\/v3.atv-parts.hu\/index.php\/termek\/prooctane-20l-es-uzemanyagtartaly-gyors-tolto-kifolyoval\/#primaryimage\"},\"thumbnailUrl\":\"https:\/\/v3.atv-parts.hu\/wp-content\/uploads\/2024\/03\/polisport-zbiornik-kanister-na-paliwo-do-szybkiego.jpg\",\"datePublished\":\"2024-03-28T07:38:04+00:00\",\"dateModified\":\"2024-05-03T11:22:16+00:00\",\"breadcrumb\":{\"@id\":\"https:\/\/v3.atv-parts.hu\/index.php\/termek\/prooctane-20l-es-uzemanyagtartaly-gyors-tolto-kifolyoval\/#breadcrumb\"},\"inLanguage\":\"hu\",\"potentialAction\":[{\"@type\":\"ReadAction\",\"target\":[\"https:\/\/v3.atv-parts.hu\/index.php\/termek\/prooctane-20l-es-uzemanyagtartaly-gyors-tolto-kifolyoval\/\"]}]},{\"@type\":\"ImageObject\",\"inLanguage\":\"hu\",\"@id\":\"https:\/\/v3.atv-parts.hu\/index.php\/termek\/prooctane-20l-es-uzemanyagtartaly-gyors-tolto-kifolyoval\/#primaryimage\",\"url\":\"https:\/\/v3.atv-parts.hu\/wp-content\/uploads\/2024\/03\/polisport-zbiornik-kanister-na-paliwo-do-szybkiego.jpg\",\"contentUrl\":\"https:\/\/v3.atv-parts.hu\/wp-content\/uploads\/2024\/03\/polisport-zbiornik-kanister-na-paliwo-do-szybkiego.jpg\",\"width\":1200,\"height\":1200},{\"@type\":\"BreadcrumbList\",\"@id\":\"https:\/\/v3.atv-parts.hu\/index.php\/termek\/prooctane-20l-es-uzemanyagtartaly-gyors-tolto-kifolyoval\/#breadcrumb\",\"itemListElement\":[{\"@type\":\"ListItem\",\"position\":1,\"name\":\"Kezd\u0151lap\",\"item\":\"https:\/\/v3.atv-parts.hu\/\"},{\"@type\":\"ListItem\",\"position\":2,\"name\":\"Bolt\",\"item\":\"https:\/\/v3.atv-parts.hu\/index.php\/bolt\/\"},{\"@type\":\"ListItem\",\"position\":3,\"name\":\"PROOCTANE &#8211; 20L-ES \u00dcZEMANYAGTART\u00c1LY GYORS T\u00d6LT\u0150 KIFOLY\u00d3VAL\"}]},{\"@type\":\"WebSite\",\"@id\":\"https:\/\/v3.atv-parts.hu\/#website\",\"url\":\"https:\/\/v3.atv-parts.hu\/\",\"name\":\"V3 ATV-PARTS.HU\",\"description\":\"\",\"publisher\":{\"@id\":\"https:\/\/v3.atv-parts.hu\/#organization\"},\"potentialAction\":[{\"@type\":\"SearchAction\",\"target\":{\"@type\":\"EntryPoint\",\"urlTemplate\":\"https:\/\/v3.atv-parts.hu\/?s={search_term_string}\"},\"query-input\":\"required name=search_term_string\"}],\"inLanguage\":\"hu\"},{\"@type\":\"Organization\",\"@id\":\"https:\/\/v3.atv-parts.hu\/#organization\",\"name\":\"V3 ATV-PARTS.HU\",\"url\":\"https:\/\/v3.atv-parts.hu\/\",\"logo\":{\"@type\":\"ImageObject\",\"inLanguage\":\"hu\",\"@id\":\"https:\/\/v3.atv-parts.hu\/#\/schema\/logo\/image\/\",\"url\":\"https:\/\/v3.atv-parts.hu\/wp-content\/uploads\/2021\/02\/cropped-cropped-atvlogo-1-1-1.png\",\"contentUrl\":\"https:\/\/v3.atv-parts.hu\/wp-content\/uploads\/2021\/02\/cropped-cropped-atvlogo-1-1-1.png\",\"width\":267,\"height\":160,\"caption\":\"V3 ATV-PARTS.HU\"},\"image\":{\"@id\":\"https:\/\/v3.atv-parts.hu\/#\/schema\/logo\/image\/\"},\"sameAs\":[\"https:\/\/www.facebook.com\/atvpartsHU\"]}]}<\/script>\n<meta property=\"product:price:amount\" content=\"22946.36\" \/>\n<meta property=\"product:price:currency\" content=\"HUF\" \/>\n<meta property=\"og:availability\" content=\"instock\" \/>\n<meta property=\"product:availability\" content=\"instock\" \/>\n<meta property=\"product:retailer_item_id\" content=\"8460000002\" \/>\n<meta property=\"product:condition\" content=\"new\" \/>\n<!-- \/ Yoast SEO Premium plugin. -->","yoast_head_json":{"title":"PROOCTANE - 20L-ES \u00dcZEMANYAGTART\u00c1LY GYORS T\u00d6LT\u0150 KIFOLY\u00d3VAL - V3 ATV-PARTS.HU","robots":{"index":"index","follow":"follow","max-snippet":"max-snippet:-1","max-image-preview":"max-image-preview:large","max-video-preview":"max-video-preview:-1"},"canonical":"https:\/\/v3.atv-parts.hu\/index.php\/termek\/prooctane-20l-es-uzemanyagtartaly-gyors-tolto-kifolyoval\/","og_locale":"hu_HU","og_type":"article","og_title":"PROOCTANE - 20L-ES \u00dcZEMANYAGTART\u00c1LY GYORS T\u00d6LT\u0150 KIFOLY\u00d3VAL","og_description":"&#8216;-Cikksz\u00e1m: 8460000002 -Term\u00e9kle\u00edr\u00e1s: -Kiv\u00e1l\u00f3 min\u0151s\u00e9g\u0171 \u00e1tl\u00e1tsz\u00f3 HDPE-b\u0151l k\u00e9sz\u00fclt, nagy szil\u00e1rds\u00e1g\u00fa falvastags\u00e1ggal. -Hordozhat\u00f3 \u00fczemanyag-kann\u00e1nak enged\u00e9lyezett Eur\u00f3p\u00e1ban. -Megfelel az ADR szabv\u00e1nyoknak. -Nagyon tart\u00f3s \u00e9s sziv\u00e1rg\u00e1smentes fed\u00e9l \u00e9s falak. -Ergonomikus kialak\u00edt\u00e1s\u00fa foganty\u00fa. -K\u00e9t foganty\u00fa kialak\u00edt\u00e1sa seg\u00edti a t\u00f6lt\u00e9si folyamatot. -Olaj\/\u00fczemanyag-kever\u0151 mell\u00e9kelve \u00e9s a dobhoz r\u00f6gz\u00edtve. -Olaj\/\u00fczemanyag kever\u00e9k m\u00e9r\u0151 a kupakon az \u00fczemanyag kever\u00e9k azonos\u00edt\u00e1s\u00e1hoz. -Fed\u0151 a sz\u00e1ll\u00edt\u00e1shoz. -Cs\u00fasz\u00e1smentes [&hellip;]","og_url":"https:\/\/v3.atv-parts.hu\/index.php\/termek\/prooctane-20l-es-uzemanyagtartaly-gyors-tolto-kifolyoval\/","og_site_name":"V3 ATV-PARTS.HU","article_publisher":"https:\/\/www.facebook.com\/atvpartsHU","article_modified_time":"2024-05-03T11:22:16+00:00","og_image":[{"width":1200,"height":1200,"url":"https:\/\/v3.atv-parts.hu\/wp-content\/uploads\/2024\/03\/polisport-zbiornik-kanister-na-paliwo-do-szybkiego.jpg","type":"image\/jpeg"}],"twitter_card":"summary_large_image","twitter_misc":{"\u00c1r":"22946,36&nbsp;&#70;&#116; \u00c1F\u00c1-val","El\u00e9rhet\u0151s\u00e9g":"K\u00e9szleten"},"schema":{"@context":"https:\/\/schema.org","@graph":[{"@type":"WebPage","@id":"https:\/\/v3.atv-parts.hu\/index.php\/termek\/prooctane-20l-es-uzemanyagtartaly-gyors-tolto-kifolyoval\/","url":"https:\/\/v3.atv-parts.hu\/index.php\/termek\/prooctane-20l-es-uzemanyagtartaly-gyors-tolto-kifolyoval\/","name":"PROOCTANE - 20L-ES \u00dcZEMANYAGTART\u00c1LY GYORS T\u00d6LT\u0150 KIFOLY\u00d3VAL - V3 ATV-PARTS.HU","isPartOf":{"@id":"https:\/\/v3.atv-parts.hu\/#website"},"primaryImageOfPage":{"@id":"https:\/\/v3.atv-parts.hu\/index.php\/termek\/prooctane-20l-es-uzemanyagtartaly-gyors-tolto-kifolyoval\/#primaryimage"},"image":{"@id":"https:\/\/v3.atv-parts.hu\/index.php\/termek\/prooctane-20l-es-uzemanyagtartaly-gyors-tolto-kifolyoval\/#primaryimage"},"thumbnailUrl":"https:\/\/v3.atv-parts.hu\/wp-content\/uploads\/2024\/03\/polisport-zbiornik-kanister-na-paliwo-do-szybkiego.jpg","datePublished":"2024-03-28T07:38:04+00:00","dateModified":"2024-05-03T11:22:16+00:00","breadcrumb":{"@id":"https:\/\/v3.atv-parts.hu\/index.php\/termek\/prooctane-20l-es-uzemanyagtartaly-gyors-tolto-kifolyoval\/#breadcrumb"},"inLanguage":"hu","potentialAction":[{"@type":"ReadAction","target":["https:\/\/v3.atv-parts.hu\/index.php\/termek\/prooctane-20l-es-uzemanyagtartaly-gyors-tolto-kifolyoval\/"]}]},{"@type":"ImageObject","inLanguage":"hu","@id":"https:\/\/v3.atv-parts.hu\/index.php\/termek\/prooctane-20l-es-uzemanyagtartaly-gyors-tolto-kifolyoval\/#primaryimage","url":"https:\/\/v3.atv-parts.hu\/wp-content\/uploads\/2024\/03\/polisport-zbiornik-kanister-na-paliwo-do-szybkiego.jpg","contentUrl":"https:\/\/v3.atv-parts.hu\/wp-content\/uploads\/2024\/03\/polisport-zbiornik-kanister-na-paliwo-do-szybkiego.jpg","width":1200,"height":1200},{"@type":"BreadcrumbList","@id":"https:\/\/v3.atv-parts.hu\/index.php\/termek\/prooctane-20l-es-uzemanyagtartaly-gyors-tolto-kifolyoval\/#breadcrumb","itemListElement":[{"@type":"ListItem","position":1,"name":"Kezd\u0151lap","item":"https:\/\/v3.atv-parts.hu\/"},{"@type":"ListItem","position":2,"name":"Bolt","item":"https:\/\/v3.atv-parts.hu\/index.php\/bolt\/"},{"@type":"ListItem","position":3,"name":"PROOCTANE &#8211; 20L-ES \u00dcZEMANYAGTART\u00c1LY GYORS T\u00d6LT\u0150 KIFOLY\u00d3VAL"}]},{"@type":"WebSite","@id":"https:\/\/v3.atv-parts.hu\/#website","url":"https:\/\/v3.atv-parts.hu\/","name":"V3 ATV-PARTS.HU","description":"","publisher":{"@id":"https:\/\/v3.atv-parts.hu\/#organization"},"potentialAction":[{"@type":"SearchAction","target":{"@type":"EntryPoint","urlTemplate":"https:\/\/v3.atv-parts.hu\/?s={search_term_string}"},"query-input":"required name=search_term_string"}],"inLanguage":"hu"},{"@type":"Organization","@id":"https:\/\/v3.atv-parts.hu\/#organization","name":"V3 ATV-PARTS.HU","url":"https:\/\/v3.atv-parts.hu\/","logo":{"@type":"ImageObject","inLanguage":"hu","@id":"https:\/\/v3.atv-parts.hu\/#\/schema\/logo\/image\/","url":"https:\/\/v3.atv-parts.hu\/wp-content\/uploads\/2021\/02\/cropped-cropped-atvlogo-1-1-1.png","contentUrl":"https:\/\/v3.atv-parts.hu\/wp-content\/uploads\/2021\/02\/cropped-cropped-atvlogo-1-1-1.png","width":267,"height":160,"caption":"V3 ATV-PARTS.HU"},"image":{"@id":"https:\/\/v3.atv-parts.hu\/#\/schema\/logo\/image\/"},"sameAs":["https:\/\/www.facebook.com\/atvpartsHU"]}]},"product_price_amount":"22946.36","product_price_currency":"HUF","og_availability":"instock","product_availability":"instock","product_retailer_item_id":"8460000002","product_condition":"new"},"_links":{"self":[{"href":"https:\/\/v3.atv-parts.hu\/index.php\/wp-json\/wp\/v2\/product\/78455","targetHints":{"allow":["GET"]}}],"collection":[{"href":"https:\/\/v3.atv-parts.hu\/index.php\/wp-json\/wp\/v2\/product"}],"about":[{"href":"https:\/\/v3.atv-parts.hu\/index.php\/wp-json\/wp\/v2\/types\/product"}],"replies":[{"embeddable":true,"href":"https:\/\/v3.atv-parts.hu\/index.php\/wp-json\/wp\/v2\/comments?post=78455"}],"wp:featuredmedia":[{"embeddable":true,"href":"https:\/\/v3.atv-parts.hu\/index.php\/wp-json\/wp\/v2\/media\/17778"}],"wp:attachment":[{"href":"https:\/\/v3.atv-parts.hu\/index.php\/wp-json\/wp\/v2\/media?parent=78455"}],"wp:term":[{"taxonomy":"product_cat","embeddable":true,"href":"https:\/\/v3.atv-parts.hu\/index.php\/wp-json\/wp\/v2\/product_cat?post=78455"},{"taxonomy":"product_tag","embeddable":true,"href":"https:\/\/v3.atv-parts.hu\/index.php\/wp-json\/wp\/v2\/product_tag?post=78455"}],"curies":[{"name":"wp","href":"https:\/\/api.w.org\/{rel}","templated":true}]}}