{"id":79006,"date":"2024-04-03T08:22:32","date_gmt":"2024-04-03T06:22:32","guid":{"rendered":"https:\/\/v3.atv-parts.hu\/index.php\/termek\/ariete-01609-a-g-mandzsetta-125-mm-sarga-szinu-nyitas-nelkuli-eladasa\/"},"modified":"2024-05-03T11:24:49","modified_gmt":"2024-05-03T09:24:49","slug":"ariete-01609-a-g-mandzsetta-125-mm-sarga-szinu-nyitas-nelkuli-eladasa","status":"publish","type":"product","link":"https:\/\/v3.atv-parts.hu\/index.php\/termek\/ariete-01609-a-g-mandzsetta-125-mm-sarga-szinu-nyitas-nelkuli-eladasa\/","title":{"rendered":"ARIETE  01609\/A-G MANDZSETTA (125 MM) S\u00c1RGA SZ\u00cdN\u0170, NYIT\u00c1S N\u00c9LK\u00dcLI ELAD\u00c1SA"},"content":{"rendered":"<p>ARIETE  01609\/A-G MANDZSETTA (125 MM) S\u00c1RGA SZ\u00cdN\u0170, NYIT\u00c1S N\u00c9LK\u00dcLI ELAD\u00c1SA<\/p>\n<p>EAN: 01609\/A-G<\/p>\n<p>SKU: 01609\/A-G<\/p>\n","protected":false},"excerpt":{"rendered":"<p>ARIETE  01609\/A-G MANDZSETTA (125 MM) S\u00c1RGA SZ\u00cdN\u0170, NYIT\u00c1S N\u00c9LK\u00dcLI ELAD\u00c1SA<\/p>\n","protected":false},"featured_media":79007,"comment_status":"closed","ping_status":"open","template":"","meta":{"_monsterinsights_skip_tracking":false,"_monsterinsights_sitenote_active":false,"_monsterinsights_sitenote_note":"","_monsterinsights_sitenote_category":0},"product_cat":[1057,271,270,306],"product_tag":[],"class_list":{"0":"post-79006","1":"product","2":"type-product","3":"status-publish","4":"has-post-thumbnail","6":"product_cat-egyeb-valtokarok","7":"product_cat-fogantyuk-es-karok","8":"product_cat-karosszeria","9":"product_cat-valtokarok","10":"pa_marka-ariete","12":"first","13":"instock","14":"taxable","15":"shipping-taxable","16":"purchasable","17":"product-type-simple"},"yoast_head":"<!-- This site is optimized with the Yoast SEO Premium plugin v22.6 (Yoast SEO v22.6) - https:\/\/yoast.com\/wordpress\/plugins\/seo\/ -->\n<title>ARIETE 01609\/A-G MANDZSETTA (125 MM) S\u00c1RGA SZ\u00cdN\u0170, NYIT\u00c1S N\u00c9LK\u00dcLI ELAD\u00c1SA - V3 ATV-PARTS.HU<\/title>\n<meta name=\"robots\" content=\"index, follow, max-snippet:-1, max-image-preview:large, max-video-preview:-1\" \/>\n<link rel=\"canonical\" href=\"https:\/\/v3.atv-parts.hu\/index.php\/termek\/ariete-01609-a-g-mandzsetta-125-mm-sarga-szinu-nyitas-nelkuli-eladasa\/\" \/>\n<meta property=\"og:locale\" content=\"hu_HU\" \/>\n<meta property=\"og:type\" content=\"article\" \/>\n<meta property=\"og:title\" content=\"ARIETE 01609\/A-G MANDZSETTA (125 MM) S\u00c1RGA SZ\u00cdN\u0170, NYIT\u00c1S N\u00c9LK\u00dcLI ELAD\u00c1SA\" \/>\n<meta property=\"og:description\" content=\"ARIETE 01609\/A-G MANDZSETTA (125 MM) S\u00c1RGA SZ\u00cdN\u0170, NYIT\u00c1S N\u00c9LK\u00dcLI ELAD\u00c1SA\" \/>\n<meta property=\"og:url\" content=\"https:\/\/v3.atv-parts.hu\/index.php\/termek\/ariete-01609-a-g-mandzsetta-125-mm-sarga-szinu-nyitas-nelkuli-eladasa\/\" \/>\n<meta property=\"og:site_name\" content=\"V3 ATV-PARTS.HU\" \/>\n<meta property=\"article:publisher\" content=\"https:\/\/www.facebook.com\/atvpartsHU\" \/>\n<meta property=\"article:modified_time\" content=\"2024-05-03T09:24:49+00:00\" \/>\n<meta property=\"og:image\" content=\"https:\/\/v3.atv-parts.hu\/wp-content\/uploads\/2024\/04\/ariete-wyprzedaz-manetki-01609-a-g-125-mm-bez-ot.jpg\" \/>\n\t<meta property=\"og:image:width\" content=\"1200\" \/>\n\t<meta property=\"og:image:height\" content=\"609\" \/>\n\t<meta property=\"og:image:type\" content=\"image\/jpeg\" \/>\n<meta name=\"twitter:card\" content=\"summary_large_image\" \/>\n<meta name=\"twitter:label1\" content=\"\u00c1r\" \/>\n\t<meta name=\"twitter:data1\" content=\"3823,97&nbsp;&#70;&#116; \u00c1F\u00c1-val\" \/>\n\t<meta name=\"twitter:label2\" content=\"El\u00e9rhet\u0151s\u00e9g\" \/>\n\t<meta name=\"twitter:data2\" content=\"K\u00e9szleten\" \/>\n<script type=\"application\/ld+json\" class=\"yoast-schema-graph\">{\"@context\":\"https:\/\/schema.org\",\"@graph\":[{\"@type\":\"WebPage\",\"@id\":\"https:\/\/v3.atv-parts.hu\/index.php\/termek\/ariete-01609-a-g-mandzsetta-125-mm-sarga-szinu-nyitas-nelkuli-eladasa\/\",\"url\":\"https:\/\/v3.atv-parts.hu\/index.php\/termek\/ariete-01609-a-g-mandzsetta-125-mm-sarga-szinu-nyitas-nelkuli-eladasa\/\",\"name\":\"ARIETE 01609\/A-G MANDZSETTA (125 MM) S\u00c1RGA SZ\u00cdN\u0170, NYIT\u00c1S N\u00c9LK\u00dcLI ELAD\u00c1SA - V3 ATV-PARTS.HU\",\"isPartOf\":{\"@id\":\"https:\/\/v3.atv-parts.hu\/#website\"},\"primaryImageOfPage\":{\"@id\":\"https:\/\/v3.atv-parts.hu\/index.php\/termek\/ariete-01609-a-g-mandzsetta-125-mm-sarga-szinu-nyitas-nelkuli-eladasa\/#primaryimage\"},\"image\":{\"@id\":\"https:\/\/v3.atv-parts.hu\/index.php\/termek\/ariete-01609-a-g-mandzsetta-125-mm-sarga-szinu-nyitas-nelkuli-eladasa\/#primaryimage\"},\"thumbnailUrl\":\"https:\/\/v3.atv-parts.hu\/wp-content\/uploads\/2024\/04\/ariete-wyprzedaz-manetki-01609-a-g-125-mm-bez-ot.jpg\",\"datePublished\":\"2024-04-03T06:22:32+00:00\",\"dateModified\":\"2024-05-03T09:24:49+00:00\",\"breadcrumb\":{\"@id\":\"https:\/\/v3.atv-parts.hu\/index.php\/termek\/ariete-01609-a-g-mandzsetta-125-mm-sarga-szinu-nyitas-nelkuli-eladasa\/#breadcrumb\"},\"inLanguage\":\"hu\",\"potentialAction\":[{\"@type\":\"ReadAction\",\"target\":[\"https:\/\/v3.atv-parts.hu\/index.php\/termek\/ariete-01609-a-g-mandzsetta-125-mm-sarga-szinu-nyitas-nelkuli-eladasa\/\"]}]},{\"@type\":\"ImageObject\",\"inLanguage\":\"hu\",\"@id\":\"https:\/\/v3.atv-parts.hu\/index.php\/termek\/ariete-01609-a-g-mandzsetta-125-mm-sarga-szinu-nyitas-nelkuli-eladasa\/#primaryimage\",\"url\":\"https:\/\/v3.atv-parts.hu\/wp-content\/uploads\/2024\/04\/ariete-wyprzedaz-manetki-01609-a-g-125-mm-bez-ot.jpg\",\"contentUrl\":\"https:\/\/v3.atv-parts.hu\/wp-content\/uploads\/2024\/04\/ariete-wyprzedaz-manetki-01609-a-g-125-mm-bez-ot.jpg\",\"width\":1200,\"height\":609},{\"@type\":\"BreadcrumbList\",\"@id\":\"https:\/\/v3.atv-parts.hu\/index.php\/termek\/ariete-01609-a-g-mandzsetta-125-mm-sarga-szinu-nyitas-nelkuli-eladasa\/#breadcrumb\",\"itemListElement\":[{\"@type\":\"ListItem\",\"position\":1,\"name\":\"Kezd\u0151lap\",\"item\":\"https:\/\/v3.atv-parts.hu\/\"},{\"@type\":\"ListItem\",\"position\":2,\"name\":\"Bolt\",\"item\":\"https:\/\/v3.atv-parts.hu\/index.php\/bolt\/\"},{\"@type\":\"ListItem\",\"position\":3,\"name\":\"ARIETE 01609\/A-G MANDZSETTA (125 MM) S\u00c1RGA SZ\u00cdN\u0170, NYIT\u00c1S N\u00c9LK\u00dcLI ELAD\u00c1SA\"}]},{\"@type\":\"WebSite\",\"@id\":\"https:\/\/v3.atv-parts.hu\/#website\",\"url\":\"https:\/\/v3.atv-parts.hu\/\",\"name\":\"V3 ATV-PARTS.HU\",\"description\":\"\",\"publisher\":{\"@id\":\"https:\/\/v3.atv-parts.hu\/#organization\"},\"potentialAction\":[{\"@type\":\"SearchAction\",\"target\":{\"@type\":\"EntryPoint\",\"urlTemplate\":\"https:\/\/v3.atv-parts.hu\/?s={search_term_string}\"},\"query-input\":\"required name=search_term_string\"}],\"inLanguage\":\"hu\"},{\"@type\":\"Organization\",\"@id\":\"https:\/\/v3.atv-parts.hu\/#organization\",\"name\":\"V3 ATV-PARTS.HU\",\"url\":\"https:\/\/v3.atv-parts.hu\/\",\"logo\":{\"@type\":\"ImageObject\",\"inLanguage\":\"hu\",\"@id\":\"https:\/\/v3.atv-parts.hu\/#\/schema\/logo\/image\/\",\"url\":\"https:\/\/v3.atv-parts.hu\/wp-content\/uploads\/2021\/02\/cropped-cropped-atvlogo-1-1-1.png\",\"contentUrl\":\"https:\/\/v3.atv-parts.hu\/wp-content\/uploads\/2021\/02\/cropped-cropped-atvlogo-1-1-1.png\",\"width\":267,\"height\":160,\"caption\":\"V3 ATV-PARTS.HU\"},\"image\":{\"@id\":\"https:\/\/v3.atv-parts.hu\/#\/schema\/logo\/image\/\"},\"sameAs\":[\"https:\/\/www.facebook.com\/atvpartsHU\"]}]}<\/script>\n<meta property=\"product:price:amount\" content=\"3823.97\" \/>\n<meta property=\"product:price:currency\" content=\"HUF\" \/>\n<meta property=\"og:availability\" content=\"instock\" \/>\n<meta property=\"product:availability\" content=\"instock\" \/>\n<meta property=\"product:retailer_item_id\" content=\"01609\/A-G\" \/>\n<meta property=\"product:condition\" content=\"new\" \/>\n<!-- \/ Yoast SEO Premium plugin. -->","yoast_head_json":{"title":"ARIETE 01609\/A-G MANDZSETTA (125 MM) S\u00c1RGA SZ\u00cdN\u0170, NYIT\u00c1S N\u00c9LK\u00dcLI ELAD\u00c1SA - V3 ATV-PARTS.HU","robots":{"index":"index","follow":"follow","max-snippet":"max-snippet:-1","max-image-preview":"max-image-preview:large","max-video-preview":"max-video-preview:-1"},"canonical":"https:\/\/v3.atv-parts.hu\/index.php\/termek\/ariete-01609-a-g-mandzsetta-125-mm-sarga-szinu-nyitas-nelkuli-eladasa\/","og_locale":"hu_HU","og_type":"article","og_title":"ARIETE 01609\/A-G MANDZSETTA (125 MM) S\u00c1RGA SZ\u00cdN\u0170, NYIT\u00c1S N\u00c9LK\u00dcLI ELAD\u00c1SA","og_description":"ARIETE 01609\/A-G MANDZSETTA (125 MM) S\u00c1RGA SZ\u00cdN\u0170, NYIT\u00c1S N\u00c9LK\u00dcLI ELAD\u00c1SA","og_url":"https:\/\/v3.atv-parts.hu\/index.php\/termek\/ariete-01609-a-g-mandzsetta-125-mm-sarga-szinu-nyitas-nelkuli-eladasa\/","og_site_name":"V3 ATV-PARTS.HU","article_publisher":"https:\/\/www.facebook.com\/atvpartsHU","article_modified_time":"2024-05-03T09:24:49+00:00","og_image":[{"width":1200,"height":609,"url":"https:\/\/v3.atv-parts.hu\/wp-content\/uploads\/2024\/04\/ariete-wyprzedaz-manetki-01609-a-g-125-mm-bez-ot.jpg","type":"image\/jpeg"}],"twitter_card":"summary_large_image","twitter_misc":{"\u00c1r":"3823,97&nbsp;&#70;&#116; \u00c1F\u00c1-val","El\u00e9rhet\u0151s\u00e9g":"K\u00e9szleten"},"schema":{"@context":"https:\/\/schema.org","@graph":[{"@type":"WebPage","@id":"https:\/\/v3.atv-parts.hu\/index.php\/termek\/ariete-01609-a-g-mandzsetta-125-mm-sarga-szinu-nyitas-nelkuli-eladasa\/","url":"https:\/\/v3.atv-parts.hu\/index.php\/termek\/ariete-01609-a-g-mandzsetta-125-mm-sarga-szinu-nyitas-nelkuli-eladasa\/","name":"ARIETE 01609\/A-G MANDZSETTA (125 MM) S\u00c1RGA SZ\u00cdN\u0170, NYIT\u00c1S N\u00c9LK\u00dcLI ELAD\u00c1SA - V3 ATV-PARTS.HU","isPartOf":{"@id":"https:\/\/v3.atv-parts.hu\/#website"},"primaryImageOfPage":{"@id":"https:\/\/v3.atv-parts.hu\/index.php\/termek\/ariete-01609-a-g-mandzsetta-125-mm-sarga-szinu-nyitas-nelkuli-eladasa\/#primaryimage"},"image":{"@id":"https:\/\/v3.atv-parts.hu\/index.php\/termek\/ariete-01609-a-g-mandzsetta-125-mm-sarga-szinu-nyitas-nelkuli-eladasa\/#primaryimage"},"thumbnailUrl":"https:\/\/v3.atv-parts.hu\/wp-content\/uploads\/2024\/04\/ariete-wyprzedaz-manetki-01609-a-g-125-mm-bez-ot.jpg","datePublished":"2024-04-03T06:22:32+00:00","dateModified":"2024-05-03T09:24:49+00:00","breadcrumb":{"@id":"https:\/\/v3.atv-parts.hu\/index.php\/termek\/ariete-01609-a-g-mandzsetta-125-mm-sarga-szinu-nyitas-nelkuli-eladasa\/#breadcrumb"},"inLanguage":"hu","potentialAction":[{"@type":"ReadAction","target":["https:\/\/v3.atv-parts.hu\/index.php\/termek\/ariete-01609-a-g-mandzsetta-125-mm-sarga-szinu-nyitas-nelkuli-eladasa\/"]}]},{"@type":"ImageObject","inLanguage":"hu","@id":"https:\/\/v3.atv-parts.hu\/index.php\/termek\/ariete-01609-a-g-mandzsetta-125-mm-sarga-szinu-nyitas-nelkuli-eladasa\/#primaryimage","url":"https:\/\/v3.atv-parts.hu\/wp-content\/uploads\/2024\/04\/ariete-wyprzedaz-manetki-01609-a-g-125-mm-bez-ot.jpg","contentUrl":"https:\/\/v3.atv-parts.hu\/wp-content\/uploads\/2024\/04\/ariete-wyprzedaz-manetki-01609-a-g-125-mm-bez-ot.jpg","width":1200,"height":609},{"@type":"BreadcrumbList","@id":"https:\/\/v3.atv-parts.hu\/index.php\/termek\/ariete-01609-a-g-mandzsetta-125-mm-sarga-szinu-nyitas-nelkuli-eladasa\/#breadcrumb","itemListElement":[{"@type":"ListItem","position":1,"name":"Kezd\u0151lap","item":"https:\/\/v3.atv-parts.hu\/"},{"@type":"ListItem","position":2,"name":"Bolt","item":"https:\/\/v3.atv-parts.hu\/index.php\/bolt\/"},{"@type":"ListItem","position":3,"name":"ARIETE 01609\/A-G MANDZSETTA (125 MM) S\u00c1RGA SZ\u00cdN\u0170, NYIT\u00c1S N\u00c9LK\u00dcLI ELAD\u00c1SA"}]},{"@type":"WebSite","@id":"https:\/\/v3.atv-parts.hu\/#website","url":"https:\/\/v3.atv-parts.hu\/","name":"V3 ATV-PARTS.HU","description":"","publisher":{"@id":"https:\/\/v3.atv-parts.hu\/#organization"},"potentialAction":[{"@type":"SearchAction","target":{"@type":"EntryPoint","urlTemplate":"https:\/\/v3.atv-parts.hu\/?s={search_term_string}"},"query-input":"required name=search_term_string"}],"inLanguage":"hu"},{"@type":"Organization","@id":"https:\/\/v3.atv-parts.hu\/#organization","name":"V3 ATV-PARTS.HU","url":"https:\/\/v3.atv-parts.hu\/","logo":{"@type":"ImageObject","inLanguage":"hu","@id":"https:\/\/v3.atv-parts.hu\/#\/schema\/logo\/image\/","url":"https:\/\/v3.atv-parts.hu\/wp-content\/uploads\/2021\/02\/cropped-cropped-atvlogo-1-1-1.png","contentUrl":"https:\/\/v3.atv-parts.hu\/wp-content\/uploads\/2021\/02\/cropped-cropped-atvlogo-1-1-1.png","width":267,"height":160,"caption":"V3 ATV-PARTS.HU"},"image":{"@id":"https:\/\/v3.atv-parts.hu\/#\/schema\/logo\/image\/"},"sameAs":["https:\/\/www.facebook.com\/atvpartsHU"]}]},"product_price_amount":"3823.97","product_price_currency":"HUF","og_availability":"instock","product_availability":"instock","product_retailer_item_id":"01609\/A-G","product_condition":"new"},"_links":{"self":[{"href":"https:\/\/v3.atv-parts.hu\/index.php\/wp-json\/wp\/v2\/product\/79006","targetHints":{"allow":["GET"]}}],"collection":[{"href":"https:\/\/v3.atv-parts.hu\/index.php\/wp-json\/wp\/v2\/product"}],"about":[{"href":"https:\/\/v3.atv-parts.hu\/index.php\/wp-json\/wp\/v2\/types\/product"}],"replies":[{"embeddable":true,"href":"https:\/\/v3.atv-parts.hu\/index.php\/wp-json\/wp\/v2\/comments?post=79006"}],"wp:featuredmedia":[{"embeddable":true,"href":"https:\/\/v3.atv-parts.hu\/index.php\/wp-json\/wp\/v2\/media\/79007"}],"wp:attachment":[{"href":"https:\/\/v3.atv-parts.hu\/index.php\/wp-json\/wp\/v2\/media?parent=79006"}],"wp:term":[{"taxonomy":"product_cat","embeddable":true,"href":"https:\/\/v3.atv-parts.hu\/index.php\/wp-json\/wp\/v2\/product_cat?post=79006"},{"taxonomy":"product_tag","embeddable":true,"href":"https:\/\/v3.atv-parts.hu\/index.php\/wp-json\/wp\/v2\/product_tag?post=79006"}],"curies":[{"name":"wp","href":"https:\/\/api.w.org\/{rel}","templated":true}]}}