{"id":79071,"date":"2024-04-03T08:24:03","date_gmt":"2024-04-03T06:24:03","guid":{"rendered":"https:\/\/v3.atv-parts.hu\/index.php\/termek\/harris-harris-sellout-01684-ch-chill-120-mm-22-mm-lyuk-nelkul-szin-sarga-fekete\/"},"modified":"2024-05-03T11:24:58","modified_gmt":"2024-05-03T09:24:58","slug":"harris-harris-sellout-01684-ch-chill-120-mm-22-mm-lyuk-nelkul-szin-sarga-fekete","status":"publish","type":"product","link":"https:\/\/v3.atv-parts.hu\/index.php\/termek\/harris-harris-sellout-01684-ch-chill-120-mm-22-mm-lyuk-nelkul-szin-sarga-fekete\/","title":{"rendered":"HARRIS HARRI&#8217;S SELLOUT 01684-CH CHILL (120 MM\/22 MM) LYUK N\u00c9LK\u00dcL SZ\u00cdN S\u00c1RGA\/FEKETE"},"content":{"rendered":"<p>HARRIS HARRI&#8217;S SELLOUT 01684-CH CHILL (120 MM\/22 MM) LYUK N\u00c9LK\u00dcL SZ\u00cdN S\u00c1RGA\/FEKETE<\/p>\n<p>EAN: 01684-CH<\/p>\n<p>SKU: 01684-CH<\/p>\n","protected":false},"excerpt":{"rendered":"<p>HARRIS HARRI&#8217;S SELLOUT 01684-CH CHILL (120 MM\/22 MM) LYUK N\u00c9LK\u00dcL SZ\u00cdN S\u00c1RGA\/FEKETE<\/p>\n","protected":false},"featured_media":79044,"comment_status":"closed","ping_status":"open","template":"","meta":{"_monsterinsights_skip_tracking":false,"_monsterinsights_sitenote_active":false,"_monsterinsights_sitenote_note":"","_monsterinsights_sitenote_category":0},"product_cat":[271,270,876,306],"product_tag":[],"class_list":{"0":"post-79071","1":"product","2":"type-product","3":"status-publish","4":"has-post-thumbnail","6":"product_cat-fogantyuk-es-karok","7":"product_cat-karosszeria","8":"product_cat-kozuti","9":"product_cat-valtokarok","10":"pa_marka-harris","12":"first","13":"instock","14":"taxable","15":"shipping-taxable","16":"purchasable","17":"product-type-simple"},"yoast_head":"<!-- This site is optimized with the Yoast SEO Premium plugin v22.6 (Yoast SEO v22.6) - https:\/\/yoast.com\/wordpress\/plugins\/seo\/ -->\n<title>HARRIS HARRI&#039;S SELLOUT 01684-CH CHILL (120 MM\/22 MM) LYUK N\u00c9LK\u00dcL SZ\u00cdN S\u00c1RGA\/FEKETE - V3 ATV-PARTS.HU<\/title>\n<meta name=\"robots\" content=\"index, follow, max-snippet:-1, max-image-preview:large, max-video-preview:-1\" \/>\n<link rel=\"canonical\" href=\"https:\/\/v3.atv-parts.hu\/index.php\/termek\/harris-harris-sellout-01684-ch-chill-120-mm-22-mm-lyuk-nelkul-szin-sarga-fekete\/\" \/>\n<meta property=\"og:locale\" content=\"hu_HU\" \/>\n<meta property=\"og:type\" content=\"article\" \/>\n<meta property=\"og:title\" content=\"HARRIS HARRI&#039;S SELLOUT 01684-CH CHILL (120 MM\/22 MM) LYUK N\u00c9LK\u00dcL SZ\u00cdN S\u00c1RGA\/FEKETE\" \/>\n<meta property=\"og:description\" content=\"HARRIS HARRI&#039;S SELLOUT 01684-CH CHILL (120 MM\/22 MM) LYUK N\u00c9LK\u00dcL SZ\u00cdN S\u00c1RGA\/FEKETE\" \/>\n<meta property=\"og:url\" content=\"https:\/\/v3.atv-parts.hu\/index.php\/termek\/harris-harris-sellout-01684-ch-chill-120-mm-22-mm-lyuk-nelkul-szin-sarga-fekete\/\" \/>\n<meta property=\"og:site_name\" content=\"V3 ATV-PARTS.HU\" \/>\n<meta property=\"article:publisher\" content=\"https:\/\/www.facebook.com\/atvpartsHU\" \/>\n<meta property=\"article:modified_time\" content=\"2024-05-03T09:24:58+00:00\" \/>\n<meta property=\"og:image\" content=\"https:\/\/v3.atv-parts.hu\/wp-content\/uploads\/2024\/04\/harri-s-wyprzedaz-manetki-01684-ch-chill-120-mm-2.jpg\" \/>\n\t<meta property=\"og:image:width\" content=\"425\" \/>\n\t<meta property=\"og:image:height\" content=\"422\" \/>\n\t<meta property=\"og:image:type\" content=\"image\/jpeg\" \/>\n<meta name=\"twitter:card\" content=\"summary_large_image\" \/>\n<meta name=\"twitter:label1\" content=\"\u00c1r\" \/>\n\t<meta name=\"twitter:data1\" content=\"5429,25&nbsp;&#70;&#116; \u00c1F\u00c1-val\" \/>\n\t<meta name=\"twitter:label2\" content=\"El\u00e9rhet\u0151s\u00e9g\" \/>\n\t<meta name=\"twitter:data2\" content=\"K\u00e9szleten\" \/>\n<script type=\"application\/ld+json\" class=\"yoast-schema-graph\">{\"@context\":\"https:\/\/schema.org\",\"@graph\":[{\"@type\":\"WebPage\",\"@id\":\"https:\/\/v3.atv-parts.hu\/index.php\/termek\/harris-harris-sellout-01684-ch-chill-120-mm-22-mm-lyuk-nelkul-szin-sarga-fekete\/\",\"url\":\"https:\/\/v3.atv-parts.hu\/index.php\/termek\/harris-harris-sellout-01684-ch-chill-120-mm-22-mm-lyuk-nelkul-szin-sarga-fekete\/\",\"name\":\"HARRIS HARRI'S SELLOUT 01684-CH CHILL (120 MM\/22 MM) LYUK N\u00c9LK\u00dcL SZ\u00cdN S\u00c1RGA\/FEKETE - V3 ATV-PARTS.HU\",\"isPartOf\":{\"@id\":\"https:\/\/v3.atv-parts.hu\/#website\"},\"primaryImageOfPage\":{\"@id\":\"https:\/\/v3.atv-parts.hu\/index.php\/termek\/harris-harris-sellout-01684-ch-chill-120-mm-22-mm-lyuk-nelkul-szin-sarga-fekete\/#primaryimage\"},\"image\":{\"@id\":\"https:\/\/v3.atv-parts.hu\/index.php\/termek\/harris-harris-sellout-01684-ch-chill-120-mm-22-mm-lyuk-nelkul-szin-sarga-fekete\/#primaryimage\"},\"thumbnailUrl\":\"https:\/\/v3.atv-parts.hu\/wp-content\/uploads\/2024\/04\/harri-s-wyprzedaz-manetki-01684-ch-chill-120-mm-2.jpg\",\"datePublished\":\"2024-04-03T06:24:03+00:00\",\"dateModified\":\"2024-05-03T09:24:58+00:00\",\"breadcrumb\":{\"@id\":\"https:\/\/v3.atv-parts.hu\/index.php\/termek\/harris-harris-sellout-01684-ch-chill-120-mm-22-mm-lyuk-nelkul-szin-sarga-fekete\/#breadcrumb\"},\"inLanguage\":\"hu\",\"potentialAction\":[{\"@type\":\"ReadAction\",\"target\":[\"https:\/\/v3.atv-parts.hu\/index.php\/termek\/harris-harris-sellout-01684-ch-chill-120-mm-22-mm-lyuk-nelkul-szin-sarga-fekete\/\"]}]},{\"@type\":\"ImageObject\",\"inLanguage\":\"hu\",\"@id\":\"https:\/\/v3.atv-parts.hu\/index.php\/termek\/harris-harris-sellout-01684-ch-chill-120-mm-22-mm-lyuk-nelkul-szin-sarga-fekete\/#primaryimage\",\"url\":\"https:\/\/v3.atv-parts.hu\/wp-content\/uploads\/2024\/04\/harri-s-wyprzedaz-manetki-01684-ch-chill-120-mm-2.jpg\",\"contentUrl\":\"https:\/\/v3.atv-parts.hu\/wp-content\/uploads\/2024\/04\/harri-s-wyprzedaz-manetki-01684-ch-chill-120-mm-2.jpg\",\"width\":425,\"height\":422},{\"@type\":\"BreadcrumbList\",\"@id\":\"https:\/\/v3.atv-parts.hu\/index.php\/termek\/harris-harris-sellout-01684-ch-chill-120-mm-22-mm-lyuk-nelkul-szin-sarga-fekete\/#breadcrumb\",\"itemListElement\":[{\"@type\":\"ListItem\",\"position\":1,\"name\":\"Kezd\u0151lap\",\"item\":\"https:\/\/v3.atv-parts.hu\/\"},{\"@type\":\"ListItem\",\"position\":2,\"name\":\"Bolt\",\"item\":\"https:\/\/v3.atv-parts.hu\/index.php\/bolt\/\"},{\"@type\":\"ListItem\",\"position\":3,\"name\":\"HARRIS HARRI&#8217;S SELLOUT 01684-CH CHILL (120 MM\/22 MM) LYUK N\u00c9LK\u00dcL SZ\u00cdN S\u00c1RGA\/FEKETE\"}]},{\"@type\":\"WebSite\",\"@id\":\"https:\/\/v3.atv-parts.hu\/#website\",\"url\":\"https:\/\/v3.atv-parts.hu\/\",\"name\":\"V3 ATV-PARTS.HU\",\"description\":\"\",\"publisher\":{\"@id\":\"https:\/\/v3.atv-parts.hu\/#organization\"},\"potentialAction\":[{\"@type\":\"SearchAction\",\"target\":{\"@type\":\"EntryPoint\",\"urlTemplate\":\"https:\/\/v3.atv-parts.hu\/?s={search_term_string}\"},\"query-input\":\"required name=search_term_string\"}],\"inLanguage\":\"hu\"},{\"@type\":\"Organization\",\"@id\":\"https:\/\/v3.atv-parts.hu\/#organization\",\"name\":\"V3 ATV-PARTS.HU\",\"url\":\"https:\/\/v3.atv-parts.hu\/\",\"logo\":{\"@type\":\"ImageObject\",\"inLanguage\":\"hu\",\"@id\":\"https:\/\/v3.atv-parts.hu\/#\/schema\/logo\/image\/\",\"url\":\"https:\/\/v3.atv-parts.hu\/wp-content\/uploads\/2021\/02\/cropped-cropped-atvlogo-1-1-1.png\",\"contentUrl\":\"https:\/\/v3.atv-parts.hu\/wp-content\/uploads\/2021\/02\/cropped-cropped-atvlogo-1-1-1.png\",\"width\":267,\"height\":160,\"caption\":\"V3 ATV-PARTS.HU\"},\"image\":{\"@id\":\"https:\/\/v3.atv-parts.hu\/#\/schema\/logo\/image\/\"},\"sameAs\":[\"https:\/\/www.facebook.com\/atvpartsHU\"]}]}<\/script>\n<meta property=\"product:price:amount\" content=\"5429.25\" \/>\n<meta property=\"product:price:currency\" content=\"HUF\" \/>\n<meta property=\"og:availability\" content=\"instock\" \/>\n<meta property=\"product:availability\" content=\"instock\" \/>\n<meta property=\"product:retailer_item_id\" content=\"01684-CH\" \/>\n<meta property=\"product:condition\" content=\"new\" \/>\n<!-- \/ Yoast SEO Premium plugin. -->","yoast_head_json":{"title":"HARRIS HARRI'S SELLOUT 01684-CH CHILL (120 MM\/22 MM) LYUK N\u00c9LK\u00dcL SZ\u00cdN S\u00c1RGA\/FEKETE - V3 ATV-PARTS.HU","robots":{"index":"index","follow":"follow","max-snippet":"max-snippet:-1","max-image-preview":"max-image-preview:large","max-video-preview":"max-video-preview:-1"},"canonical":"https:\/\/v3.atv-parts.hu\/index.php\/termek\/harris-harris-sellout-01684-ch-chill-120-mm-22-mm-lyuk-nelkul-szin-sarga-fekete\/","og_locale":"hu_HU","og_type":"article","og_title":"HARRIS HARRI'S SELLOUT 01684-CH CHILL (120 MM\/22 MM) LYUK N\u00c9LK\u00dcL SZ\u00cdN S\u00c1RGA\/FEKETE","og_description":"HARRIS HARRI'S SELLOUT 01684-CH CHILL (120 MM\/22 MM) LYUK N\u00c9LK\u00dcL SZ\u00cdN S\u00c1RGA\/FEKETE","og_url":"https:\/\/v3.atv-parts.hu\/index.php\/termek\/harris-harris-sellout-01684-ch-chill-120-mm-22-mm-lyuk-nelkul-szin-sarga-fekete\/","og_site_name":"V3 ATV-PARTS.HU","article_publisher":"https:\/\/www.facebook.com\/atvpartsHU","article_modified_time":"2024-05-03T09:24:58+00:00","og_image":[{"width":425,"height":422,"url":"https:\/\/v3.atv-parts.hu\/wp-content\/uploads\/2024\/04\/harri-s-wyprzedaz-manetki-01684-ch-chill-120-mm-2.jpg","type":"image\/jpeg"}],"twitter_card":"summary_large_image","twitter_misc":{"\u00c1r":"5429,25&nbsp;&#70;&#116; \u00c1F\u00c1-val","El\u00e9rhet\u0151s\u00e9g":"K\u00e9szleten"},"schema":{"@context":"https:\/\/schema.org","@graph":[{"@type":"WebPage","@id":"https:\/\/v3.atv-parts.hu\/index.php\/termek\/harris-harris-sellout-01684-ch-chill-120-mm-22-mm-lyuk-nelkul-szin-sarga-fekete\/","url":"https:\/\/v3.atv-parts.hu\/index.php\/termek\/harris-harris-sellout-01684-ch-chill-120-mm-22-mm-lyuk-nelkul-szin-sarga-fekete\/","name":"HARRIS HARRI'S SELLOUT 01684-CH CHILL (120 MM\/22 MM) LYUK N\u00c9LK\u00dcL SZ\u00cdN S\u00c1RGA\/FEKETE - V3 ATV-PARTS.HU","isPartOf":{"@id":"https:\/\/v3.atv-parts.hu\/#website"},"primaryImageOfPage":{"@id":"https:\/\/v3.atv-parts.hu\/index.php\/termek\/harris-harris-sellout-01684-ch-chill-120-mm-22-mm-lyuk-nelkul-szin-sarga-fekete\/#primaryimage"},"image":{"@id":"https:\/\/v3.atv-parts.hu\/index.php\/termek\/harris-harris-sellout-01684-ch-chill-120-mm-22-mm-lyuk-nelkul-szin-sarga-fekete\/#primaryimage"},"thumbnailUrl":"https:\/\/v3.atv-parts.hu\/wp-content\/uploads\/2024\/04\/harri-s-wyprzedaz-manetki-01684-ch-chill-120-mm-2.jpg","datePublished":"2024-04-03T06:24:03+00:00","dateModified":"2024-05-03T09:24:58+00:00","breadcrumb":{"@id":"https:\/\/v3.atv-parts.hu\/index.php\/termek\/harris-harris-sellout-01684-ch-chill-120-mm-22-mm-lyuk-nelkul-szin-sarga-fekete\/#breadcrumb"},"inLanguage":"hu","potentialAction":[{"@type":"ReadAction","target":["https:\/\/v3.atv-parts.hu\/index.php\/termek\/harris-harris-sellout-01684-ch-chill-120-mm-22-mm-lyuk-nelkul-szin-sarga-fekete\/"]}]},{"@type":"ImageObject","inLanguage":"hu","@id":"https:\/\/v3.atv-parts.hu\/index.php\/termek\/harris-harris-sellout-01684-ch-chill-120-mm-22-mm-lyuk-nelkul-szin-sarga-fekete\/#primaryimage","url":"https:\/\/v3.atv-parts.hu\/wp-content\/uploads\/2024\/04\/harri-s-wyprzedaz-manetki-01684-ch-chill-120-mm-2.jpg","contentUrl":"https:\/\/v3.atv-parts.hu\/wp-content\/uploads\/2024\/04\/harri-s-wyprzedaz-manetki-01684-ch-chill-120-mm-2.jpg","width":425,"height":422},{"@type":"BreadcrumbList","@id":"https:\/\/v3.atv-parts.hu\/index.php\/termek\/harris-harris-sellout-01684-ch-chill-120-mm-22-mm-lyuk-nelkul-szin-sarga-fekete\/#breadcrumb","itemListElement":[{"@type":"ListItem","position":1,"name":"Kezd\u0151lap","item":"https:\/\/v3.atv-parts.hu\/"},{"@type":"ListItem","position":2,"name":"Bolt","item":"https:\/\/v3.atv-parts.hu\/index.php\/bolt\/"},{"@type":"ListItem","position":3,"name":"HARRIS HARRI&#8217;S SELLOUT 01684-CH CHILL (120 MM\/22 MM) LYUK N\u00c9LK\u00dcL SZ\u00cdN S\u00c1RGA\/FEKETE"}]},{"@type":"WebSite","@id":"https:\/\/v3.atv-parts.hu\/#website","url":"https:\/\/v3.atv-parts.hu\/","name":"V3 ATV-PARTS.HU","description":"","publisher":{"@id":"https:\/\/v3.atv-parts.hu\/#organization"},"potentialAction":[{"@type":"SearchAction","target":{"@type":"EntryPoint","urlTemplate":"https:\/\/v3.atv-parts.hu\/?s={search_term_string}"},"query-input":"required name=search_term_string"}],"inLanguage":"hu"},{"@type":"Organization","@id":"https:\/\/v3.atv-parts.hu\/#organization","name":"V3 ATV-PARTS.HU","url":"https:\/\/v3.atv-parts.hu\/","logo":{"@type":"ImageObject","inLanguage":"hu","@id":"https:\/\/v3.atv-parts.hu\/#\/schema\/logo\/image\/","url":"https:\/\/v3.atv-parts.hu\/wp-content\/uploads\/2021\/02\/cropped-cropped-atvlogo-1-1-1.png","contentUrl":"https:\/\/v3.atv-parts.hu\/wp-content\/uploads\/2021\/02\/cropped-cropped-atvlogo-1-1-1.png","width":267,"height":160,"caption":"V3 ATV-PARTS.HU"},"image":{"@id":"https:\/\/v3.atv-parts.hu\/#\/schema\/logo\/image\/"},"sameAs":["https:\/\/www.facebook.com\/atvpartsHU"]}]},"product_price_amount":"5429.25","product_price_currency":"HUF","og_availability":"instock","product_availability":"instock","product_retailer_item_id":"01684-CH","product_condition":"new"},"_links":{"self":[{"href":"https:\/\/v3.atv-parts.hu\/index.php\/wp-json\/wp\/v2\/product\/79071","targetHints":{"allow":["GET"]}}],"collection":[{"href":"https:\/\/v3.atv-parts.hu\/index.php\/wp-json\/wp\/v2\/product"}],"about":[{"href":"https:\/\/v3.atv-parts.hu\/index.php\/wp-json\/wp\/v2\/types\/product"}],"replies":[{"embeddable":true,"href":"https:\/\/v3.atv-parts.hu\/index.php\/wp-json\/wp\/v2\/comments?post=79071"}],"wp:featuredmedia":[{"embeddable":true,"href":"https:\/\/v3.atv-parts.hu\/index.php\/wp-json\/wp\/v2\/media\/79044"}],"wp:attachment":[{"href":"https:\/\/v3.atv-parts.hu\/index.php\/wp-json\/wp\/v2\/media?parent=79071"}],"wp:term":[{"taxonomy":"product_cat","embeddable":true,"href":"https:\/\/v3.atv-parts.hu\/index.php\/wp-json\/wp\/v2\/product_cat?post=79071"},{"taxonomy":"product_tag","embeddable":true,"href":"https:\/\/v3.atv-parts.hu\/index.php\/wp-json\/wp\/v2\/product_tag?post=79071"}],"curies":[{"name":"wp","href":"https:\/\/api.w.org\/{rel}","templated":true}]}}