{"id":8758,"date":"2024-03-26T16:08:54","date_gmt":"2024-03-26T15:08:54","guid":{"rendered":"https:\/\/v3.atv-parts.hu\/index.php\/termek\/prox-szivoszelep-yamaha-yzf-250-01-13-wr-250f-01-13-titan-kulso-oem-5nl-12112-10\/"},"modified":"2024-05-03T12:45:21","modified_gmt":"2024-05-03T10:45:21","slug":"prox-szivoszelep-yamaha-yzf-250-01-13-wr-250f-01-13-titan-kulso-oem-5nl-12112-10","status":"publish","type":"product","link":"https:\/\/v3.atv-parts.hu\/index.php\/termek\/prox-szivoszelep-yamaha-yzf-250-01-13-wr-250f-01-13-titan-kulso-oem-5nl-12112-10\/","title":{"rendered":"PROX SZ\u00cdV\u00d3SZELEP YAMAHA YZF 250 &#8217;01 -&#8217;13, WR 250F &#8217;01 -&#8217;13 TIT\u00c1N K\u00dcLS\u0150 (OEM: 5NL-12112-10)"},"content":{"rendered":"<p>PROX SZ\u00cdV\u00d3SZELEP YAMAHA YZF 250 &#8217;01 -&#8217;13, WR 250F &#8217;01 -&#8217;13 TIT\u00c1N K\u00dcLS\u0150 (OEM: 5NL-12112-10)<\/p>\n<p>EAN:<\/p>\n<p>SKU: 28.2401-3<\/p>\n","protected":false},"excerpt":{"rendered":"<p>PROX SZ\u00cdV\u00d3SZELEP YAMAHA YZF 250 &#8217;01 -&#8217;13, WR 250F &#8217;01 -&#8217;13 TIT\u00c1N K\u00dcLS\u0150 (OEM: 5NL-12112-10)<\/p>\n","protected":false},"featured_media":8757,"comment_status":"closed","ping_status":"open","template":"","meta":{"_monsterinsights_skip_tracking":false,"_monsterinsights_sitenote_active":false,"_monsterinsights_sitenote_note":"","_monsterinsights_sitenote_category":0},"product_cat":[153,455,457,460],"product_tag":[156,157,164,168],"class_list":{"0":"post-8758","1":"product","2":"type-product","3":"status-publish","4":"has-post-thumbnail","6":"product_cat-motor","7":"product_cat-szelepek","8":"product_cat-szivoszelepek","9":"product_cat-yamaha-szivoszelepek","10":"product_tag-atv","11":"product_tag-cross","12":"product_tag-yamaha","13":"product_tag-yzf","14":"pa_marka-prox","16":"first","17":"instock","18":"taxable","19":"shipping-taxable","20":"purchasable","21":"product-type-simple"},"yoast_head":"<!-- This site is optimized with the Yoast SEO Premium plugin v22.6 (Yoast SEO v22.6) - https:\/\/yoast.com\/wordpress\/plugins\/seo\/ -->\n<title>PROX SZ\u00cdV\u00d3SZELEP YAMAHA YZF 250 &#039;01 -&#039;13, WR 250F &#039;01 -&#039;13 TIT\u00c1N K\u00dcLS\u0150 (OEM: 5NL-12112-10) - V3 ATV-PARTS.HU<\/title>\n<meta name=\"robots\" content=\"index, follow, max-snippet:-1, max-image-preview:large, max-video-preview:-1\" \/>\n<link rel=\"canonical\" href=\"https:\/\/v3.atv-parts.hu\/index.php\/termek\/prox-szivoszelep-yamaha-yzf-250-01-13-wr-250f-01-13-titan-kulso-oem-5nl-12112-10\/\" \/>\n<meta property=\"og:locale\" content=\"hu_HU\" \/>\n<meta property=\"og:type\" content=\"article\" \/>\n<meta property=\"og:title\" content=\"PROX SZ\u00cdV\u00d3SZELEP YAMAHA YZF 250 &#039;01 -&#039;13, WR 250F &#039;01 -&#039;13 TIT\u00c1N K\u00dcLS\u0150 (OEM: 5NL-12112-10)\" \/>\n<meta property=\"og:description\" content=\"PROX SZ\u00cdV\u00d3SZELEP YAMAHA YZF 250 &#039;01 -&#039;13, WR 250F &#039;01 -&#039;13 TIT\u00c1N K\u00dcLS\u0150 (OEM: 5NL-12112-10)\" \/>\n<meta property=\"og:url\" content=\"https:\/\/v3.atv-parts.hu\/index.php\/termek\/prox-szivoszelep-yamaha-yzf-250-01-13-wr-250f-01-13-titan-kulso-oem-5nl-12112-10\/\" \/>\n<meta property=\"og:site_name\" content=\"V3 ATV-PARTS.HU\" \/>\n<meta property=\"article:publisher\" content=\"https:\/\/www.facebook.com\/atvpartsHU\" \/>\n<meta property=\"article:modified_time\" content=\"2024-05-03T10:45:21+00:00\" \/>\n<meta property=\"og:image\" content=\"https:\/\/v3.atv-parts.hu\/wp-content\/uploads\/2024\/03\/prox-zawor-ssacy-yamaha-yzf-250-01-13-wr-250f.jpg\" \/>\n\t<meta property=\"og:image:width\" content=\"1040\" \/>\n\t<meta property=\"og:image:height\" content=\"1040\" \/>\n\t<meta property=\"og:image:type\" content=\"image\/jpeg\" \/>\n<meta name=\"twitter:card\" content=\"summary_large_image\" \/>\n<meta name=\"twitter:label1\" content=\"\u00c1r\" \/>\n\t<meta name=\"twitter:data1\" content=\"30699,71&nbsp;&#70;&#116; \u00c1F\u00c1-val\" \/>\n\t<meta name=\"twitter:label2\" content=\"El\u00e9rhet\u0151s\u00e9g\" \/>\n\t<meta name=\"twitter:data2\" content=\"K\u00e9szleten\" \/>\n<script type=\"application\/ld+json\" class=\"yoast-schema-graph\">{\"@context\":\"https:\/\/schema.org\",\"@graph\":[{\"@type\":\"WebPage\",\"@id\":\"https:\/\/v3.atv-parts.hu\/index.php\/termek\/prox-szivoszelep-yamaha-yzf-250-01-13-wr-250f-01-13-titan-kulso-oem-5nl-12112-10\/\",\"url\":\"https:\/\/v3.atv-parts.hu\/index.php\/termek\/prox-szivoszelep-yamaha-yzf-250-01-13-wr-250f-01-13-titan-kulso-oem-5nl-12112-10\/\",\"name\":\"PROX SZ\u00cdV\u00d3SZELEP YAMAHA YZF 250 '01 -'13, WR 250F '01 -'13 TIT\u00c1N K\u00dcLS\u0150 (OEM: 5NL-12112-10) - V3 ATV-PARTS.HU\",\"isPartOf\":{\"@id\":\"https:\/\/v3.atv-parts.hu\/#website\"},\"primaryImageOfPage\":{\"@id\":\"https:\/\/v3.atv-parts.hu\/index.php\/termek\/prox-szivoszelep-yamaha-yzf-250-01-13-wr-250f-01-13-titan-kulso-oem-5nl-12112-10\/#primaryimage\"},\"image\":{\"@id\":\"https:\/\/v3.atv-parts.hu\/index.php\/termek\/prox-szivoszelep-yamaha-yzf-250-01-13-wr-250f-01-13-titan-kulso-oem-5nl-12112-10\/#primaryimage\"},\"thumbnailUrl\":\"https:\/\/v3.atv-parts.hu\/wp-content\/uploads\/2024\/03\/prox-zawor-ssacy-yamaha-yzf-250-01-13-wr-250f.jpg\",\"datePublished\":\"2024-03-26T15:08:54+00:00\",\"dateModified\":\"2024-05-03T10:45:21+00:00\",\"breadcrumb\":{\"@id\":\"https:\/\/v3.atv-parts.hu\/index.php\/termek\/prox-szivoszelep-yamaha-yzf-250-01-13-wr-250f-01-13-titan-kulso-oem-5nl-12112-10\/#breadcrumb\"},\"inLanguage\":\"hu\",\"potentialAction\":[{\"@type\":\"ReadAction\",\"target\":[\"https:\/\/v3.atv-parts.hu\/index.php\/termek\/prox-szivoszelep-yamaha-yzf-250-01-13-wr-250f-01-13-titan-kulso-oem-5nl-12112-10\/\"]}]},{\"@type\":\"ImageObject\",\"inLanguage\":\"hu\",\"@id\":\"https:\/\/v3.atv-parts.hu\/index.php\/termek\/prox-szivoszelep-yamaha-yzf-250-01-13-wr-250f-01-13-titan-kulso-oem-5nl-12112-10\/#primaryimage\",\"url\":\"https:\/\/v3.atv-parts.hu\/wp-content\/uploads\/2024\/03\/prox-zawor-ssacy-yamaha-yzf-250-01-13-wr-250f.jpg\",\"contentUrl\":\"https:\/\/v3.atv-parts.hu\/wp-content\/uploads\/2024\/03\/prox-zawor-ssacy-yamaha-yzf-250-01-13-wr-250f.jpg\",\"width\":1040,\"height\":1040},{\"@type\":\"BreadcrumbList\",\"@id\":\"https:\/\/v3.atv-parts.hu\/index.php\/termek\/prox-szivoszelep-yamaha-yzf-250-01-13-wr-250f-01-13-titan-kulso-oem-5nl-12112-10\/#breadcrumb\",\"itemListElement\":[{\"@type\":\"ListItem\",\"position\":1,\"name\":\"Kezd\u0151lap\",\"item\":\"https:\/\/v3.atv-parts.hu\/\"},{\"@type\":\"ListItem\",\"position\":2,\"name\":\"Bolt\",\"item\":\"https:\/\/v3.atv-parts.hu\/index.php\/bolt\/\"},{\"@type\":\"ListItem\",\"position\":3,\"name\":\"PROX SZ\u00cdV\u00d3SZELEP YAMAHA YZF 250 &#8217;01 -&#8217;13, WR 250F &#8217;01 -&#8217;13 TIT\u00c1N K\u00dcLS\u0150 (OEM: 5NL-12112-10)\"}]},{\"@type\":\"WebSite\",\"@id\":\"https:\/\/v3.atv-parts.hu\/#website\",\"url\":\"https:\/\/v3.atv-parts.hu\/\",\"name\":\"V3 ATV-PARTS.HU\",\"description\":\"\",\"publisher\":{\"@id\":\"https:\/\/v3.atv-parts.hu\/#organization\"},\"potentialAction\":[{\"@type\":\"SearchAction\",\"target\":{\"@type\":\"EntryPoint\",\"urlTemplate\":\"https:\/\/v3.atv-parts.hu\/?s={search_term_string}\"},\"query-input\":\"required name=search_term_string\"}],\"inLanguage\":\"hu\"},{\"@type\":\"Organization\",\"@id\":\"https:\/\/v3.atv-parts.hu\/#organization\",\"name\":\"V3 ATV-PARTS.HU\",\"url\":\"https:\/\/v3.atv-parts.hu\/\",\"logo\":{\"@type\":\"ImageObject\",\"inLanguage\":\"hu\",\"@id\":\"https:\/\/v3.atv-parts.hu\/#\/schema\/logo\/image\/\",\"url\":\"https:\/\/v3.atv-parts.hu\/wp-content\/uploads\/2021\/02\/cropped-cropped-atvlogo-1-1-1.png\",\"contentUrl\":\"https:\/\/v3.atv-parts.hu\/wp-content\/uploads\/2021\/02\/cropped-cropped-atvlogo-1-1-1.png\",\"width\":267,\"height\":160,\"caption\":\"V3 ATV-PARTS.HU\"},\"image\":{\"@id\":\"https:\/\/v3.atv-parts.hu\/#\/schema\/logo\/image\/\"},\"sameAs\":[\"https:\/\/www.facebook.com\/atvpartsHU\"]}]}<\/script>\n<meta property=\"product:price:amount\" content=\"30699.71\" \/>\n<meta property=\"product:price:currency\" content=\"HUF\" \/>\n<meta property=\"og:availability\" content=\"instock\" \/>\n<meta property=\"product:availability\" content=\"instock\" \/>\n<meta property=\"product:retailer_item_id\" content=\"28.2401-3\" \/>\n<meta property=\"product:condition\" content=\"new\" \/>\n<!-- \/ Yoast SEO Premium plugin. -->","yoast_head_json":{"title":"PROX SZ\u00cdV\u00d3SZELEP YAMAHA YZF 250 '01 -'13, WR 250F '01 -'13 TIT\u00c1N K\u00dcLS\u0150 (OEM: 5NL-12112-10) - V3 ATV-PARTS.HU","robots":{"index":"index","follow":"follow","max-snippet":"max-snippet:-1","max-image-preview":"max-image-preview:large","max-video-preview":"max-video-preview:-1"},"canonical":"https:\/\/v3.atv-parts.hu\/index.php\/termek\/prox-szivoszelep-yamaha-yzf-250-01-13-wr-250f-01-13-titan-kulso-oem-5nl-12112-10\/","og_locale":"hu_HU","og_type":"article","og_title":"PROX SZ\u00cdV\u00d3SZELEP YAMAHA YZF 250 '01 -'13, WR 250F '01 -'13 TIT\u00c1N K\u00dcLS\u0150 (OEM: 5NL-12112-10)","og_description":"PROX SZ\u00cdV\u00d3SZELEP YAMAHA YZF 250 '01 -'13, WR 250F '01 -'13 TIT\u00c1N K\u00dcLS\u0150 (OEM: 5NL-12112-10)","og_url":"https:\/\/v3.atv-parts.hu\/index.php\/termek\/prox-szivoszelep-yamaha-yzf-250-01-13-wr-250f-01-13-titan-kulso-oem-5nl-12112-10\/","og_site_name":"V3 ATV-PARTS.HU","article_publisher":"https:\/\/www.facebook.com\/atvpartsHU","article_modified_time":"2024-05-03T10:45:21+00:00","og_image":[{"width":1040,"height":1040,"url":"https:\/\/v3.atv-parts.hu\/wp-content\/uploads\/2024\/03\/prox-zawor-ssacy-yamaha-yzf-250-01-13-wr-250f.jpg","type":"image\/jpeg"}],"twitter_card":"summary_large_image","twitter_misc":{"\u00c1r":"30699,71&nbsp;&#70;&#116; \u00c1F\u00c1-val","El\u00e9rhet\u0151s\u00e9g":"K\u00e9szleten"},"schema":{"@context":"https:\/\/schema.org","@graph":[{"@type":"WebPage","@id":"https:\/\/v3.atv-parts.hu\/index.php\/termek\/prox-szivoszelep-yamaha-yzf-250-01-13-wr-250f-01-13-titan-kulso-oem-5nl-12112-10\/","url":"https:\/\/v3.atv-parts.hu\/index.php\/termek\/prox-szivoszelep-yamaha-yzf-250-01-13-wr-250f-01-13-titan-kulso-oem-5nl-12112-10\/","name":"PROX SZ\u00cdV\u00d3SZELEP YAMAHA YZF 250 '01 -'13, WR 250F '01 -'13 TIT\u00c1N K\u00dcLS\u0150 (OEM: 5NL-12112-10) - V3 ATV-PARTS.HU","isPartOf":{"@id":"https:\/\/v3.atv-parts.hu\/#website"},"primaryImageOfPage":{"@id":"https:\/\/v3.atv-parts.hu\/index.php\/termek\/prox-szivoszelep-yamaha-yzf-250-01-13-wr-250f-01-13-titan-kulso-oem-5nl-12112-10\/#primaryimage"},"image":{"@id":"https:\/\/v3.atv-parts.hu\/index.php\/termek\/prox-szivoszelep-yamaha-yzf-250-01-13-wr-250f-01-13-titan-kulso-oem-5nl-12112-10\/#primaryimage"},"thumbnailUrl":"https:\/\/v3.atv-parts.hu\/wp-content\/uploads\/2024\/03\/prox-zawor-ssacy-yamaha-yzf-250-01-13-wr-250f.jpg","datePublished":"2024-03-26T15:08:54+00:00","dateModified":"2024-05-03T10:45:21+00:00","breadcrumb":{"@id":"https:\/\/v3.atv-parts.hu\/index.php\/termek\/prox-szivoszelep-yamaha-yzf-250-01-13-wr-250f-01-13-titan-kulso-oem-5nl-12112-10\/#breadcrumb"},"inLanguage":"hu","potentialAction":[{"@type":"ReadAction","target":["https:\/\/v3.atv-parts.hu\/index.php\/termek\/prox-szivoszelep-yamaha-yzf-250-01-13-wr-250f-01-13-titan-kulso-oem-5nl-12112-10\/"]}]},{"@type":"ImageObject","inLanguage":"hu","@id":"https:\/\/v3.atv-parts.hu\/index.php\/termek\/prox-szivoszelep-yamaha-yzf-250-01-13-wr-250f-01-13-titan-kulso-oem-5nl-12112-10\/#primaryimage","url":"https:\/\/v3.atv-parts.hu\/wp-content\/uploads\/2024\/03\/prox-zawor-ssacy-yamaha-yzf-250-01-13-wr-250f.jpg","contentUrl":"https:\/\/v3.atv-parts.hu\/wp-content\/uploads\/2024\/03\/prox-zawor-ssacy-yamaha-yzf-250-01-13-wr-250f.jpg","width":1040,"height":1040},{"@type":"BreadcrumbList","@id":"https:\/\/v3.atv-parts.hu\/index.php\/termek\/prox-szivoszelep-yamaha-yzf-250-01-13-wr-250f-01-13-titan-kulso-oem-5nl-12112-10\/#breadcrumb","itemListElement":[{"@type":"ListItem","position":1,"name":"Kezd\u0151lap","item":"https:\/\/v3.atv-parts.hu\/"},{"@type":"ListItem","position":2,"name":"Bolt","item":"https:\/\/v3.atv-parts.hu\/index.php\/bolt\/"},{"@type":"ListItem","position":3,"name":"PROX SZ\u00cdV\u00d3SZELEP YAMAHA YZF 250 &#8217;01 -&#8217;13, WR 250F &#8217;01 -&#8217;13 TIT\u00c1N K\u00dcLS\u0150 (OEM: 5NL-12112-10)"}]},{"@type":"WebSite","@id":"https:\/\/v3.atv-parts.hu\/#website","url":"https:\/\/v3.atv-parts.hu\/","name":"V3 ATV-PARTS.HU","description":"","publisher":{"@id":"https:\/\/v3.atv-parts.hu\/#organization"},"potentialAction":[{"@type":"SearchAction","target":{"@type":"EntryPoint","urlTemplate":"https:\/\/v3.atv-parts.hu\/?s={search_term_string}"},"query-input":"required name=search_term_string"}],"inLanguage":"hu"},{"@type":"Organization","@id":"https:\/\/v3.atv-parts.hu\/#organization","name":"V3 ATV-PARTS.HU","url":"https:\/\/v3.atv-parts.hu\/","logo":{"@type":"ImageObject","inLanguage":"hu","@id":"https:\/\/v3.atv-parts.hu\/#\/schema\/logo\/image\/","url":"https:\/\/v3.atv-parts.hu\/wp-content\/uploads\/2021\/02\/cropped-cropped-atvlogo-1-1-1.png","contentUrl":"https:\/\/v3.atv-parts.hu\/wp-content\/uploads\/2021\/02\/cropped-cropped-atvlogo-1-1-1.png","width":267,"height":160,"caption":"V3 ATV-PARTS.HU"},"image":{"@id":"https:\/\/v3.atv-parts.hu\/#\/schema\/logo\/image\/"},"sameAs":["https:\/\/www.facebook.com\/atvpartsHU"]}]},"product_price_amount":"30699.71","product_price_currency":"HUF","og_availability":"instock","product_availability":"instock","product_retailer_item_id":"28.2401-3","product_condition":"new"},"_links":{"self":[{"href":"https:\/\/v3.atv-parts.hu\/index.php\/wp-json\/wp\/v2\/product\/8758","targetHints":{"allow":["GET"]}}],"collection":[{"href":"https:\/\/v3.atv-parts.hu\/index.php\/wp-json\/wp\/v2\/product"}],"about":[{"href":"https:\/\/v3.atv-parts.hu\/index.php\/wp-json\/wp\/v2\/types\/product"}],"replies":[{"embeddable":true,"href":"https:\/\/v3.atv-parts.hu\/index.php\/wp-json\/wp\/v2\/comments?post=8758"}],"wp:featuredmedia":[{"embeddable":true,"href":"https:\/\/v3.atv-parts.hu\/index.php\/wp-json\/wp\/v2\/media\/8757"}],"wp:attachment":[{"href":"https:\/\/v3.atv-parts.hu\/index.php\/wp-json\/wp\/v2\/media?parent=8758"}],"wp:term":[{"taxonomy":"product_cat","embeddable":true,"href":"https:\/\/v3.atv-parts.hu\/index.php\/wp-json\/wp\/v2\/product_cat?post=8758"},{"taxonomy":"product_tag","embeddable":true,"href":"https:\/\/v3.atv-parts.hu\/index.php\/wp-json\/wp\/v2\/product_tag?post=8758"}],"curies":[{"name":"wp","href":"https:\/\/api.w.org\/{rel}","templated":true}]}}