{"id":87688,"date":"2024-04-03T12:06:38","date_gmt":"2024-04-03T10:06:38","guid":{"rendered":"https:\/\/v3.atv-parts.hu\/index.php\/termek\/newfren-kuplungtarcsak-tavtartokkal-yamaha-yfm-350-400-big-bear-96-04-yfm-400fw-kodiak-93-99-ebs2290\/"},"modified":"2024-05-03T13:53:13","modified_gmt":"2024-05-03T11:53:13","slug":"newfren-kuplungtarcsak-tavtartokkal-yamaha-yfm-350-400-big-bear-96-04-yfm-400fw-kodiak-93-99-ebs2290","status":"publish","type":"product","link":"https:\/\/v3.atv-parts.hu\/index.php\/termek\/newfren-kuplungtarcsak-tavtartokkal-yamaha-yfm-350-400-big-bear-96-04-yfm-400fw-kodiak-93-99-ebs2290\/","title":{"rendered":"NEWFREN  KUPLUNGT\u00c1RCS\u00c1K T\u00c1VTART\u00d3KKAL YAMAHA YFM 350\/400 BIG BEAR &#8217;96-&#8217;04, YFM 400FW KODIAK &#8217;93-&#8217;99 (EBS2290)"},"content":{"rendered":"<p>NEWFREN  KUPLUNGT\u00c1RCS\u00c1K T\u00c1VTART\u00d3KKAL YAMAHA YFM 350\/400 BIG BEAR &#8217;96-&#8217;04, YFM 400FW KODIAK &#8217;93-&#8217;99 (EBS2290)<\/p>\n<p>EAN: 8025832214366<\/p>\n<p>SKU: F1866AC<\/p>\n","protected":false},"excerpt":{"rendered":"<p>NEWFREN  KUPLUNGT\u00c1RCS\u00c1K T\u00c1VTART\u00d3KKAL YAMAHA YFM 350\/400 BIG BEAR &#8217;96-&#8217;04, YFM 400FW KODIAK &#8217;93-&#8217;99 (EBS2290)<\/p>\n","protected":false},"featured_media":87240,"comment_status":"closed","ping_status":"open","template":"","meta":{"_monsterinsights_skip_tracking":false,"_monsterinsights_sitenote_active":false,"_monsterinsights_sitenote_note":"","_monsterinsights_sitenote_category":0},"product_cat":[319,321,153],"product_tag":[],"class_list":{"0":"post-87688","1":"product","2":"type-product","3":"status-publish","4":"has-post-thumbnail","6":"product_cat-kuplung","7":"product_cat-kuplungszett","8":"product_cat-motor","9":"pa_marka-newfren","11":"first","12":"instock","13":"taxable","14":"shipping-taxable","15":"purchasable","16":"product-type-simple"},"yoast_head":"<!-- This site is optimized with the Yoast SEO Premium plugin v22.6 (Yoast SEO v22.6) - https:\/\/yoast.com\/wordpress\/plugins\/seo\/ -->\n<title>NEWFREN KUPLUNGT\u00c1RCS\u00c1K T\u00c1VTART\u00d3KKAL YAMAHA YFM 350\/400 BIG BEAR &#039;96-&#039;04, YFM 400FW KODIAK &#039;93-&#039;99 (EBS2290) - V3 ATV-PARTS.HU<\/title>\n<meta name=\"robots\" content=\"index, follow, max-snippet:-1, max-image-preview:large, max-video-preview:-1\" \/>\n<link rel=\"canonical\" href=\"https:\/\/v3.atv-parts.hu\/index.php\/termek\/newfren-kuplungtarcsak-tavtartokkal-yamaha-yfm-350-400-big-bear-96-04-yfm-400fw-kodiak-93-99-ebs2290\/\" \/>\n<meta property=\"og:locale\" content=\"hu_HU\" \/>\n<meta property=\"og:type\" content=\"article\" \/>\n<meta property=\"og:title\" content=\"NEWFREN KUPLUNGT\u00c1RCS\u00c1K T\u00c1VTART\u00d3KKAL YAMAHA YFM 350\/400 BIG BEAR &#039;96-&#039;04, YFM 400FW KODIAK &#039;93-&#039;99 (EBS2290)\" \/>\n<meta property=\"og:description\" content=\"NEWFREN KUPLUNGT\u00c1RCS\u00c1K T\u00c1VTART\u00d3KKAL YAMAHA YFM 350\/400 BIG BEAR &#039;96-&#039;04, YFM 400FW KODIAK &#039;93-&#039;99 (EBS2290)\" \/>\n<meta property=\"og:url\" content=\"https:\/\/v3.atv-parts.hu\/index.php\/termek\/newfren-kuplungtarcsak-tavtartokkal-yamaha-yfm-350-400-big-bear-96-04-yfm-400fw-kodiak-93-99-ebs2290\/\" \/>\n<meta property=\"og:site_name\" content=\"V3 ATV-PARTS.HU\" \/>\n<meta property=\"article:publisher\" content=\"https:\/\/www.facebook.com\/atvpartsHU\" \/>\n<meta property=\"article:modified_time\" content=\"2024-05-03T11:53:13+00:00\" \/>\n<meta property=\"og:image\" content=\"https:\/\/v3.atv-parts.hu\/wp-content\/uploads\/2024\/04\/newfren-tarcze-sprzeglowe-z-przekladkami-yamaha-yf.jpg\" \/>\n\t<meta property=\"og:image:width\" content=\"1200\" \/>\n\t<meta property=\"og:image:height\" content=\"1027\" \/>\n\t<meta property=\"og:image:type\" content=\"image\/jpeg\" \/>\n<meta name=\"twitter:card\" content=\"summary_large_image\" \/>\n<meta name=\"twitter:label1\" content=\"\u00c1r\" \/>\n\t<meta name=\"twitter:data1\" content=\"32005,27&nbsp;&#70;&#116; \u00c1F\u00c1-val\" \/>\n\t<meta name=\"twitter:label2\" content=\"El\u00e9rhet\u0151s\u00e9g\" \/>\n\t<meta name=\"twitter:data2\" content=\"K\u00e9szleten\" \/>\n<script type=\"application\/ld+json\" class=\"yoast-schema-graph\">{\"@context\":\"https:\/\/schema.org\",\"@graph\":[{\"@type\":\"WebPage\",\"@id\":\"https:\/\/v3.atv-parts.hu\/index.php\/termek\/newfren-kuplungtarcsak-tavtartokkal-yamaha-yfm-350-400-big-bear-96-04-yfm-400fw-kodiak-93-99-ebs2290\/\",\"url\":\"https:\/\/v3.atv-parts.hu\/index.php\/termek\/newfren-kuplungtarcsak-tavtartokkal-yamaha-yfm-350-400-big-bear-96-04-yfm-400fw-kodiak-93-99-ebs2290\/\",\"name\":\"NEWFREN KUPLUNGT\u00c1RCS\u00c1K T\u00c1VTART\u00d3KKAL YAMAHA YFM 350\/400 BIG BEAR '96-'04, YFM 400FW KODIAK '93-'99 (EBS2290) - V3 ATV-PARTS.HU\",\"isPartOf\":{\"@id\":\"https:\/\/v3.atv-parts.hu\/#website\"},\"primaryImageOfPage\":{\"@id\":\"https:\/\/v3.atv-parts.hu\/index.php\/termek\/newfren-kuplungtarcsak-tavtartokkal-yamaha-yfm-350-400-big-bear-96-04-yfm-400fw-kodiak-93-99-ebs2290\/#primaryimage\"},\"image\":{\"@id\":\"https:\/\/v3.atv-parts.hu\/index.php\/termek\/newfren-kuplungtarcsak-tavtartokkal-yamaha-yfm-350-400-big-bear-96-04-yfm-400fw-kodiak-93-99-ebs2290\/#primaryimage\"},\"thumbnailUrl\":\"https:\/\/v3.atv-parts.hu\/wp-content\/uploads\/2024\/04\/newfren-tarcze-sprzeglowe-z-przekladkami-yamaha-yf.jpg\",\"datePublished\":\"2024-04-03T10:06:38+00:00\",\"dateModified\":\"2024-05-03T11:53:13+00:00\",\"breadcrumb\":{\"@id\":\"https:\/\/v3.atv-parts.hu\/index.php\/termek\/newfren-kuplungtarcsak-tavtartokkal-yamaha-yfm-350-400-big-bear-96-04-yfm-400fw-kodiak-93-99-ebs2290\/#breadcrumb\"},\"inLanguage\":\"hu\",\"potentialAction\":[{\"@type\":\"ReadAction\",\"target\":[\"https:\/\/v3.atv-parts.hu\/index.php\/termek\/newfren-kuplungtarcsak-tavtartokkal-yamaha-yfm-350-400-big-bear-96-04-yfm-400fw-kodiak-93-99-ebs2290\/\"]}]},{\"@type\":\"ImageObject\",\"inLanguage\":\"hu\",\"@id\":\"https:\/\/v3.atv-parts.hu\/index.php\/termek\/newfren-kuplungtarcsak-tavtartokkal-yamaha-yfm-350-400-big-bear-96-04-yfm-400fw-kodiak-93-99-ebs2290\/#primaryimage\",\"url\":\"https:\/\/v3.atv-parts.hu\/wp-content\/uploads\/2024\/04\/newfren-tarcze-sprzeglowe-z-przekladkami-yamaha-yf.jpg\",\"contentUrl\":\"https:\/\/v3.atv-parts.hu\/wp-content\/uploads\/2024\/04\/newfren-tarcze-sprzeglowe-z-przekladkami-yamaha-yf.jpg\",\"width\":1200,\"height\":1027},{\"@type\":\"BreadcrumbList\",\"@id\":\"https:\/\/v3.atv-parts.hu\/index.php\/termek\/newfren-kuplungtarcsak-tavtartokkal-yamaha-yfm-350-400-big-bear-96-04-yfm-400fw-kodiak-93-99-ebs2290\/#breadcrumb\",\"itemListElement\":[{\"@type\":\"ListItem\",\"position\":1,\"name\":\"Kezd\u0151lap\",\"item\":\"https:\/\/v3.atv-parts.hu\/\"},{\"@type\":\"ListItem\",\"position\":2,\"name\":\"Bolt\",\"item\":\"https:\/\/v3.atv-parts.hu\/index.php\/bolt\/\"},{\"@type\":\"ListItem\",\"position\":3,\"name\":\"NEWFREN KUPLUNGT\u00c1RCS\u00c1K T\u00c1VTART\u00d3KKAL YAMAHA YFM 350\/400 BIG BEAR &#8217;96-&#8217;04, YFM 400FW KODIAK &#8217;93-&#8217;99 (EBS2290)\"}]},{\"@type\":\"WebSite\",\"@id\":\"https:\/\/v3.atv-parts.hu\/#website\",\"url\":\"https:\/\/v3.atv-parts.hu\/\",\"name\":\"V3 ATV-PARTS.HU\",\"description\":\"\",\"publisher\":{\"@id\":\"https:\/\/v3.atv-parts.hu\/#organization\"},\"potentialAction\":[{\"@type\":\"SearchAction\",\"target\":{\"@type\":\"EntryPoint\",\"urlTemplate\":\"https:\/\/v3.atv-parts.hu\/?s={search_term_string}\"},\"query-input\":\"required name=search_term_string\"}],\"inLanguage\":\"hu\"},{\"@type\":\"Organization\",\"@id\":\"https:\/\/v3.atv-parts.hu\/#organization\",\"name\":\"V3 ATV-PARTS.HU\",\"url\":\"https:\/\/v3.atv-parts.hu\/\",\"logo\":{\"@type\":\"ImageObject\",\"inLanguage\":\"hu\",\"@id\":\"https:\/\/v3.atv-parts.hu\/#\/schema\/logo\/image\/\",\"url\":\"https:\/\/v3.atv-parts.hu\/wp-content\/uploads\/2021\/02\/cropped-cropped-atvlogo-1-1-1.png\",\"contentUrl\":\"https:\/\/v3.atv-parts.hu\/wp-content\/uploads\/2021\/02\/cropped-cropped-atvlogo-1-1-1.png\",\"width\":267,\"height\":160,\"caption\":\"V3 ATV-PARTS.HU\"},\"image\":{\"@id\":\"https:\/\/v3.atv-parts.hu\/#\/schema\/logo\/image\/\"},\"sameAs\":[\"https:\/\/www.facebook.com\/atvpartsHU\"]}]}<\/script>\n<meta property=\"product:price:amount\" content=\"32005.27\" \/>\n<meta property=\"product:price:currency\" content=\"HUF\" \/>\n<meta property=\"og:availability\" content=\"instock\" \/>\n<meta property=\"product:availability\" content=\"instock\" \/>\n<meta property=\"product:retailer_item_id\" content=\"F1866AC\" \/>\n<meta property=\"product:condition\" content=\"new\" \/>\n<!-- \/ Yoast SEO Premium plugin. -->","yoast_head_json":{"title":"NEWFREN KUPLUNGT\u00c1RCS\u00c1K T\u00c1VTART\u00d3KKAL YAMAHA YFM 350\/400 BIG BEAR '96-'04, YFM 400FW KODIAK '93-'99 (EBS2290) - V3 ATV-PARTS.HU","robots":{"index":"index","follow":"follow","max-snippet":"max-snippet:-1","max-image-preview":"max-image-preview:large","max-video-preview":"max-video-preview:-1"},"canonical":"https:\/\/v3.atv-parts.hu\/index.php\/termek\/newfren-kuplungtarcsak-tavtartokkal-yamaha-yfm-350-400-big-bear-96-04-yfm-400fw-kodiak-93-99-ebs2290\/","og_locale":"hu_HU","og_type":"article","og_title":"NEWFREN KUPLUNGT\u00c1RCS\u00c1K T\u00c1VTART\u00d3KKAL YAMAHA YFM 350\/400 BIG BEAR '96-'04, YFM 400FW KODIAK '93-'99 (EBS2290)","og_description":"NEWFREN KUPLUNGT\u00c1RCS\u00c1K T\u00c1VTART\u00d3KKAL YAMAHA YFM 350\/400 BIG BEAR '96-'04, YFM 400FW KODIAK '93-'99 (EBS2290)","og_url":"https:\/\/v3.atv-parts.hu\/index.php\/termek\/newfren-kuplungtarcsak-tavtartokkal-yamaha-yfm-350-400-big-bear-96-04-yfm-400fw-kodiak-93-99-ebs2290\/","og_site_name":"V3 ATV-PARTS.HU","article_publisher":"https:\/\/www.facebook.com\/atvpartsHU","article_modified_time":"2024-05-03T11:53:13+00:00","og_image":[{"width":1200,"height":1027,"url":"https:\/\/v3.atv-parts.hu\/wp-content\/uploads\/2024\/04\/newfren-tarcze-sprzeglowe-z-przekladkami-yamaha-yf.jpg","type":"image\/jpeg"}],"twitter_card":"summary_large_image","twitter_misc":{"\u00c1r":"32005,27&nbsp;&#70;&#116; \u00c1F\u00c1-val","El\u00e9rhet\u0151s\u00e9g":"K\u00e9szleten"},"schema":{"@context":"https:\/\/schema.org","@graph":[{"@type":"WebPage","@id":"https:\/\/v3.atv-parts.hu\/index.php\/termek\/newfren-kuplungtarcsak-tavtartokkal-yamaha-yfm-350-400-big-bear-96-04-yfm-400fw-kodiak-93-99-ebs2290\/","url":"https:\/\/v3.atv-parts.hu\/index.php\/termek\/newfren-kuplungtarcsak-tavtartokkal-yamaha-yfm-350-400-big-bear-96-04-yfm-400fw-kodiak-93-99-ebs2290\/","name":"NEWFREN KUPLUNGT\u00c1RCS\u00c1K T\u00c1VTART\u00d3KKAL YAMAHA YFM 350\/400 BIG BEAR '96-'04, YFM 400FW KODIAK '93-'99 (EBS2290) - V3 ATV-PARTS.HU","isPartOf":{"@id":"https:\/\/v3.atv-parts.hu\/#website"},"primaryImageOfPage":{"@id":"https:\/\/v3.atv-parts.hu\/index.php\/termek\/newfren-kuplungtarcsak-tavtartokkal-yamaha-yfm-350-400-big-bear-96-04-yfm-400fw-kodiak-93-99-ebs2290\/#primaryimage"},"image":{"@id":"https:\/\/v3.atv-parts.hu\/index.php\/termek\/newfren-kuplungtarcsak-tavtartokkal-yamaha-yfm-350-400-big-bear-96-04-yfm-400fw-kodiak-93-99-ebs2290\/#primaryimage"},"thumbnailUrl":"https:\/\/v3.atv-parts.hu\/wp-content\/uploads\/2024\/04\/newfren-tarcze-sprzeglowe-z-przekladkami-yamaha-yf.jpg","datePublished":"2024-04-03T10:06:38+00:00","dateModified":"2024-05-03T11:53:13+00:00","breadcrumb":{"@id":"https:\/\/v3.atv-parts.hu\/index.php\/termek\/newfren-kuplungtarcsak-tavtartokkal-yamaha-yfm-350-400-big-bear-96-04-yfm-400fw-kodiak-93-99-ebs2290\/#breadcrumb"},"inLanguage":"hu","potentialAction":[{"@type":"ReadAction","target":["https:\/\/v3.atv-parts.hu\/index.php\/termek\/newfren-kuplungtarcsak-tavtartokkal-yamaha-yfm-350-400-big-bear-96-04-yfm-400fw-kodiak-93-99-ebs2290\/"]}]},{"@type":"ImageObject","inLanguage":"hu","@id":"https:\/\/v3.atv-parts.hu\/index.php\/termek\/newfren-kuplungtarcsak-tavtartokkal-yamaha-yfm-350-400-big-bear-96-04-yfm-400fw-kodiak-93-99-ebs2290\/#primaryimage","url":"https:\/\/v3.atv-parts.hu\/wp-content\/uploads\/2024\/04\/newfren-tarcze-sprzeglowe-z-przekladkami-yamaha-yf.jpg","contentUrl":"https:\/\/v3.atv-parts.hu\/wp-content\/uploads\/2024\/04\/newfren-tarcze-sprzeglowe-z-przekladkami-yamaha-yf.jpg","width":1200,"height":1027},{"@type":"BreadcrumbList","@id":"https:\/\/v3.atv-parts.hu\/index.php\/termek\/newfren-kuplungtarcsak-tavtartokkal-yamaha-yfm-350-400-big-bear-96-04-yfm-400fw-kodiak-93-99-ebs2290\/#breadcrumb","itemListElement":[{"@type":"ListItem","position":1,"name":"Kezd\u0151lap","item":"https:\/\/v3.atv-parts.hu\/"},{"@type":"ListItem","position":2,"name":"Bolt","item":"https:\/\/v3.atv-parts.hu\/index.php\/bolt\/"},{"@type":"ListItem","position":3,"name":"NEWFREN KUPLUNGT\u00c1RCS\u00c1K T\u00c1VTART\u00d3KKAL YAMAHA YFM 350\/400 BIG BEAR &#8217;96-&#8217;04, YFM 400FW KODIAK &#8217;93-&#8217;99 (EBS2290)"}]},{"@type":"WebSite","@id":"https:\/\/v3.atv-parts.hu\/#website","url":"https:\/\/v3.atv-parts.hu\/","name":"V3 ATV-PARTS.HU","description":"","publisher":{"@id":"https:\/\/v3.atv-parts.hu\/#organization"},"potentialAction":[{"@type":"SearchAction","target":{"@type":"EntryPoint","urlTemplate":"https:\/\/v3.atv-parts.hu\/?s={search_term_string}"},"query-input":"required name=search_term_string"}],"inLanguage":"hu"},{"@type":"Organization","@id":"https:\/\/v3.atv-parts.hu\/#organization","name":"V3 ATV-PARTS.HU","url":"https:\/\/v3.atv-parts.hu\/","logo":{"@type":"ImageObject","inLanguage":"hu","@id":"https:\/\/v3.atv-parts.hu\/#\/schema\/logo\/image\/","url":"https:\/\/v3.atv-parts.hu\/wp-content\/uploads\/2021\/02\/cropped-cropped-atvlogo-1-1-1.png","contentUrl":"https:\/\/v3.atv-parts.hu\/wp-content\/uploads\/2021\/02\/cropped-cropped-atvlogo-1-1-1.png","width":267,"height":160,"caption":"V3 ATV-PARTS.HU"},"image":{"@id":"https:\/\/v3.atv-parts.hu\/#\/schema\/logo\/image\/"},"sameAs":["https:\/\/www.facebook.com\/atvpartsHU"]}]},"product_price_amount":"32005.27","product_price_currency":"HUF","og_availability":"instock","product_availability":"instock","product_retailer_item_id":"F1866AC","product_condition":"new"},"_links":{"self":[{"href":"https:\/\/v3.atv-parts.hu\/index.php\/wp-json\/wp\/v2\/product\/87688","targetHints":{"allow":["GET"]}}],"collection":[{"href":"https:\/\/v3.atv-parts.hu\/index.php\/wp-json\/wp\/v2\/product"}],"about":[{"href":"https:\/\/v3.atv-parts.hu\/index.php\/wp-json\/wp\/v2\/types\/product"}],"replies":[{"embeddable":true,"href":"https:\/\/v3.atv-parts.hu\/index.php\/wp-json\/wp\/v2\/comments?post=87688"}],"wp:featuredmedia":[{"embeddable":true,"href":"https:\/\/v3.atv-parts.hu\/index.php\/wp-json\/wp\/v2\/media\/87240"}],"wp:attachment":[{"href":"https:\/\/v3.atv-parts.hu\/index.php\/wp-json\/wp\/v2\/media?parent=87688"}],"wp:term":[{"taxonomy":"product_cat","embeddable":true,"href":"https:\/\/v3.atv-parts.hu\/index.php\/wp-json\/wp\/v2\/product_cat?post=87688"},{"taxonomy":"product_tag","embeddable":true,"href":"https:\/\/v3.atv-parts.hu\/index.php\/wp-json\/wp\/v2\/product_tag?post=87688"}],"curies":[{"name":"wp","href":"https:\/\/api.w.org\/{rel}","templated":true}]}}