{"id":92447,"date":"2024-04-03T14:14:03","date_gmt":"2024-04-03T12:14:03","guid":{"rendered":"https:\/\/v3.atv-parts.hu\/index.php\/termek\/namura-dugattyu-ktm-2t-sx-125-sx125-01-23-exc-01-16-husqvarna-tc-125-14-23-te-125-14-16-tx-125-17-20-5396mm-gyuruk-nx-70029r\/"},"modified":"2024-05-03T14:34:27","modified_gmt":"2024-05-03T12:34:27","slug":"namura-dugattyu-ktm-2t-sx-125-sx125-01-23-exc-01-16-husqvarna-tc-125-14-23-te-125-14-16-tx-125-17-20-5396mm-gyuruk-nx-70029r","status":"publish","type":"product","link":"https:\/\/v3.atv-parts.hu\/index.php\/termek\/namura-dugattyu-ktm-2t-sx-125-sx125-01-23-exc-01-16-husqvarna-tc-125-14-23-te-125-14-16-tx-125-17-20-5396mm-gyuruk-nx-70029r\/","title":{"rendered":"NAMURA  DUGATTY\u00da KTM (2T) SX 125 (SX125) &#8217;01-&#8217;23, EXC &#8217;01-&#8217;16, HUSQVARNA TC 125 &#8217;14-&#8217;23, TE 125 &#8217;14-&#8217;16, TX 125 &#8217;17-&#8217;20 (53,96MM) (GY\u0170R\u0170K NX-70029R)"},"content":{"rendered":"<p>NAMURA  DUGATTY\u00da KTM (2T) SX 125 (SX125) &#8217;01-&#8217;23, EXC &#8217;01-&#8217;16, HUSQVARNA TC 125 &#8217;14-&#8217;23, TE 125 &#8217;14-&#8217;16, TX 125 &#8217;17-&#8217;20 (53,96MM) (GY\u0170R\u0170K NX-70029R)<\/p>\n<p>EAN: NX-70029-C<\/p>\n<p>SKU: NX-70029-C<\/p>\n","protected":false},"excerpt":{"rendered":"<p>NAMURA  DUGATTY\u00da KTM (2T) SX 125 (SX125) &#8217;01-&#8217;23, EXC &#8217;01-&#8217;16, HUSQVARNA TC 125 &#8217;14-&#8217;23, TE 125 &#8217;14-&#8217;16, TX 125 &#8217;17-&#8217;20 (53,96MM) (GY\u0170R\u0170K NX-70029R)<\/p>\n","protected":false},"featured_media":92445,"comment_status":"closed","ping_status":"open","template":"","meta":{"_monsterinsights_skip_tracking":false,"_monsterinsights_sitenote_active":false,"_monsterinsights_sitenote_note":"","_monsterinsights_sitenote_category":0},"product_cat":[155,154,153],"product_tag":[],"class_list":{"0":"post-92447","1":"product","2":"type-product","3":"status-publish","4":"has-post-thumbnail","6":"product_cat-dugattyuk-2t-motorokhoz","7":"product_cat-dugattyuk-gyuruk-csapok","8":"product_cat-motor","9":"pa_marka-namura","11":"first","12":"instock","13":"taxable","14":"shipping-taxable","15":"purchasable","16":"product-type-simple"},"yoast_head":"<!-- This site is optimized with the Yoast SEO Premium plugin v22.6 (Yoast SEO v22.6) - https:\/\/yoast.com\/wordpress\/plugins\/seo\/ -->\n<title>NAMURA DUGATTY\u00da KTM (2T) SX 125 (SX125) &#039;01-&#039;23, EXC &#039;01-&#039;16, HUSQVARNA TC 125 &#039;14-&#039;23, TE 125 &#039;14-&#039;16, TX 125 &#039;17-&#039;20 (53,96MM) (GY\u0170R\u0170K NX-70029R) - V3 ATV-PARTS.HU<\/title>\n<meta name=\"robots\" content=\"index, follow, max-snippet:-1, max-image-preview:large, max-video-preview:-1\" \/>\n<link rel=\"canonical\" href=\"https:\/\/v3.atv-parts.hu\/index.php\/termek\/namura-dugattyu-ktm-2t-sx-125-sx125-01-23-exc-01-16-husqvarna-tc-125-14-23-te-125-14-16-tx-125-17-20-5396mm-gyuruk-nx-70029r\/\" \/>\n<meta property=\"og:locale\" content=\"hu_HU\" \/>\n<meta property=\"og:type\" content=\"article\" \/>\n<meta property=\"og:title\" content=\"NAMURA DUGATTY\u00da KTM (2T) SX 125 (SX125) &#039;01-&#039;23, EXC &#039;01-&#039;16, HUSQVARNA TC 125 &#039;14-&#039;23, TE 125 &#039;14-&#039;16, TX 125 &#039;17-&#039;20 (53,96MM) (GY\u0170R\u0170K NX-70029R)\" \/>\n<meta property=\"og:description\" content=\"NAMURA DUGATTY\u00da KTM (2T) SX 125 (SX125) &#039;01-&#039;23, EXC &#039;01-&#039;16, HUSQVARNA TC 125 &#039;14-&#039;23, TE 125 &#039;14-&#039;16, TX 125 &#039;17-&#039;20 (53,96MM) (GY\u0170R\u0170K NX-70029R)\" \/>\n<meta property=\"og:url\" content=\"https:\/\/v3.atv-parts.hu\/index.php\/termek\/namura-dugattyu-ktm-2t-sx-125-sx125-01-23-exc-01-16-husqvarna-tc-125-14-23-te-125-14-16-tx-125-17-20-5396mm-gyuruk-nx-70029r\/\" \/>\n<meta property=\"og:site_name\" content=\"V3 ATV-PARTS.HU\" \/>\n<meta property=\"article:publisher\" content=\"https:\/\/www.facebook.com\/atvpartsHU\" \/>\n<meta property=\"article:modified_time\" content=\"2024-05-03T12:34:27+00:00\" \/>\n<meta property=\"og:image\" content=\"https:\/\/v3.atv-parts.hu\/wp-content\/uploads\/2024\/04\/namura-tlok-ktm-2t-sx-125-sx125-01-19-exc.jpg\" \/>\n\t<meta property=\"og:image:width\" content=\"640\" \/>\n\t<meta property=\"og:image:height\" content=\"480\" \/>\n\t<meta property=\"og:image:type\" content=\"image\/jpeg\" \/>\n<meta name=\"twitter:card\" content=\"summary_large_image\" \/>\n<meta name=\"twitter:label1\" content=\"\u00c1r\" \/>\n\t<meta name=\"twitter:data1\" content=\"30577,79&nbsp;&#70;&#116; \u00c1F\u00c1-val\" \/>\n\t<meta name=\"twitter:label2\" content=\"El\u00e9rhet\u0151s\u00e9g\" \/>\n\t<meta name=\"twitter:data2\" content=\"K\u00e9szleten\" \/>\n<script type=\"application\/ld+json\" class=\"yoast-schema-graph\">{\"@context\":\"https:\/\/schema.org\",\"@graph\":[{\"@type\":\"WebPage\",\"@id\":\"https:\/\/v3.atv-parts.hu\/index.php\/termek\/namura-dugattyu-ktm-2t-sx-125-sx125-01-23-exc-01-16-husqvarna-tc-125-14-23-te-125-14-16-tx-125-17-20-5396mm-gyuruk-nx-70029r\/\",\"url\":\"https:\/\/v3.atv-parts.hu\/index.php\/termek\/namura-dugattyu-ktm-2t-sx-125-sx125-01-23-exc-01-16-husqvarna-tc-125-14-23-te-125-14-16-tx-125-17-20-5396mm-gyuruk-nx-70029r\/\",\"name\":\"NAMURA DUGATTY\u00da KTM (2T) SX 125 (SX125) '01-'23, EXC '01-'16, HUSQVARNA TC 125 '14-'23, TE 125 '14-'16, TX 125 '17-'20 (53,96MM) (GY\u0170R\u0170K NX-70029R) - V3 ATV-PARTS.HU\",\"isPartOf\":{\"@id\":\"https:\/\/v3.atv-parts.hu\/#website\"},\"primaryImageOfPage\":{\"@id\":\"https:\/\/v3.atv-parts.hu\/index.php\/termek\/namura-dugattyu-ktm-2t-sx-125-sx125-01-23-exc-01-16-husqvarna-tc-125-14-23-te-125-14-16-tx-125-17-20-5396mm-gyuruk-nx-70029r\/#primaryimage\"},\"image\":{\"@id\":\"https:\/\/v3.atv-parts.hu\/index.php\/termek\/namura-dugattyu-ktm-2t-sx-125-sx125-01-23-exc-01-16-husqvarna-tc-125-14-23-te-125-14-16-tx-125-17-20-5396mm-gyuruk-nx-70029r\/#primaryimage\"},\"thumbnailUrl\":\"https:\/\/v3.atv-parts.hu\/wp-content\/uploads\/2024\/04\/namura-tlok-ktm-2t-sx-125-sx125-01-19-exc.jpg\",\"datePublished\":\"2024-04-03T12:14:03+00:00\",\"dateModified\":\"2024-05-03T12:34:27+00:00\",\"breadcrumb\":{\"@id\":\"https:\/\/v3.atv-parts.hu\/index.php\/termek\/namura-dugattyu-ktm-2t-sx-125-sx125-01-23-exc-01-16-husqvarna-tc-125-14-23-te-125-14-16-tx-125-17-20-5396mm-gyuruk-nx-70029r\/#breadcrumb\"},\"inLanguage\":\"hu\",\"potentialAction\":[{\"@type\":\"ReadAction\",\"target\":[\"https:\/\/v3.atv-parts.hu\/index.php\/termek\/namura-dugattyu-ktm-2t-sx-125-sx125-01-23-exc-01-16-husqvarna-tc-125-14-23-te-125-14-16-tx-125-17-20-5396mm-gyuruk-nx-70029r\/\"]}]},{\"@type\":\"ImageObject\",\"inLanguage\":\"hu\",\"@id\":\"https:\/\/v3.atv-parts.hu\/index.php\/termek\/namura-dugattyu-ktm-2t-sx-125-sx125-01-23-exc-01-16-husqvarna-tc-125-14-23-te-125-14-16-tx-125-17-20-5396mm-gyuruk-nx-70029r\/#primaryimage\",\"url\":\"https:\/\/v3.atv-parts.hu\/wp-content\/uploads\/2024\/04\/namura-tlok-ktm-2t-sx-125-sx125-01-19-exc.jpg\",\"contentUrl\":\"https:\/\/v3.atv-parts.hu\/wp-content\/uploads\/2024\/04\/namura-tlok-ktm-2t-sx-125-sx125-01-19-exc.jpg\",\"width\":640,\"height\":480},{\"@type\":\"BreadcrumbList\",\"@id\":\"https:\/\/v3.atv-parts.hu\/index.php\/termek\/namura-dugattyu-ktm-2t-sx-125-sx125-01-23-exc-01-16-husqvarna-tc-125-14-23-te-125-14-16-tx-125-17-20-5396mm-gyuruk-nx-70029r\/#breadcrumb\",\"itemListElement\":[{\"@type\":\"ListItem\",\"position\":1,\"name\":\"Kezd\u0151lap\",\"item\":\"https:\/\/v3.atv-parts.hu\/\"},{\"@type\":\"ListItem\",\"position\":2,\"name\":\"Bolt\",\"item\":\"https:\/\/v3.atv-parts.hu\/index.php\/bolt\/\"},{\"@type\":\"ListItem\",\"position\":3,\"name\":\"NAMURA DUGATTY\u00da KTM (2T) SX 125 (SX125) &#8217;01-&#8217;23, EXC &#8217;01-&#8217;16, HUSQVARNA TC 125 &#8217;14-&#8217;23, TE 125 &#8217;14-&#8217;16, TX 125 &#8217;17-&#8217;20 (53,96MM) (GY\u0170R\u0170K NX-70029R)\"}]},{\"@type\":\"WebSite\",\"@id\":\"https:\/\/v3.atv-parts.hu\/#website\",\"url\":\"https:\/\/v3.atv-parts.hu\/\",\"name\":\"V3 ATV-PARTS.HU\",\"description\":\"\",\"publisher\":{\"@id\":\"https:\/\/v3.atv-parts.hu\/#organization\"},\"potentialAction\":[{\"@type\":\"SearchAction\",\"target\":{\"@type\":\"EntryPoint\",\"urlTemplate\":\"https:\/\/v3.atv-parts.hu\/?s={search_term_string}\"},\"query-input\":\"required name=search_term_string\"}],\"inLanguage\":\"hu\"},{\"@type\":\"Organization\",\"@id\":\"https:\/\/v3.atv-parts.hu\/#organization\",\"name\":\"V3 ATV-PARTS.HU\",\"url\":\"https:\/\/v3.atv-parts.hu\/\",\"logo\":{\"@type\":\"ImageObject\",\"inLanguage\":\"hu\",\"@id\":\"https:\/\/v3.atv-parts.hu\/#\/schema\/logo\/image\/\",\"url\":\"https:\/\/v3.atv-parts.hu\/wp-content\/uploads\/2021\/02\/cropped-cropped-atvlogo-1-1-1.png\",\"contentUrl\":\"https:\/\/v3.atv-parts.hu\/wp-content\/uploads\/2021\/02\/cropped-cropped-atvlogo-1-1-1.png\",\"width\":267,\"height\":160,\"caption\":\"V3 ATV-PARTS.HU\"},\"image\":{\"@id\":\"https:\/\/v3.atv-parts.hu\/#\/schema\/logo\/image\/\"},\"sameAs\":[\"https:\/\/www.facebook.com\/atvpartsHU\"]}]}<\/script>\n<meta property=\"product:price:amount\" content=\"30577.79\" \/>\n<meta property=\"product:price:currency\" content=\"HUF\" \/>\n<meta property=\"og:availability\" content=\"instock\" \/>\n<meta property=\"product:availability\" content=\"instock\" \/>\n<meta property=\"product:retailer_item_id\" content=\"NX-70029-C\" \/>\n<meta property=\"product:condition\" content=\"new\" \/>\n<!-- \/ Yoast SEO Premium plugin. -->","yoast_head_json":{"title":"NAMURA DUGATTY\u00da KTM (2T) SX 125 (SX125) '01-'23, EXC '01-'16, HUSQVARNA TC 125 '14-'23, TE 125 '14-'16, TX 125 '17-'20 (53,96MM) (GY\u0170R\u0170K NX-70029R) - V3 ATV-PARTS.HU","robots":{"index":"index","follow":"follow","max-snippet":"max-snippet:-1","max-image-preview":"max-image-preview:large","max-video-preview":"max-video-preview:-1"},"canonical":"https:\/\/v3.atv-parts.hu\/index.php\/termek\/namura-dugattyu-ktm-2t-sx-125-sx125-01-23-exc-01-16-husqvarna-tc-125-14-23-te-125-14-16-tx-125-17-20-5396mm-gyuruk-nx-70029r\/","og_locale":"hu_HU","og_type":"article","og_title":"NAMURA DUGATTY\u00da KTM (2T) SX 125 (SX125) '01-'23, EXC '01-'16, HUSQVARNA TC 125 '14-'23, TE 125 '14-'16, TX 125 '17-'20 (53,96MM) (GY\u0170R\u0170K NX-70029R)","og_description":"NAMURA DUGATTY\u00da KTM (2T) SX 125 (SX125) '01-'23, EXC '01-'16, HUSQVARNA TC 125 '14-'23, TE 125 '14-'16, TX 125 '17-'20 (53,96MM) (GY\u0170R\u0170K NX-70029R)","og_url":"https:\/\/v3.atv-parts.hu\/index.php\/termek\/namura-dugattyu-ktm-2t-sx-125-sx125-01-23-exc-01-16-husqvarna-tc-125-14-23-te-125-14-16-tx-125-17-20-5396mm-gyuruk-nx-70029r\/","og_site_name":"V3 ATV-PARTS.HU","article_publisher":"https:\/\/www.facebook.com\/atvpartsHU","article_modified_time":"2024-05-03T12:34:27+00:00","og_image":[{"width":640,"height":480,"url":"https:\/\/v3.atv-parts.hu\/wp-content\/uploads\/2024\/04\/namura-tlok-ktm-2t-sx-125-sx125-01-19-exc.jpg","type":"image\/jpeg"}],"twitter_card":"summary_large_image","twitter_misc":{"\u00c1r":"30577,79&nbsp;&#70;&#116; \u00c1F\u00c1-val","El\u00e9rhet\u0151s\u00e9g":"K\u00e9szleten"},"schema":{"@context":"https:\/\/schema.org","@graph":[{"@type":"WebPage","@id":"https:\/\/v3.atv-parts.hu\/index.php\/termek\/namura-dugattyu-ktm-2t-sx-125-sx125-01-23-exc-01-16-husqvarna-tc-125-14-23-te-125-14-16-tx-125-17-20-5396mm-gyuruk-nx-70029r\/","url":"https:\/\/v3.atv-parts.hu\/index.php\/termek\/namura-dugattyu-ktm-2t-sx-125-sx125-01-23-exc-01-16-husqvarna-tc-125-14-23-te-125-14-16-tx-125-17-20-5396mm-gyuruk-nx-70029r\/","name":"NAMURA DUGATTY\u00da KTM (2T) SX 125 (SX125) '01-'23, EXC '01-'16, HUSQVARNA TC 125 '14-'23, TE 125 '14-'16, TX 125 '17-'20 (53,96MM) (GY\u0170R\u0170K NX-70029R) - V3 ATV-PARTS.HU","isPartOf":{"@id":"https:\/\/v3.atv-parts.hu\/#website"},"primaryImageOfPage":{"@id":"https:\/\/v3.atv-parts.hu\/index.php\/termek\/namura-dugattyu-ktm-2t-sx-125-sx125-01-23-exc-01-16-husqvarna-tc-125-14-23-te-125-14-16-tx-125-17-20-5396mm-gyuruk-nx-70029r\/#primaryimage"},"image":{"@id":"https:\/\/v3.atv-parts.hu\/index.php\/termek\/namura-dugattyu-ktm-2t-sx-125-sx125-01-23-exc-01-16-husqvarna-tc-125-14-23-te-125-14-16-tx-125-17-20-5396mm-gyuruk-nx-70029r\/#primaryimage"},"thumbnailUrl":"https:\/\/v3.atv-parts.hu\/wp-content\/uploads\/2024\/04\/namura-tlok-ktm-2t-sx-125-sx125-01-19-exc.jpg","datePublished":"2024-04-03T12:14:03+00:00","dateModified":"2024-05-03T12:34:27+00:00","breadcrumb":{"@id":"https:\/\/v3.atv-parts.hu\/index.php\/termek\/namura-dugattyu-ktm-2t-sx-125-sx125-01-23-exc-01-16-husqvarna-tc-125-14-23-te-125-14-16-tx-125-17-20-5396mm-gyuruk-nx-70029r\/#breadcrumb"},"inLanguage":"hu","potentialAction":[{"@type":"ReadAction","target":["https:\/\/v3.atv-parts.hu\/index.php\/termek\/namura-dugattyu-ktm-2t-sx-125-sx125-01-23-exc-01-16-husqvarna-tc-125-14-23-te-125-14-16-tx-125-17-20-5396mm-gyuruk-nx-70029r\/"]}]},{"@type":"ImageObject","inLanguage":"hu","@id":"https:\/\/v3.atv-parts.hu\/index.php\/termek\/namura-dugattyu-ktm-2t-sx-125-sx125-01-23-exc-01-16-husqvarna-tc-125-14-23-te-125-14-16-tx-125-17-20-5396mm-gyuruk-nx-70029r\/#primaryimage","url":"https:\/\/v3.atv-parts.hu\/wp-content\/uploads\/2024\/04\/namura-tlok-ktm-2t-sx-125-sx125-01-19-exc.jpg","contentUrl":"https:\/\/v3.atv-parts.hu\/wp-content\/uploads\/2024\/04\/namura-tlok-ktm-2t-sx-125-sx125-01-19-exc.jpg","width":640,"height":480},{"@type":"BreadcrumbList","@id":"https:\/\/v3.atv-parts.hu\/index.php\/termek\/namura-dugattyu-ktm-2t-sx-125-sx125-01-23-exc-01-16-husqvarna-tc-125-14-23-te-125-14-16-tx-125-17-20-5396mm-gyuruk-nx-70029r\/#breadcrumb","itemListElement":[{"@type":"ListItem","position":1,"name":"Kezd\u0151lap","item":"https:\/\/v3.atv-parts.hu\/"},{"@type":"ListItem","position":2,"name":"Bolt","item":"https:\/\/v3.atv-parts.hu\/index.php\/bolt\/"},{"@type":"ListItem","position":3,"name":"NAMURA DUGATTY\u00da KTM (2T) SX 125 (SX125) &#8217;01-&#8217;23, EXC &#8217;01-&#8217;16, HUSQVARNA TC 125 &#8217;14-&#8217;23, TE 125 &#8217;14-&#8217;16, TX 125 &#8217;17-&#8217;20 (53,96MM) (GY\u0170R\u0170K NX-70029R)"}]},{"@type":"WebSite","@id":"https:\/\/v3.atv-parts.hu\/#website","url":"https:\/\/v3.atv-parts.hu\/","name":"V3 ATV-PARTS.HU","description":"","publisher":{"@id":"https:\/\/v3.atv-parts.hu\/#organization"},"potentialAction":[{"@type":"SearchAction","target":{"@type":"EntryPoint","urlTemplate":"https:\/\/v3.atv-parts.hu\/?s={search_term_string}"},"query-input":"required name=search_term_string"}],"inLanguage":"hu"},{"@type":"Organization","@id":"https:\/\/v3.atv-parts.hu\/#organization","name":"V3 ATV-PARTS.HU","url":"https:\/\/v3.atv-parts.hu\/","logo":{"@type":"ImageObject","inLanguage":"hu","@id":"https:\/\/v3.atv-parts.hu\/#\/schema\/logo\/image\/","url":"https:\/\/v3.atv-parts.hu\/wp-content\/uploads\/2021\/02\/cropped-cropped-atvlogo-1-1-1.png","contentUrl":"https:\/\/v3.atv-parts.hu\/wp-content\/uploads\/2021\/02\/cropped-cropped-atvlogo-1-1-1.png","width":267,"height":160,"caption":"V3 ATV-PARTS.HU"},"image":{"@id":"https:\/\/v3.atv-parts.hu\/#\/schema\/logo\/image\/"},"sameAs":["https:\/\/www.facebook.com\/atvpartsHU"]}]},"product_price_amount":"30577.79","product_price_currency":"HUF","og_availability":"instock","product_availability":"instock","product_retailer_item_id":"NX-70029-C","product_condition":"new"},"_links":{"self":[{"href":"https:\/\/v3.atv-parts.hu\/index.php\/wp-json\/wp\/v2\/product\/92447","targetHints":{"allow":["GET"]}}],"collection":[{"href":"https:\/\/v3.atv-parts.hu\/index.php\/wp-json\/wp\/v2\/product"}],"about":[{"href":"https:\/\/v3.atv-parts.hu\/index.php\/wp-json\/wp\/v2\/types\/product"}],"replies":[{"embeddable":true,"href":"https:\/\/v3.atv-parts.hu\/index.php\/wp-json\/wp\/v2\/comments?post=92447"}],"wp:featuredmedia":[{"embeddable":true,"href":"https:\/\/v3.atv-parts.hu\/index.php\/wp-json\/wp\/v2\/media\/92445"}],"wp:attachment":[{"href":"https:\/\/v3.atv-parts.hu\/index.php\/wp-json\/wp\/v2\/media?parent=92447"}],"wp:term":[{"taxonomy":"product_cat","embeddable":true,"href":"https:\/\/v3.atv-parts.hu\/index.php\/wp-json\/wp\/v2\/product_cat?post=92447"},{"taxonomy":"product_tag","embeddable":true,"href":"https:\/\/v3.atv-parts.hu\/index.php\/wp-json\/wp\/v2\/product_tag?post=92447"}],"curies":[{"name":"wp","href":"https:\/\/api.w.org\/{rel}","templated":true}]}}