{"id":93739,"date":"2024-04-03T14:46:03","date_gmt":"2024-04-03T12:46:03","guid":{"rendered":"https:\/\/v3.atv-parts.hu\/index.php\/termek\/roleff-promocio-vese-ov-modell-ro94-fekete-szinu-meret-s\/"},"modified":"2024-06-05T08:01:01","modified_gmt":"2024-06-05T06:01:01","slug":"roleff-promocio-vese-ov-modell-ro94-fekete-szinu-meret-s","status":"publish","type":"product","link":"https:\/\/v3.atv-parts.hu\/index.php\/termek\/roleff-promocio-vese-ov-modell-ro94-fekete-szinu-meret-s\/","title":{"rendered":"ROLEFF  PROM\u00d3CI\u00d3 VESE \u00d6V MODELL RO94 FEKETE SZ\u00cdN\u0170 M\u00c9RET S"},"content":{"rendered":"<p>ROLEFF  PROM\u00d3CI\u00d3 VESE \u00d6V MODELL RO94 FEKETE SZ\u00cdN\u0170 M\u00c9RET S<\/p>\n<p>EAN: 4251084706791<\/p>\n<p>SKU: RO94\/S<\/p>\n","protected":false},"excerpt":{"rendered":"<p>ROLEFF  PROM\u00d3CI\u00d3 VESE \u00d6V MODELL RO94 FEKETE SZ\u00cdN\u0170 M\u00c9RET S<\/p>\n","protected":false},"featured_media":93736,"comment_status":"closed","ping_status":"open","template":"","meta":{"_monsterinsights_skip_tracking":false,"_monsterinsights_sitenote_active":false,"_monsterinsights_sitenote_note":"","_monsterinsights_sitenote_category":0},"product_cat":[259,779,961],"product_tag":[],"class_list":{"0":"post-93739","1":"product","2":"type-product","3":"status-publish","4":"has-post-thumbnail","6":"product_cat-ruhazat-es-vedofelszereles","7":"product_cat-termoaktiv-ruhazat","8":"product_cat-vese-ov","9":"pa_marka-roleff","11":"first","12":"instock","13":"taxable","14":"shipping-taxable","15":"purchasable","16":"product-type-simple"},"yoast_head":"<!-- This site is optimized with the Yoast SEO Premium plugin v22.6 (Yoast SEO v22.6) - https:\/\/yoast.com\/wordpress\/plugins\/seo\/ -->\n<title>ROLEFF PROM\u00d3CI\u00d3 VESE \u00d6V MODELL RO94 FEKETE SZ\u00cdN\u0170 M\u00c9RET S - V3 ATV-PARTS.HU<\/title>\n<meta name=\"robots\" content=\"index, follow, max-snippet:-1, max-image-preview:large, max-video-preview:-1\" \/>\n<link rel=\"canonical\" href=\"https:\/\/v3.atv-parts.hu\/index.php\/termek\/roleff-promocio-vese-ov-modell-ro94-fekete-szinu-meret-s\/\" \/>\n<meta property=\"og:locale\" content=\"hu_HU\" \/>\n<meta property=\"og:type\" content=\"article\" \/>\n<meta property=\"og:title\" content=\"ROLEFF PROM\u00d3CI\u00d3 VESE \u00d6V MODELL RO94 FEKETE SZ\u00cdN\u0170 M\u00c9RET S\" \/>\n<meta property=\"og:description\" content=\"ROLEFF PROM\u00d3CI\u00d3 VESE \u00d6V MODELL RO94 FEKETE SZ\u00cdN\u0170 M\u00c9RET S\" \/>\n<meta property=\"og:url\" content=\"https:\/\/v3.atv-parts.hu\/index.php\/termek\/roleff-promocio-vese-ov-modell-ro94-fekete-szinu-meret-s\/\" \/>\n<meta property=\"og:site_name\" content=\"V3 ATV-PARTS.HU\" \/>\n<meta property=\"article:publisher\" content=\"https:\/\/www.facebook.com\/atvpartsHU\" \/>\n<meta property=\"article:modified_time\" content=\"2024-06-05T06:01:01+00:00\" \/>\n<meta property=\"og:image\" content=\"https:\/\/v3.atv-parts.hu\/wp-content\/uploads\/2024\/04\/roleff-2019-pas-nerkowy-model-ro94-kolor-czarny.jpg\" \/>\n\t<meta property=\"og:image:width\" content=\"522\" \/>\n\t<meta property=\"og:image:height\" content=\"313\" \/>\n\t<meta property=\"og:image:type\" content=\"image\/jpeg\" \/>\n<meta name=\"twitter:card\" content=\"summary_large_image\" \/>\n<meta name=\"twitter:label1\" content=\"\u00c1r\" \/>\n\t<meta name=\"twitter:data1\" content=\"7670,80&nbsp;&#70;&#116; \u00c1F\u00c1-val\" \/>\n\t<meta name=\"twitter:label2\" content=\"El\u00e9rhet\u0151s\u00e9g\" \/>\n\t<meta name=\"twitter:data2\" content=\"K\u00e9szleten\" \/>\n<script type=\"application\/ld+json\" class=\"yoast-schema-graph\">{\"@context\":\"https:\/\/schema.org\",\"@graph\":[{\"@type\":\"WebPage\",\"@id\":\"https:\/\/v3.atv-parts.hu\/index.php\/termek\/roleff-promocio-vese-ov-modell-ro94-fekete-szinu-meret-s\/\",\"url\":\"https:\/\/v3.atv-parts.hu\/index.php\/termek\/roleff-promocio-vese-ov-modell-ro94-fekete-szinu-meret-s\/\",\"name\":\"ROLEFF PROM\u00d3CI\u00d3 VESE \u00d6V MODELL RO94 FEKETE SZ\u00cdN\u0170 M\u00c9RET S - V3 ATV-PARTS.HU\",\"isPartOf\":{\"@id\":\"https:\/\/v3.atv-parts.hu\/#website\"},\"primaryImageOfPage\":{\"@id\":\"https:\/\/v3.atv-parts.hu\/index.php\/termek\/roleff-promocio-vese-ov-modell-ro94-fekete-szinu-meret-s\/#primaryimage\"},\"image\":{\"@id\":\"https:\/\/v3.atv-parts.hu\/index.php\/termek\/roleff-promocio-vese-ov-modell-ro94-fekete-szinu-meret-s\/#primaryimage\"},\"thumbnailUrl\":\"https:\/\/v3.atv-parts.hu\/wp-content\/uploads\/2024\/04\/roleff-2019-pas-nerkowy-model-ro94-kolor-czarny.jpg\",\"datePublished\":\"2024-04-03T12:46:03+00:00\",\"dateModified\":\"2024-06-05T06:01:01+00:00\",\"breadcrumb\":{\"@id\":\"https:\/\/v3.atv-parts.hu\/index.php\/termek\/roleff-promocio-vese-ov-modell-ro94-fekete-szinu-meret-s\/#breadcrumb\"},\"inLanguage\":\"hu\",\"potentialAction\":[{\"@type\":\"ReadAction\",\"target\":[\"https:\/\/v3.atv-parts.hu\/index.php\/termek\/roleff-promocio-vese-ov-modell-ro94-fekete-szinu-meret-s\/\"]}]},{\"@type\":\"ImageObject\",\"inLanguage\":\"hu\",\"@id\":\"https:\/\/v3.atv-parts.hu\/index.php\/termek\/roleff-promocio-vese-ov-modell-ro94-fekete-szinu-meret-s\/#primaryimage\",\"url\":\"https:\/\/v3.atv-parts.hu\/wp-content\/uploads\/2024\/04\/roleff-2019-pas-nerkowy-model-ro94-kolor-czarny.jpg\",\"contentUrl\":\"https:\/\/v3.atv-parts.hu\/wp-content\/uploads\/2024\/04\/roleff-2019-pas-nerkowy-model-ro94-kolor-czarny.jpg\",\"width\":522,\"height\":313},{\"@type\":\"BreadcrumbList\",\"@id\":\"https:\/\/v3.atv-parts.hu\/index.php\/termek\/roleff-promocio-vese-ov-modell-ro94-fekete-szinu-meret-s\/#breadcrumb\",\"itemListElement\":[{\"@type\":\"ListItem\",\"position\":1,\"name\":\"Kezd\u0151lap\",\"item\":\"https:\/\/v3.atv-parts.hu\/\"},{\"@type\":\"ListItem\",\"position\":2,\"name\":\"Bolt\",\"item\":\"https:\/\/v3.atv-parts.hu\/index.php\/bolt\/\"},{\"@type\":\"ListItem\",\"position\":3,\"name\":\"ROLEFF PROM\u00d3CI\u00d3 VESE \u00d6V MODELL RO94 FEKETE SZ\u00cdN\u0170 M\u00c9RET S\"}]},{\"@type\":\"WebSite\",\"@id\":\"https:\/\/v3.atv-parts.hu\/#website\",\"url\":\"https:\/\/v3.atv-parts.hu\/\",\"name\":\"V3 ATV-PARTS.HU\",\"description\":\"\",\"publisher\":{\"@id\":\"https:\/\/v3.atv-parts.hu\/#organization\"},\"potentialAction\":[{\"@type\":\"SearchAction\",\"target\":{\"@type\":\"EntryPoint\",\"urlTemplate\":\"https:\/\/v3.atv-parts.hu\/?s={search_term_string}\"},\"query-input\":\"required name=search_term_string\"}],\"inLanguage\":\"hu\"},{\"@type\":\"Organization\",\"@id\":\"https:\/\/v3.atv-parts.hu\/#organization\",\"name\":\"V3 ATV-PARTS.HU\",\"url\":\"https:\/\/v3.atv-parts.hu\/\",\"logo\":{\"@type\":\"ImageObject\",\"inLanguage\":\"hu\",\"@id\":\"https:\/\/v3.atv-parts.hu\/#\/schema\/logo\/image\/\",\"url\":\"https:\/\/v3.atv-parts.hu\/wp-content\/uploads\/2021\/02\/cropped-cropped-atvlogo-1-1-1.png\",\"contentUrl\":\"https:\/\/v3.atv-parts.hu\/wp-content\/uploads\/2021\/02\/cropped-cropped-atvlogo-1-1-1.png\",\"width\":267,\"height\":160,\"caption\":\"V3 ATV-PARTS.HU\"},\"image\":{\"@id\":\"https:\/\/v3.atv-parts.hu\/#\/schema\/logo\/image\/\"},\"sameAs\":[\"https:\/\/www.facebook.com\/atvpartsHU\"]}]}<\/script>\n<meta property=\"product:price:amount\" content=\"7670.80\" \/>\n<meta property=\"product:price:currency\" content=\"HUF\" \/>\n<meta property=\"og:availability\" content=\"instock\" \/>\n<meta property=\"product:availability\" content=\"instock\" \/>\n<meta property=\"product:retailer_item_id\" content=\"RO94\/S\" \/>\n<meta property=\"product:condition\" content=\"new\" \/>\n<!-- \/ Yoast SEO Premium plugin. -->","yoast_head_json":{"title":"ROLEFF PROM\u00d3CI\u00d3 VESE \u00d6V MODELL RO94 FEKETE SZ\u00cdN\u0170 M\u00c9RET S - V3 ATV-PARTS.HU","robots":{"index":"index","follow":"follow","max-snippet":"max-snippet:-1","max-image-preview":"max-image-preview:large","max-video-preview":"max-video-preview:-1"},"canonical":"https:\/\/v3.atv-parts.hu\/index.php\/termek\/roleff-promocio-vese-ov-modell-ro94-fekete-szinu-meret-s\/","og_locale":"hu_HU","og_type":"article","og_title":"ROLEFF PROM\u00d3CI\u00d3 VESE \u00d6V MODELL RO94 FEKETE SZ\u00cdN\u0170 M\u00c9RET S","og_description":"ROLEFF PROM\u00d3CI\u00d3 VESE \u00d6V MODELL RO94 FEKETE SZ\u00cdN\u0170 M\u00c9RET S","og_url":"https:\/\/v3.atv-parts.hu\/index.php\/termek\/roleff-promocio-vese-ov-modell-ro94-fekete-szinu-meret-s\/","og_site_name":"V3 ATV-PARTS.HU","article_publisher":"https:\/\/www.facebook.com\/atvpartsHU","article_modified_time":"2024-06-05T06:01:01+00:00","og_image":[{"width":522,"height":313,"url":"https:\/\/v3.atv-parts.hu\/wp-content\/uploads\/2024\/04\/roleff-2019-pas-nerkowy-model-ro94-kolor-czarny.jpg","type":"image\/jpeg"}],"twitter_card":"summary_large_image","twitter_misc":{"\u00c1r":"7670,80&nbsp;&#70;&#116; \u00c1F\u00c1-val","El\u00e9rhet\u0151s\u00e9g":"K\u00e9szleten"},"schema":{"@context":"https:\/\/schema.org","@graph":[{"@type":"WebPage","@id":"https:\/\/v3.atv-parts.hu\/index.php\/termek\/roleff-promocio-vese-ov-modell-ro94-fekete-szinu-meret-s\/","url":"https:\/\/v3.atv-parts.hu\/index.php\/termek\/roleff-promocio-vese-ov-modell-ro94-fekete-szinu-meret-s\/","name":"ROLEFF PROM\u00d3CI\u00d3 VESE \u00d6V MODELL RO94 FEKETE SZ\u00cdN\u0170 M\u00c9RET S - V3 ATV-PARTS.HU","isPartOf":{"@id":"https:\/\/v3.atv-parts.hu\/#website"},"primaryImageOfPage":{"@id":"https:\/\/v3.atv-parts.hu\/index.php\/termek\/roleff-promocio-vese-ov-modell-ro94-fekete-szinu-meret-s\/#primaryimage"},"image":{"@id":"https:\/\/v3.atv-parts.hu\/index.php\/termek\/roleff-promocio-vese-ov-modell-ro94-fekete-szinu-meret-s\/#primaryimage"},"thumbnailUrl":"https:\/\/v3.atv-parts.hu\/wp-content\/uploads\/2024\/04\/roleff-2019-pas-nerkowy-model-ro94-kolor-czarny.jpg","datePublished":"2024-04-03T12:46:03+00:00","dateModified":"2024-06-05T06:01:01+00:00","breadcrumb":{"@id":"https:\/\/v3.atv-parts.hu\/index.php\/termek\/roleff-promocio-vese-ov-modell-ro94-fekete-szinu-meret-s\/#breadcrumb"},"inLanguage":"hu","potentialAction":[{"@type":"ReadAction","target":["https:\/\/v3.atv-parts.hu\/index.php\/termek\/roleff-promocio-vese-ov-modell-ro94-fekete-szinu-meret-s\/"]}]},{"@type":"ImageObject","inLanguage":"hu","@id":"https:\/\/v3.atv-parts.hu\/index.php\/termek\/roleff-promocio-vese-ov-modell-ro94-fekete-szinu-meret-s\/#primaryimage","url":"https:\/\/v3.atv-parts.hu\/wp-content\/uploads\/2024\/04\/roleff-2019-pas-nerkowy-model-ro94-kolor-czarny.jpg","contentUrl":"https:\/\/v3.atv-parts.hu\/wp-content\/uploads\/2024\/04\/roleff-2019-pas-nerkowy-model-ro94-kolor-czarny.jpg","width":522,"height":313},{"@type":"BreadcrumbList","@id":"https:\/\/v3.atv-parts.hu\/index.php\/termek\/roleff-promocio-vese-ov-modell-ro94-fekete-szinu-meret-s\/#breadcrumb","itemListElement":[{"@type":"ListItem","position":1,"name":"Kezd\u0151lap","item":"https:\/\/v3.atv-parts.hu\/"},{"@type":"ListItem","position":2,"name":"Bolt","item":"https:\/\/v3.atv-parts.hu\/index.php\/bolt\/"},{"@type":"ListItem","position":3,"name":"ROLEFF PROM\u00d3CI\u00d3 VESE \u00d6V MODELL RO94 FEKETE SZ\u00cdN\u0170 M\u00c9RET S"}]},{"@type":"WebSite","@id":"https:\/\/v3.atv-parts.hu\/#website","url":"https:\/\/v3.atv-parts.hu\/","name":"V3 ATV-PARTS.HU","description":"","publisher":{"@id":"https:\/\/v3.atv-parts.hu\/#organization"},"potentialAction":[{"@type":"SearchAction","target":{"@type":"EntryPoint","urlTemplate":"https:\/\/v3.atv-parts.hu\/?s={search_term_string}"},"query-input":"required name=search_term_string"}],"inLanguage":"hu"},{"@type":"Organization","@id":"https:\/\/v3.atv-parts.hu\/#organization","name":"V3 ATV-PARTS.HU","url":"https:\/\/v3.atv-parts.hu\/","logo":{"@type":"ImageObject","inLanguage":"hu","@id":"https:\/\/v3.atv-parts.hu\/#\/schema\/logo\/image\/","url":"https:\/\/v3.atv-parts.hu\/wp-content\/uploads\/2021\/02\/cropped-cropped-atvlogo-1-1-1.png","contentUrl":"https:\/\/v3.atv-parts.hu\/wp-content\/uploads\/2021\/02\/cropped-cropped-atvlogo-1-1-1.png","width":267,"height":160,"caption":"V3 ATV-PARTS.HU"},"image":{"@id":"https:\/\/v3.atv-parts.hu\/#\/schema\/logo\/image\/"},"sameAs":["https:\/\/www.facebook.com\/atvpartsHU"]}]},"product_price_amount":"7670.80","product_price_currency":"HUF","og_availability":"instock","product_availability":"instock","product_retailer_item_id":"RO94\/S","product_condition":"new"},"_links":{"self":[{"href":"https:\/\/v3.atv-parts.hu\/index.php\/wp-json\/wp\/v2\/product\/93739","targetHints":{"allow":["GET"]}}],"collection":[{"href":"https:\/\/v3.atv-parts.hu\/index.php\/wp-json\/wp\/v2\/product"}],"about":[{"href":"https:\/\/v3.atv-parts.hu\/index.php\/wp-json\/wp\/v2\/types\/product"}],"replies":[{"embeddable":true,"href":"https:\/\/v3.atv-parts.hu\/index.php\/wp-json\/wp\/v2\/comments?post=93739"}],"wp:featuredmedia":[{"embeddable":true,"href":"https:\/\/v3.atv-parts.hu\/index.php\/wp-json\/wp\/v2\/media\/93736"}],"wp:attachment":[{"href":"https:\/\/v3.atv-parts.hu\/index.php\/wp-json\/wp\/v2\/media?parent=93739"}],"wp:term":[{"taxonomy":"product_cat","embeddable":true,"href":"https:\/\/v3.atv-parts.hu\/index.php\/wp-json\/wp\/v2\/product_cat?post=93739"},{"taxonomy":"product_tag","embeddable":true,"href":"https:\/\/v3.atv-parts.hu\/index.php\/wp-json\/wp\/v2\/product_tag?post=93739"}],"curies":[{"name":"wp","href":"https:\/\/api.w.org\/{rel}","templated":true}]}}