{"id":94930,"date":"2024-04-03T15:18:39","date_gmt":"2024-04-03T13:18:39","guid":{"rendered":"https:\/\/v3.atv-parts.hu\/index.php\/termek\/tourmax-huto-termosztat-honda-cbr-250r-11-16-300r-15-16-crf-250l-13-15-sh-125-150-300-nes-125-150-nss-250-300-made-in-japan\/"},"modified":"2024-05-03T15:05:04","modified_gmt":"2024-05-03T13:05:04","slug":"tourmax-huto-termosztat-honda-cbr-250r-11-16-300r-15-16-crf-250l-13-15-sh-125-150-300-nes-125-150-nss-250-300-made-in-japan","status":"publish","type":"product","link":"https:\/\/v3.atv-parts.hu\/index.php\/termek\/tourmax-huto-termosztat-honda-cbr-250r-11-16-300r-15-16-crf-250l-13-15-sh-125-150-300-nes-125-150-nss-250-300-made-in-japan\/","title":{"rendered":"TOURMAX  H\u0170T\u0150 TERMOSZT\u00c1T HONDA CBR 250R &#8217;11-16, 300R &#8217;15-16, CRF 250L &#8217;13-15, SH 125\/150\/300, NES 125\/150, NSS 250\/300 (MADE IN JAPAN)"},"content":{"rendered":"<p>TOURMAX  H\u0170T\u0150 TERMOSZT\u00c1T HONDA CBR 250R &#8217;11-16, 300R &#8217;15-16, CRF 250L &#8217;13-15, SH 125\/150\/300, NES 125\/150, NSS 250\/300 (MADE IN JAPAN)<\/p>\n<p>EAN: <\/p>\n<p>SKU: TMT-104<\/p>\n","protected":false},"excerpt":{"rendered":"<p>TOURMAX  H\u0170T\u0150 TERMOSZT\u00c1T HONDA CBR 250R &#8217;11-16, 300R &#8217;15-16, CRF 250L &#8217;13-15, SH 125\/150\/300, NES 125\/150, NSS 250\/300 (MADE IN JAPAN)<\/p>\n","protected":false},"featured_media":94931,"comment_status":"closed","ping_status":"open","template":"","meta":{"_monsterinsights_skip_tracking":false,"_monsterinsights_sitenote_active":false,"_monsterinsights_sitenote_note":"","_monsterinsights_sitenote_category":0},"product_cat":[327,908],"product_tag":[],"class_list":{"0":"post-94930","1":"product","2":"type-product","3":"status-publish","4":"has-post-thumbnail","6":"product_cat-hutorendszer","7":"product_cat-termosztatok","8":"pa_marka-tourmax","10":"first","11":"outofstock","12":"taxable","13":"shipping-taxable","14":"purchasable","15":"product-type-simple"},"yoast_head":"<!-- This site is optimized with the Yoast SEO Premium plugin v22.6 (Yoast SEO v22.6) - https:\/\/yoast.com\/wordpress\/plugins\/seo\/ -->\n<title>TOURMAX H\u0170T\u0150 TERMOSZT\u00c1T HONDA CBR 250R &#039;11-16, 300R &#039;15-16, CRF 250L &#039;13-15, SH 125\/150\/300, NES 125\/150, NSS 250\/300 (MADE IN JAPAN) - V3 ATV-PARTS.HU<\/title>\n<meta name=\"robots\" content=\"index, follow, max-snippet:-1, max-image-preview:large, max-video-preview:-1\" \/>\n<link rel=\"canonical\" href=\"https:\/\/v3.atv-parts.hu\/index.php\/termek\/tourmax-huto-termosztat-honda-cbr-250r-11-16-300r-15-16-crf-250l-13-15-sh-125-150-300-nes-125-150-nss-250-300-made-in-japan\/\" \/>\n<meta property=\"og:locale\" content=\"hu_HU\" \/>\n<meta property=\"og:type\" content=\"article\" \/>\n<meta property=\"og:title\" content=\"TOURMAX H\u0170T\u0150 TERMOSZT\u00c1T HONDA CBR 250R &#039;11-16, 300R &#039;15-16, CRF 250L &#039;13-15, SH 125\/150\/300, NES 125\/150, NSS 250\/300 (MADE IN JAPAN)\" \/>\n<meta property=\"og:description\" content=\"TOURMAX H\u0170T\u0150 TERMOSZT\u00c1T HONDA CBR 250R &#039;11-16, 300R &#039;15-16, CRF 250L &#039;13-15, SH 125\/150\/300, NES 125\/150, NSS 250\/300 (MADE IN JAPAN)\" \/>\n<meta property=\"og:url\" content=\"https:\/\/v3.atv-parts.hu\/index.php\/termek\/tourmax-huto-termosztat-honda-cbr-250r-11-16-300r-15-16-crf-250l-13-15-sh-125-150-300-nes-125-150-nss-250-300-made-in-japan\/\" \/>\n<meta property=\"og:site_name\" content=\"V3 ATV-PARTS.HU\" \/>\n<meta property=\"article:publisher\" content=\"https:\/\/www.facebook.com\/atvpartsHU\" \/>\n<meta property=\"article:modified_time\" content=\"2024-05-03T13:05:04+00:00\" \/>\n<meta property=\"og:image\" content=\"https:\/\/v3.atv-parts.hu\/wp-content\/uploads\/2024\/04\/tourmax-termostat-chlodnicy-honda-cbr-250r-11-16.jpg\" \/>\n\t<meta property=\"og:image:width\" content=\"960\" \/>\n\t<meta property=\"og:image:height\" content=\"988\" \/>\n\t<meta property=\"og:image:type\" content=\"image\/jpeg\" \/>\n<meta name=\"twitter:card\" content=\"summary_large_image\" \/>\n<meta name=\"twitter:label1\" content=\"\u00c1r\" \/>\n\t<meta name=\"twitter:data1\" content=\"11239,50&nbsp;&#70;&#116; \u00c1F\u00c1-val\" \/>\n\t<meta name=\"twitter:label2\" content=\"El\u00e9rhet\u0151s\u00e9g\" \/>\n\t<meta name=\"twitter:data2\" content=\"Nincs k\u00e9szleten\" \/>\n<script type=\"application\/ld+json\" class=\"yoast-schema-graph\">{\"@context\":\"https:\/\/schema.org\",\"@graph\":[{\"@type\":\"WebPage\",\"@id\":\"https:\/\/v3.atv-parts.hu\/index.php\/termek\/tourmax-huto-termosztat-honda-cbr-250r-11-16-300r-15-16-crf-250l-13-15-sh-125-150-300-nes-125-150-nss-250-300-made-in-japan\/\",\"url\":\"https:\/\/v3.atv-parts.hu\/index.php\/termek\/tourmax-huto-termosztat-honda-cbr-250r-11-16-300r-15-16-crf-250l-13-15-sh-125-150-300-nes-125-150-nss-250-300-made-in-japan\/\",\"name\":\"TOURMAX H\u0170T\u0150 TERMOSZT\u00c1T HONDA CBR 250R '11-16, 300R '15-16, CRF 250L '13-15, SH 125\/150\/300, NES 125\/150, NSS 250\/300 (MADE IN JAPAN) - V3 ATV-PARTS.HU\",\"isPartOf\":{\"@id\":\"https:\/\/v3.atv-parts.hu\/#website\"},\"primaryImageOfPage\":{\"@id\":\"https:\/\/v3.atv-parts.hu\/index.php\/termek\/tourmax-huto-termosztat-honda-cbr-250r-11-16-300r-15-16-crf-250l-13-15-sh-125-150-300-nes-125-150-nss-250-300-made-in-japan\/#primaryimage\"},\"image\":{\"@id\":\"https:\/\/v3.atv-parts.hu\/index.php\/termek\/tourmax-huto-termosztat-honda-cbr-250r-11-16-300r-15-16-crf-250l-13-15-sh-125-150-300-nes-125-150-nss-250-300-made-in-japan\/#primaryimage\"},\"thumbnailUrl\":\"https:\/\/v3.atv-parts.hu\/wp-content\/uploads\/2024\/04\/tourmax-termostat-chlodnicy-honda-cbr-250r-11-16.jpg\",\"datePublished\":\"2024-04-03T13:18:39+00:00\",\"dateModified\":\"2024-05-03T13:05:04+00:00\",\"breadcrumb\":{\"@id\":\"https:\/\/v3.atv-parts.hu\/index.php\/termek\/tourmax-huto-termosztat-honda-cbr-250r-11-16-300r-15-16-crf-250l-13-15-sh-125-150-300-nes-125-150-nss-250-300-made-in-japan\/#breadcrumb\"},\"inLanguage\":\"hu\",\"potentialAction\":[{\"@type\":\"ReadAction\",\"target\":[\"https:\/\/v3.atv-parts.hu\/index.php\/termek\/tourmax-huto-termosztat-honda-cbr-250r-11-16-300r-15-16-crf-250l-13-15-sh-125-150-300-nes-125-150-nss-250-300-made-in-japan\/\"]}]},{\"@type\":\"ImageObject\",\"inLanguage\":\"hu\",\"@id\":\"https:\/\/v3.atv-parts.hu\/index.php\/termek\/tourmax-huto-termosztat-honda-cbr-250r-11-16-300r-15-16-crf-250l-13-15-sh-125-150-300-nes-125-150-nss-250-300-made-in-japan\/#primaryimage\",\"url\":\"https:\/\/v3.atv-parts.hu\/wp-content\/uploads\/2024\/04\/tourmax-termostat-chlodnicy-honda-cbr-250r-11-16.jpg\",\"contentUrl\":\"https:\/\/v3.atv-parts.hu\/wp-content\/uploads\/2024\/04\/tourmax-termostat-chlodnicy-honda-cbr-250r-11-16.jpg\",\"width\":960,\"height\":988},{\"@type\":\"BreadcrumbList\",\"@id\":\"https:\/\/v3.atv-parts.hu\/index.php\/termek\/tourmax-huto-termosztat-honda-cbr-250r-11-16-300r-15-16-crf-250l-13-15-sh-125-150-300-nes-125-150-nss-250-300-made-in-japan\/#breadcrumb\",\"itemListElement\":[{\"@type\":\"ListItem\",\"position\":1,\"name\":\"Kezd\u0151lap\",\"item\":\"https:\/\/v3.atv-parts.hu\/\"},{\"@type\":\"ListItem\",\"position\":2,\"name\":\"Bolt\",\"item\":\"https:\/\/v3.atv-parts.hu\/index.php\/bolt\/\"},{\"@type\":\"ListItem\",\"position\":3,\"name\":\"TOURMAX H\u0170T\u0150 TERMOSZT\u00c1T HONDA CBR 250R &#8217;11-16, 300R &#8217;15-16, CRF 250L &#8217;13-15, SH 125\/150\/300, NES 125\/150, NSS 250\/300 (MADE IN JAPAN)\"}]},{\"@type\":\"WebSite\",\"@id\":\"https:\/\/v3.atv-parts.hu\/#website\",\"url\":\"https:\/\/v3.atv-parts.hu\/\",\"name\":\"V3 ATV-PARTS.HU\",\"description\":\"\",\"publisher\":{\"@id\":\"https:\/\/v3.atv-parts.hu\/#organization\"},\"potentialAction\":[{\"@type\":\"SearchAction\",\"target\":{\"@type\":\"EntryPoint\",\"urlTemplate\":\"https:\/\/v3.atv-parts.hu\/?s={search_term_string}\"},\"query-input\":\"required name=search_term_string\"}],\"inLanguage\":\"hu\"},{\"@type\":\"Organization\",\"@id\":\"https:\/\/v3.atv-parts.hu\/#organization\",\"name\":\"V3 ATV-PARTS.HU\",\"url\":\"https:\/\/v3.atv-parts.hu\/\",\"logo\":{\"@type\":\"ImageObject\",\"inLanguage\":\"hu\",\"@id\":\"https:\/\/v3.atv-parts.hu\/#\/schema\/logo\/image\/\",\"url\":\"https:\/\/v3.atv-parts.hu\/wp-content\/uploads\/2021\/02\/cropped-cropped-atvlogo-1-1-1.png\",\"contentUrl\":\"https:\/\/v3.atv-parts.hu\/wp-content\/uploads\/2021\/02\/cropped-cropped-atvlogo-1-1-1.png\",\"width\":267,\"height\":160,\"caption\":\"V3 ATV-PARTS.HU\"},\"image\":{\"@id\":\"https:\/\/v3.atv-parts.hu\/#\/schema\/logo\/image\/\"},\"sameAs\":[\"https:\/\/www.facebook.com\/atvpartsHU\"]}]}<\/script>\n<meta property=\"product:price:amount\" content=\"11239.50\" \/>\n<meta property=\"product:price:currency\" content=\"HUF\" \/>\n<meta property=\"og:availability\" content=\"out of stock\" \/>\n<meta property=\"product:availability\" content=\"out of stock\" \/>\n<meta property=\"product:retailer_item_id\" content=\"TMT-104\" \/>\n<meta property=\"product:condition\" content=\"new\" \/>\n<!-- \/ Yoast SEO Premium plugin. -->","yoast_head_json":{"title":"TOURMAX H\u0170T\u0150 TERMOSZT\u00c1T HONDA CBR 250R '11-16, 300R '15-16, CRF 250L '13-15, SH 125\/150\/300, NES 125\/150, NSS 250\/300 (MADE IN JAPAN) - V3 ATV-PARTS.HU","robots":{"index":"index","follow":"follow","max-snippet":"max-snippet:-1","max-image-preview":"max-image-preview:large","max-video-preview":"max-video-preview:-1"},"canonical":"https:\/\/v3.atv-parts.hu\/index.php\/termek\/tourmax-huto-termosztat-honda-cbr-250r-11-16-300r-15-16-crf-250l-13-15-sh-125-150-300-nes-125-150-nss-250-300-made-in-japan\/","og_locale":"hu_HU","og_type":"article","og_title":"TOURMAX H\u0170T\u0150 TERMOSZT\u00c1T HONDA CBR 250R '11-16, 300R '15-16, CRF 250L '13-15, SH 125\/150\/300, NES 125\/150, NSS 250\/300 (MADE IN JAPAN)","og_description":"TOURMAX H\u0170T\u0150 TERMOSZT\u00c1T HONDA CBR 250R '11-16, 300R '15-16, CRF 250L '13-15, SH 125\/150\/300, NES 125\/150, NSS 250\/300 (MADE IN JAPAN)","og_url":"https:\/\/v3.atv-parts.hu\/index.php\/termek\/tourmax-huto-termosztat-honda-cbr-250r-11-16-300r-15-16-crf-250l-13-15-sh-125-150-300-nes-125-150-nss-250-300-made-in-japan\/","og_site_name":"V3 ATV-PARTS.HU","article_publisher":"https:\/\/www.facebook.com\/atvpartsHU","article_modified_time":"2024-05-03T13:05:04+00:00","og_image":[{"width":960,"height":988,"url":"https:\/\/v3.atv-parts.hu\/wp-content\/uploads\/2024\/04\/tourmax-termostat-chlodnicy-honda-cbr-250r-11-16.jpg","type":"image\/jpeg"}],"twitter_card":"summary_large_image","twitter_misc":{"\u00c1r":"11239,50&nbsp;&#70;&#116; \u00c1F\u00c1-val","El\u00e9rhet\u0151s\u00e9g":"Nincs k\u00e9szleten"},"schema":{"@context":"https:\/\/schema.org","@graph":[{"@type":"WebPage","@id":"https:\/\/v3.atv-parts.hu\/index.php\/termek\/tourmax-huto-termosztat-honda-cbr-250r-11-16-300r-15-16-crf-250l-13-15-sh-125-150-300-nes-125-150-nss-250-300-made-in-japan\/","url":"https:\/\/v3.atv-parts.hu\/index.php\/termek\/tourmax-huto-termosztat-honda-cbr-250r-11-16-300r-15-16-crf-250l-13-15-sh-125-150-300-nes-125-150-nss-250-300-made-in-japan\/","name":"TOURMAX H\u0170T\u0150 TERMOSZT\u00c1T HONDA CBR 250R '11-16, 300R '15-16, CRF 250L '13-15, SH 125\/150\/300, NES 125\/150, NSS 250\/300 (MADE IN JAPAN) - V3 ATV-PARTS.HU","isPartOf":{"@id":"https:\/\/v3.atv-parts.hu\/#website"},"primaryImageOfPage":{"@id":"https:\/\/v3.atv-parts.hu\/index.php\/termek\/tourmax-huto-termosztat-honda-cbr-250r-11-16-300r-15-16-crf-250l-13-15-sh-125-150-300-nes-125-150-nss-250-300-made-in-japan\/#primaryimage"},"image":{"@id":"https:\/\/v3.atv-parts.hu\/index.php\/termek\/tourmax-huto-termosztat-honda-cbr-250r-11-16-300r-15-16-crf-250l-13-15-sh-125-150-300-nes-125-150-nss-250-300-made-in-japan\/#primaryimage"},"thumbnailUrl":"https:\/\/v3.atv-parts.hu\/wp-content\/uploads\/2024\/04\/tourmax-termostat-chlodnicy-honda-cbr-250r-11-16.jpg","datePublished":"2024-04-03T13:18:39+00:00","dateModified":"2024-05-03T13:05:04+00:00","breadcrumb":{"@id":"https:\/\/v3.atv-parts.hu\/index.php\/termek\/tourmax-huto-termosztat-honda-cbr-250r-11-16-300r-15-16-crf-250l-13-15-sh-125-150-300-nes-125-150-nss-250-300-made-in-japan\/#breadcrumb"},"inLanguage":"hu","potentialAction":[{"@type":"ReadAction","target":["https:\/\/v3.atv-parts.hu\/index.php\/termek\/tourmax-huto-termosztat-honda-cbr-250r-11-16-300r-15-16-crf-250l-13-15-sh-125-150-300-nes-125-150-nss-250-300-made-in-japan\/"]}]},{"@type":"ImageObject","inLanguage":"hu","@id":"https:\/\/v3.atv-parts.hu\/index.php\/termek\/tourmax-huto-termosztat-honda-cbr-250r-11-16-300r-15-16-crf-250l-13-15-sh-125-150-300-nes-125-150-nss-250-300-made-in-japan\/#primaryimage","url":"https:\/\/v3.atv-parts.hu\/wp-content\/uploads\/2024\/04\/tourmax-termostat-chlodnicy-honda-cbr-250r-11-16.jpg","contentUrl":"https:\/\/v3.atv-parts.hu\/wp-content\/uploads\/2024\/04\/tourmax-termostat-chlodnicy-honda-cbr-250r-11-16.jpg","width":960,"height":988},{"@type":"BreadcrumbList","@id":"https:\/\/v3.atv-parts.hu\/index.php\/termek\/tourmax-huto-termosztat-honda-cbr-250r-11-16-300r-15-16-crf-250l-13-15-sh-125-150-300-nes-125-150-nss-250-300-made-in-japan\/#breadcrumb","itemListElement":[{"@type":"ListItem","position":1,"name":"Kezd\u0151lap","item":"https:\/\/v3.atv-parts.hu\/"},{"@type":"ListItem","position":2,"name":"Bolt","item":"https:\/\/v3.atv-parts.hu\/index.php\/bolt\/"},{"@type":"ListItem","position":3,"name":"TOURMAX H\u0170T\u0150 TERMOSZT\u00c1T HONDA CBR 250R &#8217;11-16, 300R &#8217;15-16, CRF 250L &#8217;13-15, SH 125\/150\/300, NES 125\/150, NSS 250\/300 (MADE IN JAPAN)"}]},{"@type":"WebSite","@id":"https:\/\/v3.atv-parts.hu\/#website","url":"https:\/\/v3.atv-parts.hu\/","name":"V3 ATV-PARTS.HU","description":"","publisher":{"@id":"https:\/\/v3.atv-parts.hu\/#organization"},"potentialAction":[{"@type":"SearchAction","target":{"@type":"EntryPoint","urlTemplate":"https:\/\/v3.atv-parts.hu\/?s={search_term_string}"},"query-input":"required name=search_term_string"}],"inLanguage":"hu"},{"@type":"Organization","@id":"https:\/\/v3.atv-parts.hu\/#organization","name":"V3 ATV-PARTS.HU","url":"https:\/\/v3.atv-parts.hu\/","logo":{"@type":"ImageObject","inLanguage":"hu","@id":"https:\/\/v3.atv-parts.hu\/#\/schema\/logo\/image\/","url":"https:\/\/v3.atv-parts.hu\/wp-content\/uploads\/2021\/02\/cropped-cropped-atvlogo-1-1-1.png","contentUrl":"https:\/\/v3.atv-parts.hu\/wp-content\/uploads\/2021\/02\/cropped-cropped-atvlogo-1-1-1.png","width":267,"height":160,"caption":"V3 ATV-PARTS.HU"},"image":{"@id":"https:\/\/v3.atv-parts.hu\/#\/schema\/logo\/image\/"},"sameAs":["https:\/\/www.facebook.com\/atvpartsHU"]}]},"product_price_amount":"11239.50","product_price_currency":"HUF","og_availability":"out of stock","product_availability":"out of stock","product_retailer_item_id":"TMT-104","product_condition":"new"},"_links":{"self":[{"href":"https:\/\/v3.atv-parts.hu\/index.php\/wp-json\/wp\/v2\/product\/94930","targetHints":{"allow":["GET"]}}],"collection":[{"href":"https:\/\/v3.atv-parts.hu\/index.php\/wp-json\/wp\/v2\/product"}],"about":[{"href":"https:\/\/v3.atv-parts.hu\/index.php\/wp-json\/wp\/v2\/types\/product"}],"replies":[{"embeddable":true,"href":"https:\/\/v3.atv-parts.hu\/index.php\/wp-json\/wp\/v2\/comments?post=94930"}],"wp:featuredmedia":[{"embeddable":true,"href":"https:\/\/v3.atv-parts.hu\/index.php\/wp-json\/wp\/v2\/media\/94931"}],"wp:attachment":[{"href":"https:\/\/v3.atv-parts.hu\/index.php\/wp-json\/wp\/v2\/media?parent=94930"}],"wp:term":[{"taxonomy":"product_cat","embeddable":true,"href":"https:\/\/v3.atv-parts.hu\/index.php\/wp-json\/wp\/v2\/product_cat?post=94930"},{"taxonomy":"product_tag","embeddable":true,"href":"https:\/\/v3.atv-parts.hu\/index.php\/wp-json\/wp\/v2\/product_tag?post=94930"}],"curies":[{"name":"wp","href":"https:\/\/api.w.org\/{rel}","templated":true}]}}