{"id":97126,"date":"2024-04-03T16:22:03","date_gmt":"2024-04-03T14:22:03","guid":{"rendered":"https:\/\/v3.atv-parts.hu\/index.php\/termek\/leatt-2022-clearance-sale-mtb-bike-sisak-allmtn-1-0-v22-sisak-dusk-szinu-kek-meret-l-59-63-cm\/"},"modified":"2024-05-03T15:39:58","modified_gmt":"2024-05-03T13:39:58","slug":"leatt-2022-clearance-sale-mtb-bike-sisak-allmtn-1-0-v22-sisak-dusk-szinu-kek-meret-l-59-63-cm","status":"publish","type":"product","link":"https:\/\/v3.atv-parts.hu\/index.php\/termek\/leatt-2022-clearance-sale-mtb-bike-sisak-allmtn-1-0-v22-sisak-dusk-szinu-kek-meret-l-59-63-cm\/","title":{"rendered":"LEATT  (2022 CLEARANCE SALE) MTB BIKE SISAK ALLMTN 1.0 V22 SISAK DUSK SZ\u00cdN\u0170 K\u00c9K M\u00c9RET L (59-63 cm)"},"content":{"rendered":"<p>LEATT  (2022 CLEARANCE SALE) MTB BIKE SISAK ALLMTN 1.0 V22 SISAK DUSK SZ\u00cdN\u0170 K\u00c9K M\u00c9RET L (59-63 cm)<\/p>\n<p>EAN: 6009699105274<\/p>\n<p>SKU: 1022070692<\/p>\n","protected":false},"excerpt":{"rendered":"<p>LEATT  (2022 CLEARANCE SALE) MTB BIKE SISAK ALLMTN 1.0 V22 SISAK DUSK SZ\u00cdN\u0170 K\u00c9K M\u00c9RET L (59-63 cm)<\/p>\n","protected":false},"featured_media":97125,"comment_status":"closed","ping_status":"open","template":"","meta":{"_monsterinsights_skip_tracking":false,"_monsterinsights_sitenote_active":false,"_monsterinsights_sitenote_note":"","_monsterinsights_sitenote_category":0},"product_cat":[524,1013,525],"product_tag":[],"class_list":{"0":"post-97126","1":"product","2":"type-product","3":"status-publish","4":"has-post-thumbnail","6":"product_cat-kerekpar","7":"product_cat-kerekpar-sisakok","8":"product_cat-leatt-kerekpar","9":"pa_marka-leatt","11":"first","12":"instock","13":"taxable","14":"shipping-taxable","15":"purchasable","16":"product-type-simple"},"yoast_head":"<!-- This site is optimized with the Yoast SEO Premium plugin v22.6 (Yoast SEO v22.6) - https:\/\/yoast.com\/wordpress\/plugins\/seo\/ -->\n<title>LEATT (2022 CLEARANCE SALE) MTB BIKE SISAK ALLMTN 1.0 V22 SISAK DUSK SZ\u00cdN\u0170 K\u00c9K M\u00c9RET L (59-63 cm) - V3 ATV-PARTS.HU<\/title>\n<meta name=\"robots\" content=\"index, follow, max-snippet:-1, max-image-preview:large, max-video-preview:-1\" \/>\n<link rel=\"canonical\" href=\"https:\/\/v3.atv-parts.hu\/index.php\/termek\/leatt-2022-clearance-sale-mtb-bike-sisak-allmtn-1-0-v22-sisak-dusk-szinu-kek-meret-l-59-63-cm\/\" \/>\n<meta property=\"og:locale\" content=\"hu_HU\" \/>\n<meta property=\"og:type\" content=\"article\" \/>\n<meta property=\"og:title\" content=\"LEATT (2022 CLEARANCE SALE) MTB BIKE SISAK ALLMTN 1.0 V22 SISAK DUSK SZ\u00cdN\u0170 K\u00c9K M\u00c9RET L (59-63 cm)\" \/>\n<meta property=\"og:description\" content=\"LEATT (2022 CLEARANCE SALE) MTB BIKE SISAK ALLMTN 1.0 V22 SISAK DUSK SZ\u00cdN\u0170 K\u00c9K M\u00c9RET L (59-63 cm)\" \/>\n<meta property=\"og:url\" content=\"https:\/\/v3.atv-parts.hu\/index.php\/termek\/leatt-2022-clearance-sale-mtb-bike-sisak-allmtn-1-0-v22-sisak-dusk-szinu-kek-meret-l-59-63-cm\/\" \/>\n<meta property=\"og:site_name\" content=\"V3 ATV-PARTS.HU\" \/>\n<meta property=\"article:publisher\" content=\"https:\/\/www.facebook.com\/atvpartsHU\" \/>\n<meta property=\"article:modified_time\" content=\"2024-05-03T13:39:58+00:00\" \/>\n<meta property=\"og:image\" content=\"https:\/\/v3.atv-parts.hu\/wp-content\/uploads\/2024\/04\/leatt-nowy-kod-2022-kask-rowerowy-mtb-allmtn-1-0.jpg\" \/>\n\t<meta property=\"og:image:width\" content=\"1300\" \/>\n\t<meta property=\"og:image:height\" content=\"1300\" \/>\n\t<meta property=\"og:image:type\" content=\"image\/jpeg\" \/>\n<meta name=\"twitter:card\" content=\"summary_large_image\" \/>\n<meta name=\"twitter:label1\" content=\"\u00c1r\" \/>\n\t<meta name=\"twitter:data1\" content=\"23906,48&nbsp;&#70;&#116; \u00c1F\u00c1-val\" \/>\n\t<meta name=\"twitter:label2\" content=\"El\u00e9rhet\u0151s\u00e9g\" \/>\n\t<meta name=\"twitter:data2\" content=\"K\u00e9szleten\" \/>\n<script type=\"application\/ld+json\" class=\"yoast-schema-graph\">{\"@context\":\"https:\/\/schema.org\",\"@graph\":[{\"@type\":\"WebPage\",\"@id\":\"https:\/\/v3.atv-parts.hu\/index.php\/termek\/leatt-2022-clearance-sale-mtb-bike-sisak-allmtn-1-0-v22-sisak-dusk-szinu-kek-meret-l-59-63-cm\/\",\"url\":\"https:\/\/v3.atv-parts.hu\/index.php\/termek\/leatt-2022-clearance-sale-mtb-bike-sisak-allmtn-1-0-v22-sisak-dusk-szinu-kek-meret-l-59-63-cm\/\",\"name\":\"LEATT (2022 CLEARANCE SALE) MTB BIKE SISAK ALLMTN 1.0 V22 SISAK DUSK SZ\u00cdN\u0170 K\u00c9K M\u00c9RET L (59-63 cm) - V3 ATV-PARTS.HU\",\"isPartOf\":{\"@id\":\"https:\/\/v3.atv-parts.hu\/#website\"},\"primaryImageOfPage\":{\"@id\":\"https:\/\/v3.atv-parts.hu\/index.php\/termek\/leatt-2022-clearance-sale-mtb-bike-sisak-allmtn-1-0-v22-sisak-dusk-szinu-kek-meret-l-59-63-cm\/#primaryimage\"},\"image\":{\"@id\":\"https:\/\/v3.atv-parts.hu\/index.php\/termek\/leatt-2022-clearance-sale-mtb-bike-sisak-allmtn-1-0-v22-sisak-dusk-szinu-kek-meret-l-59-63-cm\/#primaryimage\"},\"thumbnailUrl\":\"https:\/\/v3.atv-parts.hu\/wp-content\/uploads\/2024\/04\/leatt-nowy-kod-2022-kask-rowerowy-mtb-allmtn-1-0.jpg\",\"datePublished\":\"2024-04-03T14:22:03+00:00\",\"dateModified\":\"2024-05-03T13:39:58+00:00\",\"breadcrumb\":{\"@id\":\"https:\/\/v3.atv-parts.hu\/index.php\/termek\/leatt-2022-clearance-sale-mtb-bike-sisak-allmtn-1-0-v22-sisak-dusk-szinu-kek-meret-l-59-63-cm\/#breadcrumb\"},\"inLanguage\":\"hu\",\"potentialAction\":[{\"@type\":\"ReadAction\",\"target\":[\"https:\/\/v3.atv-parts.hu\/index.php\/termek\/leatt-2022-clearance-sale-mtb-bike-sisak-allmtn-1-0-v22-sisak-dusk-szinu-kek-meret-l-59-63-cm\/\"]}]},{\"@type\":\"ImageObject\",\"inLanguage\":\"hu\",\"@id\":\"https:\/\/v3.atv-parts.hu\/index.php\/termek\/leatt-2022-clearance-sale-mtb-bike-sisak-allmtn-1-0-v22-sisak-dusk-szinu-kek-meret-l-59-63-cm\/#primaryimage\",\"url\":\"https:\/\/v3.atv-parts.hu\/wp-content\/uploads\/2024\/04\/leatt-nowy-kod-2022-kask-rowerowy-mtb-allmtn-1-0.jpg\",\"contentUrl\":\"https:\/\/v3.atv-parts.hu\/wp-content\/uploads\/2024\/04\/leatt-nowy-kod-2022-kask-rowerowy-mtb-allmtn-1-0.jpg\",\"width\":1300,\"height\":1300},{\"@type\":\"BreadcrumbList\",\"@id\":\"https:\/\/v3.atv-parts.hu\/index.php\/termek\/leatt-2022-clearance-sale-mtb-bike-sisak-allmtn-1-0-v22-sisak-dusk-szinu-kek-meret-l-59-63-cm\/#breadcrumb\",\"itemListElement\":[{\"@type\":\"ListItem\",\"position\":1,\"name\":\"Kezd\u0151lap\",\"item\":\"https:\/\/v3.atv-parts.hu\/\"},{\"@type\":\"ListItem\",\"position\":2,\"name\":\"Bolt\",\"item\":\"https:\/\/v3.atv-parts.hu\/index.php\/bolt\/\"},{\"@type\":\"ListItem\",\"position\":3,\"name\":\"LEATT (2022 CLEARANCE SALE) MTB BIKE SISAK ALLMTN 1.0 V22 SISAK DUSK SZ\u00cdN\u0170 K\u00c9K M\u00c9RET L (59-63 cm)\"}]},{\"@type\":\"WebSite\",\"@id\":\"https:\/\/v3.atv-parts.hu\/#website\",\"url\":\"https:\/\/v3.atv-parts.hu\/\",\"name\":\"V3 ATV-PARTS.HU\",\"description\":\"\",\"publisher\":{\"@id\":\"https:\/\/v3.atv-parts.hu\/#organization\"},\"potentialAction\":[{\"@type\":\"SearchAction\",\"target\":{\"@type\":\"EntryPoint\",\"urlTemplate\":\"https:\/\/v3.atv-parts.hu\/?s={search_term_string}\"},\"query-input\":\"required name=search_term_string\"}],\"inLanguage\":\"hu\"},{\"@type\":\"Organization\",\"@id\":\"https:\/\/v3.atv-parts.hu\/#organization\",\"name\":\"V3 ATV-PARTS.HU\",\"url\":\"https:\/\/v3.atv-parts.hu\/\",\"logo\":{\"@type\":\"ImageObject\",\"inLanguage\":\"hu\",\"@id\":\"https:\/\/v3.atv-parts.hu\/#\/schema\/logo\/image\/\",\"url\":\"https:\/\/v3.atv-parts.hu\/wp-content\/uploads\/2021\/02\/cropped-cropped-atvlogo-1-1-1.png\",\"contentUrl\":\"https:\/\/v3.atv-parts.hu\/wp-content\/uploads\/2021\/02\/cropped-cropped-atvlogo-1-1-1.png\",\"width\":267,\"height\":160,\"caption\":\"V3 ATV-PARTS.HU\"},\"image\":{\"@id\":\"https:\/\/v3.atv-parts.hu\/#\/schema\/logo\/image\/\"},\"sameAs\":[\"https:\/\/www.facebook.com\/atvpartsHU\"]}]}<\/script>\n<meta property=\"product:price:amount\" content=\"23906.48\" \/>\n<meta property=\"product:price:currency\" content=\"HUF\" \/>\n<meta property=\"og:availability\" content=\"instock\" \/>\n<meta property=\"product:availability\" content=\"instock\" \/>\n<meta property=\"product:retailer_item_id\" content=\"1022070692\" \/>\n<meta property=\"product:condition\" content=\"new\" \/>\n<!-- \/ Yoast SEO Premium plugin. -->","yoast_head_json":{"title":"LEATT (2022 CLEARANCE SALE) MTB BIKE SISAK ALLMTN 1.0 V22 SISAK DUSK SZ\u00cdN\u0170 K\u00c9K M\u00c9RET L (59-63 cm) - V3 ATV-PARTS.HU","robots":{"index":"index","follow":"follow","max-snippet":"max-snippet:-1","max-image-preview":"max-image-preview:large","max-video-preview":"max-video-preview:-1"},"canonical":"https:\/\/v3.atv-parts.hu\/index.php\/termek\/leatt-2022-clearance-sale-mtb-bike-sisak-allmtn-1-0-v22-sisak-dusk-szinu-kek-meret-l-59-63-cm\/","og_locale":"hu_HU","og_type":"article","og_title":"LEATT (2022 CLEARANCE SALE) MTB BIKE SISAK ALLMTN 1.0 V22 SISAK DUSK SZ\u00cdN\u0170 K\u00c9K M\u00c9RET L (59-63 cm)","og_description":"LEATT (2022 CLEARANCE SALE) MTB BIKE SISAK ALLMTN 1.0 V22 SISAK DUSK SZ\u00cdN\u0170 K\u00c9K M\u00c9RET L (59-63 cm)","og_url":"https:\/\/v3.atv-parts.hu\/index.php\/termek\/leatt-2022-clearance-sale-mtb-bike-sisak-allmtn-1-0-v22-sisak-dusk-szinu-kek-meret-l-59-63-cm\/","og_site_name":"V3 ATV-PARTS.HU","article_publisher":"https:\/\/www.facebook.com\/atvpartsHU","article_modified_time":"2024-05-03T13:39:58+00:00","og_image":[{"width":1300,"height":1300,"url":"https:\/\/v3.atv-parts.hu\/wp-content\/uploads\/2024\/04\/leatt-nowy-kod-2022-kask-rowerowy-mtb-allmtn-1-0.jpg","type":"image\/jpeg"}],"twitter_card":"summary_large_image","twitter_misc":{"\u00c1r":"23906,48&nbsp;&#70;&#116; \u00c1F\u00c1-val","El\u00e9rhet\u0151s\u00e9g":"K\u00e9szleten"},"schema":{"@context":"https:\/\/schema.org","@graph":[{"@type":"WebPage","@id":"https:\/\/v3.atv-parts.hu\/index.php\/termek\/leatt-2022-clearance-sale-mtb-bike-sisak-allmtn-1-0-v22-sisak-dusk-szinu-kek-meret-l-59-63-cm\/","url":"https:\/\/v3.atv-parts.hu\/index.php\/termek\/leatt-2022-clearance-sale-mtb-bike-sisak-allmtn-1-0-v22-sisak-dusk-szinu-kek-meret-l-59-63-cm\/","name":"LEATT (2022 CLEARANCE SALE) MTB BIKE SISAK ALLMTN 1.0 V22 SISAK DUSK SZ\u00cdN\u0170 K\u00c9K M\u00c9RET L (59-63 cm) - V3 ATV-PARTS.HU","isPartOf":{"@id":"https:\/\/v3.atv-parts.hu\/#website"},"primaryImageOfPage":{"@id":"https:\/\/v3.atv-parts.hu\/index.php\/termek\/leatt-2022-clearance-sale-mtb-bike-sisak-allmtn-1-0-v22-sisak-dusk-szinu-kek-meret-l-59-63-cm\/#primaryimage"},"image":{"@id":"https:\/\/v3.atv-parts.hu\/index.php\/termek\/leatt-2022-clearance-sale-mtb-bike-sisak-allmtn-1-0-v22-sisak-dusk-szinu-kek-meret-l-59-63-cm\/#primaryimage"},"thumbnailUrl":"https:\/\/v3.atv-parts.hu\/wp-content\/uploads\/2024\/04\/leatt-nowy-kod-2022-kask-rowerowy-mtb-allmtn-1-0.jpg","datePublished":"2024-04-03T14:22:03+00:00","dateModified":"2024-05-03T13:39:58+00:00","breadcrumb":{"@id":"https:\/\/v3.atv-parts.hu\/index.php\/termek\/leatt-2022-clearance-sale-mtb-bike-sisak-allmtn-1-0-v22-sisak-dusk-szinu-kek-meret-l-59-63-cm\/#breadcrumb"},"inLanguage":"hu","potentialAction":[{"@type":"ReadAction","target":["https:\/\/v3.atv-parts.hu\/index.php\/termek\/leatt-2022-clearance-sale-mtb-bike-sisak-allmtn-1-0-v22-sisak-dusk-szinu-kek-meret-l-59-63-cm\/"]}]},{"@type":"ImageObject","inLanguage":"hu","@id":"https:\/\/v3.atv-parts.hu\/index.php\/termek\/leatt-2022-clearance-sale-mtb-bike-sisak-allmtn-1-0-v22-sisak-dusk-szinu-kek-meret-l-59-63-cm\/#primaryimage","url":"https:\/\/v3.atv-parts.hu\/wp-content\/uploads\/2024\/04\/leatt-nowy-kod-2022-kask-rowerowy-mtb-allmtn-1-0.jpg","contentUrl":"https:\/\/v3.atv-parts.hu\/wp-content\/uploads\/2024\/04\/leatt-nowy-kod-2022-kask-rowerowy-mtb-allmtn-1-0.jpg","width":1300,"height":1300},{"@type":"BreadcrumbList","@id":"https:\/\/v3.atv-parts.hu\/index.php\/termek\/leatt-2022-clearance-sale-mtb-bike-sisak-allmtn-1-0-v22-sisak-dusk-szinu-kek-meret-l-59-63-cm\/#breadcrumb","itemListElement":[{"@type":"ListItem","position":1,"name":"Kezd\u0151lap","item":"https:\/\/v3.atv-parts.hu\/"},{"@type":"ListItem","position":2,"name":"Bolt","item":"https:\/\/v3.atv-parts.hu\/index.php\/bolt\/"},{"@type":"ListItem","position":3,"name":"LEATT (2022 CLEARANCE SALE) MTB BIKE SISAK ALLMTN 1.0 V22 SISAK DUSK SZ\u00cdN\u0170 K\u00c9K M\u00c9RET L (59-63 cm)"}]},{"@type":"WebSite","@id":"https:\/\/v3.atv-parts.hu\/#website","url":"https:\/\/v3.atv-parts.hu\/","name":"V3 ATV-PARTS.HU","description":"","publisher":{"@id":"https:\/\/v3.atv-parts.hu\/#organization"},"potentialAction":[{"@type":"SearchAction","target":{"@type":"EntryPoint","urlTemplate":"https:\/\/v3.atv-parts.hu\/?s={search_term_string}"},"query-input":"required name=search_term_string"}],"inLanguage":"hu"},{"@type":"Organization","@id":"https:\/\/v3.atv-parts.hu\/#organization","name":"V3 ATV-PARTS.HU","url":"https:\/\/v3.atv-parts.hu\/","logo":{"@type":"ImageObject","inLanguage":"hu","@id":"https:\/\/v3.atv-parts.hu\/#\/schema\/logo\/image\/","url":"https:\/\/v3.atv-parts.hu\/wp-content\/uploads\/2021\/02\/cropped-cropped-atvlogo-1-1-1.png","contentUrl":"https:\/\/v3.atv-parts.hu\/wp-content\/uploads\/2021\/02\/cropped-cropped-atvlogo-1-1-1.png","width":267,"height":160,"caption":"V3 ATV-PARTS.HU"},"image":{"@id":"https:\/\/v3.atv-parts.hu\/#\/schema\/logo\/image\/"},"sameAs":["https:\/\/www.facebook.com\/atvpartsHU"]}]},"product_price_amount":"23906.48","product_price_currency":"HUF","og_availability":"instock","product_availability":"instock","product_retailer_item_id":"1022070692","product_condition":"new"},"_links":{"self":[{"href":"https:\/\/v3.atv-parts.hu\/index.php\/wp-json\/wp\/v2\/product\/97126","targetHints":{"allow":["GET"]}}],"collection":[{"href":"https:\/\/v3.atv-parts.hu\/index.php\/wp-json\/wp\/v2\/product"}],"about":[{"href":"https:\/\/v3.atv-parts.hu\/index.php\/wp-json\/wp\/v2\/types\/product"}],"replies":[{"embeddable":true,"href":"https:\/\/v3.atv-parts.hu\/index.php\/wp-json\/wp\/v2\/comments?post=97126"}],"wp:featuredmedia":[{"embeddable":true,"href":"https:\/\/v3.atv-parts.hu\/index.php\/wp-json\/wp\/v2\/media\/97125"}],"wp:attachment":[{"href":"https:\/\/v3.atv-parts.hu\/index.php\/wp-json\/wp\/v2\/media?parent=97126"}],"wp:term":[{"taxonomy":"product_cat","embeddable":true,"href":"https:\/\/v3.atv-parts.hu\/index.php\/wp-json\/wp\/v2\/product_cat?post=97126"},{"taxonomy":"product_tag","embeddable":true,"href":"https:\/\/v3.atv-parts.hu\/index.php\/wp-json\/wp\/v2\/product_tag?post=97126"}],"curies":[{"name":"wp","href":"https:\/\/api.w.org\/{rel}","templated":true}]}}