{"id":9949,"date":"2024-03-26T16:26:28","date_gmt":"2024-03-26T15:26:28","guid":{"rendered":"https:\/\/v3.atv-parts.hu\/index.php\/termek\/crosspro-akcios-burkolat-aluminium-enduro-ec-modell-husqvarna-te250-300-17-18-ktm-exc-250-300-17-18-narancs-szinu-anodizalt\/"},"modified":"2024-05-03T12:48:42","modified_gmt":"2024-05-03T10:48:42","slug":"crosspro-akcios-burkolat-aluminium-enduro-ec-modell-husqvarna-te250-300-17-18-ktm-exc-250-300-17-18-narancs-szinu-anodizalt","status":"publish","type":"product","link":"https:\/\/v3.atv-parts.hu\/index.php\/termek\/crosspro-akcios-burkolat-aluminium-enduro-ec-modell-husqvarna-te250-300-17-18-ktm-exc-250-300-17-18-narancs-szinu-anodizalt\/","title":{"rendered":"CROSSPRO AKCI\u00d3S BURKOLAT ALUM\u00cdNIUM ENDURO EC MODELL: HUSQVARNA TE250 \/ 300 &#8217;17 -&#8217;18, KTM EXC 250\/300 &#8217;17 -&#8217;18 NARANCS SZ\u00cdN\u0170 ANODIZ\u00c1LT"},"content":{"rendered":"<p>CROSSPRO AKCI\u00d3S BURKOLAT ALUM\u00cdNIUM ENDURO EC MODELL: HUSQVARNA TE250 \/ 300 &#8217;17 -&#8217;18, KTM EXC 250\/300 &#8217;17 -&#8217;18 NARANCS SZ\u00cdN\u0170 ANODIZ\u00c1LT<\/p>\n<p>EAN: 5600488168541<\/p>\n<p>SKU: 2CP05901670010<\/p>\n","protected":false},"excerpt":{"rendered":"<p>CROSSPRO AKCI\u00d3S BURKOLAT ALUM\u00cdNIUM ENDURO EC MODELL: HUSQVARNA TE250 \/ 300 &#8217;17 -&#8217;18, KTM EXC 250\/300 &#8217;17 -&#8217;18 NARANCS SZ\u00cdN\u0170 ANODIZ\u00c1LT<\/p>\n","protected":false},"featured_media":9950,"comment_status":"closed","ping_status":"open","template":"","meta":{"_monsterinsights_skip_tracking":false,"_monsterinsights_sitenote_active":false,"_monsterinsights_sitenote_note":"","_monsterinsights_sitenote_category":0},"product_cat":[270,403,402],"product_tag":[156,182],"class_list":{"0":"post-9949","1":"product","2":"type-product","3":"status-publish","4":"has-post-thumbnail","6":"product_cat-karosszeria","7":"product_cat-motor-utkozok","8":"product_cat-utkozok","9":"product_tag-atv","10":"product_tag-ktm","11":"pa_marka-crosspro","13":"first","14":"instock","15":"taxable","16":"shipping-taxable","17":"purchasable","18":"product-type-simple"},"yoast_head":"<!-- This site is optimized with the Yoast SEO Premium plugin v22.6 (Yoast SEO v22.6) - https:\/\/yoast.com\/wordpress\/plugins\/seo\/ -->\n<title>CROSSPRO AKCI\u00d3S BURKOLAT ALUM\u00cdNIUM ENDURO EC MODELL: HUSQVARNA TE250 \/ 300 &#039;17 -&#039;18, KTM EXC 250\/300 &#039;17 -&#039;18 NARANCS SZ\u00cdN\u0170 ANODIZ\u00c1LT - V3 ATV-PARTS.HU<\/title>\n<meta name=\"robots\" content=\"index, follow, max-snippet:-1, max-image-preview:large, max-video-preview:-1\" \/>\n<link rel=\"canonical\" href=\"https:\/\/v3.atv-parts.hu\/index.php\/termek\/crosspro-akcios-burkolat-aluminium-enduro-ec-modell-husqvarna-te250-300-17-18-ktm-exc-250-300-17-18-narancs-szinu-anodizalt\/\" \/>\n<meta property=\"og:locale\" content=\"hu_HU\" \/>\n<meta property=\"og:type\" content=\"article\" \/>\n<meta property=\"og:title\" content=\"CROSSPRO AKCI\u00d3S BURKOLAT ALUM\u00cdNIUM ENDURO EC MODELL: HUSQVARNA TE250 \/ 300 &#039;17 -&#039;18, KTM EXC 250\/300 &#039;17 -&#039;18 NARANCS SZ\u00cdN\u0170 ANODIZ\u00c1LT\" \/>\n<meta property=\"og:description\" content=\"CROSSPRO AKCI\u00d3S BURKOLAT ALUM\u00cdNIUM ENDURO EC MODELL: HUSQVARNA TE250 \/ 300 &#039;17 -&#039;18, KTM EXC 250\/300 &#039;17 -&#039;18 NARANCS SZ\u00cdN\u0170 ANODIZ\u00c1LT\" \/>\n<meta property=\"og:url\" content=\"https:\/\/v3.atv-parts.hu\/index.php\/termek\/crosspro-akcios-burkolat-aluminium-enduro-ec-modell-husqvarna-te250-300-17-18-ktm-exc-250-300-17-18-narancs-szinu-anodizalt\/\" \/>\n<meta property=\"og:site_name\" content=\"V3 ATV-PARTS.HU\" \/>\n<meta property=\"article:publisher\" content=\"https:\/\/www.facebook.com\/atvpartsHU\" \/>\n<meta property=\"article:modified_time\" content=\"2024-05-03T10:48:42+00:00\" \/>\n<meta property=\"og:image\" content=\"https:\/\/v3.atv-parts.hu\/wp-content\/uploads\/2024\/03\/crosspro-oslona-silnika-aluminiowa-enduro-model-ec.jpg\" \/>\n\t<meta property=\"og:image:width\" content=\"1400\" \/>\n\t<meta property=\"og:image:height\" content=\"930\" \/>\n\t<meta property=\"og:image:type\" content=\"image\/jpeg\" \/>\n<meta name=\"twitter:card\" content=\"summary_large_image\" \/>\n<meta name=\"twitter:label1\" content=\"\u00c1r\" \/>\n\t<meta name=\"twitter:data1\" content=\"29028,39&nbsp;&#70;&#116; \u00c1F\u00c1-val\" \/>\n\t<meta name=\"twitter:label2\" content=\"El\u00e9rhet\u0151s\u00e9g\" \/>\n\t<meta name=\"twitter:data2\" content=\"K\u00e9szleten\" \/>\n<script type=\"application\/ld+json\" class=\"yoast-schema-graph\">{\"@context\":\"https:\/\/schema.org\",\"@graph\":[{\"@type\":\"WebPage\",\"@id\":\"https:\/\/v3.atv-parts.hu\/index.php\/termek\/crosspro-akcios-burkolat-aluminium-enduro-ec-modell-husqvarna-te250-300-17-18-ktm-exc-250-300-17-18-narancs-szinu-anodizalt\/\",\"url\":\"https:\/\/v3.atv-parts.hu\/index.php\/termek\/crosspro-akcios-burkolat-aluminium-enduro-ec-modell-husqvarna-te250-300-17-18-ktm-exc-250-300-17-18-narancs-szinu-anodizalt\/\",\"name\":\"CROSSPRO AKCI\u00d3S BURKOLAT ALUM\u00cdNIUM ENDURO EC MODELL: HUSQVARNA TE250 \/ 300 '17 -'18, KTM EXC 250\/300 '17 -'18 NARANCS SZ\u00cdN\u0170 ANODIZ\u00c1LT - V3 ATV-PARTS.HU\",\"isPartOf\":{\"@id\":\"https:\/\/v3.atv-parts.hu\/#website\"},\"primaryImageOfPage\":{\"@id\":\"https:\/\/v3.atv-parts.hu\/index.php\/termek\/crosspro-akcios-burkolat-aluminium-enduro-ec-modell-husqvarna-te250-300-17-18-ktm-exc-250-300-17-18-narancs-szinu-anodizalt\/#primaryimage\"},\"image\":{\"@id\":\"https:\/\/v3.atv-parts.hu\/index.php\/termek\/crosspro-akcios-burkolat-aluminium-enduro-ec-modell-husqvarna-te250-300-17-18-ktm-exc-250-300-17-18-narancs-szinu-anodizalt\/#primaryimage\"},\"thumbnailUrl\":\"https:\/\/v3.atv-parts.hu\/wp-content\/uploads\/2024\/03\/crosspro-oslona-silnika-aluminiowa-enduro-model-ec.jpg\",\"datePublished\":\"2024-03-26T15:26:28+00:00\",\"dateModified\":\"2024-05-03T10:48:42+00:00\",\"breadcrumb\":{\"@id\":\"https:\/\/v3.atv-parts.hu\/index.php\/termek\/crosspro-akcios-burkolat-aluminium-enduro-ec-modell-husqvarna-te250-300-17-18-ktm-exc-250-300-17-18-narancs-szinu-anodizalt\/#breadcrumb\"},\"inLanguage\":\"hu\",\"potentialAction\":[{\"@type\":\"ReadAction\",\"target\":[\"https:\/\/v3.atv-parts.hu\/index.php\/termek\/crosspro-akcios-burkolat-aluminium-enduro-ec-modell-husqvarna-te250-300-17-18-ktm-exc-250-300-17-18-narancs-szinu-anodizalt\/\"]}]},{\"@type\":\"ImageObject\",\"inLanguage\":\"hu\",\"@id\":\"https:\/\/v3.atv-parts.hu\/index.php\/termek\/crosspro-akcios-burkolat-aluminium-enduro-ec-modell-husqvarna-te250-300-17-18-ktm-exc-250-300-17-18-narancs-szinu-anodizalt\/#primaryimage\",\"url\":\"https:\/\/v3.atv-parts.hu\/wp-content\/uploads\/2024\/03\/crosspro-oslona-silnika-aluminiowa-enduro-model-ec.jpg\",\"contentUrl\":\"https:\/\/v3.atv-parts.hu\/wp-content\/uploads\/2024\/03\/crosspro-oslona-silnika-aluminiowa-enduro-model-ec.jpg\",\"width\":1400,\"height\":930},{\"@type\":\"BreadcrumbList\",\"@id\":\"https:\/\/v3.atv-parts.hu\/index.php\/termek\/crosspro-akcios-burkolat-aluminium-enduro-ec-modell-husqvarna-te250-300-17-18-ktm-exc-250-300-17-18-narancs-szinu-anodizalt\/#breadcrumb\",\"itemListElement\":[{\"@type\":\"ListItem\",\"position\":1,\"name\":\"Kezd\u0151lap\",\"item\":\"https:\/\/v3.atv-parts.hu\/\"},{\"@type\":\"ListItem\",\"position\":2,\"name\":\"Bolt\",\"item\":\"https:\/\/v3.atv-parts.hu\/index.php\/bolt\/\"},{\"@type\":\"ListItem\",\"position\":3,\"name\":\"CROSSPRO AKCI\u00d3S BURKOLAT ALUM\u00cdNIUM ENDURO EC MODELL: HUSQVARNA TE250 \/ 300 &#8217;17 -&#8217;18, KTM EXC 250\/300 &#8217;17 -&#8217;18 NARANCS SZ\u00cdN\u0170 ANODIZ\u00c1LT\"}]},{\"@type\":\"WebSite\",\"@id\":\"https:\/\/v3.atv-parts.hu\/#website\",\"url\":\"https:\/\/v3.atv-parts.hu\/\",\"name\":\"V3 ATV-PARTS.HU\",\"description\":\"\",\"publisher\":{\"@id\":\"https:\/\/v3.atv-parts.hu\/#organization\"},\"potentialAction\":[{\"@type\":\"SearchAction\",\"target\":{\"@type\":\"EntryPoint\",\"urlTemplate\":\"https:\/\/v3.atv-parts.hu\/?s={search_term_string}\"},\"query-input\":\"required name=search_term_string\"}],\"inLanguage\":\"hu\"},{\"@type\":\"Organization\",\"@id\":\"https:\/\/v3.atv-parts.hu\/#organization\",\"name\":\"V3 ATV-PARTS.HU\",\"url\":\"https:\/\/v3.atv-parts.hu\/\",\"logo\":{\"@type\":\"ImageObject\",\"inLanguage\":\"hu\",\"@id\":\"https:\/\/v3.atv-parts.hu\/#\/schema\/logo\/image\/\",\"url\":\"https:\/\/v3.atv-parts.hu\/wp-content\/uploads\/2021\/02\/cropped-cropped-atvlogo-1-1-1.png\",\"contentUrl\":\"https:\/\/v3.atv-parts.hu\/wp-content\/uploads\/2021\/02\/cropped-cropped-atvlogo-1-1-1.png\",\"width\":267,\"height\":160,\"caption\":\"V3 ATV-PARTS.HU\"},\"image\":{\"@id\":\"https:\/\/v3.atv-parts.hu\/#\/schema\/logo\/image\/\"},\"sameAs\":[\"https:\/\/www.facebook.com\/atvpartsHU\"]}]}<\/script>\n<meta property=\"product:price:amount\" content=\"29028.39\" \/>\n<meta property=\"product:price:currency\" content=\"HUF\" \/>\n<meta property=\"og:availability\" content=\"instock\" \/>\n<meta property=\"product:availability\" content=\"instock\" \/>\n<meta property=\"product:retailer_item_id\" content=\"2CP05901670010\" \/>\n<meta property=\"product:condition\" content=\"new\" \/>\n<!-- \/ Yoast SEO Premium plugin. -->","yoast_head_json":{"title":"CROSSPRO AKCI\u00d3S BURKOLAT ALUM\u00cdNIUM ENDURO EC MODELL: HUSQVARNA TE250 \/ 300 '17 -'18, KTM EXC 250\/300 '17 -'18 NARANCS SZ\u00cdN\u0170 ANODIZ\u00c1LT - V3 ATV-PARTS.HU","robots":{"index":"index","follow":"follow","max-snippet":"max-snippet:-1","max-image-preview":"max-image-preview:large","max-video-preview":"max-video-preview:-1"},"canonical":"https:\/\/v3.atv-parts.hu\/index.php\/termek\/crosspro-akcios-burkolat-aluminium-enduro-ec-modell-husqvarna-te250-300-17-18-ktm-exc-250-300-17-18-narancs-szinu-anodizalt\/","og_locale":"hu_HU","og_type":"article","og_title":"CROSSPRO AKCI\u00d3S BURKOLAT ALUM\u00cdNIUM ENDURO EC MODELL: HUSQVARNA TE250 \/ 300 '17 -'18, KTM EXC 250\/300 '17 -'18 NARANCS SZ\u00cdN\u0170 ANODIZ\u00c1LT","og_description":"CROSSPRO AKCI\u00d3S BURKOLAT ALUM\u00cdNIUM ENDURO EC MODELL: HUSQVARNA TE250 \/ 300 '17 -'18, KTM EXC 250\/300 '17 -'18 NARANCS SZ\u00cdN\u0170 ANODIZ\u00c1LT","og_url":"https:\/\/v3.atv-parts.hu\/index.php\/termek\/crosspro-akcios-burkolat-aluminium-enduro-ec-modell-husqvarna-te250-300-17-18-ktm-exc-250-300-17-18-narancs-szinu-anodizalt\/","og_site_name":"V3 ATV-PARTS.HU","article_publisher":"https:\/\/www.facebook.com\/atvpartsHU","article_modified_time":"2024-05-03T10:48:42+00:00","og_image":[{"width":1400,"height":930,"url":"https:\/\/v3.atv-parts.hu\/wp-content\/uploads\/2024\/03\/crosspro-oslona-silnika-aluminiowa-enduro-model-ec.jpg","type":"image\/jpeg"}],"twitter_card":"summary_large_image","twitter_misc":{"\u00c1r":"29028,39&nbsp;&#70;&#116; \u00c1F\u00c1-val","El\u00e9rhet\u0151s\u00e9g":"K\u00e9szleten"},"schema":{"@context":"https:\/\/schema.org","@graph":[{"@type":"WebPage","@id":"https:\/\/v3.atv-parts.hu\/index.php\/termek\/crosspro-akcios-burkolat-aluminium-enduro-ec-modell-husqvarna-te250-300-17-18-ktm-exc-250-300-17-18-narancs-szinu-anodizalt\/","url":"https:\/\/v3.atv-parts.hu\/index.php\/termek\/crosspro-akcios-burkolat-aluminium-enduro-ec-modell-husqvarna-te250-300-17-18-ktm-exc-250-300-17-18-narancs-szinu-anodizalt\/","name":"CROSSPRO AKCI\u00d3S BURKOLAT ALUM\u00cdNIUM ENDURO EC MODELL: HUSQVARNA TE250 \/ 300 '17 -'18, KTM EXC 250\/300 '17 -'18 NARANCS SZ\u00cdN\u0170 ANODIZ\u00c1LT - V3 ATV-PARTS.HU","isPartOf":{"@id":"https:\/\/v3.atv-parts.hu\/#website"},"primaryImageOfPage":{"@id":"https:\/\/v3.atv-parts.hu\/index.php\/termek\/crosspro-akcios-burkolat-aluminium-enduro-ec-modell-husqvarna-te250-300-17-18-ktm-exc-250-300-17-18-narancs-szinu-anodizalt\/#primaryimage"},"image":{"@id":"https:\/\/v3.atv-parts.hu\/index.php\/termek\/crosspro-akcios-burkolat-aluminium-enduro-ec-modell-husqvarna-te250-300-17-18-ktm-exc-250-300-17-18-narancs-szinu-anodizalt\/#primaryimage"},"thumbnailUrl":"https:\/\/v3.atv-parts.hu\/wp-content\/uploads\/2024\/03\/crosspro-oslona-silnika-aluminiowa-enduro-model-ec.jpg","datePublished":"2024-03-26T15:26:28+00:00","dateModified":"2024-05-03T10:48:42+00:00","breadcrumb":{"@id":"https:\/\/v3.atv-parts.hu\/index.php\/termek\/crosspro-akcios-burkolat-aluminium-enduro-ec-modell-husqvarna-te250-300-17-18-ktm-exc-250-300-17-18-narancs-szinu-anodizalt\/#breadcrumb"},"inLanguage":"hu","potentialAction":[{"@type":"ReadAction","target":["https:\/\/v3.atv-parts.hu\/index.php\/termek\/crosspro-akcios-burkolat-aluminium-enduro-ec-modell-husqvarna-te250-300-17-18-ktm-exc-250-300-17-18-narancs-szinu-anodizalt\/"]}]},{"@type":"ImageObject","inLanguage":"hu","@id":"https:\/\/v3.atv-parts.hu\/index.php\/termek\/crosspro-akcios-burkolat-aluminium-enduro-ec-modell-husqvarna-te250-300-17-18-ktm-exc-250-300-17-18-narancs-szinu-anodizalt\/#primaryimage","url":"https:\/\/v3.atv-parts.hu\/wp-content\/uploads\/2024\/03\/crosspro-oslona-silnika-aluminiowa-enduro-model-ec.jpg","contentUrl":"https:\/\/v3.atv-parts.hu\/wp-content\/uploads\/2024\/03\/crosspro-oslona-silnika-aluminiowa-enduro-model-ec.jpg","width":1400,"height":930},{"@type":"BreadcrumbList","@id":"https:\/\/v3.atv-parts.hu\/index.php\/termek\/crosspro-akcios-burkolat-aluminium-enduro-ec-modell-husqvarna-te250-300-17-18-ktm-exc-250-300-17-18-narancs-szinu-anodizalt\/#breadcrumb","itemListElement":[{"@type":"ListItem","position":1,"name":"Kezd\u0151lap","item":"https:\/\/v3.atv-parts.hu\/"},{"@type":"ListItem","position":2,"name":"Bolt","item":"https:\/\/v3.atv-parts.hu\/index.php\/bolt\/"},{"@type":"ListItem","position":3,"name":"CROSSPRO AKCI\u00d3S BURKOLAT ALUM\u00cdNIUM ENDURO EC MODELL: HUSQVARNA TE250 \/ 300 &#8217;17 -&#8217;18, KTM EXC 250\/300 &#8217;17 -&#8217;18 NARANCS SZ\u00cdN\u0170 ANODIZ\u00c1LT"}]},{"@type":"WebSite","@id":"https:\/\/v3.atv-parts.hu\/#website","url":"https:\/\/v3.atv-parts.hu\/","name":"V3 ATV-PARTS.HU","description":"","publisher":{"@id":"https:\/\/v3.atv-parts.hu\/#organization"},"potentialAction":[{"@type":"SearchAction","target":{"@type":"EntryPoint","urlTemplate":"https:\/\/v3.atv-parts.hu\/?s={search_term_string}"},"query-input":"required name=search_term_string"}],"inLanguage":"hu"},{"@type":"Organization","@id":"https:\/\/v3.atv-parts.hu\/#organization","name":"V3 ATV-PARTS.HU","url":"https:\/\/v3.atv-parts.hu\/","logo":{"@type":"ImageObject","inLanguage":"hu","@id":"https:\/\/v3.atv-parts.hu\/#\/schema\/logo\/image\/","url":"https:\/\/v3.atv-parts.hu\/wp-content\/uploads\/2021\/02\/cropped-cropped-atvlogo-1-1-1.png","contentUrl":"https:\/\/v3.atv-parts.hu\/wp-content\/uploads\/2021\/02\/cropped-cropped-atvlogo-1-1-1.png","width":267,"height":160,"caption":"V3 ATV-PARTS.HU"},"image":{"@id":"https:\/\/v3.atv-parts.hu\/#\/schema\/logo\/image\/"},"sameAs":["https:\/\/www.facebook.com\/atvpartsHU"]}]},"product_price_amount":"29028.39","product_price_currency":"HUF","og_availability":"instock","product_availability":"instock","product_retailer_item_id":"2CP05901670010","product_condition":"new"},"_links":{"self":[{"href":"https:\/\/v3.atv-parts.hu\/index.php\/wp-json\/wp\/v2\/product\/9949","targetHints":{"allow":["GET"]}}],"collection":[{"href":"https:\/\/v3.atv-parts.hu\/index.php\/wp-json\/wp\/v2\/product"}],"about":[{"href":"https:\/\/v3.atv-parts.hu\/index.php\/wp-json\/wp\/v2\/types\/product"}],"replies":[{"embeddable":true,"href":"https:\/\/v3.atv-parts.hu\/index.php\/wp-json\/wp\/v2\/comments?post=9949"}],"wp:featuredmedia":[{"embeddable":true,"href":"https:\/\/v3.atv-parts.hu\/index.php\/wp-json\/wp\/v2\/media\/9950"}],"wp:attachment":[{"href":"https:\/\/v3.atv-parts.hu\/index.php\/wp-json\/wp\/v2\/media?parent=9949"}],"wp:term":[{"taxonomy":"product_cat","embeddable":true,"href":"https:\/\/v3.atv-parts.hu\/index.php\/wp-json\/wp\/v2\/product_cat?post=9949"},{"taxonomy":"product_tag","embeddable":true,"href":"https:\/\/v3.atv-parts.hu\/index.php\/wp-json\/wp\/v2\/product_tag?post=9949"}],"curies":[{"name":"wp","href":"https:\/\/api.w.org\/{rel}","templated":true}]}}