{"id":99494,"date":"2024-04-03T17:38:03","date_gmt":"2024-04-03T15:38:03","guid":{"rendered":"https:\/\/v3.atv-parts.hu\/index.php\/termek\/bronco-gyujtaskapcsolo-kawasaki-brute-force-650-05-13-750-05-21-prairie-650-02-03-700-04-06-kfx-700-04-11-27005-123027005-126727005-0019\/"},"modified":"2024-05-03T16:08:13","modified_gmt":"2024-05-03T14:08:13","slug":"bronco-gyujtaskapcsolo-kawasaki-brute-force-650-05-13-750-05-21-prairie-650-02-03-700-04-06-kfx-700-04-11-27005-123027005-126727005-0019","status":"publish","type":"product","link":"https:\/\/v3.atv-parts.hu\/index.php\/termek\/bronco-gyujtaskapcsolo-kawasaki-brute-force-650-05-13-750-05-21-prairie-650-02-03-700-04-06-kfx-700-04-11-27005-123027005-126727005-0019\/","title":{"rendered":"BRONCO  GY\u00daJT\u00c1SKAPCSOL\u00d3 KAWASAKI BRUTE FORCE 650 &#8217;05-13,\/750 &#8217;05-21, PRAIRIE 650 &#8217;02-03\/700 &#8217;04-06, KFX 700 &#8217;04-11 (27005-1230;27005-1267;27005-0019)"},"content":{"rendered":"<p>BRONCO  GY\u00daJT\u00c1SKAPCSOL\u00d3 KAWASAKI BRUTE FORCE 650 &#8217;05-13,\/750 &#8217;05-21, PRAIRIE 650 &#8217;02-03\/700 &#8217;04-06, KFX 700 &#8217;04-11 (27005-1230;27005-1267;27005-0019)<\/p>\n<p>EAN: AT-01277<\/p>\n<p>SKU: AT-01277<\/p>\n","protected":false},"excerpt":{"rendered":"<p>BRONCO  GY\u00daJT\u00c1SKAPCSOL\u00d3 KAWASAKI BRUTE FORCE 650 &#8217;05-13,\/750 &#8217;05-21, PRAIRIE 650 &#8217;02-03\/700 &#8217;04-06, KFX 700 &#8217;04-11 (27005-1230;27005-1267;27005-0019)<\/p>\n","protected":false},"featured_media":99495,"comment_status":"closed","ping_status":"open","template":"","meta":{"_monsterinsights_skip_tracking":false,"_monsterinsights_sitenote_active":false,"_monsterinsights_sitenote_note":"","_monsterinsights_sitenote_category":0},"product_cat":[185,949],"product_tag":[],"class_list":{"0":"post-99494","1":"product","2":"type-product","3":"status-publish","4":"has-post-thumbnail","6":"product_cat-elektromos-rendszer","7":"product_cat-gyujtaskapcsolok","8":"pa_marka-bronco","10":"first","11":"instock","12":"taxable","13":"shipping-taxable","14":"purchasable","15":"product-type-simple"},"yoast_head":"<!-- This site is optimized with the Yoast SEO Premium plugin v22.6 (Yoast SEO v22.6) - https:\/\/yoast.com\/wordpress\/plugins\/seo\/ -->\n<title>BRONCO GY\u00daJT\u00c1SKAPCSOL\u00d3 KAWASAKI BRUTE FORCE 650 &#039;05-13,\/750 &#039;05-21, PRAIRIE 650 &#039;02-03\/700 &#039;04-06, KFX 700 &#039;04-11 (27005-1230;27005-1267;27005-0019) - V3 ATV-PARTS.HU<\/title>\n<meta name=\"robots\" content=\"index, follow, max-snippet:-1, max-image-preview:large, max-video-preview:-1\" \/>\n<link rel=\"canonical\" href=\"https:\/\/v3.atv-parts.hu\/index.php\/termek\/bronco-gyujtaskapcsolo-kawasaki-brute-force-650-05-13-750-05-21-prairie-650-02-03-700-04-06-kfx-700-04-11-27005-123027005-126727005-0019\/\" \/>\n<meta property=\"og:locale\" content=\"hu_HU\" \/>\n<meta property=\"og:type\" content=\"article\" \/>\n<meta property=\"og:title\" content=\"BRONCO GY\u00daJT\u00c1SKAPCSOL\u00d3 KAWASAKI BRUTE FORCE 650 &#039;05-13,\/750 &#039;05-21, PRAIRIE 650 &#039;02-03\/700 &#039;04-06, KFX 700 &#039;04-11 (27005-1230;27005-1267;27005-0019)\" \/>\n<meta property=\"og:description\" content=\"BRONCO GY\u00daJT\u00c1SKAPCSOL\u00d3 KAWASAKI BRUTE FORCE 650 &#039;05-13,\/750 &#039;05-21, PRAIRIE 650 &#039;02-03\/700 &#039;04-06, KFX 700 &#039;04-11 (27005-1230;27005-1267;27005-0019)\" \/>\n<meta property=\"og:url\" content=\"https:\/\/v3.atv-parts.hu\/index.php\/termek\/bronco-gyujtaskapcsolo-kawasaki-brute-force-650-05-13-750-05-21-prairie-650-02-03-700-04-06-kfx-700-04-11-27005-123027005-126727005-0019\/\" \/>\n<meta property=\"og:site_name\" content=\"V3 ATV-PARTS.HU\" \/>\n<meta property=\"article:publisher\" content=\"https:\/\/www.facebook.com\/atvpartsHU\" \/>\n<meta property=\"article:modified_time\" content=\"2024-05-03T14:08:13+00:00\" \/>\n<meta property=\"og:image\" content=\"https:\/\/v3.atv-parts.hu\/wp-content\/uploads\/2024\/04\/bronco-2021-10-stacyjka-kawasaki-brute-force-650.jpg\" \/>\n\t<meta property=\"og:image:width\" content=\"800\" \/>\n\t<meta property=\"og:image:height\" content=\"600\" \/>\n\t<meta property=\"og:image:type\" content=\"image\/jpeg\" \/>\n<meta name=\"twitter:card\" content=\"summary_large_image\" \/>\n<meta name=\"twitter:label1\" content=\"\u00c1r\" \/>\n\t<meta name=\"twitter:data1\" content=\"7670,80&nbsp;&#70;&#116; \u00c1F\u00c1-val\" \/>\n\t<meta name=\"twitter:label2\" content=\"El\u00e9rhet\u0151s\u00e9g\" \/>\n\t<meta name=\"twitter:data2\" content=\"K\u00e9szleten\" \/>\n<script type=\"application\/ld+json\" class=\"yoast-schema-graph\">{\"@context\":\"https:\/\/schema.org\",\"@graph\":[{\"@type\":\"WebPage\",\"@id\":\"https:\/\/v3.atv-parts.hu\/index.php\/termek\/bronco-gyujtaskapcsolo-kawasaki-brute-force-650-05-13-750-05-21-prairie-650-02-03-700-04-06-kfx-700-04-11-27005-123027005-126727005-0019\/\",\"url\":\"https:\/\/v3.atv-parts.hu\/index.php\/termek\/bronco-gyujtaskapcsolo-kawasaki-brute-force-650-05-13-750-05-21-prairie-650-02-03-700-04-06-kfx-700-04-11-27005-123027005-126727005-0019\/\",\"name\":\"BRONCO GY\u00daJT\u00c1SKAPCSOL\u00d3 KAWASAKI BRUTE FORCE 650 '05-13,\/750 '05-21, PRAIRIE 650 '02-03\/700 '04-06, KFX 700 '04-11 (27005-1230;27005-1267;27005-0019) - V3 ATV-PARTS.HU\",\"isPartOf\":{\"@id\":\"https:\/\/v3.atv-parts.hu\/#website\"},\"primaryImageOfPage\":{\"@id\":\"https:\/\/v3.atv-parts.hu\/index.php\/termek\/bronco-gyujtaskapcsolo-kawasaki-brute-force-650-05-13-750-05-21-prairie-650-02-03-700-04-06-kfx-700-04-11-27005-123027005-126727005-0019\/#primaryimage\"},\"image\":{\"@id\":\"https:\/\/v3.atv-parts.hu\/index.php\/termek\/bronco-gyujtaskapcsolo-kawasaki-brute-force-650-05-13-750-05-21-prairie-650-02-03-700-04-06-kfx-700-04-11-27005-123027005-126727005-0019\/#primaryimage\"},\"thumbnailUrl\":\"https:\/\/v3.atv-parts.hu\/wp-content\/uploads\/2024\/04\/bronco-2021-10-stacyjka-kawasaki-brute-force-650.jpg\",\"datePublished\":\"2024-04-03T15:38:03+00:00\",\"dateModified\":\"2024-05-03T14:08:13+00:00\",\"breadcrumb\":{\"@id\":\"https:\/\/v3.atv-parts.hu\/index.php\/termek\/bronco-gyujtaskapcsolo-kawasaki-brute-force-650-05-13-750-05-21-prairie-650-02-03-700-04-06-kfx-700-04-11-27005-123027005-126727005-0019\/#breadcrumb\"},\"inLanguage\":\"hu\",\"potentialAction\":[{\"@type\":\"ReadAction\",\"target\":[\"https:\/\/v3.atv-parts.hu\/index.php\/termek\/bronco-gyujtaskapcsolo-kawasaki-brute-force-650-05-13-750-05-21-prairie-650-02-03-700-04-06-kfx-700-04-11-27005-123027005-126727005-0019\/\"]}]},{\"@type\":\"ImageObject\",\"inLanguage\":\"hu\",\"@id\":\"https:\/\/v3.atv-parts.hu\/index.php\/termek\/bronco-gyujtaskapcsolo-kawasaki-brute-force-650-05-13-750-05-21-prairie-650-02-03-700-04-06-kfx-700-04-11-27005-123027005-126727005-0019\/#primaryimage\",\"url\":\"https:\/\/v3.atv-parts.hu\/wp-content\/uploads\/2024\/04\/bronco-2021-10-stacyjka-kawasaki-brute-force-650.jpg\",\"contentUrl\":\"https:\/\/v3.atv-parts.hu\/wp-content\/uploads\/2024\/04\/bronco-2021-10-stacyjka-kawasaki-brute-force-650.jpg\",\"width\":800,\"height\":600},{\"@type\":\"BreadcrumbList\",\"@id\":\"https:\/\/v3.atv-parts.hu\/index.php\/termek\/bronco-gyujtaskapcsolo-kawasaki-brute-force-650-05-13-750-05-21-prairie-650-02-03-700-04-06-kfx-700-04-11-27005-123027005-126727005-0019\/#breadcrumb\",\"itemListElement\":[{\"@type\":\"ListItem\",\"position\":1,\"name\":\"Kezd\u0151lap\",\"item\":\"https:\/\/v3.atv-parts.hu\/\"},{\"@type\":\"ListItem\",\"position\":2,\"name\":\"Bolt\",\"item\":\"https:\/\/v3.atv-parts.hu\/index.php\/bolt\/\"},{\"@type\":\"ListItem\",\"position\":3,\"name\":\"BRONCO GY\u00daJT\u00c1SKAPCSOL\u00d3 KAWASAKI BRUTE FORCE 650 &#8217;05-13,\/750 &#8217;05-21, PRAIRIE 650 &#8217;02-03\/700 &#8217;04-06, KFX 700 &#8217;04-11 (27005-1230;27005-1267;27005-0019)\"}]},{\"@type\":\"WebSite\",\"@id\":\"https:\/\/v3.atv-parts.hu\/#website\",\"url\":\"https:\/\/v3.atv-parts.hu\/\",\"name\":\"V3 ATV-PARTS.HU\",\"description\":\"\",\"publisher\":{\"@id\":\"https:\/\/v3.atv-parts.hu\/#organization\"},\"potentialAction\":[{\"@type\":\"SearchAction\",\"target\":{\"@type\":\"EntryPoint\",\"urlTemplate\":\"https:\/\/v3.atv-parts.hu\/?s={search_term_string}\"},\"query-input\":\"required name=search_term_string\"}],\"inLanguage\":\"hu\"},{\"@type\":\"Organization\",\"@id\":\"https:\/\/v3.atv-parts.hu\/#organization\",\"name\":\"V3 ATV-PARTS.HU\",\"url\":\"https:\/\/v3.atv-parts.hu\/\",\"logo\":{\"@type\":\"ImageObject\",\"inLanguage\":\"hu\",\"@id\":\"https:\/\/v3.atv-parts.hu\/#\/schema\/logo\/image\/\",\"url\":\"https:\/\/v3.atv-parts.hu\/wp-content\/uploads\/2021\/02\/cropped-cropped-atvlogo-1-1-1.png\",\"contentUrl\":\"https:\/\/v3.atv-parts.hu\/wp-content\/uploads\/2021\/02\/cropped-cropped-atvlogo-1-1-1.png\",\"width\":267,\"height\":160,\"caption\":\"V3 ATV-PARTS.HU\"},\"image\":{\"@id\":\"https:\/\/v3.atv-parts.hu\/#\/schema\/logo\/image\/\"},\"sameAs\":[\"https:\/\/www.facebook.com\/atvpartsHU\"]}]}<\/script>\n<meta property=\"product:price:amount\" content=\"7670.80\" \/>\n<meta property=\"product:price:currency\" content=\"HUF\" \/>\n<meta property=\"og:availability\" content=\"instock\" \/>\n<meta property=\"product:availability\" content=\"instock\" \/>\n<meta property=\"product:retailer_item_id\" content=\"AT-01277\" \/>\n<meta property=\"product:condition\" content=\"new\" \/>\n<!-- \/ Yoast SEO Premium plugin. -->","yoast_head_json":{"title":"BRONCO GY\u00daJT\u00c1SKAPCSOL\u00d3 KAWASAKI BRUTE FORCE 650 '05-13,\/750 '05-21, PRAIRIE 650 '02-03\/700 '04-06, KFX 700 '04-11 (27005-1230;27005-1267;27005-0019) - V3 ATV-PARTS.HU","robots":{"index":"index","follow":"follow","max-snippet":"max-snippet:-1","max-image-preview":"max-image-preview:large","max-video-preview":"max-video-preview:-1"},"canonical":"https:\/\/v3.atv-parts.hu\/index.php\/termek\/bronco-gyujtaskapcsolo-kawasaki-brute-force-650-05-13-750-05-21-prairie-650-02-03-700-04-06-kfx-700-04-11-27005-123027005-126727005-0019\/","og_locale":"hu_HU","og_type":"article","og_title":"BRONCO GY\u00daJT\u00c1SKAPCSOL\u00d3 KAWASAKI BRUTE FORCE 650 '05-13,\/750 '05-21, PRAIRIE 650 '02-03\/700 '04-06, KFX 700 '04-11 (27005-1230;27005-1267;27005-0019)","og_description":"BRONCO GY\u00daJT\u00c1SKAPCSOL\u00d3 KAWASAKI BRUTE FORCE 650 '05-13,\/750 '05-21, PRAIRIE 650 '02-03\/700 '04-06, KFX 700 '04-11 (27005-1230;27005-1267;27005-0019)","og_url":"https:\/\/v3.atv-parts.hu\/index.php\/termek\/bronco-gyujtaskapcsolo-kawasaki-brute-force-650-05-13-750-05-21-prairie-650-02-03-700-04-06-kfx-700-04-11-27005-123027005-126727005-0019\/","og_site_name":"V3 ATV-PARTS.HU","article_publisher":"https:\/\/www.facebook.com\/atvpartsHU","article_modified_time":"2024-05-03T14:08:13+00:00","og_image":[{"width":800,"height":600,"url":"https:\/\/v3.atv-parts.hu\/wp-content\/uploads\/2024\/04\/bronco-2021-10-stacyjka-kawasaki-brute-force-650.jpg","type":"image\/jpeg"}],"twitter_card":"summary_large_image","twitter_misc":{"\u00c1r":"7670,80&nbsp;&#70;&#116; \u00c1F\u00c1-val","El\u00e9rhet\u0151s\u00e9g":"K\u00e9szleten"},"schema":{"@context":"https:\/\/schema.org","@graph":[{"@type":"WebPage","@id":"https:\/\/v3.atv-parts.hu\/index.php\/termek\/bronco-gyujtaskapcsolo-kawasaki-brute-force-650-05-13-750-05-21-prairie-650-02-03-700-04-06-kfx-700-04-11-27005-123027005-126727005-0019\/","url":"https:\/\/v3.atv-parts.hu\/index.php\/termek\/bronco-gyujtaskapcsolo-kawasaki-brute-force-650-05-13-750-05-21-prairie-650-02-03-700-04-06-kfx-700-04-11-27005-123027005-126727005-0019\/","name":"BRONCO GY\u00daJT\u00c1SKAPCSOL\u00d3 KAWASAKI BRUTE FORCE 650 '05-13,\/750 '05-21, PRAIRIE 650 '02-03\/700 '04-06, KFX 700 '04-11 (27005-1230;27005-1267;27005-0019) - V3 ATV-PARTS.HU","isPartOf":{"@id":"https:\/\/v3.atv-parts.hu\/#website"},"primaryImageOfPage":{"@id":"https:\/\/v3.atv-parts.hu\/index.php\/termek\/bronco-gyujtaskapcsolo-kawasaki-brute-force-650-05-13-750-05-21-prairie-650-02-03-700-04-06-kfx-700-04-11-27005-123027005-126727005-0019\/#primaryimage"},"image":{"@id":"https:\/\/v3.atv-parts.hu\/index.php\/termek\/bronco-gyujtaskapcsolo-kawasaki-brute-force-650-05-13-750-05-21-prairie-650-02-03-700-04-06-kfx-700-04-11-27005-123027005-126727005-0019\/#primaryimage"},"thumbnailUrl":"https:\/\/v3.atv-parts.hu\/wp-content\/uploads\/2024\/04\/bronco-2021-10-stacyjka-kawasaki-brute-force-650.jpg","datePublished":"2024-04-03T15:38:03+00:00","dateModified":"2024-05-03T14:08:13+00:00","breadcrumb":{"@id":"https:\/\/v3.atv-parts.hu\/index.php\/termek\/bronco-gyujtaskapcsolo-kawasaki-brute-force-650-05-13-750-05-21-prairie-650-02-03-700-04-06-kfx-700-04-11-27005-123027005-126727005-0019\/#breadcrumb"},"inLanguage":"hu","potentialAction":[{"@type":"ReadAction","target":["https:\/\/v3.atv-parts.hu\/index.php\/termek\/bronco-gyujtaskapcsolo-kawasaki-brute-force-650-05-13-750-05-21-prairie-650-02-03-700-04-06-kfx-700-04-11-27005-123027005-126727005-0019\/"]}]},{"@type":"ImageObject","inLanguage":"hu","@id":"https:\/\/v3.atv-parts.hu\/index.php\/termek\/bronco-gyujtaskapcsolo-kawasaki-brute-force-650-05-13-750-05-21-prairie-650-02-03-700-04-06-kfx-700-04-11-27005-123027005-126727005-0019\/#primaryimage","url":"https:\/\/v3.atv-parts.hu\/wp-content\/uploads\/2024\/04\/bronco-2021-10-stacyjka-kawasaki-brute-force-650.jpg","contentUrl":"https:\/\/v3.atv-parts.hu\/wp-content\/uploads\/2024\/04\/bronco-2021-10-stacyjka-kawasaki-brute-force-650.jpg","width":800,"height":600},{"@type":"BreadcrumbList","@id":"https:\/\/v3.atv-parts.hu\/index.php\/termek\/bronco-gyujtaskapcsolo-kawasaki-brute-force-650-05-13-750-05-21-prairie-650-02-03-700-04-06-kfx-700-04-11-27005-123027005-126727005-0019\/#breadcrumb","itemListElement":[{"@type":"ListItem","position":1,"name":"Kezd\u0151lap","item":"https:\/\/v3.atv-parts.hu\/"},{"@type":"ListItem","position":2,"name":"Bolt","item":"https:\/\/v3.atv-parts.hu\/index.php\/bolt\/"},{"@type":"ListItem","position":3,"name":"BRONCO GY\u00daJT\u00c1SKAPCSOL\u00d3 KAWASAKI BRUTE FORCE 650 &#8217;05-13,\/750 &#8217;05-21, PRAIRIE 650 &#8217;02-03\/700 &#8217;04-06, KFX 700 &#8217;04-11 (27005-1230;27005-1267;27005-0019)"}]},{"@type":"WebSite","@id":"https:\/\/v3.atv-parts.hu\/#website","url":"https:\/\/v3.atv-parts.hu\/","name":"V3 ATV-PARTS.HU","description":"","publisher":{"@id":"https:\/\/v3.atv-parts.hu\/#organization"},"potentialAction":[{"@type":"SearchAction","target":{"@type":"EntryPoint","urlTemplate":"https:\/\/v3.atv-parts.hu\/?s={search_term_string}"},"query-input":"required name=search_term_string"}],"inLanguage":"hu"},{"@type":"Organization","@id":"https:\/\/v3.atv-parts.hu\/#organization","name":"V3 ATV-PARTS.HU","url":"https:\/\/v3.atv-parts.hu\/","logo":{"@type":"ImageObject","inLanguage":"hu","@id":"https:\/\/v3.atv-parts.hu\/#\/schema\/logo\/image\/","url":"https:\/\/v3.atv-parts.hu\/wp-content\/uploads\/2021\/02\/cropped-cropped-atvlogo-1-1-1.png","contentUrl":"https:\/\/v3.atv-parts.hu\/wp-content\/uploads\/2021\/02\/cropped-cropped-atvlogo-1-1-1.png","width":267,"height":160,"caption":"V3 ATV-PARTS.HU"},"image":{"@id":"https:\/\/v3.atv-parts.hu\/#\/schema\/logo\/image\/"},"sameAs":["https:\/\/www.facebook.com\/atvpartsHU"]}]},"product_price_amount":"7670.80","product_price_currency":"HUF","og_availability":"instock","product_availability":"instock","product_retailer_item_id":"AT-01277","product_condition":"new"},"_links":{"self":[{"href":"https:\/\/v3.atv-parts.hu\/index.php\/wp-json\/wp\/v2\/product\/99494","targetHints":{"allow":["GET"]}}],"collection":[{"href":"https:\/\/v3.atv-parts.hu\/index.php\/wp-json\/wp\/v2\/product"}],"about":[{"href":"https:\/\/v3.atv-parts.hu\/index.php\/wp-json\/wp\/v2\/types\/product"}],"replies":[{"embeddable":true,"href":"https:\/\/v3.atv-parts.hu\/index.php\/wp-json\/wp\/v2\/comments?post=99494"}],"wp:featuredmedia":[{"embeddable":true,"href":"https:\/\/v3.atv-parts.hu\/index.php\/wp-json\/wp\/v2\/media\/99495"}],"wp:attachment":[{"href":"https:\/\/v3.atv-parts.hu\/index.php\/wp-json\/wp\/v2\/media?parent=99494"}],"wp:term":[{"taxonomy":"product_cat","embeddable":true,"href":"https:\/\/v3.atv-parts.hu\/index.php\/wp-json\/wp\/v2\/product_cat?post=99494"},{"taxonomy":"product_tag","embeddable":true,"href":"https:\/\/v3.atv-parts.hu\/index.php\/wp-json\/wp\/v2\/product_tag?post=99494"}],"curies":[{"name":"wp","href":"https:\/\/api.w.org\/{rel}","templated":true}]}}