{"id":99601,"date":"2024-04-03T17:42:03","date_gmt":"2024-04-03T15:42:03","guid":{"rendered":"https:\/\/v3.atv-parts.hu\/index.php\/termek\/pirelli-gumiabroncs-120-80-14-diablo-rosso-robogo-58s-tl-m-c-elol-hatul-dot-34-2021\/"},"modified":"2024-04-15T18:49:21","modified_gmt":"2024-04-15T16:49:21","slug":"pirelli-gumiabroncs-120-80-14-diablo-rosso-robogo-58s-tl-m-c-elol-hatul-dot-34-2021","status":"publish","type":"product","link":"https:\/\/v3.atv-parts.hu\/index.php\/termek\/pirelli-gumiabroncs-120-80-14-diablo-rosso-robogo-58s-tl-m-c-elol-hatul-dot-34-2021\/","title":{"rendered":"PIRELLI  GUMIABRONCS 120\/80-14 DIABLO ROSSO ROBOG\u00d3 58S TL M\/C EL\u00d6L\/H\u00c1TUL DOT 34\/2021"},"content":{"rendered":"<p>PIRELLI  GUMIABRONCS 120\/80-14 DIABLO ROSSO ROBOG\u00d3 58S TL M\/C EL\u00d6L\/H\u00c1TUL DOT 34\/2021<\/p>\n<p>EAN: 2768700\/21<\/p>\n<p>SKU: 2768700\/21<\/p>\n","protected":false},"excerpt":{"rendered":"<p>PIRELLI  GUMIABRONCS 120\/80-14 DIABLO ROSSO ROBOG\u00d3 58S TL M\/C EL\u00d6L\/H\u00c1TUL DOT 34\/2021<\/p>\n","protected":false},"featured_media":99602,"comment_status":"closed","ping_status":"open","template":"","meta":{"_monsterinsights_skip_tracking":false,"_monsterinsights_sitenote_active":false,"_monsterinsights_sitenote_note":"","_monsterinsights_sitenote_category":0},"product_cat":[314,417],"product_tag":[],"class_list":{"0":"post-99601","1":"product","2":"type-product","3":"status-publish","4":"has-post-thumbnail","6":"product_cat-gumiabroncsok","7":"product_cat-robogo-gumiabroncsok","8":"pa_marka-pirelli","10":"first","11":"outofstock","12":"taxable","13":"shipping-taxable","14":"purchasable","15":"product-type-simple"},"yoast_head":"<!-- This site is optimized with the Yoast SEO Premium plugin v22.6 (Yoast SEO v22.6) - https:\/\/yoast.com\/wordpress\/plugins\/seo\/ -->\n<title>PIRELLI GUMIABRONCS 120\/80-14 DIABLO ROSSO ROBOG\u00d3 58S TL M\/C EL\u00d6L\/H\u00c1TUL DOT 34\/2021 - V3 ATV-PARTS.HU<\/title>\n<meta name=\"robots\" content=\"index, follow, max-snippet:-1, max-image-preview:large, max-video-preview:-1\" \/>\n<link rel=\"canonical\" href=\"https:\/\/v3.atv-parts.hu\/index.php\/termek\/pirelli-gumiabroncs-120-80-14-diablo-rosso-robogo-58s-tl-m-c-elol-hatul-dot-34-2021\/\" \/>\n<meta property=\"og:locale\" content=\"hu_HU\" \/>\n<meta property=\"og:type\" content=\"article\" \/>\n<meta property=\"og:title\" content=\"PIRELLI GUMIABRONCS 120\/80-14 DIABLO ROSSO ROBOG\u00d3 58S TL M\/C EL\u00d6L\/H\u00c1TUL DOT 34\/2021\" \/>\n<meta property=\"og:description\" content=\"PIRELLI GUMIABRONCS 120\/80-14 DIABLO ROSSO ROBOG\u00d3 58S TL M\/C EL\u00d6L\/H\u00c1TUL DOT 34\/2021\" \/>\n<meta property=\"og:url\" content=\"https:\/\/v3.atv-parts.hu\/index.php\/termek\/pirelli-gumiabroncs-120-80-14-diablo-rosso-robogo-58s-tl-m-c-elol-hatul-dot-34-2021\/\" \/>\n<meta property=\"og:site_name\" content=\"V3 ATV-PARTS.HU\" \/>\n<meta property=\"article:publisher\" content=\"https:\/\/www.facebook.com\/atvpartsHU\" \/>\n<meta property=\"article:modified_time\" content=\"2024-04-15T16:49:21+00:00\" \/>\n<meta property=\"og:image\" content=\"https:\/\/v3.atv-parts.hu\/wp-content\/uploads\/2024\/04\/pirelli-opona-120-80-14-diablo-rosso-scooter-58s-t.jpg\" \/>\n\t<meta property=\"og:image:width\" content=\"389\" \/>\n\t<meta property=\"og:image:height\" content=\"406\" \/>\n\t<meta property=\"og:image:type\" content=\"image\/jpeg\" \/>\n<meta name=\"twitter:card\" content=\"summary_large_image\" \/>\n<meta name=\"twitter:label1\" content=\"\u00c1r\" \/>\n\t<meta name=\"twitter:data1\" content=\"30543,50&nbsp;&#70;&#116; \u00c1F\u00c1-val\" \/>\n\t<meta name=\"twitter:label2\" content=\"El\u00e9rhet\u0151s\u00e9g\" \/>\n\t<meta name=\"twitter:data2\" content=\"Nincs k\u00e9szleten\" \/>\n<script type=\"application\/ld+json\" class=\"yoast-schema-graph\">{\"@context\":\"https:\/\/schema.org\",\"@graph\":[{\"@type\":\"WebPage\",\"@id\":\"https:\/\/v3.atv-parts.hu\/index.php\/termek\/pirelli-gumiabroncs-120-80-14-diablo-rosso-robogo-58s-tl-m-c-elol-hatul-dot-34-2021\/\",\"url\":\"https:\/\/v3.atv-parts.hu\/index.php\/termek\/pirelli-gumiabroncs-120-80-14-diablo-rosso-robogo-58s-tl-m-c-elol-hatul-dot-34-2021\/\",\"name\":\"PIRELLI GUMIABRONCS 120\/80-14 DIABLO ROSSO ROBOG\u00d3 58S TL M\/C EL\u00d6L\/H\u00c1TUL DOT 34\/2021 - V3 ATV-PARTS.HU\",\"isPartOf\":{\"@id\":\"https:\/\/v3.atv-parts.hu\/#website\"},\"primaryImageOfPage\":{\"@id\":\"https:\/\/v3.atv-parts.hu\/index.php\/termek\/pirelli-gumiabroncs-120-80-14-diablo-rosso-robogo-58s-tl-m-c-elol-hatul-dot-34-2021\/#primaryimage\"},\"image\":{\"@id\":\"https:\/\/v3.atv-parts.hu\/index.php\/termek\/pirelli-gumiabroncs-120-80-14-diablo-rosso-robogo-58s-tl-m-c-elol-hatul-dot-34-2021\/#primaryimage\"},\"thumbnailUrl\":\"https:\/\/v3.atv-parts.hu\/wp-content\/uploads\/2024\/04\/pirelli-opona-120-80-14-diablo-rosso-scooter-58s-t.jpg\",\"datePublished\":\"2024-04-03T15:42:03+00:00\",\"dateModified\":\"2024-04-15T16:49:21+00:00\",\"breadcrumb\":{\"@id\":\"https:\/\/v3.atv-parts.hu\/index.php\/termek\/pirelli-gumiabroncs-120-80-14-diablo-rosso-robogo-58s-tl-m-c-elol-hatul-dot-34-2021\/#breadcrumb\"},\"inLanguage\":\"hu\",\"potentialAction\":[{\"@type\":\"ReadAction\",\"target\":[\"https:\/\/v3.atv-parts.hu\/index.php\/termek\/pirelli-gumiabroncs-120-80-14-diablo-rosso-robogo-58s-tl-m-c-elol-hatul-dot-34-2021\/\"]}]},{\"@type\":\"ImageObject\",\"inLanguage\":\"hu\",\"@id\":\"https:\/\/v3.atv-parts.hu\/index.php\/termek\/pirelli-gumiabroncs-120-80-14-diablo-rosso-robogo-58s-tl-m-c-elol-hatul-dot-34-2021\/#primaryimage\",\"url\":\"https:\/\/v3.atv-parts.hu\/wp-content\/uploads\/2024\/04\/pirelli-opona-120-80-14-diablo-rosso-scooter-58s-t.jpg\",\"contentUrl\":\"https:\/\/v3.atv-parts.hu\/wp-content\/uploads\/2024\/04\/pirelli-opona-120-80-14-diablo-rosso-scooter-58s-t.jpg\",\"width\":389,\"height\":406},{\"@type\":\"BreadcrumbList\",\"@id\":\"https:\/\/v3.atv-parts.hu\/index.php\/termek\/pirelli-gumiabroncs-120-80-14-diablo-rosso-robogo-58s-tl-m-c-elol-hatul-dot-34-2021\/#breadcrumb\",\"itemListElement\":[{\"@type\":\"ListItem\",\"position\":1,\"name\":\"Kezd\u0151lap\",\"item\":\"https:\/\/v3.atv-parts.hu\/\"},{\"@type\":\"ListItem\",\"position\":2,\"name\":\"Bolt\",\"item\":\"https:\/\/v3.atv-parts.hu\/index.php\/bolt\/\"},{\"@type\":\"ListItem\",\"position\":3,\"name\":\"PIRELLI GUMIABRONCS 120\/80-14 DIABLO ROSSO ROBOG\u00d3 58S TL M\/C EL\u00d6L\/H\u00c1TUL DOT 34\/2021\"}]},{\"@type\":\"WebSite\",\"@id\":\"https:\/\/v3.atv-parts.hu\/#website\",\"url\":\"https:\/\/v3.atv-parts.hu\/\",\"name\":\"V3 ATV-PARTS.HU\",\"description\":\"\",\"publisher\":{\"@id\":\"https:\/\/v3.atv-parts.hu\/#organization\"},\"potentialAction\":[{\"@type\":\"SearchAction\",\"target\":{\"@type\":\"EntryPoint\",\"urlTemplate\":\"https:\/\/v3.atv-parts.hu\/?s={search_term_string}\"},\"query-input\":\"required name=search_term_string\"}],\"inLanguage\":\"hu\"},{\"@type\":\"Organization\",\"@id\":\"https:\/\/v3.atv-parts.hu\/#organization\",\"name\":\"V3 ATV-PARTS.HU\",\"url\":\"https:\/\/v3.atv-parts.hu\/\",\"logo\":{\"@type\":\"ImageObject\",\"inLanguage\":\"hu\",\"@id\":\"https:\/\/v3.atv-parts.hu\/#\/schema\/logo\/image\/\",\"url\":\"https:\/\/v3.atv-parts.hu\/wp-content\/uploads\/2021\/02\/cropped-cropped-atvlogo-1-1-1.png\",\"contentUrl\":\"https:\/\/v3.atv-parts.hu\/wp-content\/uploads\/2021\/02\/cropped-cropped-atvlogo-1-1-1.png\",\"width\":267,\"height\":160,\"caption\":\"V3 ATV-PARTS.HU\"},\"image\":{\"@id\":\"https:\/\/v3.atv-parts.hu\/#\/schema\/logo\/image\/\"},\"sameAs\":[\"https:\/\/www.facebook.com\/atvpartsHU\"]}]}<\/script>\n<meta property=\"product:price:amount\" content=\"30543.50\" \/>\n<meta property=\"product:price:currency\" content=\"HUF\" \/>\n<meta property=\"og:availability\" content=\"out of stock\" \/>\n<meta property=\"product:availability\" content=\"out of stock\" \/>\n<meta property=\"product:retailer_item_id\" content=\"2768700\/21\" \/>\n<meta property=\"product:condition\" content=\"new\" \/>\n<!-- \/ Yoast SEO Premium plugin. -->","yoast_head_json":{"title":"PIRELLI GUMIABRONCS 120\/80-14 DIABLO ROSSO ROBOG\u00d3 58S TL M\/C EL\u00d6L\/H\u00c1TUL DOT 34\/2021 - V3 ATV-PARTS.HU","robots":{"index":"index","follow":"follow","max-snippet":"max-snippet:-1","max-image-preview":"max-image-preview:large","max-video-preview":"max-video-preview:-1"},"canonical":"https:\/\/v3.atv-parts.hu\/index.php\/termek\/pirelli-gumiabroncs-120-80-14-diablo-rosso-robogo-58s-tl-m-c-elol-hatul-dot-34-2021\/","og_locale":"hu_HU","og_type":"article","og_title":"PIRELLI GUMIABRONCS 120\/80-14 DIABLO ROSSO ROBOG\u00d3 58S TL M\/C EL\u00d6L\/H\u00c1TUL DOT 34\/2021","og_description":"PIRELLI GUMIABRONCS 120\/80-14 DIABLO ROSSO ROBOG\u00d3 58S TL M\/C EL\u00d6L\/H\u00c1TUL DOT 34\/2021","og_url":"https:\/\/v3.atv-parts.hu\/index.php\/termek\/pirelli-gumiabroncs-120-80-14-diablo-rosso-robogo-58s-tl-m-c-elol-hatul-dot-34-2021\/","og_site_name":"V3 ATV-PARTS.HU","article_publisher":"https:\/\/www.facebook.com\/atvpartsHU","article_modified_time":"2024-04-15T16:49:21+00:00","og_image":[{"width":389,"height":406,"url":"https:\/\/v3.atv-parts.hu\/wp-content\/uploads\/2024\/04\/pirelli-opona-120-80-14-diablo-rosso-scooter-58s-t.jpg","type":"image\/jpeg"}],"twitter_card":"summary_large_image","twitter_misc":{"\u00c1r":"30543,50&nbsp;&#70;&#116; \u00c1F\u00c1-val","El\u00e9rhet\u0151s\u00e9g":"Nincs k\u00e9szleten"},"schema":{"@context":"https:\/\/schema.org","@graph":[{"@type":"WebPage","@id":"https:\/\/v3.atv-parts.hu\/index.php\/termek\/pirelli-gumiabroncs-120-80-14-diablo-rosso-robogo-58s-tl-m-c-elol-hatul-dot-34-2021\/","url":"https:\/\/v3.atv-parts.hu\/index.php\/termek\/pirelli-gumiabroncs-120-80-14-diablo-rosso-robogo-58s-tl-m-c-elol-hatul-dot-34-2021\/","name":"PIRELLI GUMIABRONCS 120\/80-14 DIABLO ROSSO ROBOG\u00d3 58S TL M\/C EL\u00d6L\/H\u00c1TUL DOT 34\/2021 - V3 ATV-PARTS.HU","isPartOf":{"@id":"https:\/\/v3.atv-parts.hu\/#website"},"primaryImageOfPage":{"@id":"https:\/\/v3.atv-parts.hu\/index.php\/termek\/pirelli-gumiabroncs-120-80-14-diablo-rosso-robogo-58s-tl-m-c-elol-hatul-dot-34-2021\/#primaryimage"},"image":{"@id":"https:\/\/v3.atv-parts.hu\/index.php\/termek\/pirelli-gumiabroncs-120-80-14-diablo-rosso-robogo-58s-tl-m-c-elol-hatul-dot-34-2021\/#primaryimage"},"thumbnailUrl":"https:\/\/v3.atv-parts.hu\/wp-content\/uploads\/2024\/04\/pirelli-opona-120-80-14-diablo-rosso-scooter-58s-t.jpg","datePublished":"2024-04-03T15:42:03+00:00","dateModified":"2024-04-15T16:49:21+00:00","breadcrumb":{"@id":"https:\/\/v3.atv-parts.hu\/index.php\/termek\/pirelli-gumiabroncs-120-80-14-diablo-rosso-robogo-58s-tl-m-c-elol-hatul-dot-34-2021\/#breadcrumb"},"inLanguage":"hu","potentialAction":[{"@type":"ReadAction","target":["https:\/\/v3.atv-parts.hu\/index.php\/termek\/pirelli-gumiabroncs-120-80-14-diablo-rosso-robogo-58s-tl-m-c-elol-hatul-dot-34-2021\/"]}]},{"@type":"ImageObject","inLanguage":"hu","@id":"https:\/\/v3.atv-parts.hu\/index.php\/termek\/pirelli-gumiabroncs-120-80-14-diablo-rosso-robogo-58s-tl-m-c-elol-hatul-dot-34-2021\/#primaryimage","url":"https:\/\/v3.atv-parts.hu\/wp-content\/uploads\/2024\/04\/pirelli-opona-120-80-14-diablo-rosso-scooter-58s-t.jpg","contentUrl":"https:\/\/v3.atv-parts.hu\/wp-content\/uploads\/2024\/04\/pirelli-opona-120-80-14-diablo-rosso-scooter-58s-t.jpg","width":389,"height":406},{"@type":"BreadcrumbList","@id":"https:\/\/v3.atv-parts.hu\/index.php\/termek\/pirelli-gumiabroncs-120-80-14-diablo-rosso-robogo-58s-tl-m-c-elol-hatul-dot-34-2021\/#breadcrumb","itemListElement":[{"@type":"ListItem","position":1,"name":"Kezd\u0151lap","item":"https:\/\/v3.atv-parts.hu\/"},{"@type":"ListItem","position":2,"name":"Bolt","item":"https:\/\/v3.atv-parts.hu\/index.php\/bolt\/"},{"@type":"ListItem","position":3,"name":"PIRELLI GUMIABRONCS 120\/80-14 DIABLO ROSSO ROBOG\u00d3 58S TL M\/C EL\u00d6L\/H\u00c1TUL DOT 34\/2021"}]},{"@type":"WebSite","@id":"https:\/\/v3.atv-parts.hu\/#website","url":"https:\/\/v3.atv-parts.hu\/","name":"V3 ATV-PARTS.HU","description":"","publisher":{"@id":"https:\/\/v3.atv-parts.hu\/#organization"},"potentialAction":[{"@type":"SearchAction","target":{"@type":"EntryPoint","urlTemplate":"https:\/\/v3.atv-parts.hu\/?s={search_term_string}"},"query-input":"required name=search_term_string"}],"inLanguage":"hu"},{"@type":"Organization","@id":"https:\/\/v3.atv-parts.hu\/#organization","name":"V3 ATV-PARTS.HU","url":"https:\/\/v3.atv-parts.hu\/","logo":{"@type":"ImageObject","inLanguage":"hu","@id":"https:\/\/v3.atv-parts.hu\/#\/schema\/logo\/image\/","url":"https:\/\/v3.atv-parts.hu\/wp-content\/uploads\/2021\/02\/cropped-cropped-atvlogo-1-1-1.png","contentUrl":"https:\/\/v3.atv-parts.hu\/wp-content\/uploads\/2021\/02\/cropped-cropped-atvlogo-1-1-1.png","width":267,"height":160,"caption":"V3 ATV-PARTS.HU"},"image":{"@id":"https:\/\/v3.atv-parts.hu\/#\/schema\/logo\/image\/"},"sameAs":["https:\/\/www.facebook.com\/atvpartsHU"]}]},"product_price_amount":"30543.50","product_price_currency":"HUF","og_availability":"out of stock","product_availability":"out of stock","product_retailer_item_id":"2768700\/21","product_condition":"new"},"_links":{"self":[{"href":"https:\/\/v3.atv-parts.hu\/index.php\/wp-json\/wp\/v2\/product\/99601","targetHints":{"allow":["GET"]}}],"collection":[{"href":"https:\/\/v3.atv-parts.hu\/index.php\/wp-json\/wp\/v2\/product"}],"about":[{"href":"https:\/\/v3.atv-parts.hu\/index.php\/wp-json\/wp\/v2\/types\/product"}],"replies":[{"embeddable":true,"href":"https:\/\/v3.atv-parts.hu\/index.php\/wp-json\/wp\/v2\/comments?post=99601"}],"wp:featuredmedia":[{"embeddable":true,"href":"https:\/\/v3.atv-parts.hu\/index.php\/wp-json\/wp\/v2\/media\/99602"}],"wp:attachment":[{"href":"https:\/\/v3.atv-parts.hu\/index.php\/wp-json\/wp\/v2\/media?parent=99601"}],"wp:term":[{"taxonomy":"product_cat","embeddable":true,"href":"https:\/\/v3.atv-parts.hu\/index.php\/wp-json\/wp\/v2\/product_cat?post=99601"},{"taxonomy":"product_tag","embeddable":true,"href":"https:\/\/v3.atv-parts.hu\/index.php\/wp-json\/wp\/v2\/product_tag?post=99601"}],"curies":[{"name":"wp","href":"https:\/\/api.w.org\/{rel}","templated":true}]}}